{"id":13387,"date":"2025-07-21T17:24:39","date_gmt":"2025-07-21T17:24:39","guid":{"rendered":"https:\/\/stage.metalpower.net\/products\/%product_category%\/metalib-pro\/"},"modified":"2025-10-08T20:16:51","modified_gmt":"2025-10-08T20:16:51","slug":"metalib-pro","status":"publish","type":"product","link":"https:\/\/www.metalpower.net\/pt\/products\/industry-4-0-digital-solutions\/metalib-pro\/","title":{"rendered":"MetaLib Pro"},"content":{"rendered":"","protected":false},"featured_media":14798,"template":"","meta":{"_acf_changed":false,"inline_featured_image":false},"product_category":[122],"class_list":["post-13387","product","type-product","status-publish","has-post-thumbnail","hentry","product_category-industry-4-0-digital-solutions"],"acf":[],"yoast_head":"<!-- This site is optimized with the Yoast SEO plugin v26.6 - https:\/\/yoast.com\/wordpress\/plugins\/seo\/ -->\n<title>MetaLib Pro - Metal Power<\/title>\n<meta name=\"description\" content=\"Conhe\u00e7a o MetaLib Pro da Metal Power \u2013 plataforma avan\u00e7ada para gest\u00e3o de bibliotecas de ligas met\u00e1licas globais. Garante opera\u00e7\u00f5es anal\u00edticas precisas, eficientes e integradas.\" \/>\n<meta name=\"robots\" content=\"index, follow, max-snippet:-1, max-image-preview:large, max-video-preview:-1\" \/>\n<link rel=\"canonical\" href=\"https:\/\/www.metalpower.net\/pt\/products\/industry-4-0-digital-solutions\/metalib-pro\/\" \/>\n<meta property=\"og:locale\" content=\"pt_BR\" \/>\n<meta property=\"og:type\" content=\"article\" \/>\n<meta property=\"og:title\" content=\"MetaLib Pro - Metal Power\" \/>\n<meta property=\"og:description\" content=\"Conhe\u00e7a o MetaLib Pro da Metal Power \u2013 plataforma avan\u00e7ada para gest\u00e3o de bibliotecas de ligas met\u00e1licas globais. Garante opera\u00e7\u00f5es anal\u00edticas precisas, eficientes e integradas.\" \/>\n<meta property=\"og:url\" content=\"https:\/\/www.metalpower.net\/pt\/products\/industry-4-0-digital-solutions\/metalib-pro\/\" \/>\n<meta property=\"og:site_name\" content=\"Metal Power\" \/>\n<meta property=\"article:publisher\" content=\"https:\/\/www.facebook.com\/MetalPowerAnalytical\/\" \/>\n<meta property=\"article:modified_time\" content=\"2025-10-08T20:16:51+00:00\" \/>\n<meta property=\"og:image\" content=\"https:\/\/www.metalpower.net\/wp-content\/uploads\/2025\/07\/metalibpro-detail-1024x647.png\" \/>\n<meta name=\"twitter:card\" content=\"summary_large_image\" \/>\n<meta name=\"twitter:title\" content=\"MetaLib Pro - Metal Power\" \/>\n<meta name=\"twitter:description\" content=\"Conhe\u00e7a o MetaLib Pro da Metal Power \u2013 plataforma avan\u00e7ada para gest\u00e3o de bibliotecas de ligas met\u00e1licas globais. Garante opera\u00e7\u00f5es anal\u00edticas precisas, eficientes e integradas.\" \/>\n<meta name=\"twitter:image\" content=\"https:\/\/www.metalpower.net\/wp-content\/uploads\/2025\/07\/metalibpro-detail-1024x647.png\" \/>\n<!-- \/ Yoast SEO plugin. -->","yoast_head_json":{"title":"MetaLib Pro - Metal Power","description":"Conhe\u00e7a o MetaLib Pro da Metal Power \u2013 plataforma avan\u00e7ada para gest\u00e3o de bibliotecas de ligas met\u00e1licas globais. Garante opera\u00e7\u00f5es anal\u00edticas precisas, eficientes e integradas.","robots":{"index":"index","follow":"follow","max-snippet":"max-snippet:-1","max-image-preview":"max-image-preview:large","max-video-preview":"max-video-preview:-1"},"canonical":"https:\/\/www.metalpower.net\/pt\/products\/industry-4-0-digital-solutions\/metalib-pro\/","og_locale":"pt_BR","og_type":"article","og_title":"MetaLib Pro - Metal Power","og_description":"Conhe\u00e7a o MetaLib Pro da Metal Power \u2013 plataforma avan\u00e7ada para gest\u00e3o de bibliotecas de ligas met\u00e1licas globais. Garante opera\u00e7\u00f5es anal\u00edticas precisas, eficientes e integradas.","og_url":"https:\/\/www.metalpower.net\/pt\/products\/industry-4-0-digital-solutions\/metalib-pro\/","og_site_name":"Metal Power","article_publisher":"https:\/\/www.facebook.com\/MetalPowerAnalytical\/","article_modified_time":"2025-10-08T20:16:51+00:00","og_image":[{"url":"https:\/\/www.metalpower.net\/wp-content\/uploads\/2025\/07\/metalibpro-detail-1024x647.png","type":"","width":"","height":""}],"twitter_card":"summary_large_image","twitter_title":"MetaLib Pro - Metal Power","twitter_description":"Conhe\u00e7a o MetaLib Pro da Metal Power \u2013 plataforma avan\u00e7ada para gest\u00e3o de bibliotecas de ligas met\u00e1licas globais. Garante opera\u00e7\u00f5es anal\u00edticas precisas, eficientes e integradas.","twitter_image":"https:\/\/www.metalpower.net\/wp-content\/uploads\/2025\/07\/metalibpro-detail-1024x647.png","schema":{"@context":"https:\/\/schema.org","@graph":[{"@type":"WebPage","@id":"https:\/\/www.metalpower.net\/pt\/products\/industry-4-0-digital-solutions\/metalib-pro\/","url":"https:\/\/www.metalpower.net\/pt\/products\/industry-4-0-digital-solutions\/metalib-pro\/","name":"MetaLib Pro - Metal Power","isPartOf":{"@id":"https:\/\/www.metalpower.net\/pt\/#website"},"primaryImageOfPage":{"@id":"https:\/\/www.metalpower.net\/pt\/products\/industry-4-0-digital-solutions\/metalib-pro\/#primaryimage"},"image":{"@id":"https:\/\/www.metalpower.net\/pt\/products\/industry-4-0-digital-solutions\/metalib-pro\/#primaryimage"},"thumbnailUrl":"https:\/\/www.metalpower.net\/wp-content\/uploads\/2025\/07\/metalibpro-detail.png","datePublished":"2025-07-21T17:24:39+00:00","dateModified":"2025-10-08T20:16:51+00:00","description":"Conhe\u00e7a o MetaLib Pro da Metal Power \u2013 plataforma avan\u00e7ada para gest\u00e3o de bibliotecas de ligas met\u00e1licas globais. Garante opera\u00e7\u00f5es anal\u00edticas precisas, eficientes e integradas.","breadcrumb":{"@id":"https:\/\/www.metalpower.net\/pt\/products\/industry-4-0-digital-solutions\/metalib-pro\/#breadcrumb"},"inLanguage":"pt-BR","potentialAction":[{"@type":"ReadAction","target":["https:\/\/www.metalpower.net\/pt\/products\/industry-4-0-digital-solutions\/metalib-pro\/"]}]},{"@type":"ImageObject","inLanguage":"pt-BR","@id":"https:\/\/www.metalpower.net\/pt\/products\/industry-4-0-digital-solutions\/metalib-pro\/#primaryimage","url":"https:\/\/www.metalpower.net\/wp-content\/uploads\/2025\/07\/metalibpro-detail.png","contentUrl":"https:\/\/www.metalpower.net\/wp-content\/uploads\/2025\/07\/metalibpro-detail.png","width":1836,"height":1160,"caption":"MetaLib Pro"},{"@type":"BreadcrumbList","@id":"https:\/\/www.metalpower.net\/pt\/products\/industry-4-0-digital-solutions\/metalib-pro\/#breadcrumb","itemListElement":[{"@type":"ListItem","position":1,"name":"P\u00e1gina inicial","item":"https:\/\/www.metalpower.net\/pt\/"},{"@type":"ListItem","position":2,"name":"Products","item":"https:\/\/www.metalpower.net\/pt\/products\/%product_category%\/"},{"@type":"ListItem","position":3,"name":"MetaLib Pro"}]},{"@type":"WebSite","@id":"https:\/\/www.metalpower.net\/pt\/#website","url":"https:\/\/www.metalpower.net\/pt\/","name":"Metal Power","description":"","publisher":{"@id":"https:\/\/www.metalpower.net\/pt\/#organization"},"potentialAction":[{"@type":"SearchAction","target":{"@type":"EntryPoint","urlTemplate":"https:\/\/www.metalpower.net\/pt\/?s={search_term_string}"},"query-input":{"@type":"PropertyValueSpecification","valueRequired":true,"valueName":"search_term_string"}}],"inLanguage":"pt-BR"},{"@type":"Organization","@id":"https:\/\/www.metalpower.net\/pt\/#organization","name":"Metal Power Analytical","url":"https:\/\/www.metalpower.net\/pt\/","logo":{"@type":"ImageObject","inLanguage":"pt-BR","@id":"https:\/\/www.metalpower.net\/pt\/#\/schema\/logo\/image\/","url":"https:\/\/www.metalpower.net\/wp-content\/uploads\/2025\/07\/metal-power-logo.svg","contentUrl":"https:\/\/www.metalpower.net\/wp-content\/uploads\/2025\/07\/metal-power-logo.svg","width":112,"height":30,"caption":"Metal Power Analytical"},"image":{"@id":"https:\/\/www.metalpower.net\/pt\/#\/schema\/logo\/image\/"},"sameAs":["https:\/\/www.facebook.com\/MetalPowerAnalytical\/"]}]}},"_links":{"self":[{"href":"https:\/\/www.metalpower.net\/pt\/wp-json\/wp\/v2\/product\/13387","targetHints":{"allow":["GET"]}}],"collection":[{"href":"https:\/\/www.metalpower.net\/pt\/wp-json\/wp\/v2\/product"}],"about":[{"href":"https:\/\/www.metalpower.net\/pt\/wp-json\/wp\/v2\/types\/product"}],"wp:featuredmedia":[{"embeddable":true,"href":"https:\/\/www.metalpower.net\/pt\/wp-json\/wp\/v2\/media\/14798"}],"wp:attachment":[{"href":"https:\/\/www.metalpower.net\/pt\/wp-json\/wp\/v2\/media?parent=13387"}],"wp:term":[{"taxonomy":"product_category","embeddable":true,"href":"https:\/\/www.metalpower.net\/pt\/wp-json\/wp\/v2\/product_category?post=13387"}],"curies":[{"name":"wp","href":"https:\/\/api.w.org\/{rel}","templated":true}]}}