{"id":13226,"date":"2025-04-20T17:36:47","date_gmt":"2025-04-20T17:36:47","guid":{"rendered":"https:\/\/stage.metalpower.net\/products\/%product_category%\/metavision-rx\/"},"modified":"2026-01-23T07:30:41","modified_gmt":"2026-01-23T07:30:41","slug":"metavision-rx","status":"publish","type":"product","link":"https:\/\/www.metalpower.net\/pt\/products\/rde-oes\/metavision-rx\/","title":{"rendered":"Metavision-RX"},"content":{"rendered":"<p>Analise 33 elementos em menos de 30 segundos, com limites de detec\u00e7\u00e3o em n\u00edveis sub-ppm, garantindo monitoramento de condi\u00e7\u00e3o e diagn\u00f3stico preciso do desempenho de motores e m\u00e1quinas.<\/p>\n","protected":false},"featured_media":13273,"template":"","meta":{"_acf_changed":false,"inline_featured_image":false},"product_category":[120],"class_list":["post-13226","product","type-product","status-publish","has-post-thumbnail","hentry","product_category-rde-oes"],"acf":[],"yoast_head":"<!-- This site is optimized with the Yoast SEO plugin v26.6 - https:\/\/yoast.com\/wordpress\/plugins\/seo\/ -->\n<title>metavision-RX - Metal Power<\/title>\n<meta name=\"description\" content=\"O RDE-OES da Metal Power para an\u00e1lise de \u00f3leos e lubrificantes aprimora os processos de teste e diagn\u00f3stico, permitindo a detec\u00e7\u00e3o e quantifica\u00e7\u00e3o de impurezas nas amostras.\" \/>\n<meta name=\"robots\" content=\"index, follow, max-snippet:-1, max-image-preview:large, max-video-preview:-1\" \/>\n<link rel=\"canonical\" href=\"https:\/\/www.metalpower.net\/pt\/products\/rde-oes\/metavision-rx\/\" \/>\n<meta property=\"og:locale\" content=\"pt_BR\" \/>\n<meta property=\"og:type\" content=\"article\" \/>\n<meta property=\"og:title\" content=\"metavision-RX - Metal Power\" \/>\n<meta property=\"og:description\" content=\"O RDE-OES da Metal Power para an\u00e1lise de \u00f3leos e lubrificantes aprimora os processos de teste e diagn\u00f3stico, permitindo a detec\u00e7\u00e3o e quantifica\u00e7\u00e3o de impurezas nas amostras.\" \/>\n<meta property=\"og:url\" content=\"https:\/\/www.metalpower.net\/pt\/products\/rde-oes\/metavision-rx\/\" \/>\n<meta property=\"og:site_name\" content=\"Metal Power\" \/>\n<meta property=\"article:publisher\" content=\"https:\/\/www.facebook.com\/MetalPowerAnalytical\/\" \/>\n<meta property=\"article:modified_time\" content=\"2026-01-23T07:30:41+00:00\" \/>\n<meta property=\"og:image\" content=\"https:\/\/www.metalpower.net\/wp-content\/uploads\/2025\/08\/metavision-rx-1024x626.png\" \/>\n<meta name=\"twitter:card\" content=\"summary_large_image\" \/>\n<meta name=\"twitter:title\" content=\"metavision-RX - Metal Power\" \/>\n<meta name=\"twitter:description\" content=\"O RDE-OES da Metal Power para an\u00e1lise de \u00f3leos e lubrificantes aprimora os processos de teste e diagn\u00f3stico, permitindo a detec\u00e7\u00e3o e quantifica\u00e7\u00e3o de impurezas nas amostras.\" \/>\n<meta name=\"twitter:image\" content=\"https:\/\/www.metalpower.net\/wp-content\/uploads\/2025\/08\/metavision-rx-1024x626.png\" \/>\n<meta name=\"twitter:label1\" content=\"Est. tempo de leitura\" \/>\n\t<meta name=\"twitter:data1\" content=\"1 minuto\" \/>\n<!-- \/ Yoast SEO plugin. -->","yoast_head_json":{"title":"metavision-RX - Metal Power","description":"O RDE-OES da Metal Power para an\u00e1lise de \u00f3leos e lubrificantes aprimora os processos de teste e diagn\u00f3stico, permitindo a detec\u00e7\u00e3o e quantifica\u00e7\u00e3o de impurezas nas amostras.","robots":{"index":"index","follow":"follow","max-snippet":"max-snippet:-1","max-image-preview":"max-image-preview:large","max-video-preview":"max-video-preview:-1"},"canonical":"https:\/\/www.metalpower.net\/pt\/products\/rde-oes\/metavision-rx\/","og_locale":"pt_BR","og_type":"article","og_title":"metavision-RX - Metal Power","og_description":"O RDE-OES da Metal Power para an\u00e1lise de \u00f3leos e lubrificantes aprimora os processos de teste e diagn\u00f3stico, permitindo a detec\u00e7\u00e3o e quantifica\u00e7\u00e3o de impurezas nas amostras.","og_url":"https:\/\/www.metalpower.net\/pt\/products\/rde-oes\/metavision-rx\/","og_site_name":"Metal Power","article_publisher":"https:\/\/www.facebook.com\/MetalPowerAnalytical\/","article_modified_time":"2026-01-23T07:30:41+00:00","og_image":[{"url":"https:\/\/www.metalpower.net\/wp-content\/uploads\/2025\/08\/metavision-rx-1024x626.png","type":"","width":"","height":""}],"twitter_card":"summary_large_image","twitter_title":"metavision-RX - Metal Power","twitter_description":"O RDE-OES da Metal Power para an\u00e1lise de \u00f3leos e lubrificantes aprimora os processos de teste e diagn\u00f3stico, permitindo a detec\u00e7\u00e3o e quantifica\u00e7\u00e3o de impurezas nas amostras.","twitter_image":"https:\/\/www.metalpower.net\/wp-content\/uploads\/2025\/08\/metavision-rx-1024x626.png","twitter_misc":{"Est. tempo de leitura":"1 minuto"},"schema":{"@context":"https:\/\/schema.org","@graph":[{"@type":"WebPage","@id":"https:\/\/www.metalpower.net\/pt\/products\/rde-oes\/metavision-rx\/","url":"https:\/\/www.metalpower.net\/pt\/products\/rde-oes\/metavision-rx\/","name":"metavision-RX - Metal Power","isPartOf":{"@id":"https:\/\/www.metalpower.net\/pt\/#website"},"primaryImageOfPage":{"@id":"https:\/\/www.metalpower.net\/pt\/products\/rde-oes\/metavision-rx\/#primaryimage"},"image":{"@id":"https:\/\/www.metalpower.net\/pt\/products\/rde-oes\/metavision-rx\/#primaryimage"},"thumbnailUrl":"https:\/\/www.metalpower.net\/wp-content\/uploads\/2025\/04\/metavision-rx-6.png","datePublished":"2025-04-20T17:36:47+00:00","dateModified":"2026-01-23T07:30:41+00:00","description":"O RDE-OES da Metal Power para an\u00e1lise de \u00f3leos e lubrificantes aprimora os processos de teste e diagn\u00f3stico, permitindo a detec\u00e7\u00e3o e quantifica\u00e7\u00e3o de impurezas nas amostras.","breadcrumb":{"@id":"https:\/\/www.metalpower.net\/pt\/products\/rde-oes\/metavision-rx\/#breadcrumb"},"inLanguage":"pt-BR","potentialAction":[{"@type":"ReadAction","target":["https:\/\/www.metalpower.net\/pt\/products\/rde-oes\/metavision-rx\/"]}]},{"@type":"ImageObject","inLanguage":"pt-BR","@id":"https:\/\/www.metalpower.net\/pt\/products\/rde-oes\/metavision-rx\/#primaryimage","url":"https:\/\/www.metalpower.net\/wp-content\/uploads\/2025\/04\/metavision-rx-6.png","contentUrl":"https:\/\/www.metalpower.net\/wp-content\/uploads\/2025\/04\/metavision-rx-6.png","width":1060,"height":1176,"caption":"Metavision-RX"},{"@type":"BreadcrumbList","@id":"https:\/\/www.metalpower.net\/pt\/products\/rde-oes\/metavision-rx\/#breadcrumb","itemListElement":[{"@type":"ListItem","position":1,"name":"P\u00e1gina inicial","item":"https:\/\/www.metalpower.net\/pt\/"},{"@type":"ListItem","position":2,"name":"Products","item":"https:\/\/www.metalpower.net\/pt\/products\/%product_category%\/"},{"@type":"ListItem","position":3,"name":"Metavision-RX"}]},{"@type":"WebSite","@id":"https:\/\/www.metalpower.net\/pt\/#website","url":"https:\/\/www.metalpower.net\/pt\/","name":"Metal Power","description":"","publisher":{"@id":"https:\/\/www.metalpower.net\/pt\/#organization"},"potentialAction":[{"@type":"SearchAction","target":{"@type":"EntryPoint","urlTemplate":"https:\/\/www.metalpower.net\/pt\/?s={search_term_string}"},"query-input":{"@type":"PropertyValueSpecification","valueRequired":true,"valueName":"search_term_string"}}],"inLanguage":"pt-BR"},{"@type":"Organization","@id":"https:\/\/www.metalpower.net\/pt\/#organization","name":"Metal Power Analytical","url":"https:\/\/www.metalpower.net\/pt\/","logo":{"@type":"ImageObject","inLanguage":"pt-BR","@id":"https:\/\/www.metalpower.net\/pt\/#\/schema\/logo\/image\/","url":"https:\/\/www.metalpower.net\/wp-content\/uploads\/2025\/07\/metal-power-logo.svg","contentUrl":"https:\/\/www.metalpower.net\/wp-content\/uploads\/2025\/07\/metal-power-logo.svg","width":112,"height":30,"caption":"Metal Power Analytical"},"image":{"@id":"https:\/\/www.metalpower.net\/pt\/#\/schema\/logo\/image\/"},"sameAs":["https:\/\/www.facebook.com\/MetalPowerAnalytical\/"]}]}},"_links":{"self":[{"href":"https:\/\/www.metalpower.net\/pt\/wp-json\/wp\/v2\/product\/13226","targetHints":{"allow":["GET"]}}],"collection":[{"href":"https:\/\/www.metalpower.net\/pt\/wp-json\/wp\/v2\/product"}],"about":[{"href":"https:\/\/www.metalpower.net\/pt\/wp-json\/wp\/v2\/types\/product"}],"wp:featuredmedia":[{"embeddable":true,"href":"https:\/\/www.metalpower.net\/pt\/wp-json\/wp\/v2\/media\/13273"}],"wp:attachment":[{"href":"https:\/\/www.metalpower.net\/pt\/wp-json\/wp\/v2\/media?parent=13226"}],"wp:term":[{"taxonomy":"product_category","embeddable":true,"href":"https:\/\/www.metalpower.net\/pt\/wp-json\/wp\/v2\/product_category?post=13226"}],"curies":[{"name":"wp","href":"https:\/\/api.w.org\/{rel}","templated":true}]}}