{"id":13098,"date":"2025-04-20T09:38:01","date_gmt":"2025-04-20T09:38:01","guid":{"rendered":"https:\/\/stage.metalpower.net\/products\/%product_category%\/moss\/"},"modified":"2025-12-22T17:31:22","modified_gmt":"2025-12-22T17:31:22","slug":"moss","status":"publish","type":"product","link":"https:\/\/www.metalpower.net\/pt\/products\/stationary-oes\/moss\/","title":{"rendered":"MOSS"},"content":{"rendered":"<p>Espectr\u00f4metro de Emiss\u00e3o \u00d3ptica (OES) compacto, escal\u00e1vel e potente \u2014 ideal para an\u00e1lise de ferro fundido, a\u00e7o e alum\u00ednio.<\/p>\n","protected":false},"featured_media":13127,"template":"","meta":{"_acf_changed":false,"inline_featured_image":false},"product_category":[117],"class_list":["post-13098","product","type-product","status-publish","has-post-thumbnail","hentry","product_category-stationary-oes"],"acf":[],"yoast_head":"<!-- This site is optimized with the Yoast SEO plugin v26.6 - https:\/\/yoast.com\/wordpress\/plugins\/seo\/ -->\n<title>MOSS - Metal Power<\/title>\n<meta name=\"description\" content=\"O MOSS \u00e9 um espectr\u00f4metro OES compacto e robusto, ideal para an\u00e1lises precisas de metais e otimiza\u00e7\u00e3o dos processos produtivos.\" \/>\n<meta name=\"robots\" content=\"index, follow, max-snippet:-1, max-image-preview:large, max-video-preview:-1\" \/>\n<link rel=\"canonical\" href=\"https:\/\/www.metalpower.net\/pt\/products\/stationary-oes\/moss\/\" \/>\n<meta property=\"og:locale\" content=\"pt_BR\" \/>\n<meta property=\"og:type\" content=\"article\" \/>\n<meta property=\"og:title\" content=\"MOSS - Metal Power\" \/>\n<meta property=\"og:description\" content=\"O MOSS \u00e9 um espectr\u00f4metro OES compacto e robusto, ideal para an\u00e1lises precisas de metais e otimiza\u00e7\u00e3o dos processos produtivos.\" \/>\n<meta property=\"og:url\" content=\"https:\/\/www.metalpower.net\/pt\/products\/stationary-oes\/moss\/\" \/>\n<meta property=\"og:site_name\" content=\"Metal Power\" \/>\n<meta property=\"article:publisher\" content=\"https:\/\/www.facebook.com\/MetalPowerAnalytical\/\" \/>\n<meta property=\"article:modified_time\" content=\"2025-12-22T17:31:22+00:00\" \/>\n<meta property=\"og:image\" content=\"https:\/\/www.metalpower.net\/wp-content\/uploads\/2025\/04\/moss-warm-grey-1.png\" \/>\n<meta name=\"twitter:card\" content=\"summary_large_image\" \/>\n<meta name=\"twitter:title\" content=\"MOSS - Metal Power\" \/>\n<meta name=\"twitter:description\" content=\"O MOSS \u00e9 um espectr\u00f4metro OES compacto e robusto, ideal para an\u00e1lises precisas de metais e otimiza\u00e7\u00e3o dos processos produtivos.\" \/>\n<meta name=\"twitter:image\" content=\"https:\/\/www.metalpower.net\/wp-content\/uploads\/2025\/04\/moss-warm-grey-1.png\" \/>\n<meta name=\"twitter:label1\" content=\"Est. tempo de leitura\" \/>\n\t<meta name=\"twitter:data1\" content=\"1 minuto\" \/>\n<!-- \/ Yoast SEO plugin. -->","yoast_head_json":{"title":"MOSS - Metal Power","description":"O MOSS \u00e9 um espectr\u00f4metro OES compacto e robusto, ideal para an\u00e1lises precisas de metais e otimiza\u00e7\u00e3o dos processos produtivos.","robots":{"index":"index","follow":"follow","max-snippet":"max-snippet:-1","max-image-preview":"max-image-preview:large","max-video-preview":"max-video-preview:-1"},"canonical":"https:\/\/www.metalpower.net\/pt\/products\/stationary-oes\/moss\/","og_locale":"pt_BR","og_type":"article","og_title":"MOSS - Metal Power","og_description":"O MOSS \u00e9 um espectr\u00f4metro OES compacto e robusto, ideal para an\u00e1lises precisas de metais e otimiza\u00e7\u00e3o dos processos produtivos.","og_url":"https:\/\/www.metalpower.net\/pt\/products\/stationary-oes\/moss\/","og_site_name":"Metal Power","article_publisher":"https:\/\/www.facebook.com\/MetalPowerAnalytical\/","article_modified_time":"2025-12-22T17:31:22+00:00","og_image":[{"url":"https:\/\/www.metalpower.net\/wp-content\/uploads\/2025\/04\/moss-warm-grey-1.png","type":"","width":"","height":""}],"twitter_card":"summary_large_image","twitter_title":"MOSS - Metal Power","twitter_description":"O MOSS \u00e9 um espectr\u00f4metro OES compacto e robusto, ideal para an\u00e1lises precisas de metais e otimiza\u00e7\u00e3o dos processos produtivos.","twitter_image":"https:\/\/www.metalpower.net\/wp-content\/uploads\/2025\/04\/moss-warm-grey-1.png","twitter_misc":{"Est. tempo de leitura":"1 minuto"},"schema":{"@context":"https:\/\/schema.org","@graph":[{"@type":"WebPage","@id":"https:\/\/www.metalpower.net\/pt\/products\/stationary-oes\/moss\/","url":"https:\/\/www.metalpower.net\/pt\/products\/stationary-oes\/moss\/","name":"MOSS - Metal Power","isPartOf":{"@id":"https:\/\/www.metalpower.net\/pt\/#website"},"primaryImageOfPage":{"@id":"https:\/\/www.metalpower.net\/pt\/products\/stationary-oes\/moss\/#primaryimage"},"image":{"@id":"https:\/\/www.metalpower.net\/pt\/products\/stationary-oes\/moss\/#primaryimage"},"thumbnailUrl":"https:\/\/www.metalpower.net\/wp-content\/uploads\/2025\/04\/moss-5-1.jpg","datePublished":"2025-04-20T09:38:01+00:00","dateModified":"2025-12-22T17:31:22+00:00","description":"O MOSS \u00e9 um espectr\u00f4metro OES compacto e robusto, ideal para an\u00e1lises precisas de metais e otimiza\u00e7\u00e3o dos processos produtivos.","breadcrumb":{"@id":"https:\/\/www.metalpower.net\/pt\/products\/stationary-oes\/moss\/#breadcrumb"},"inLanguage":"pt-BR","potentialAction":[{"@type":"ReadAction","target":["https:\/\/www.metalpower.net\/pt\/products\/stationary-oes\/moss\/"]}]},{"@type":"ImageObject","inLanguage":"pt-BR","@id":"https:\/\/www.metalpower.net\/pt\/products\/stationary-oes\/moss\/#primaryimage","url":"https:\/\/www.metalpower.net\/wp-content\/uploads\/2025\/04\/moss-5-1.jpg","contentUrl":"https:\/\/www.metalpower.net\/wp-content\/uploads\/2025\/04\/moss-5-1.jpg","width":1892,"height":1252,"caption":"MOSS entry-level optical emission spectrometer"},{"@type":"BreadcrumbList","@id":"https:\/\/www.metalpower.net\/pt\/products\/stationary-oes\/moss\/#breadcrumb","itemListElement":[{"@type":"ListItem","position":1,"name":"P\u00e1gina inicial","item":"https:\/\/www.metalpower.net\/pt\/"},{"@type":"ListItem","position":2,"name":"Products","item":"https:\/\/www.metalpower.net\/pt\/products\/%product_category%\/"},{"@type":"ListItem","position":3,"name":"MOSS"}]},{"@type":"WebSite","@id":"https:\/\/www.metalpower.net\/pt\/#website","url":"https:\/\/www.metalpower.net\/pt\/","name":"Metal Power","description":"","publisher":{"@id":"https:\/\/www.metalpower.net\/pt\/#organization"},"potentialAction":[{"@type":"SearchAction","target":{"@type":"EntryPoint","urlTemplate":"https:\/\/www.metalpower.net\/pt\/?s={search_term_string}"},"query-input":{"@type":"PropertyValueSpecification","valueRequired":true,"valueName":"search_term_string"}}],"inLanguage":"pt-BR"},{"@type":"Organization","@id":"https:\/\/www.metalpower.net\/pt\/#organization","name":"Metal Power Analytical","url":"https:\/\/www.metalpower.net\/pt\/","logo":{"@type":"ImageObject","inLanguage":"pt-BR","@id":"https:\/\/www.metalpower.net\/pt\/#\/schema\/logo\/image\/","url":"https:\/\/www.metalpower.net\/wp-content\/uploads\/2025\/07\/metal-power-logo.svg","contentUrl":"https:\/\/www.metalpower.net\/wp-content\/uploads\/2025\/07\/metal-power-logo.svg","width":112,"height":30,"caption":"Metal Power Analytical"},"image":{"@id":"https:\/\/www.metalpower.net\/pt\/#\/schema\/logo\/image\/"},"sameAs":["https:\/\/www.facebook.com\/MetalPowerAnalytical\/"]}]}},"_links":{"self":[{"href":"https:\/\/www.metalpower.net\/pt\/wp-json\/wp\/v2\/product\/13098","targetHints":{"allow":["GET"]}}],"collection":[{"href":"https:\/\/www.metalpower.net\/pt\/wp-json\/wp\/v2\/product"}],"about":[{"href":"https:\/\/www.metalpower.net\/pt\/wp-json\/wp\/v2\/types\/product"}],"wp:featuredmedia":[{"embeddable":true,"href":"https:\/\/www.metalpower.net\/pt\/wp-json\/wp\/v2\/media\/13127"}],"wp:attachment":[{"href":"https:\/\/www.metalpower.net\/pt\/wp-json\/wp\/v2\/media?parent=13098"}],"wp:term":[{"taxonomy":"product_category","embeddable":true,"href":"https:\/\/www.metalpower.net\/pt\/wp-json\/wp\/v2\/product_category?post=13098"}],"curies":[{"name":"wp","href":"https:\/\/api.w.org\/{rel}","templated":true}]}}