{"id":13058,"date":"2025-04-20T09:34:53","date_gmt":"2025-04-20T09:34:53","guid":{"rendered":"https:\/\/stage.metalpower.net\/products\/%product_category%\/metavision-1008i3\/"},"modified":"2025-12-22T17:30:58","modified_gmt":"2025-12-22T17:30:58","slug":"metavision-1008i3","status":"publish","type":"product","link":"https:\/\/www.metalpower.net\/pt\/products\/stationary-oes\/metavision-1008i3\/","title":{"rendered":"Metavision-1008<i class=\"times\">i<\/i><sup>3<\/sup>"},"content":{"rendered":"<p>Espectr\u00f4metro de Emiss\u00e3o \u00d3ptica (OES) de alto desempenho, com precis\u00e3o e exatid\u00e3o superiores, capaz de detectar mais de 60 elementos \u2014 incluindo oxig\u00eanio (O), nitrog\u00eanio (N) e hidrog\u00eanio (H) \u2014 com limites de detec\u00e7\u00e3o extremamente baixos.<\/p>\n","protected":false},"featured_media":13097,"template":"","meta":{"_acf_changed":false,"inline_featured_image":false},"product_category":[117],"class_list":["post-13058","product","type-product","status-publish","has-post-thumbnail","hentry","product_category-stationary-oes"],"acf":[],"yoast_head":"<!-- This site is optimized with the Yoast SEO plugin v26.6 - https:\/\/yoast.com\/wordpress\/plugins\/seo\/ -->\n<title>Metavision-1008i3 - Metal Power<\/title>\n<meta name=\"description\" content=\"Conhe\u00e7a o MetaVision 1008i3: tecnologia de ponta para an\u00e1lise elementar de metais. Impulsione a efici\u00eancia e a confiabilidade anal\u00edtica no setor metal\u00fargico.\" \/>\n<meta name=\"robots\" content=\"index, follow, max-snippet:-1, max-image-preview:large, max-video-preview:-1\" \/>\n<link rel=\"canonical\" href=\"https:\/\/www.metalpower.net\/pt\/products\/stationary-oes\/metavision-1008i3\/\" \/>\n<meta property=\"og:locale\" content=\"pt_BR\" \/>\n<meta property=\"og:type\" content=\"article\" \/>\n<meta property=\"og:title\" content=\"Metavision-1008i3 - Metal Power\" \/>\n<meta property=\"og:description\" content=\"Conhe\u00e7a o MetaVision 1008i3: tecnologia de ponta para an\u00e1lise elementar de metais. Impulsione a efici\u00eancia e a confiabilidade anal\u00edtica no setor metal\u00fargico.\" \/>\n<meta property=\"og:url\" content=\"https:\/\/www.metalpower.net\/pt\/products\/stationary-oes\/metavision-1008i3\/\" \/>\n<meta property=\"og:site_name\" content=\"Metal Power\" \/>\n<meta property=\"article:publisher\" content=\"https:\/\/www.facebook.com\/MetalPowerAnalytical\/\" \/>\n<meta property=\"article:modified_time\" content=\"2025-12-22T17:30:58+00:00\" \/>\n<meta property=\"og:image\" content=\"https:\/\/www.metalpower.net\/wp-content\/uploads\/2025\/04\/metavision-1008i3-matte-black-1.png\" \/>\n<meta name=\"twitter:card\" content=\"summary_large_image\" \/>\n<meta name=\"twitter:title\" content=\"Metavision-1008i3 - Metal Power\" \/>\n<meta name=\"twitter:description\" content=\"Conhe\u00e7a o MetaVision 1008i3: tecnologia de ponta para an\u00e1lise elementar de metais. Impulsione a efici\u00eancia e a confiabilidade anal\u00edtica no setor metal\u00fargico.\" \/>\n<meta name=\"twitter:image\" content=\"https:\/\/www.metalpower.net\/wp-content\/uploads\/2025\/04\/metavision-1008i3-matte-black-1.png\" \/>\n<meta name=\"twitter:label1\" content=\"Est. tempo de leitura\" \/>\n\t<meta name=\"twitter:data1\" content=\"1 minuto\" \/>\n<!-- \/ Yoast SEO plugin. -->","yoast_head_json":{"title":"Metavision-1008i3 - Metal Power","description":"Conhe\u00e7a o MetaVision 1008i3: tecnologia de ponta para an\u00e1lise elementar de metais. Impulsione a efici\u00eancia e a confiabilidade anal\u00edtica no setor metal\u00fargico.","robots":{"index":"index","follow":"follow","max-snippet":"max-snippet:-1","max-image-preview":"max-image-preview:large","max-video-preview":"max-video-preview:-1"},"canonical":"https:\/\/www.metalpower.net\/pt\/products\/stationary-oes\/metavision-1008i3\/","og_locale":"pt_BR","og_type":"article","og_title":"Metavision-1008i3 - Metal Power","og_description":"Conhe\u00e7a o MetaVision 1008i3: tecnologia de ponta para an\u00e1lise elementar de metais. Impulsione a efici\u00eancia e a confiabilidade anal\u00edtica no setor metal\u00fargico.","og_url":"https:\/\/www.metalpower.net\/pt\/products\/stationary-oes\/metavision-1008i3\/","og_site_name":"Metal Power","article_publisher":"https:\/\/www.facebook.com\/MetalPowerAnalytical\/","article_modified_time":"2025-12-22T17:30:58+00:00","og_image":[{"url":"https:\/\/www.metalpower.net\/wp-content\/uploads\/2025\/04\/metavision-1008i3-matte-black-1.png","type":"","width":"","height":""}],"twitter_card":"summary_large_image","twitter_title":"Metavision-1008i3 - Metal Power","twitter_description":"Conhe\u00e7a o MetaVision 1008i3: tecnologia de ponta para an\u00e1lise elementar de metais. Impulsione a efici\u00eancia e a confiabilidade anal\u00edtica no setor metal\u00fargico.","twitter_image":"https:\/\/www.metalpower.net\/wp-content\/uploads\/2025\/04\/metavision-1008i3-matte-black-1.png","twitter_misc":{"Est. tempo de leitura":"1 minuto"},"schema":{"@context":"https:\/\/schema.org","@graph":[{"@type":"WebPage","@id":"https:\/\/www.metalpower.net\/pt\/products\/stationary-oes\/metavision-1008i3\/","url":"https:\/\/www.metalpower.net\/pt\/products\/stationary-oes\/metavision-1008i3\/","name":"Metavision-1008i3 - Metal Power","isPartOf":{"@id":"https:\/\/www.metalpower.net\/pt\/#website"},"primaryImageOfPage":{"@id":"https:\/\/www.metalpower.net\/pt\/products\/stationary-oes\/metavision-1008i3\/#primaryimage"},"image":{"@id":"https:\/\/www.metalpower.net\/pt\/products\/stationary-oes\/metavision-1008i3\/#primaryimage"},"thumbnailUrl":"https:\/\/www.metalpower.net\/wp-content\/uploads\/2025\/04\/metavision-1008i3-5.jpg","datePublished":"2025-04-20T09:34:53+00:00","dateModified":"2025-12-22T17:30:58+00:00","description":"Conhe\u00e7a o MetaVision 1008i3: tecnologia de ponta para an\u00e1lise elementar de metais. Impulsione a efici\u00eancia e a confiabilidade anal\u00edtica no setor metal\u00fargico.","breadcrumb":{"@id":"https:\/\/www.metalpower.net\/pt\/products\/stationary-oes\/metavision-1008i3\/#breadcrumb"},"inLanguage":"pt-BR","potentialAction":[{"@type":"ReadAction","target":["https:\/\/www.metalpower.net\/pt\/products\/stationary-oes\/metavision-1008i3\/"]}]},{"@type":"ImageObject","inLanguage":"pt-BR","@id":"https:\/\/www.metalpower.net\/pt\/products\/stationary-oes\/metavision-1008i3\/#primaryimage","url":"https:\/\/www.metalpower.net\/wp-content\/uploads\/2025\/04\/metavision-1008i3-5.jpg","contentUrl":"https:\/\/www.metalpower.net\/wp-content\/uploads\/2025\/04\/metavision-1008i3-5.jpg","width":1892,"height":1252,"caption":"Metavision-1008i3 high-performance optical emission spectrometer"},{"@type":"BreadcrumbList","@id":"https:\/\/www.metalpower.net\/pt\/products\/stationary-oes\/metavision-1008i3\/#breadcrumb","itemListElement":[{"@type":"ListItem","position":1,"name":"P\u00e1gina inicial","item":"https:\/\/www.metalpower.net\/pt\/"},{"@type":"ListItem","position":2,"name":"Products","item":"https:\/\/www.metalpower.net\/pt\/products\/%product_category%\/"},{"@type":"ListItem","position":3,"name":"Metavision-1008i3"}]},{"@type":"WebSite","@id":"https:\/\/www.metalpower.net\/pt\/#website","url":"https:\/\/www.metalpower.net\/pt\/","name":"Metal Power","description":"","publisher":{"@id":"https:\/\/www.metalpower.net\/pt\/#organization"},"potentialAction":[{"@type":"SearchAction","target":{"@type":"EntryPoint","urlTemplate":"https:\/\/www.metalpower.net\/pt\/?s={search_term_string}"},"query-input":{"@type":"PropertyValueSpecification","valueRequired":true,"valueName":"search_term_string"}}],"inLanguage":"pt-BR"},{"@type":"Organization","@id":"https:\/\/www.metalpower.net\/pt\/#organization","name":"Metal Power Analytical","url":"https:\/\/www.metalpower.net\/pt\/","logo":{"@type":"ImageObject","inLanguage":"pt-BR","@id":"https:\/\/www.metalpower.net\/pt\/#\/schema\/logo\/image\/","url":"https:\/\/www.metalpower.net\/wp-content\/uploads\/2025\/07\/metal-power-logo.svg","contentUrl":"https:\/\/www.metalpower.net\/wp-content\/uploads\/2025\/07\/metal-power-logo.svg","width":112,"height":30,"caption":"Metal Power Analytical"},"image":{"@id":"https:\/\/www.metalpower.net\/pt\/#\/schema\/logo\/image\/"},"sameAs":["https:\/\/www.facebook.com\/MetalPowerAnalytical\/"]}]}},"_links":{"self":[{"href":"https:\/\/www.metalpower.net\/pt\/wp-json\/wp\/v2\/product\/13058","targetHints":{"allow":["GET"]}}],"collection":[{"href":"https:\/\/www.metalpower.net\/pt\/wp-json\/wp\/v2\/product"}],"about":[{"href":"https:\/\/www.metalpower.net\/pt\/wp-json\/wp\/v2\/types\/product"}],"wp:featuredmedia":[{"embeddable":true,"href":"https:\/\/www.metalpower.net\/pt\/wp-json\/wp\/v2\/media\/13097"}],"wp:attachment":[{"href":"https:\/\/www.metalpower.net\/pt\/wp-json\/wp\/v2\/media?parent=13058"}],"wp:term":[{"taxonomy":"product_category","embeddable":true,"href":"https:\/\/www.metalpower.net\/pt\/wp-json\/wp\/v2\/product_category?post=13058"}],"curies":[{"name":"wp","href":"https:\/\/api.w.org\/{rel}","templated":true}]}}