{"id":12862,"date":"2024-12-04T17:43:04","date_gmt":"2024-12-04T17:43:04","guid":{"rendered":"https:\/\/stage.metalpower.net\/products\/%product_category%\/metavision-10008x\/"},"modified":"2025-12-22T17:30:08","modified_gmt":"2025-12-22T17:30:08","slug":"metavision-10008x","status":"publish","type":"product","link":"https:\/\/www.metalpower.net\/pt\/products\/stationary-oes\/metavision-10008x\/","title":{"rendered":"Metavision-10008X"},"content":{"rendered":"<p>Espectr\u00f4metro de Emiss\u00e3o \u00d3ptica (OES) de n\u00edvel cient\u00edfico, com desempenho l\u00edder no setor e limites de detec\u00e7\u00e3o extremamente baixos para mais de 60 elementos.<\/p>\n","protected":false},"featured_media":13005,"template":"","meta":{"_acf_changed":false,"inline_featured_image":false},"product_category":[117],"class_list":["post-12862","product","type-product","status-publish","has-post-thumbnail","hentry","product_category-stationary-oes"],"acf":[],"yoast_head":"<!-- This site is optimized with the Yoast SEO plugin v26.6 - https:\/\/yoast.com\/wordpress\/plugins\/seo\/ -->\n<title>Metavision-10008X - Metal Power<\/title>\n<meta name=\"description\" content=\"Conhe\u00e7a o Metavision-10008X \u2014 precis\u00e3o incompar\u00e1vel na an\u00e1lise de metais. Com tecnologia de ponta, oferece alto desempenho anal\u00edtico em m\u00faltiplos setores. Aprimore seu controle de qualidade\" \/>\n<meta name=\"robots\" content=\"index, follow, max-snippet:-1, max-image-preview:large, max-video-preview:-1\" \/>\n<link rel=\"canonical\" href=\"https:\/\/www.metalpower.net\/pt\/products\/stationary-oes\/metavision-10008x\/\" \/>\n<meta property=\"og:locale\" content=\"pt_BR\" \/>\n<meta property=\"og:type\" content=\"article\" \/>\n<meta property=\"og:title\" content=\"Metavision-10008X - Metal Power\" \/>\n<meta property=\"og:description\" content=\"Conhe\u00e7a o Metavision-10008X \u2014 precis\u00e3o incompar\u00e1vel na an\u00e1lise de metais. Com tecnologia de ponta, oferece alto desempenho anal\u00edtico em m\u00faltiplos setores. Aprimore seu controle de qualidade\" \/>\n<meta property=\"og:url\" content=\"https:\/\/www.metalpower.net\/pt\/products\/stationary-oes\/metavision-10008x\/\" \/>\n<meta property=\"og:site_name\" content=\"Metal Power\" \/>\n<meta property=\"article:publisher\" content=\"https:\/\/www.facebook.com\/MetalPowerAnalytical\/\" \/>\n<meta property=\"article:modified_time\" content=\"2025-12-22T17:30:08+00:00\" \/>\n<meta property=\"og:image\" content=\"https:\/\/www.metalpower.net\/wp-content\/uploads\/2024\/12\/metavision-10008x-matteblack-1-1-1024x913.png\" \/>\n<meta name=\"twitter:card\" content=\"summary_large_image\" \/>\n<meta name=\"twitter:title\" content=\"Metavision-10008X - Metal Power\" \/>\n<meta name=\"twitter:description\" content=\"Conhe\u00e7a o Metavision-10008X \u2014 precis\u00e3o incompar\u00e1vel na an\u00e1lise de metais. Com tecnologia de ponta, oferece alto desempenho anal\u00edtico em m\u00faltiplos setores. Aprimore seu controle de qualidade\" \/>\n<meta name=\"twitter:image\" content=\"https:\/\/www.metalpower.net\/wp-content\/uploads\/2024\/12\/metavision-10008x-matteblack-1-1-1024x913.png\" \/>\n<meta name=\"twitter:label1\" content=\"Est. tempo de leitura\" \/>\n\t<meta name=\"twitter:data1\" content=\"1 minuto\" \/>\n<!-- \/ Yoast SEO plugin. -->","yoast_head_json":{"title":"Metavision-10008X - Metal Power","description":"Conhe\u00e7a o Metavision-10008X \u2014 precis\u00e3o incompar\u00e1vel na an\u00e1lise de metais. Com tecnologia de ponta, oferece alto desempenho anal\u00edtico em m\u00faltiplos setores. Aprimore seu controle de qualidade","robots":{"index":"index","follow":"follow","max-snippet":"max-snippet:-1","max-image-preview":"max-image-preview:large","max-video-preview":"max-video-preview:-1"},"canonical":"https:\/\/www.metalpower.net\/pt\/products\/stationary-oes\/metavision-10008x\/","og_locale":"pt_BR","og_type":"article","og_title":"Metavision-10008X - Metal Power","og_description":"Conhe\u00e7a o Metavision-10008X \u2014 precis\u00e3o incompar\u00e1vel na an\u00e1lise de metais. Com tecnologia de ponta, oferece alto desempenho anal\u00edtico em m\u00faltiplos setores. Aprimore seu controle de qualidade","og_url":"https:\/\/www.metalpower.net\/pt\/products\/stationary-oes\/metavision-10008x\/","og_site_name":"Metal Power","article_publisher":"https:\/\/www.facebook.com\/MetalPowerAnalytical\/","article_modified_time":"2025-12-22T17:30:08+00:00","og_image":[{"url":"https:\/\/www.metalpower.net\/wp-content\/uploads\/2024\/12\/metavision-10008x-matteblack-1-1-1024x913.png","type":"","width":"","height":""}],"twitter_card":"summary_large_image","twitter_title":"Metavision-10008X - Metal Power","twitter_description":"Conhe\u00e7a o Metavision-10008X \u2014 precis\u00e3o incompar\u00e1vel na an\u00e1lise de metais. Com tecnologia de ponta, oferece alto desempenho anal\u00edtico em m\u00faltiplos setores. Aprimore seu controle de qualidade","twitter_image":"https:\/\/www.metalpower.net\/wp-content\/uploads\/2024\/12\/metavision-10008x-matteblack-1-1-1024x913.png","twitter_misc":{"Est. tempo de leitura":"1 minuto"},"schema":{"@context":"https:\/\/schema.org","@graph":[{"@type":"WebPage","@id":"https:\/\/www.metalpower.net\/pt\/products\/stationary-oes\/metavision-10008x\/","url":"https:\/\/www.metalpower.net\/pt\/products\/stationary-oes\/metavision-10008x\/","name":"Metavision-10008X - Metal Power","isPartOf":{"@id":"https:\/\/www.metalpower.net\/pt\/#website"},"primaryImageOfPage":{"@id":"https:\/\/www.metalpower.net\/pt\/products\/stationary-oes\/metavision-10008x\/#primaryimage"},"image":{"@id":"https:\/\/www.metalpower.net\/pt\/products\/stationary-oes\/metavision-10008x\/#primaryimage"},"thumbnailUrl":"https:\/\/www.metalpower.net\/wp-content\/uploads\/2024\/12\/metavision-10008x-10.jpg","datePublished":"2024-12-04T17:43:04+00:00","dateModified":"2025-12-22T17:30:08+00:00","description":"Conhe\u00e7a o Metavision-10008X \u2014 precis\u00e3o incompar\u00e1vel na an\u00e1lise de metais. Com tecnologia de ponta, oferece alto desempenho anal\u00edtico em m\u00faltiplos setores. Aprimore seu controle de qualidade","breadcrumb":{"@id":"https:\/\/www.metalpower.net\/pt\/products\/stationary-oes\/metavision-10008x\/#breadcrumb"},"inLanguage":"pt-BR","potentialAction":[{"@type":"ReadAction","target":["https:\/\/www.metalpower.net\/pt\/products\/stationary-oes\/metavision-10008x\/"]}]},{"@type":"ImageObject","inLanguage":"pt-BR","@id":"https:\/\/www.metalpower.net\/pt\/products\/stationary-oes\/metavision-10008x\/#primaryimage","url":"https:\/\/www.metalpower.net\/wp-content\/uploads\/2024\/12\/metavision-10008x-10.jpg","contentUrl":"https:\/\/www.metalpower.net\/wp-content\/uploads\/2024\/12\/metavision-10008x-10.jpg","width":1892,"height":1252,"caption":"Metavision-10008X research-grade OES"},{"@type":"BreadcrumbList","@id":"https:\/\/www.metalpower.net\/pt\/products\/stationary-oes\/metavision-10008x\/#breadcrumb","itemListElement":[{"@type":"ListItem","position":1,"name":"P\u00e1gina inicial","item":"https:\/\/www.metalpower.net\/pt\/"},{"@type":"ListItem","position":2,"name":"Products","item":"https:\/\/www.metalpower.net\/pt\/products\/%product_category%\/"},{"@type":"ListItem","position":3,"name":"Metavision-10008X"}]},{"@type":"WebSite","@id":"https:\/\/www.metalpower.net\/pt\/#website","url":"https:\/\/www.metalpower.net\/pt\/","name":"Metal Power","description":"","publisher":{"@id":"https:\/\/www.metalpower.net\/pt\/#organization"},"potentialAction":[{"@type":"SearchAction","target":{"@type":"EntryPoint","urlTemplate":"https:\/\/www.metalpower.net\/pt\/?s={search_term_string}"},"query-input":{"@type":"PropertyValueSpecification","valueRequired":true,"valueName":"search_term_string"}}],"inLanguage":"pt-BR"},{"@type":"Organization","@id":"https:\/\/www.metalpower.net\/pt\/#organization","name":"Metal Power Analytical","url":"https:\/\/www.metalpower.net\/pt\/","logo":{"@type":"ImageObject","inLanguage":"pt-BR","@id":"https:\/\/www.metalpower.net\/pt\/#\/schema\/logo\/image\/","url":"https:\/\/www.metalpower.net\/wp-content\/uploads\/2025\/07\/metal-power-logo.svg","contentUrl":"https:\/\/www.metalpower.net\/wp-content\/uploads\/2025\/07\/metal-power-logo.svg","width":112,"height":30,"caption":"Metal Power Analytical"},"image":{"@id":"https:\/\/www.metalpower.net\/pt\/#\/schema\/logo\/image\/"},"sameAs":["https:\/\/www.facebook.com\/MetalPowerAnalytical\/"]}]}},"_links":{"self":[{"href":"https:\/\/www.metalpower.net\/pt\/wp-json\/wp\/v2\/product\/12862","targetHints":{"allow":["GET"]}}],"collection":[{"href":"https:\/\/www.metalpower.net\/pt\/wp-json\/wp\/v2\/product"}],"about":[{"href":"https:\/\/www.metalpower.net\/pt\/wp-json\/wp\/v2\/types\/product"}],"wp:featuredmedia":[{"embeddable":true,"href":"https:\/\/www.metalpower.net\/pt\/wp-json\/wp\/v2\/media\/13005"}],"wp:attachment":[{"href":"https:\/\/www.metalpower.net\/pt\/wp-json\/wp\/v2\/media?parent=12862"}],"wp:term":[{"taxonomy":"product_category","embeddable":true,"href":"https:\/\/www.metalpower.net\/pt\/wp-json\/wp\/v2\/product_category?post=12862"}],"curies":[{"name":"wp","href":"https:\/\/api.w.org\/{rel}","templated":true}]}}