{"id":14883,"date":"2025-04-28T12:57:06","date_gmt":"2025-04-28T12:57:06","guid":{"rendered":"https:\/\/www.metalpower.net\/?page_id=14883"},"modified":"2025-12-26T13:54:18","modified_gmt":"2025-12-26T13:54:18","slug":"faqs","status":"publish","type":"page","link":"https:\/\/www.metalpower.net\/pt\/faqs\/","title":{"rendered":"Perguntas Frequentes"},"content":{"rendered":"","protected":false},"excerpt":{"rendered":"","protected":false},"author":1,"featured_media":0,"parent":0,"menu_order":0,"comment_status":"closed","ping_status":"closed","template":"","meta":{"_acf_changed":false,"inline_featured_image":false,"footnotes":""},"class_list":["post-14883","page","type-page","status-publish","hentry"],"acf":[],"yoast_head":"<!-- This site is optimized with the Yoast SEO plugin v26.6 - https:\/\/yoast.com\/wordpress\/plugins\/seo\/ -->\n<title>Perguntas Frequentes (FAQs) \u2013 Metal Power Analytical<\/title>\n<meta name=\"description\" content=\"Encontre respostas para perguntas frequentes (FAQs) sobre Espectr\u00f4metros de Emiss\u00e3o \u00d3ptica, Espectrometria de Emiss\u00e3o \u00d3ptica por Arco e Fa\u00edsca, An\u00e1lise de Metais, Solu\u00e7\u00f5es Digitais para a Ind\u00fastria 4.0, etc.\" \/>\n<meta name=\"robots\" content=\"index, follow, max-snippet:-1, max-image-preview:large, max-video-preview:-1\" \/>\n<link rel=\"canonical\" href=\"https:\/\/www.metalpower.net\/pt\/faqs\/\" \/>\n<meta property=\"og:locale\" content=\"pt_BR\" \/>\n<meta property=\"og:type\" content=\"article\" \/>\n<meta property=\"og:title\" content=\"Perguntas Frequentes (FAQs) \u2013 Metal Power Analytical\" \/>\n<meta property=\"og:description\" content=\"Encontre respostas para perguntas frequentes (FAQs) sobre Espectr\u00f4metros de Emiss\u00e3o \u00d3ptica, Espectrometria de Emiss\u00e3o \u00d3ptica por Arco e Fa\u00edsca, An\u00e1lise de Metais, Solu\u00e7\u00f5es Digitais para a Ind\u00fastria 4.0, etc.\" \/>\n<meta property=\"og:url\" content=\"https:\/\/www.metalpower.net\/pt\/faqs\/\" \/>\n<meta property=\"og:site_name\" content=\"Metal Power\" \/>\n<meta property=\"article:publisher\" content=\"https:\/\/www.facebook.com\/MetalPowerAnalytical\/\" \/>\n<meta property=\"article:modified_time\" content=\"2025-12-26T13:54:18+00:00\" \/>\n<meta name=\"twitter:card\" content=\"summary_large_image\" \/>\n<meta name=\"twitter:title\" content=\"Perguntas Frequentes (FAQs) \u2013 Metal Power Analytical\" \/>\n<meta name=\"twitter:description\" content=\"Encontre respostas para perguntas frequentes (FAQs) sobre Espectr\u00f4metros de Emiss\u00e3o \u00d3ptica, Espectrometria de Emiss\u00e3o \u00d3ptica por Arco e Fa\u00edsca, An\u00e1lise de Metais, Solu\u00e7\u00f5es Digitais para a Ind\u00fastria 4.0, etc.\" \/>\n<!-- \/ Yoast SEO plugin. -->","yoast_head_json":{"title":"Perguntas Frequentes (FAQs) \u2013 Metal Power Analytical","description":"Encontre respostas para perguntas frequentes (FAQs) sobre Espectr\u00f4metros de Emiss\u00e3o \u00d3ptica, Espectrometria de Emiss\u00e3o \u00d3ptica por Arco e Fa\u00edsca, An\u00e1lise de Metais, Solu\u00e7\u00f5es Digitais para a Ind\u00fastria 4.0, etc.","robots":{"index":"index","follow":"follow","max-snippet":"max-snippet:-1","max-image-preview":"max-image-preview:large","max-video-preview":"max-video-preview:-1"},"canonical":"https:\/\/www.metalpower.net\/pt\/faqs\/","og_locale":"pt_BR","og_type":"article","og_title":"Perguntas Frequentes (FAQs) \u2013 Metal Power Analytical","og_description":"Encontre respostas para perguntas frequentes (FAQs) sobre Espectr\u00f4metros de Emiss\u00e3o \u00d3ptica, Espectrometria de Emiss\u00e3o \u00d3ptica por Arco e Fa\u00edsca, An\u00e1lise de Metais, Solu\u00e7\u00f5es Digitais para a Ind\u00fastria 4.0, etc.","og_url":"https:\/\/www.metalpower.net\/pt\/faqs\/","og_site_name":"Metal Power","article_publisher":"https:\/\/www.facebook.com\/MetalPowerAnalytical\/","article_modified_time":"2025-12-26T13:54:18+00:00","twitter_card":"summary_large_image","twitter_title":"Perguntas Frequentes (FAQs) \u2013 Metal Power Analytical","twitter_description":"Encontre respostas para perguntas frequentes (FAQs) sobre Espectr\u00f4metros de Emiss\u00e3o \u00d3ptica, Espectrometria de Emiss\u00e3o \u00d3ptica por Arco e Fa\u00edsca, An\u00e1lise de Metais, Solu\u00e7\u00f5es Digitais para a Ind\u00fastria 4.0, etc.","schema":{"@context":"https:\/\/schema.org","@graph":[{"@type":"WebPage","@id":"https:\/\/www.metalpower.net\/pt\/faqs\/","url":"https:\/\/www.metalpower.net\/pt\/faqs\/","name":"Perguntas Frequentes (FAQs) \u2013 Metal Power Analytical","isPartOf":{"@id":"https:\/\/www.metalpower.net\/pt\/#website"},"datePublished":"2025-04-28T12:57:06+00:00","dateModified":"2025-12-26T13:54:18+00:00","description":"Encontre respostas para perguntas frequentes (FAQs) sobre Espectr\u00f4metros de Emiss\u00e3o \u00d3ptica, Espectrometria de Emiss\u00e3o \u00d3ptica por Arco e Fa\u00edsca, An\u00e1lise de Metais, Solu\u00e7\u00f5es Digitais para a Ind\u00fastria 4.0, etc.","breadcrumb":{"@id":"https:\/\/www.metalpower.net\/pt\/faqs\/#breadcrumb"},"inLanguage":"pt-BR","potentialAction":[{"@type":"ReadAction","target":["https:\/\/www.metalpower.net\/pt\/faqs\/"]}]},{"@type":"BreadcrumbList","@id":"https:\/\/www.metalpower.net\/pt\/faqs\/#breadcrumb","itemListElement":[{"@type":"ListItem","position":1,"name":"P\u00e1gina inicial","item":"https:\/\/www.metalpower.net\/pt\/"},{"@type":"ListItem","position":2,"name":"Perguntas Frequentes"}]},{"@type":"WebSite","@id":"https:\/\/www.metalpower.net\/pt\/#website","url":"https:\/\/www.metalpower.net\/pt\/","name":"Metal Power","description":"","publisher":{"@id":"https:\/\/www.metalpower.net\/pt\/#organization"},"potentialAction":[{"@type":"SearchAction","target":{"@type":"EntryPoint","urlTemplate":"https:\/\/www.metalpower.net\/pt\/?s={search_term_string}"},"query-input":{"@type":"PropertyValueSpecification","valueRequired":true,"valueName":"search_term_string"}}],"inLanguage":"pt-BR"},{"@type":"Organization","@id":"https:\/\/www.metalpower.net\/pt\/#organization","name":"Metal Power Analytical","url":"https:\/\/www.metalpower.net\/pt\/","logo":{"@type":"ImageObject","inLanguage":"pt-BR","@id":"https:\/\/www.metalpower.net\/pt\/#\/schema\/logo\/image\/","url":"https:\/\/www.metalpower.net\/wp-content\/uploads\/2025\/07\/metal-power-logo.svg","contentUrl":"https:\/\/www.metalpower.net\/wp-content\/uploads\/2025\/07\/metal-power-logo.svg","width":112,"height":30,"caption":"Metal Power Analytical"},"image":{"@id":"https:\/\/www.metalpower.net\/pt\/#\/schema\/logo\/image\/"},"sameAs":["https:\/\/www.facebook.com\/MetalPowerAnalytical\/"]}]}},"_links":{"self":[{"href":"https:\/\/www.metalpower.net\/pt\/wp-json\/wp\/v2\/pages\/14883","targetHints":{"allow":["GET"]}}],"collection":[{"href":"https:\/\/www.metalpower.net\/pt\/wp-json\/wp\/v2\/pages"}],"about":[{"href":"https:\/\/www.metalpower.net\/pt\/wp-json\/wp\/v2\/types\/page"}],"author":[{"embeddable":true,"href":"https:\/\/www.metalpower.net\/pt\/wp-json\/wp\/v2\/users\/1"}],"replies":[{"embeddable":true,"href":"https:\/\/www.metalpower.net\/pt\/wp-json\/wp\/v2\/comments?post=14883"}],"version-history":[{"count":2,"href":"https:\/\/www.metalpower.net\/pt\/wp-json\/wp\/v2\/pages\/14883\/revisions"}],"predecessor-version":[{"id":15255,"href":"https:\/\/www.metalpower.net\/pt\/wp-json\/wp\/v2\/pages\/14883\/revisions\/15255"}],"wp:attachment":[{"href":"https:\/\/www.metalpower.net\/pt\/wp-json\/wp\/v2\/media?parent=14883"}],"curies":[{"name":"wp","href":"https:\/\/api.w.org\/{rel}","templated":true}]}}