{"id":14771,"date":"2025-02-11T08:59:08","date_gmt":"2025-02-11T08:59:08","guid":{"rendered":"https:\/\/stage.metalpower.net\/?page_id=14771"},"modified":"2025-12-11T18:03:57","modified_gmt":"2025-12-11T18:03:57","slug":"case-studies","status":"publish","type":"page","link":"https:\/\/www.metalpower.net\/pt\/case-studies\/","title":{"rendered":"Estudo de Caso"},"content":{"rendered":"","protected":false},"excerpt":{"rendered":"","protected":false},"author":1,"featured_media":0,"parent":0,"menu_order":0,"comment_status":"closed","ping_status":"closed","template":"","meta":{"_acf_changed":false,"inline_featured_image":false,"footnotes":""},"class_list":["post-14771","page","type-page","status-publish","hentry"],"acf":[],"yoast_head":"<!-- This site is optimized with the Yoast SEO plugin v26.6 - https:\/\/yoast.com\/wordpress\/plugins\/seo\/ -->\n<title>Estudos de Caso de Clientes da Metal Power Analytical<\/title>\n<meta name=\"description\" content=\"Estudos de caso reais da ind\u00fastria demonstrando o uso dos Espectr\u00f4metros de Emiss\u00e3o \u00d3ptica m\u00f3veis e estacion\u00e1rios e dos Espectr\u00f4metros de Emiss\u00e3o \u00d3ptica RDE da Metal Power Analytical, que oferecem precis\u00e3o e confiabilidade.\" \/>\n<meta name=\"robots\" content=\"index, follow, max-snippet:-1, max-image-preview:large, max-video-preview:-1\" \/>\n<link rel=\"canonical\" href=\"https:\/\/www.metalpower.net\/pt\/case-studies\/\" \/>\n<meta property=\"og:locale\" content=\"pt_BR\" \/>\n<meta property=\"og:type\" content=\"article\" \/>\n<meta property=\"og:title\" content=\"Estudos de Caso de Clientes da Metal Power Analytical\" \/>\n<meta property=\"og:description\" content=\"Estudos de caso reais da ind\u00fastria demonstrando o uso dos Espectr\u00f4metros de Emiss\u00e3o \u00d3ptica m\u00f3veis e estacion\u00e1rios e dos Espectr\u00f4metros de Emiss\u00e3o \u00d3ptica RDE da Metal Power Analytical, que oferecem precis\u00e3o e confiabilidade.\" \/>\n<meta property=\"og:url\" content=\"https:\/\/www.metalpower.net\/pt\/case-studies\/\" \/>\n<meta property=\"og:site_name\" content=\"Metal Power\" \/>\n<meta property=\"article:publisher\" content=\"https:\/\/www.facebook.com\/MetalPowerAnalytical\/\" \/>\n<meta property=\"article:modified_time\" content=\"2025-12-11T18:03:57+00:00\" \/>\n<meta name=\"twitter:card\" content=\"summary_large_image\" \/>\n<meta name=\"twitter:title\" content=\"Estudos de Caso de Clientes da Metal Power Analytical\" \/>\n<meta name=\"twitter:description\" content=\"Estudos de caso reais da ind\u00fastria demonstrando o uso dos Espectr\u00f4metros de Emiss\u00e3o \u00d3ptica m\u00f3veis e estacion\u00e1rios e dos Espectr\u00f4metros de Emiss\u00e3o \u00d3ptica RDE da Metal Power Analytical, que oferecem precis\u00e3o e confiabilidade.\" \/>\n<!-- \/ Yoast SEO plugin. -->","yoast_head_json":{"title":"Estudos de Caso de Clientes da Metal Power Analytical","description":"Estudos de caso reais da ind\u00fastria demonstrando o uso dos Espectr\u00f4metros de Emiss\u00e3o \u00d3ptica m\u00f3veis e estacion\u00e1rios e dos Espectr\u00f4metros de Emiss\u00e3o \u00d3ptica RDE da Metal Power Analytical, que oferecem precis\u00e3o e confiabilidade.","robots":{"index":"index","follow":"follow","max-snippet":"max-snippet:-1","max-image-preview":"max-image-preview:large","max-video-preview":"max-video-preview:-1"},"canonical":"https:\/\/www.metalpower.net\/pt\/case-studies\/","og_locale":"pt_BR","og_type":"article","og_title":"Estudos de Caso de Clientes da Metal Power Analytical","og_description":"Estudos de caso reais da ind\u00fastria demonstrando o uso dos Espectr\u00f4metros de Emiss\u00e3o \u00d3ptica m\u00f3veis e estacion\u00e1rios e dos Espectr\u00f4metros de Emiss\u00e3o \u00d3ptica RDE da Metal Power Analytical, que oferecem precis\u00e3o e confiabilidade.","og_url":"https:\/\/www.metalpower.net\/pt\/case-studies\/","og_site_name":"Metal Power","article_publisher":"https:\/\/www.facebook.com\/MetalPowerAnalytical\/","article_modified_time":"2025-12-11T18:03:57+00:00","twitter_card":"summary_large_image","twitter_title":"Estudos de Caso de Clientes da Metal Power Analytical","twitter_description":"Estudos de caso reais da ind\u00fastria demonstrando o uso dos Espectr\u00f4metros de Emiss\u00e3o \u00d3ptica m\u00f3veis e estacion\u00e1rios e dos Espectr\u00f4metros de Emiss\u00e3o \u00d3ptica RDE da Metal Power Analytical, que oferecem precis\u00e3o e confiabilidade.","schema":{"@context":"https:\/\/schema.org","@graph":[{"@type":"WebPage","@id":"https:\/\/www.metalpower.net\/pt\/case-studies\/","url":"https:\/\/www.metalpower.net\/pt\/case-studies\/","name":"Estudos de Caso de Clientes da Metal Power Analytical","isPartOf":{"@id":"https:\/\/www.metalpower.net\/pt\/#website"},"datePublished":"2025-02-11T08:59:08+00:00","dateModified":"2025-12-11T18:03:57+00:00","description":"Estudos de caso reais da ind\u00fastria demonstrando o uso dos Espectr\u00f4metros de Emiss\u00e3o \u00d3ptica m\u00f3veis e estacion\u00e1rios e dos Espectr\u00f4metros de Emiss\u00e3o \u00d3ptica RDE da Metal Power Analytical, que oferecem precis\u00e3o e confiabilidade.","breadcrumb":{"@id":"https:\/\/www.metalpower.net\/pt\/case-studies\/#breadcrumb"},"inLanguage":"pt-BR","potentialAction":[{"@type":"ReadAction","target":["https:\/\/www.metalpower.net\/pt\/case-studies\/"]}]},{"@type":"BreadcrumbList","@id":"https:\/\/www.metalpower.net\/pt\/case-studies\/#breadcrumb","itemListElement":[{"@type":"ListItem","position":1,"name":"P\u00e1gina inicial","item":"https:\/\/www.metalpower.net\/pt\/"},{"@type":"ListItem","position":2,"name":"Estudo de Caso"}]},{"@type":"WebSite","@id":"https:\/\/www.metalpower.net\/pt\/#website","url":"https:\/\/www.metalpower.net\/pt\/","name":"Metal Power","description":"","publisher":{"@id":"https:\/\/www.metalpower.net\/pt\/#organization"},"potentialAction":[{"@type":"SearchAction","target":{"@type":"EntryPoint","urlTemplate":"https:\/\/www.metalpower.net\/pt\/?s={search_term_string}"},"query-input":{"@type":"PropertyValueSpecification","valueRequired":true,"valueName":"search_term_string"}}],"inLanguage":"pt-BR"},{"@type":"Organization","@id":"https:\/\/www.metalpower.net\/pt\/#organization","name":"Metal Power Analytical","url":"https:\/\/www.metalpower.net\/pt\/","logo":{"@type":"ImageObject","inLanguage":"pt-BR","@id":"https:\/\/www.metalpower.net\/pt\/#\/schema\/logo\/image\/","url":"https:\/\/www.metalpower.net\/wp-content\/uploads\/2025\/07\/metal-power-logo.svg","contentUrl":"https:\/\/www.metalpower.net\/wp-content\/uploads\/2025\/07\/metal-power-logo.svg","width":112,"height":30,"caption":"Metal Power Analytical"},"image":{"@id":"https:\/\/www.metalpower.net\/pt\/#\/schema\/logo\/image\/"},"sameAs":["https:\/\/www.facebook.com\/MetalPowerAnalytical\/"]}]}},"_links":{"self":[{"href":"https:\/\/www.metalpower.net\/pt\/wp-json\/wp\/v2\/pages\/14771","targetHints":{"allow":["GET"]}}],"collection":[{"href":"https:\/\/www.metalpower.net\/pt\/wp-json\/wp\/v2\/pages"}],"about":[{"href":"https:\/\/www.metalpower.net\/pt\/wp-json\/wp\/v2\/types\/page"}],"author":[{"embeddable":true,"href":"https:\/\/www.metalpower.net\/pt\/wp-json\/wp\/v2\/users\/1"}],"replies":[{"embeddable":true,"href":"https:\/\/www.metalpower.net\/pt\/wp-json\/wp\/v2\/comments?post=14771"}],"version-history":[{"count":2,"href":"https:\/\/www.metalpower.net\/pt\/wp-json\/wp\/v2\/pages\/14771\/revisions"}],"predecessor-version":[{"id":14808,"href":"https:\/\/www.metalpower.net\/pt\/wp-json\/wp\/v2\/pages\/14771\/revisions\/14808"}],"wp:attachment":[{"href":"https:\/\/www.metalpower.net\/pt\/wp-json\/wp\/v2\/media?parent=14771"}],"curies":[{"name":"wp","href":"https:\/\/api.w.org\/{rel}","templated":true}]}}