{"id":13820,"date":"2025-02-15T05:46:57","date_gmt":"2025-02-15T05:46:57","guid":{"rendered":"https:\/\/stage.metalpower.net\/posh\/"},"modified":"2025-10-11T19:25:56","modified_gmt":"2025-10-11T19:25:56","slug":"posh-at-workplace-policy","status":"publish","type":"page","link":"https:\/\/www.metalpower.net\/pt\/posh-at-workplace-policy\/","title":{"rendered":"Pol\u00edtica de Preven\u00e7\u00e3o ao Ass\u00e9dio Sexual (POSH)"},"content":{"rendered":"","protected":false},"excerpt":{"rendered":"","protected":false},"author":1,"featured_media":0,"parent":0,"menu_order":0,"comment_status":"closed","ping_status":"closed","template":"","meta":{"_acf_changed":false,"inline_featured_image":false,"footnotes":""},"class_list":["post-13820","page","type-page","status-publish","hentry"],"acf":[],"yoast_head":"<!-- This site is optimized with the Yoast SEO plugin v26.6 - https:\/\/yoast.com\/wordpress\/plugins\/seo\/ -->\n<title>Pol\u00edtica de Preven\u00e7\u00e3o ao Ass\u00e9dio Sexual no Ambiente de Trabalho \u2013 Metal Power<\/title>\n<meta name=\"description\" content=\"Preven\u00e7\u00e3o ao Ass\u00e9dio Sexual no Ambiente de Trabalho \u2013 Introdu\u00e7\u00e3o: A Metal Power Analytical Pvt. Ltd. e suas empresas associadas (\u201cMetal Power\/Empresa\u201d) comprometem-se a promover um ambiente de trabalho seguro, respeitoso e livre de todas as formas de discrimina\u00e7\u00e3o e ass\u00e9dio. Esta pol\u00edtica \u00e9 um pilar do nosso compromisso em manter um ambiente de trabalho onde cada indiv\u00edduo seja tratado com respeito e equidade.\" \/>\n<meta name=\"robots\" content=\"index, follow, max-snippet:-1, max-image-preview:large, max-video-preview:-1\" \/>\n<link rel=\"canonical\" href=\"https:\/\/www.metalpower.net\/pt\/posh-at-workplace-policy\/\" \/>\n<meta property=\"og:locale\" content=\"pt_BR\" \/>\n<meta property=\"og:type\" content=\"article\" \/>\n<meta property=\"og:title\" content=\"Pol\u00edtica de Preven\u00e7\u00e3o ao Ass\u00e9dio Sexual no Ambiente de Trabalho \u2013 Metal Power\" \/>\n<meta property=\"og:description\" content=\"Preven\u00e7\u00e3o ao Ass\u00e9dio Sexual no Ambiente de Trabalho \u2013 Introdu\u00e7\u00e3o: A Metal Power Analytical Pvt. Ltd. e suas empresas associadas (\u201cMetal Power\/Empresa\u201d) comprometem-se a promover um ambiente de trabalho seguro, respeitoso e livre de todas as formas de discrimina\u00e7\u00e3o e ass\u00e9dio. Esta pol\u00edtica \u00e9 um pilar do nosso compromisso em manter um ambiente de trabalho onde cada indiv\u00edduo seja tratado com respeito e equidade.\" \/>\n<meta property=\"og:url\" content=\"https:\/\/www.metalpower.net\/pt\/posh-at-workplace-policy\/\" \/>\n<meta property=\"og:site_name\" content=\"Metal Power\" \/>\n<meta property=\"article:publisher\" content=\"https:\/\/www.facebook.com\/MetalPowerAnalytical\/\" \/>\n<meta property=\"article:modified_time\" content=\"2025-10-11T19:25:56+00:00\" \/>\n<meta name=\"twitter:card\" content=\"summary_large_image\" \/>\n<meta name=\"twitter:title\" content=\"Pol\u00edtica de Preven\u00e7\u00e3o ao Ass\u00e9dio Sexual no Ambiente de Trabalho \u2013 Metal Power\" \/>\n<meta name=\"twitter:description\" content=\"Preven\u00e7\u00e3o ao Ass\u00e9dio Sexual no Ambiente de Trabalho \u2013 Introdu\u00e7\u00e3o: A Metal Power Analytical Pvt. Ltd. e suas empresas associadas (\u201cMetal Power\/Empresa\u201d) comprometem-se a promover um ambiente de trabalho seguro, respeitoso e livre de todas as formas de discrimina\u00e7\u00e3o e ass\u00e9dio. Esta pol\u00edtica \u00e9 um pilar do nosso compromisso em manter um ambiente de trabalho onde cada indiv\u00edduo seja tratado com respeito e equidade.\" \/>\n<!-- \/ Yoast SEO plugin. -->","yoast_head_json":{"title":"Pol\u00edtica de Preven\u00e7\u00e3o ao Ass\u00e9dio Sexual no Ambiente de Trabalho \u2013 Metal Power","description":"Preven\u00e7\u00e3o ao Ass\u00e9dio Sexual no Ambiente de Trabalho \u2013 Introdu\u00e7\u00e3o: A Metal Power Analytical Pvt. Ltd. e suas empresas associadas (\u201cMetal Power\/Empresa\u201d) comprometem-se a promover um ambiente de trabalho seguro, respeitoso e livre de todas as formas de discrimina\u00e7\u00e3o e ass\u00e9dio. Esta pol\u00edtica \u00e9 um pilar do nosso compromisso em manter um ambiente de trabalho onde cada indiv\u00edduo seja tratado com respeito e equidade.","robots":{"index":"index","follow":"follow","max-snippet":"max-snippet:-1","max-image-preview":"max-image-preview:large","max-video-preview":"max-video-preview:-1"},"canonical":"https:\/\/www.metalpower.net\/pt\/posh-at-workplace-policy\/","og_locale":"pt_BR","og_type":"article","og_title":"Pol\u00edtica de Preven\u00e7\u00e3o ao Ass\u00e9dio Sexual no Ambiente de Trabalho \u2013 Metal Power","og_description":"Preven\u00e7\u00e3o ao Ass\u00e9dio Sexual no Ambiente de Trabalho \u2013 Introdu\u00e7\u00e3o: A Metal Power Analytical Pvt. Ltd. e suas empresas associadas (\u201cMetal Power\/Empresa\u201d) comprometem-se a promover um ambiente de trabalho seguro, respeitoso e livre de todas as formas de discrimina\u00e7\u00e3o e ass\u00e9dio. Esta pol\u00edtica \u00e9 um pilar do nosso compromisso em manter um ambiente de trabalho onde cada indiv\u00edduo seja tratado com respeito e equidade.","og_url":"https:\/\/www.metalpower.net\/pt\/posh-at-workplace-policy\/","og_site_name":"Metal Power","article_publisher":"https:\/\/www.facebook.com\/MetalPowerAnalytical\/","article_modified_time":"2025-10-11T19:25:56+00:00","twitter_card":"summary_large_image","twitter_title":"Pol\u00edtica de Preven\u00e7\u00e3o ao Ass\u00e9dio Sexual no Ambiente de Trabalho \u2013 Metal Power","twitter_description":"Preven\u00e7\u00e3o ao Ass\u00e9dio Sexual no Ambiente de Trabalho \u2013 Introdu\u00e7\u00e3o: A Metal Power Analytical Pvt. Ltd. e suas empresas associadas (\u201cMetal Power\/Empresa\u201d) comprometem-se a promover um ambiente de trabalho seguro, respeitoso e livre de todas as formas de discrimina\u00e7\u00e3o e ass\u00e9dio. Esta pol\u00edtica \u00e9 um pilar do nosso compromisso em manter um ambiente de trabalho onde cada indiv\u00edduo seja tratado com respeito e equidade.","schema":{"@context":"https:\/\/schema.org","@graph":[{"@type":"WebPage","@id":"https:\/\/www.metalpower.net\/pt\/posh-at-workplace-policy\/","url":"https:\/\/www.metalpower.net\/pt\/posh-at-workplace-policy\/","name":"Pol\u00edtica de Preven\u00e7\u00e3o ao Ass\u00e9dio Sexual no Ambiente de Trabalho \u2013 Metal Power","isPartOf":{"@id":"https:\/\/www.metalpower.net\/pt\/#website"},"datePublished":"2025-02-15T05:46:57+00:00","dateModified":"2025-10-11T19:25:56+00:00","description":"Preven\u00e7\u00e3o ao Ass\u00e9dio Sexual no Ambiente de Trabalho \u2013 Introdu\u00e7\u00e3o: A Metal Power Analytical Pvt. Ltd. e suas empresas associadas (\u201cMetal Power\/Empresa\u201d) comprometem-se a promover um ambiente de trabalho seguro, respeitoso e livre de todas as formas de discrimina\u00e7\u00e3o e ass\u00e9dio. Esta pol\u00edtica \u00e9 um pilar do nosso compromisso em manter um ambiente de trabalho onde cada indiv\u00edduo seja tratado com respeito e equidade.","breadcrumb":{"@id":"https:\/\/www.metalpower.net\/pt\/posh-at-workplace-policy\/#breadcrumb"},"inLanguage":"pt-BR","potentialAction":[{"@type":"ReadAction","target":["https:\/\/www.metalpower.net\/pt\/posh-at-workplace-policy\/"]}]},{"@type":"BreadcrumbList","@id":"https:\/\/www.metalpower.net\/pt\/posh-at-workplace-policy\/#breadcrumb","itemListElement":[{"@type":"ListItem","position":1,"name":"P\u00e1gina inicial","item":"https:\/\/www.metalpower.net\/pt\/"},{"@type":"ListItem","position":2,"name":"Pol\u00edtica de Preven\u00e7\u00e3o ao Ass\u00e9dio Sexual (POSH)"}]},{"@type":"WebSite","@id":"https:\/\/www.metalpower.net\/pt\/#website","url":"https:\/\/www.metalpower.net\/pt\/","name":"Metal Power","description":"","publisher":{"@id":"https:\/\/www.metalpower.net\/pt\/#organization"},"potentialAction":[{"@type":"SearchAction","target":{"@type":"EntryPoint","urlTemplate":"https:\/\/www.metalpower.net\/pt\/?s={search_term_string}"},"query-input":{"@type":"PropertyValueSpecification","valueRequired":true,"valueName":"search_term_string"}}],"inLanguage":"pt-BR"},{"@type":"Organization","@id":"https:\/\/www.metalpower.net\/pt\/#organization","name":"Metal Power Analytical","url":"https:\/\/www.metalpower.net\/pt\/","logo":{"@type":"ImageObject","inLanguage":"pt-BR","@id":"https:\/\/www.metalpower.net\/pt\/#\/schema\/logo\/image\/","url":"https:\/\/www.metalpower.net\/wp-content\/uploads\/2025\/07\/metal-power-logo.svg","contentUrl":"https:\/\/www.metalpower.net\/wp-content\/uploads\/2025\/07\/metal-power-logo.svg","width":112,"height":30,"caption":"Metal Power Analytical"},"image":{"@id":"https:\/\/www.metalpower.net\/pt\/#\/schema\/logo\/image\/"},"sameAs":["https:\/\/www.facebook.com\/MetalPowerAnalytical\/"]}]}},"_links":{"self":[{"href":"https:\/\/www.metalpower.net\/pt\/wp-json\/wp\/v2\/pages\/13820","targetHints":{"allow":["GET"]}}],"collection":[{"href":"https:\/\/www.metalpower.net\/pt\/wp-json\/wp\/v2\/pages"}],"about":[{"href":"https:\/\/www.metalpower.net\/pt\/wp-json\/wp\/v2\/types\/page"}],"author":[{"embeddable":true,"href":"https:\/\/www.metalpower.net\/pt\/wp-json\/wp\/v2\/users\/1"}],"replies":[{"embeddable":true,"href":"https:\/\/www.metalpower.net\/pt\/wp-json\/wp\/v2\/comments?post=13820"}],"version-history":[{"count":2,"href":"https:\/\/www.metalpower.net\/pt\/wp-json\/wp\/v2\/pages\/13820\/revisions"}],"predecessor-version":[{"id":13839,"href":"https:\/\/www.metalpower.net\/pt\/wp-json\/wp\/v2\/pages\/13820\/revisions\/13839"}],"wp:attachment":[{"href":"https:\/\/www.metalpower.net\/pt\/wp-json\/wp\/v2\/media?parent=13820"}],"curies":[{"name":"wp","href":"https:\/\/api.w.org\/{rel}","templated":true}]}}