{"id":13816,"date":"2025-02-09T16:59:55","date_gmt":"2025-02-09T16:59:55","guid":{"rendered":"https:\/\/stage.metalpower.net\/os-nossos-clientes\/"},"modified":"2025-11-16T15:49:22","modified_gmt":"2025-11-16T15:49:22","slug":"clients","status":"publish","type":"page","link":"https:\/\/www.metalpower.net\/pt\/clients\/","title":{"rendered":"Nossos clientes"},"content":{"rendered":"","protected":false},"excerpt":{"rendered":"","protected":false},"author":1,"featured_media":0,"parent":0,"menu_order":0,"comment_status":"closed","ping_status":"closed","template":"","meta":{"_acf_changed":false,"inline_featured_image":false,"footnotes":""},"class_list":["post-13816","page","type-page","status-publish","hentry"],"acf":[],"yoast_head":"<!-- This site is optimized with the Yoast SEO plugin v26.6 - https:\/\/yoast.com\/wordpress\/plugins\/seo\/ -->\n<title>Clientes | Metal Power Analytical \u2013 Confi\u00e1vel em todo o mundo<\/title>\n<meta name=\"description\" content=\"Explore a base global de clientes da Metal Power Analytical em diversos setores. Reconhecida mundialmente pela precis\u00e3o, desempenho, inova\u00e7\u00e3o e excel\u00eancia em an\u00e1lises elementares.\" \/>\n<meta name=\"robots\" content=\"index, follow, max-snippet:-1, max-image-preview:large, max-video-preview:-1\" \/>\n<link rel=\"canonical\" href=\"https:\/\/www.metalpower.net\/pt\/clients\/\" \/>\n<meta property=\"og:locale\" content=\"pt_BR\" \/>\n<meta property=\"og:type\" content=\"article\" \/>\n<meta property=\"og:title\" content=\"Clientes | Metal Power Analytical \u2013 Confi\u00e1vel em todo o mundo\" \/>\n<meta property=\"og:description\" content=\"Explore a base global de clientes da Metal Power Analytical em diversos setores. Reconhecida mundialmente pela precis\u00e3o, desempenho, inova\u00e7\u00e3o e excel\u00eancia em an\u00e1lises elementares.\" \/>\n<meta property=\"og:url\" content=\"https:\/\/www.metalpower.net\/pt\/clients\/\" \/>\n<meta property=\"og:site_name\" content=\"Metal Power\" \/>\n<meta property=\"article:publisher\" content=\"https:\/\/www.facebook.com\/MetalPowerAnalytical\/\" \/>\n<meta property=\"article:modified_time\" content=\"2025-11-16T15:49:22+00:00\" \/>\n<meta property=\"og:image\" content=\"https:\/\/www.metalpower.net\/wp-content\/uploads\/2025\/06\/our-client.png\" \/>\n<meta name=\"twitter:card\" content=\"summary_large_image\" \/>\n<meta name=\"twitter:title\" content=\"Clientes | Metal Power Analytical \u2013 Confi\u00e1vel em todo o mundo\" \/>\n<meta name=\"twitter:description\" content=\"Explore a base global de clientes da Metal Power Analytical em diversos setores. Reconhecida mundialmente pela precis\u00e3o, desempenho, inova\u00e7\u00e3o e excel\u00eancia em an\u00e1lises elementares.\" \/>\n<meta name=\"twitter:image\" content=\"https:\/\/www.metalpower.net\/wp-content\/uploads\/2025\/06\/our-client.png\" \/>\n<!-- \/ Yoast SEO plugin. -->","yoast_head_json":{"title":"Clientes | Metal Power Analytical \u2013 Confi\u00e1vel em todo o mundo","description":"Explore a base global de clientes da Metal Power Analytical em diversos setores. Reconhecida mundialmente pela precis\u00e3o, desempenho, inova\u00e7\u00e3o e excel\u00eancia em an\u00e1lises elementares.","robots":{"index":"index","follow":"follow","max-snippet":"max-snippet:-1","max-image-preview":"max-image-preview:large","max-video-preview":"max-video-preview:-1"},"canonical":"https:\/\/www.metalpower.net\/pt\/clients\/","og_locale":"pt_BR","og_type":"article","og_title":"Clientes | Metal Power Analytical \u2013 Confi\u00e1vel em todo o mundo","og_description":"Explore a base global de clientes da Metal Power Analytical em diversos setores. Reconhecida mundialmente pela precis\u00e3o, desempenho, inova\u00e7\u00e3o e excel\u00eancia em an\u00e1lises elementares.","og_url":"https:\/\/www.metalpower.net\/pt\/clients\/","og_site_name":"Metal Power","article_publisher":"https:\/\/www.facebook.com\/MetalPowerAnalytical\/","article_modified_time":"2025-11-16T15:49:22+00:00","og_image":[{"url":"https:\/\/www.metalpower.net\/wp-content\/uploads\/2025\/06\/our-client.png","type":"","width":"","height":""}],"twitter_card":"summary_large_image","twitter_title":"Clientes | Metal Power Analytical \u2013 Confi\u00e1vel em todo o mundo","twitter_description":"Explore a base global de clientes da Metal Power Analytical em diversos setores. Reconhecida mundialmente pela precis\u00e3o, desempenho, inova\u00e7\u00e3o e excel\u00eancia em an\u00e1lises elementares.","twitter_image":"https:\/\/www.metalpower.net\/wp-content\/uploads\/2025\/06\/our-client.png","schema":{"@context":"https:\/\/schema.org","@graph":[{"@type":"WebPage","@id":"https:\/\/www.metalpower.net\/pt\/clients\/","url":"https:\/\/www.metalpower.net\/pt\/clients\/","name":"Clientes | Metal Power Analytical \u2013 Confi\u00e1vel em todo o mundo","isPartOf":{"@id":"https:\/\/www.metalpower.net\/pt\/#website"},"datePublished":"2025-02-09T16:59:55+00:00","dateModified":"2025-11-16T15:49:22+00:00","description":"Explore a base global de clientes da Metal Power Analytical em diversos setores. Reconhecida mundialmente pela precis\u00e3o, desempenho, inova\u00e7\u00e3o e excel\u00eancia em an\u00e1lises elementares.","breadcrumb":{"@id":"https:\/\/www.metalpower.net\/pt\/clients\/#breadcrumb"},"inLanguage":"pt-BR","potentialAction":[{"@type":"ReadAction","target":["https:\/\/www.metalpower.net\/pt\/clients\/"]}]},{"@type":"BreadcrumbList","@id":"https:\/\/www.metalpower.net\/pt\/clients\/#breadcrumb","itemListElement":[{"@type":"ListItem","position":1,"name":"P\u00e1gina inicial","item":"https:\/\/www.metalpower.net\/pt\/"},{"@type":"ListItem","position":2,"name":"Nossos clientes"}]},{"@type":"WebSite","@id":"https:\/\/www.metalpower.net\/pt\/#website","url":"https:\/\/www.metalpower.net\/pt\/","name":"Metal Power","description":"","publisher":{"@id":"https:\/\/www.metalpower.net\/pt\/#organization"},"potentialAction":[{"@type":"SearchAction","target":{"@type":"EntryPoint","urlTemplate":"https:\/\/www.metalpower.net\/pt\/?s={search_term_string}"},"query-input":{"@type":"PropertyValueSpecification","valueRequired":true,"valueName":"search_term_string"}}],"inLanguage":"pt-BR"},{"@type":"Organization","@id":"https:\/\/www.metalpower.net\/pt\/#organization","name":"Metal Power Analytical","url":"https:\/\/www.metalpower.net\/pt\/","logo":{"@type":"ImageObject","inLanguage":"pt-BR","@id":"https:\/\/www.metalpower.net\/pt\/#\/schema\/logo\/image\/","url":"https:\/\/www.metalpower.net\/wp-content\/uploads\/2025\/07\/metal-power-logo.svg","contentUrl":"https:\/\/www.metalpower.net\/wp-content\/uploads\/2025\/07\/metal-power-logo.svg","width":112,"height":30,"caption":"Metal Power Analytical"},"image":{"@id":"https:\/\/www.metalpower.net\/pt\/#\/schema\/logo\/image\/"},"sameAs":["https:\/\/www.facebook.com\/MetalPowerAnalytical\/"]}]}},"_links":{"self":[{"href":"https:\/\/www.metalpower.net\/pt\/wp-json\/wp\/v2\/pages\/13816","targetHints":{"allow":["GET"]}}],"collection":[{"href":"https:\/\/www.metalpower.net\/pt\/wp-json\/wp\/v2\/pages"}],"about":[{"href":"https:\/\/www.metalpower.net\/pt\/wp-json\/wp\/v2\/types\/page"}],"author":[{"embeddable":true,"href":"https:\/\/www.metalpower.net\/pt\/wp-json\/wp\/v2\/users\/1"}],"replies":[{"embeddable":true,"href":"https:\/\/www.metalpower.net\/pt\/wp-json\/wp\/v2\/comments?post=13816"}],"version-history":[{"count":2,"href":"https:\/\/www.metalpower.net\/pt\/wp-json\/wp\/v2\/pages\/13816\/revisions"}],"predecessor-version":[{"id":13835,"href":"https:\/\/www.metalpower.net\/pt\/wp-json\/wp\/v2\/pages\/13816\/revisions\/13835"}],"wp:attachment":[{"href":"https:\/\/www.metalpower.net\/pt\/wp-json\/wp\/v2\/media?parent=13816"}],"curies":[{"name":"wp","href":"https:\/\/api.w.org\/{rel}","templated":true}]}}