{"id":13815,"date":"2024-12-31T10:50:08","date_gmt":"2024-12-31T10:50:08","guid":{"rendered":"https:\/\/stage.metalpower.net\/noticias-eventos\/"},"modified":"2025-12-24T15:03:58","modified_gmt":"2025-12-24T15:03:58","slug":"news-events","status":"publish","type":"page","link":"https:\/\/www.metalpower.net\/pt\/news-events\/","title":{"rendered":"Not\u00edcias e Eventos"},"content":{"rendered":"","protected":false},"excerpt":{"rendered":"","protected":false},"author":1,"featured_media":0,"parent":0,"menu_order":0,"comment_status":"closed","ping_status":"closed","template":"","meta":{"_acf_changed":false,"inline_featured_image":false,"footnotes":""},"class_list":["post-13815","page","type-page","status-publish","hentry"],"acf":[],"yoast_head":"<!-- This site is optimized with the Yoast SEO plugin v26.6 - https:\/\/yoast.com\/wordpress\/plugins\/seo\/ -->\n<title>Eventos - Metal Power<\/title>\n<meta name=\"description\" content=\"Mantenha-se atualizado sobre os eventos e as participa\u00e7\u00f5es da Metal Power no setor industrial. Junte-se a n\u00f3s e descubra as \u00faltimas inova\u00e7\u00f5es em espectrometria e m\u00e9todos anal\u00edticos.\" \/>\n<meta name=\"robots\" content=\"index, follow, max-snippet:-1, max-image-preview:large, max-video-preview:-1\" \/>\n<link rel=\"canonical\" href=\"https:\/\/www.metalpower.net\/pt\/news-events\/\" \/>\n<meta property=\"og:locale\" content=\"pt_BR\" \/>\n<meta property=\"og:type\" content=\"article\" \/>\n<meta property=\"og:title\" content=\"Eventos - Metal Power\" \/>\n<meta property=\"og:description\" content=\"Mantenha-se atualizado sobre os eventos e as participa\u00e7\u00f5es da Metal Power no setor industrial. Junte-se a n\u00f3s e descubra as \u00faltimas inova\u00e7\u00f5es em espectrometria e m\u00e9todos anal\u00edticos.\" \/>\n<meta property=\"og:url\" content=\"https:\/\/www.metalpower.net\/pt\/news-events\/\" \/>\n<meta property=\"og:site_name\" content=\"Metal Power\" \/>\n<meta property=\"article:publisher\" content=\"https:\/\/www.facebook.com\/MetalPowerAnalytical\/\" \/>\n<meta property=\"article:modified_time\" content=\"2025-12-24T15:03:58+00:00\" \/>\n<meta name=\"twitter:card\" content=\"summary_large_image\" \/>\n<meta name=\"twitter:title\" content=\"Eventos - Metal Power\" \/>\n<meta name=\"twitter:description\" content=\"Mantenha-se atualizado sobre os eventos e as participa\u00e7\u00f5es da Metal Power no setor industrial. Junte-se a n\u00f3s e descubra as \u00faltimas inova\u00e7\u00f5es em espectrometria e m\u00e9todos anal\u00edticos.\" \/>\n<!-- \/ Yoast SEO plugin. -->","yoast_head_json":{"title":"Eventos - Metal Power","description":"Mantenha-se atualizado sobre os eventos e as participa\u00e7\u00f5es da Metal Power no setor industrial. Junte-se a n\u00f3s e descubra as \u00faltimas inova\u00e7\u00f5es em espectrometria e m\u00e9todos anal\u00edticos.","robots":{"index":"index","follow":"follow","max-snippet":"max-snippet:-1","max-image-preview":"max-image-preview:large","max-video-preview":"max-video-preview:-1"},"canonical":"https:\/\/www.metalpower.net\/pt\/news-events\/","og_locale":"pt_BR","og_type":"article","og_title":"Eventos - Metal Power","og_description":"Mantenha-se atualizado sobre os eventos e as participa\u00e7\u00f5es da Metal Power no setor industrial. Junte-se a n\u00f3s e descubra as \u00faltimas inova\u00e7\u00f5es em espectrometria e m\u00e9todos anal\u00edticos.","og_url":"https:\/\/www.metalpower.net\/pt\/news-events\/","og_site_name":"Metal Power","article_publisher":"https:\/\/www.facebook.com\/MetalPowerAnalytical\/","article_modified_time":"2025-12-24T15:03:58+00:00","twitter_card":"summary_large_image","twitter_title":"Eventos - Metal Power","twitter_description":"Mantenha-se atualizado sobre os eventos e as participa\u00e7\u00f5es da Metal Power no setor industrial. Junte-se a n\u00f3s e descubra as \u00faltimas inova\u00e7\u00f5es em espectrometria e m\u00e9todos anal\u00edticos.","schema":{"@context":"https:\/\/schema.org","@graph":[{"@type":"WebPage","@id":"https:\/\/www.metalpower.net\/pt\/news-events\/","url":"https:\/\/www.metalpower.net\/pt\/news-events\/","name":"Eventos - Metal Power","isPartOf":{"@id":"https:\/\/www.metalpower.net\/pt\/#website"},"datePublished":"2024-12-31T10:50:08+00:00","dateModified":"2025-12-24T15:03:58+00:00","description":"Mantenha-se atualizado sobre os eventos e as participa\u00e7\u00f5es da Metal Power no setor industrial. Junte-se a n\u00f3s e descubra as \u00faltimas inova\u00e7\u00f5es em espectrometria e m\u00e9todos anal\u00edticos.","breadcrumb":{"@id":"https:\/\/www.metalpower.net\/pt\/news-events\/#breadcrumb"},"inLanguage":"pt-BR","potentialAction":[{"@type":"ReadAction","target":["https:\/\/www.metalpower.net\/pt\/news-events\/"]}]},{"@type":"BreadcrumbList","@id":"https:\/\/www.metalpower.net\/pt\/news-events\/#breadcrumb","itemListElement":[{"@type":"ListItem","position":1,"name":"P\u00e1gina inicial","item":"https:\/\/www.metalpower.net\/pt\/"},{"@type":"ListItem","position":2,"name":"Not\u00edcias e Eventos"}]},{"@type":"WebSite","@id":"https:\/\/www.metalpower.net\/pt\/#website","url":"https:\/\/www.metalpower.net\/pt\/","name":"Metal Power","description":"","publisher":{"@id":"https:\/\/www.metalpower.net\/pt\/#organization"},"potentialAction":[{"@type":"SearchAction","target":{"@type":"EntryPoint","urlTemplate":"https:\/\/www.metalpower.net\/pt\/?s={search_term_string}"},"query-input":{"@type":"PropertyValueSpecification","valueRequired":true,"valueName":"search_term_string"}}],"inLanguage":"pt-BR"},{"@type":"Organization","@id":"https:\/\/www.metalpower.net\/pt\/#organization","name":"Metal Power Analytical","url":"https:\/\/www.metalpower.net\/pt\/","logo":{"@type":"ImageObject","inLanguage":"pt-BR","@id":"https:\/\/www.metalpower.net\/pt\/#\/schema\/logo\/image\/","url":"https:\/\/www.metalpower.net\/wp-content\/uploads\/2025\/07\/metal-power-logo.svg","contentUrl":"https:\/\/www.metalpower.net\/wp-content\/uploads\/2025\/07\/metal-power-logo.svg","width":112,"height":30,"caption":"Metal Power Analytical"},"image":{"@id":"https:\/\/www.metalpower.net\/pt\/#\/schema\/logo\/image\/"},"sameAs":["https:\/\/www.facebook.com\/MetalPowerAnalytical\/"]}]}},"_links":{"self":[{"href":"https:\/\/www.metalpower.net\/pt\/wp-json\/wp\/v2\/pages\/13815","targetHints":{"allow":["GET"]}}],"collection":[{"href":"https:\/\/www.metalpower.net\/pt\/wp-json\/wp\/v2\/pages"}],"about":[{"href":"https:\/\/www.metalpower.net\/pt\/wp-json\/wp\/v2\/types\/page"}],"author":[{"embeddable":true,"href":"https:\/\/www.metalpower.net\/pt\/wp-json\/wp\/v2\/users\/1"}],"replies":[{"embeddable":true,"href":"https:\/\/www.metalpower.net\/pt\/wp-json\/wp\/v2\/comments?post=13815"}],"version-history":[{"count":3,"href":"https:\/\/www.metalpower.net\/pt\/wp-json\/wp\/v2\/pages\/13815\/revisions"}],"predecessor-version":[{"id":15251,"href":"https:\/\/www.metalpower.net\/pt\/wp-json\/wp\/v2\/pages\/13815\/revisions\/15251"}],"wp:attachment":[{"href":"https:\/\/www.metalpower.net\/pt\/wp-json\/wp\/v2\/media?parent=13815"}],"curies":[{"name":"wp","href":"https:\/\/api.w.org\/{rel}","templated":true}]}}