{"id":13710,"date":"2025-02-11T18:26:25","date_gmt":"2025-02-11T18:26:25","guid":{"rendered":"https:\/\/stage.metalpower.net\/servicos-ao-cliente\/"},"modified":"2025-10-11T19:41:05","modified_gmt":"2025-10-11T19:41:05","slug":"customer-services","status":"publish","type":"page","link":"https:\/\/www.metalpower.net\/pt\/customer-services\/","title":{"rendered":"Atendimento ao cliente"},"content":{"rendered":"","protected":false},"excerpt":{"rendered":"","protected":false},"author":1,"featured_media":0,"parent":0,"menu_order":0,"comment_status":"closed","ping_status":"closed","template":"","meta":{"_acf_changed":false,"inline_featured_image":false,"footnotes":""},"class_list":["post-13710","page","type-page","status-publish","hentry"],"acf":[],"yoast_head":"<!-- This site is optimized with the Yoast SEO plugin v26.6 - https:\/\/yoast.com\/wordpress\/plugins\/seo\/ -->\n<title>Central de Atendimento \u2013 Metal Power<\/title>\n<meta name=\"description\" content=\"Efici\u00eancia na cobertura de servi\u00e7os: Entre em contato conosco e tenha acesso a um suporte \u00e1gil e confi\u00e1vel para seus equipamentos. Entre em contato e tenha acesso a solu\u00e7\u00f5es r\u00e1pidas com atendimento impec\u00e1vel ao cliente\" \/>\n<meta name=\"robots\" content=\"index, follow, max-snippet:-1, max-image-preview:large, max-video-preview:-1\" \/>\n<link rel=\"canonical\" href=\"https:\/\/www.metalpower.net\/pt\/customer-services\/\" \/>\n<meta property=\"og:locale\" content=\"pt_BR\" \/>\n<meta property=\"og:type\" content=\"article\" \/>\n<meta property=\"og:title\" content=\"Central de Atendimento \u2013 Metal Power\" \/>\n<meta property=\"og:description\" content=\"Efici\u00eancia na cobertura de servi\u00e7os: Entre em contato conosco e tenha acesso a um suporte \u00e1gil e confi\u00e1vel para seus equipamentos. Entre em contato e tenha acesso a solu\u00e7\u00f5es r\u00e1pidas com atendimento impec\u00e1vel ao cliente\" \/>\n<meta property=\"og:url\" content=\"https:\/\/www.metalpower.net\/pt\/customer-services\/\" \/>\n<meta property=\"og:site_name\" content=\"Metal Power\" \/>\n<meta property=\"article:publisher\" content=\"https:\/\/www.facebook.com\/MetalPowerAnalytical\/\" \/>\n<meta property=\"article:modified_time\" content=\"2025-10-11T19:41:05+00:00\" \/>\n<meta name=\"twitter:card\" content=\"summary_large_image\" \/>\n<meta name=\"twitter:title\" content=\"Central de Atendimento \u2013 Metal Power\" \/>\n<meta name=\"twitter:description\" content=\"Efici\u00eancia na cobertura de servi\u00e7os: Entre em contato conosco e tenha acesso a um suporte \u00e1gil e confi\u00e1vel para seus equipamentos. Entre em contato e tenha acesso a solu\u00e7\u00f5es r\u00e1pidas com atendimento impec\u00e1vel ao cliente\" \/>\n<!-- \/ Yoast SEO plugin. -->","yoast_head_json":{"title":"Central de Atendimento \u2013 Metal Power","description":"Efici\u00eancia na cobertura de servi\u00e7os: Entre em contato conosco e tenha acesso a um suporte \u00e1gil e confi\u00e1vel para seus equipamentos. Entre em contato e tenha acesso a solu\u00e7\u00f5es r\u00e1pidas com atendimento impec\u00e1vel ao cliente","robots":{"index":"index","follow":"follow","max-snippet":"max-snippet:-1","max-image-preview":"max-image-preview:large","max-video-preview":"max-video-preview:-1"},"canonical":"https:\/\/www.metalpower.net\/pt\/customer-services\/","og_locale":"pt_BR","og_type":"article","og_title":"Central de Atendimento \u2013 Metal Power","og_description":"Efici\u00eancia na cobertura de servi\u00e7os: Entre em contato conosco e tenha acesso a um suporte \u00e1gil e confi\u00e1vel para seus equipamentos. Entre em contato e tenha acesso a solu\u00e7\u00f5es r\u00e1pidas com atendimento impec\u00e1vel ao cliente","og_url":"https:\/\/www.metalpower.net\/pt\/customer-services\/","og_site_name":"Metal Power","article_publisher":"https:\/\/www.facebook.com\/MetalPowerAnalytical\/","article_modified_time":"2025-10-11T19:41:05+00:00","twitter_card":"summary_large_image","twitter_title":"Central de Atendimento \u2013 Metal Power","twitter_description":"Efici\u00eancia na cobertura de servi\u00e7os: Entre em contato conosco e tenha acesso a um suporte \u00e1gil e confi\u00e1vel para seus equipamentos. Entre em contato e tenha acesso a solu\u00e7\u00f5es r\u00e1pidas com atendimento impec\u00e1vel ao cliente","schema":{"@context":"https:\/\/schema.org","@graph":[{"@type":"WebPage","@id":"https:\/\/www.metalpower.net\/pt\/customer-services\/","url":"https:\/\/www.metalpower.net\/pt\/customer-services\/","name":"Central de Atendimento \u2013 Metal Power","isPartOf":{"@id":"https:\/\/www.metalpower.net\/pt\/#website"},"datePublished":"2025-02-11T18:26:25+00:00","dateModified":"2025-10-11T19:41:05+00:00","description":"Efici\u00eancia na cobertura de servi\u00e7os: Entre em contato conosco e tenha acesso a um suporte \u00e1gil e confi\u00e1vel para seus equipamentos. Entre em contato e tenha acesso a solu\u00e7\u00f5es r\u00e1pidas com atendimento impec\u00e1vel ao cliente","breadcrumb":{"@id":"https:\/\/www.metalpower.net\/pt\/customer-services\/#breadcrumb"},"inLanguage":"pt-BR","potentialAction":[{"@type":"ReadAction","target":["https:\/\/www.metalpower.net\/pt\/customer-services\/"]}]},{"@type":"BreadcrumbList","@id":"https:\/\/www.metalpower.net\/pt\/customer-services\/#breadcrumb","itemListElement":[{"@type":"ListItem","position":1,"name":"P\u00e1gina inicial","item":"https:\/\/www.metalpower.net\/pt\/"},{"@type":"ListItem","position":2,"name":"Atendimento ao cliente"}]},{"@type":"WebSite","@id":"https:\/\/www.metalpower.net\/pt\/#website","url":"https:\/\/www.metalpower.net\/pt\/","name":"Metal Power","description":"","publisher":{"@id":"https:\/\/www.metalpower.net\/pt\/#organization"},"potentialAction":[{"@type":"SearchAction","target":{"@type":"EntryPoint","urlTemplate":"https:\/\/www.metalpower.net\/pt\/?s={search_term_string}"},"query-input":{"@type":"PropertyValueSpecification","valueRequired":true,"valueName":"search_term_string"}}],"inLanguage":"pt-BR"},{"@type":"Organization","@id":"https:\/\/www.metalpower.net\/pt\/#organization","name":"Metal Power Analytical","url":"https:\/\/www.metalpower.net\/pt\/","logo":{"@type":"ImageObject","inLanguage":"pt-BR","@id":"https:\/\/www.metalpower.net\/pt\/#\/schema\/logo\/image\/","url":"https:\/\/www.metalpower.net\/wp-content\/uploads\/2025\/07\/metal-power-logo.svg","contentUrl":"https:\/\/www.metalpower.net\/wp-content\/uploads\/2025\/07\/metal-power-logo.svg","width":112,"height":30,"caption":"Metal Power Analytical"},"image":{"@id":"https:\/\/www.metalpower.net\/pt\/#\/schema\/logo\/image\/"},"sameAs":["https:\/\/www.facebook.com\/MetalPowerAnalytical\/"]}]}},"_links":{"self":[{"href":"https:\/\/www.metalpower.net\/pt\/wp-json\/wp\/v2\/pages\/13710","targetHints":{"allow":["GET"]}}],"collection":[{"href":"https:\/\/www.metalpower.net\/pt\/wp-json\/wp\/v2\/pages"}],"about":[{"href":"https:\/\/www.metalpower.net\/pt\/wp-json\/wp\/v2\/types\/page"}],"author":[{"embeddable":true,"href":"https:\/\/www.metalpower.net\/pt\/wp-json\/wp\/v2\/users\/1"}],"replies":[{"embeddable":true,"href":"https:\/\/www.metalpower.net\/pt\/wp-json\/wp\/v2\/comments?post=13710"}],"version-history":[{"count":2,"href":"https:\/\/www.metalpower.net\/pt\/wp-json\/wp\/v2\/pages\/13710\/revisions"}],"predecessor-version":[{"id":13841,"href":"https:\/\/www.metalpower.net\/pt\/wp-json\/wp\/v2\/pages\/13710\/revisions\/13841"}],"wp:attachment":[{"href":"https:\/\/www.metalpower.net\/pt\/wp-json\/wp\/v2\/media?parent=13710"}],"curies":[{"name":"wp","href":"https:\/\/api.w.org\/{rel}","templated":true}]}}