{"id":13635,"date":"2025-02-16T04:53:45","date_gmt":"2025-02-16T04:53:45","guid":{"rendered":"https:\/\/stage.metalpower.net\/contacto\/"},"modified":"2026-03-04T04:53:27","modified_gmt":"2026-03-04T04:53:27","slug":"contact","status":"publish","type":"page","link":"https:\/\/www.metalpower.net\/pt\/contact\/","title":{"rendered":"Contato"},"content":{"rendered":"","protected":false},"excerpt":{"rendered":"","protected":false},"author":1,"featured_media":0,"parent":0,"menu_order":0,"comment_status":"closed","ping_status":"closed","template":"","meta":{"_acf_changed":false,"inline_featured_image":false,"footnotes":""},"class_list":["post-13635","page","type-page","status-publish","hentry"],"acf":[],"yoast_head":"<!-- This site is optimized with the Yoast SEO plugin v26.6 - https:\/\/yoast.com\/wordpress\/plugins\/seo\/ -->\n<title>Central de contatos \u2013 Metal Power<\/title>\n<meta name=\"description\" content=\"Entre em contato com a Metal Power para adquirir espectr\u00f4metros avan\u00e7ados e solu\u00e7\u00f5es digitais auxiliares de alta performance. Entre em contato conosco para esclarecer d\u00favidas, solicitar suporte ou explorar oportunidades de colabora\u00e7\u00e3o\" \/>\n<meta name=\"robots\" content=\"index, follow, max-snippet:-1, max-image-preview:large, max-video-preview:-1\" \/>\n<link rel=\"canonical\" href=\"https:\/\/www.metalpower.net\/pt\/contact\/\" \/>\n<meta property=\"og:locale\" content=\"pt_BR\" \/>\n<meta property=\"og:type\" content=\"article\" \/>\n<meta property=\"og:title\" content=\"Central de contatos \u2013 Metal Power\" \/>\n<meta property=\"og:description\" content=\"Entre em contato com a Metal Power para adquirir espectr\u00f4metros avan\u00e7ados e solu\u00e7\u00f5es digitais auxiliares de alta performance. Entre em contato conosco para esclarecer d\u00favidas, solicitar suporte ou explorar oportunidades de colabora\u00e7\u00e3o\" \/>\n<meta property=\"og:url\" content=\"https:\/\/www.metalpower.net\/pt\/contact\/\" \/>\n<meta property=\"og:site_name\" content=\"Metal Power\" \/>\n<meta property=\"article:publisher\" content=\"https:\/\/www.facebook.com\/MetalPowerAnalytical\/\" \/>\n<meta property=\"article:modified_time\" content=\"2026-03-04T04:53:27+00:00\" \/>\n<meta name=\"twitter:card\" content=\"summary_large_image\" \/>\n<meta name=\"twitter:title\" content=\"Central de contatos \u2013 Metal Power\" \/>\n<meta name=\"twitter:description\" content=\"Entre em contato com a Metal Power para adquirir espectr\u00f4metros avan\u00e7ados e solu\u00e7\u00f5es digitais auxiliares de alta performance. Entre em contato conosco para esclarecer d\u00favidas, solicitar suporte ou explorar oportunidades de colabora\u00e7\u00e3o\" \/>\n<!-- \/ Yoast SEO plugin. -->","yoast_head_json":{"title":"Central de contatos \u2013 Metal Power","description":"Entre em contato com a Metal Power para adquirir espectr\u00f4metros avan\u00e7ados e solu\u00e7\u00f5es digitais auxiliares de alta performance. Entre em contato conosco para esclarecer d\u00favidas, solicitar suporte ou explorar oportunidades de colabora\u00e7\u00e3o","robots":{"index":"index","follow":"follow","max-snippet":"max-snippet:-1","max-image-preview":"max-image-preview:large","max-video-preview":"max-video-preview:-1"},"canonical":"https:\/\/www.metalpower.net\/pt\/contact\/","og_locale":"pt_BR","og_type":"article","og_title":"Central de contatos \u2013 Metal Power","og_description":"Entre em contato com a Metal Power para adquirir espectr\u00f4metros avan\u00e7ados e solu\u00e7\u00f5es digitais auxiliares de alta performance. Entre em contato conosco para esclarecer d\u00favidas, solicitar suporte ou explorar oportunidades de colabora\u00e7\u00e3o","og_url":"https:\/\/www.metalpower.net\/pt\/contact\/","og_site_name":"Metal Power","article_publisher":"https:\/\/www.facebook.com\/MetalPowerAnalytical\/","article_modified_time":"2026-03-04T04:53:27+00:00","twitter_card":"summary_large_image","twitter_title":"Central de contatos \u2013 Metal Power","twitter_description":"Entre em contato com a Metal Power para adquirir espectr\u00f4metros avan\u00e7ados e solu\u00e7\u00f5es digitais auxiliares de alta performance. Entre em contato conosco para esclarecer d\u00favidas, solicitar suporte ou explorar oportunidades de colabora\u00e7\u00e3o","schema":{"@context":"https:\/\/schema.org","@graph":[{"@type":"WebPage","@id":"https:\/\/www.metalpower.net\/pt\/contact\/","url":"https:\/\/www.metalpower.net\/pt\/contact\/","name":"Central de contatos \u2013 Metal Power","isPartOf":{"@id":"https:\/\/www.metalpower.net\/pt\/#website"},"datePublished":"2025-02-16T04:53:45+00:00","dateModified":"2026-03-04T04:53:27+00:00","description":"Entre em contato com a Metal Power para adquirir espectr\u00f4metros avan\u00e7ados e solu\u00e7\u00f5es digitais auxiliares de alta performance. Entre em contato conosco para esclarecer d\u00favidas, solicitar suporte ou explorar oportunidades de colabora\u00e7\u00e3o","breadcrumb":{"@id":"https:\/\/www.metalpower.net\/pt\/contact\/#breadcrumb"},"inLanguage":"pt-BR","potentialAction":[{"@type":"ReadAction","target":["https:\/\/www.metalpower.net\/pt\/contact\/"]}]},{"@type":"BreadcrumbList","@id":"https:\/\/www.metalpower.net\/pt\/contact\/#breadcrumb","itemListElement":[{"@type":"ListItem","position":1,"name":"P\u00e1gina inicial","item":"https:\/\/www.metalpower.net\/pt\/"},{"@type":"ListItem","position":2,"name":"Contato"}]},{"@type":"WebSite","@id":"https:\/\/www.metalpower.net\/pt\/#website","url":"https:\/\/www.metalpower.net\/pt\/","name":"Metal Power","description":"","publisher":{"@id":"https:\/\/www.metalpower.net\/pt\/#organization"},"potentialAction":[{"@type":"SearchAction","target":{"@type":"EntryPoint","urlTemplate":"https:\/\/www.metalpower.net\/pt\/?s={search_term_string}"},"query-input":{"@type":"PropertyValueSpecification","valueRequired":true,"valueName":"search_term_string"}}],"inLanguage":"pt-BR"},{"@type":"Organization","@id":"https:\/\/www.metalpower.net\/pt\/#organization","name":"Metal Power Analytical","url":"https:\/\/www.metalpower.net\/pt\/","logo":{"@type":"ImageObject","inLanguage":"pt-BR","@id":"https:\/\/www.metalpower.net\/pt\/#\/schema\/logo\/image\/","url":"https:\/\/www.metalpower.net\/wp-content\/uploads\/2025\/07\/metal-power-logo.svg","contentUrl":"https:\/\/www.metalpower.net\/wp-content\/uploads\/2025\/07\/metal-power-logo.svg","width":112,"height":30,"caption":"Metal Power Analytical"},"image":{"@id":"https:\/\/www.metalpower.net\/pt\/#\/schema\/logo\/image\/"},"sameAs":["https:\/\/www.facebook.com\/MetalPowerAnalytical\/"]}]}},"_links":{"self":[{"href":"https:\/\/www.metalpower.net\/pt\/wp-json\/wp\/v2\/pages\/13635","targetHints":{"allow":["GET"]}}],"collection":[{"href":"https:\/\/www.metalpower.net\/pt\/wp-json\/wp\/v2\/pages"}],"about":[{"href":"https:\/\/www.metalpower.net\/pt\/wp-json\/wp\/v2\/types\/page"}],"author":[{"embeddable":true,"href":"https:\/\/www.metalpower.net\/pt\/wp-json\/wp\/v2\/users\/1"}],"replies":[{"embeddable":true,"href":"https:\/\/www.metalpower.net\/pt\/wp-json\/wp\/v2\/comments?post=13635"}],"version-history":[{"count":4,"href":"https:\/\/www.metalpower.net\/pt\/wp-json\/wp\/v2\/pages\/13635\/revisions"}],"predecessor-version":[{"id":15655,"href":"https:\/\/www.metalpower.net\/pt\/wp-json\/wp\/v2\/pages\/13635\/revisions\/15655"}],"wp:attachment":[{"href":"https:\/\/www.metalpower.net\/pt\/wp-json\/wp\/v2\/media?parent=13635"}],"curies":[{"name":"wp","href":"https:\/\/api.w.org\/{rel}","templated":true}]}}