{"id":13570,"date":"2025-02-11T17:27:06","date_gmt":"2025-02-11T17:27:06","guid":{"rendered":"https:\/\/stage.metalpower.net\/sobre\/infra-estruturas\/"},"modified":"2025-11-16T15:48:28","modified_gmt":"2025-11-16T15:48:28","slug":"infrastructure","status":"publish","type":"page","link":"https:\/\/www.metalpower.net\/pt\/about\/infrastructure\/","title":{"rendered":"Infraestrutura"},"content":{"rendered":"","protected":false},"excerpt":{"rendered":"","protected":false},"author":1,"featured_media":0,"parent":13509,"menu_order":0,"comment_status":"closed","ping_status":"closed","template":"","meta":{"_acf_changed":false,"inline_featured_image":false,"footnotes":""},"class_list":["post-13570","page","type-page","status-publish","hentry"],"acf":[],"yoast_head":"<!-- This site is optimized with the Yoast SEO plugin v26.6 - https:\/\/yoast.com\/wordpress\/plugins\/seo\/ -->\n<title>Infraestrutura | An\u00e1lise de Energia Met\u00e1lica<\/title>\n<meta name=\"description\" content=\"A Metal Power Analytical garante alto desempenho em testes e an\u00e1lises elementares com infraestrutura de classe mundial, laborat\u00f3rio interno de R&amp;D, tecnologia avan\u00e7ada e fabrica\u00e7\u00e3o moderna.\" \/>\n<meta name=\"robots\" content=\"index, follow, max-snippet:-1, max-image-preview:large, max-video-preview:-1\" \/>\n<link rel=\"canonical\" href=\"https:\/\/www.metalpower.net\/pt\/about\/infrastructure\/\" \/>\n<meta property=\"og:locale\" content=\"pt_BR\" \/>\n<meta property=\"og:type\" content=\"article\" \/>\n<meta property=\"og:title\" content=\"Infraestrutura | An\u00e1lise de Energia Met\u00e1lica\" \/>\n<meta property=\"og:description\" content=\"A Metal Power Analytical garante alto desempenho em testes e an\u00e1lises elementares com infraestrutura de classe mundial, laborat\u00f3rio interno de R&amp;D, tecnologia avan\u00e7ada e fabrica\u00e7\u00e3o moderna.\" \/>\n<meta property=\"og:url\" content=\"https:\/\/www.metalpower.net\/pt\/about\/infrastructure\/\" \/>\n<meta property=\"og:site_name\" content=\"Metal Power\" \/>\n<meta property=\"article:publisher\" content=\"https:\/\/www.facebook.com\/MetalPowerAnalytical\/\" \/>\n<meta property=\"article:modified_time\" content=\"2025-11-16T15:48:28+00:00\" \/>\n<meta property=\"og:image\" content=\"https:\/\/www.metalpower.net\/wp-content\/uploads\/2025\/06\/built-for-quality.jpg\" \/>\n<meta name=\"twitter:card\" content=\"summary_large_image\" \/>\n<meta name=\"twitter:title\" content=\"Infraestrutura | An\u00e1lise de Energia Met\u00e1lica\" \/>\n<meta name=\"twitter:description\" content=\"A Metal Power Analytical garante alto desempenho em testes e an\u00e1lises elementares com infraestrutura de classe mundial, laborat\u00f3rio interno de R&amp;D, tecnologia avan\u00e7ada e fabrica\u00e7\u00e3o moderna.\" \/>\n<meta name=\"twitter:image\" content=\"https:\/\/www.metalpower.net\/wp-content\/uploads\/2025\/06\/built-for-quality.jpg\" \/>\n<!-- \/ Yoast SEO plugin. -->","yoast_head_json":{"title":"Infraestrutura | An\u00e1lise de Energia Met\u00e1lica","description":"A Metal Power Analytical garante alto desempenho em testes e an\u00e1lises elementares com infraestrutura de classe mundial, laborat\u00f3rio interno de R&D, tecnologia avan\u00e7ada e fabrica\u00e7\u00e3o moderna.","robots":{"index":"index","follow":"follow","max-snippet":"max-snippet:-1","max-image-preview":"max-image-preview:large","max-video-preview":"max-video-preview:-1"},"canonical":"https:\/\/www.metalpower.net\/pt\/about\/infrastructure\/","og_locale":"pt_BR","og_type":"article","og_title":"Infraestrutura | An\u00e1lise de Energia Met\u00e1lica","og_description":"A Metal Power Analytical garante alto desempenho em testes e an\u00e1lises elementares com infraestrutura de classe mundial, laborat\u00f3rio interno de R&D, tecnologia avan\u00e7ada e fabrica\u00e7\u00e3o moderna.","og_url":"https:\/\/www.metalpower.net\/pt\/about\/infrastructure\/","og_site_name":"Metal Power","article_publisher":"https:\/\/www.facebook.com\/MetalPowerAnalytical\/","article_modified_time":"2025-11-16T15:48:28+00:00","og_image":[{"url":"https:\/\/www.metalpower.net\/wp-content\/uploads\/2025\/06\/built-for-quality.jpg","type":"","width":"","height":""}],"twitter_card":"summary_large_image","twitter_title":"Infraestrutura | An\u00e1lise de Energia Met\u00e1lica","twitter_description":"A Metal Power Analytical garante alto desempenho em testes e an\u00e1lises elementares com infraestrutura de classe mundial, laborat\u00f3rio interno de R&D, tecnologia avan\u00e7ada e fabrica\u00e7\u00e3o moderna.","twitter_image":"https:\/\/www.metalpower.net\/wp-content\/uploads\/2025\/06\/built-for-quality.jpg","schema":{"@context":"https:\/\/schema.org","@graph":[{"@type":"WebPage","@id":"https:\/\/www.metalpower.net\/pt\/about\/infrastructure\/","url":"https:\/\/www.metalpower.net\/pt\/about\/infrastructure\/","name":"Infraestrutura | An\u00e1lise de Energia Met\u00e1lica","isPartOf":{"@id":"https:\/\/www.metalpower.net\/pt\/#website"},"datePublished":"2025-02-11T17:27:06+00:00","dateModified":"2025-11-16T15:48:28+00:00","description":"A Metal Power Analytical garante alto desempenho em testes e an\u00e1lises elementares com infraestrutura de classe mundial, laborat\u00f3rio interno de R&D, tecnologia avan\u00e7ada e fabrica\u00e7\u00e3o moderna.","breadcrumb":{"@id":"https:\/\/www.metalpower.net\/pt\/about\/infrastructure\/#breadcrumb"},"inLanguage":"pt-BR","potentialAction":[{"@type":"ReadAction","target":["https:\/\/www.metalpower.net\/pt\/about\/infrastructure\/"]}]},{"@type":"BreadcrumbList","@id":"https:\/\/www.metalpower.net\/pt\/about\/infrastructure\/#breadcrumb","itemListElement":[{"@type":"ListItem","position":1,"name":"P\u00e1gina inicial","item":"https:\/\/www.metalpower.net\/pt\/"},{"@type":"ListItem","position":2,"name":"Quem somos","item":"https:\/\/www.metalpower.net\/pt\/about\/"},{"@type":"ListItem","position":3,"name":"Infraestrutura"}]},{"@type":"WebSite","@id":"https:\/\/www.metalpower.net\/pt\/#website","url":"https:\/\/www.metalpower.net\/pt\/","name":"Metal Power","description":"","publisher":{"@id":"https:\/\/www.metalpower.net\/pt\/#organization"},"potentialAction":[{"@type":"SearchAction","target":{"@type":"EntryPoint","urlTemplate":"https:\/\/www.metalpower.net\/pt\/?s={search_term_string}"},"query-input":{"@type":"PropertyValueSpecification","valueRequired":true,"valueName":"search_term_string"}}],"inLanguage":"pt-BR"},{"@type":"Organization","@id":"https:\/\/www.metalpower.net\/pt\/#organization","name":"Metal Power Analytical","url":"https:\/\/www.metalpower.net\/pt\/","logo":{"@type":"ImageObject","inLanguage":"pt-BR","@id":"https:\/\/www.metalpower.net\/pt\/#\/schema\/logo\/image\/","url":"https:\/\/www.metalpower.net\/wp-content\/uploads\/2025\/07\/metal-power-logo.svg","contentUrl":"https:\/\/www.metalpower.net\/wp-content\/uploads\/2025\/07\/metal-power-logo.svg","width":112,"height":30,"caption":"Metal Power Analytical"},"image":{"@id":"https:\/\/www.metalpower.net\/pt\/#\/schema\/logo\/image\/"},"sameAs":["https:\/\/www.facebook.com\/MetalPowerAnalytical\/"]}]}},"_links":{"self":[{"href":"https:\/\/www.metalpower.net\/pt\/wp-json\/wp\/v2\/pages\/13570","targetHints":{"allow":["GET"]}}],"collection":[{"href":"https:\/\/www.metalpower.net\/pt\/wp-json\/wp\/v2\/pages"}],"about":[{"href":"https:\/\/www.metalpower.net\/pt\/wp-json\/wp\/v2\/types\/page"}],"author":[{"embeddable":true,"href":"https:\/\/www.metalpower.net\/pt\/wp-json\/wp\/v2\/users\/1"}],"replies":[{"embeddable":true,"href":"https:\/\/www.metalpower.net\/pt\/wp-json\/wp\/v2\/comments?post=13570"}],"version-history":[{"count":2,"href":"https:\/\/www.metalpower.net\/pt\/wp-json\/wp\/v2\/pages\/13570\/revisions"}],"predecessor-version":[{"id":13853,"href":"https:\/\/www.metalpower.net\/pt\/wp-json\/wp\/v2\/pages\/13570\/revisions\/13853"}],"up":[{"embeddable":true,"href":"https:\/\/www.metalpower.net\/pt\/wp-json\/wp\/v2\/pages\/13509"}],"wp:attachment":[{"href":"https:\/\/www.metalpower.net\/pt\/wp-json\/wp\/v2\/media?parent=13570"}],"curies":[{"name":"wp","href":"https:\/\/api.w.org\/{rel}","templated":true}]}}