{"id":10753,"date":"2025-07-21T17:24:39","date_gmt":"2025-07-21T17:24:39","guid":{"rendered":"https:\/\/www.metalpower.net\/products\/%product_category%\/metalib-pro\/"},"modified":"2025-09-10T18:38:14","modified_gmt":"2025-09-10T18:38:14","slug":"metalib-pro","status":"publish","type":"product","link":"https:\/\/www.metalpower.net\/fr\/products\/industry-4-digital-solutions\/metalib-pro\/","title":{"rendered":"MetaLib Pro"},"content":{"rendered":"","protected":false},"featured_media":8978,"template":"","meta":{"_acf_changed":false,"inline_featured_image":false},"product_category":[79],"class_list":["post-10753","product","type-product","status-publish","has-post-thumbnail","hentry","product_category-industry-4-digital-solutions"],"acf":[],"yoast_head":"<!-- This site is optimized with the Yoast SEO plugin v26.6 - https:\/\/yoast.com\/wordpress\/plugins\/seo\/ -->\n<title>MetaLib Pro - Metal Power<\/title>\n<meta name=\"description\" content=\"D\u00e9couvrez MetaLib Pro de Metal Power, une solution avanc\u00e9e de gestion de biblioth\u00e8que pour les nuances de m\u00e9taux mondiales. Garantit des op\u00e9rations analytiques pr\u00e9cises, efficaces et fluides.\" \/>\n<meta name=\"robots\" content=\"index, follow, max-snippet:-1, max-image-preview:large, max-video-preview:-1\" \/>\n<link rel=\"canonical\" href=\"https:\/\/www.metalpower.net\/fr\/products\/industry-4-digital-solutions\/metalib-pro\/\" \/>\n<meta property=\"og:locale\" content=\"fr_FR\" \/>\n<meta property=\"og:type\" content=\"article\" \/>\n<meta property=\"og:title\" content=\"MetaLib Pro - Metal Power\" \/>\n<meta property=\"og:description\" content=\"D\u00e9couvrez MetaLib Pro de Metal Power, une solution avanc\u00e9e de gestion de biblioth\u00e8que pour les nuances de m\u00e9taux mondiales. Garantit des op\u00e9rations analytiques pr\u00e9cises, efficaces et fluides.\" \/>\n<meta property=\"og:url\" content=\"https:\/\/www.metalpower.net\/fr\/products\/industry-4-digital-solutions\/metalib-pro\/\" \/>\n<meta property=\"og:site_name\" content=\"Metal Power\" \/>\n<meta property=\"article:publisher\" content=\"https:\/\/www.facebook.com\/MetalPowerAnalytical\/\" \/>\n<meta property=\"article:modified_time\" content=\"2025-09-10T18:38:14+00:00\" \/>\n<meta property=\"og:image\" content=\"https:\/\/www.metalpower.net\/wp-content\/uploads\/2025\/07\/metalibpro-detail-1024x647.png\" \/>\n<meta name=\"twitter:card\" content=\"summary_large_image\" \/>\n<meta name=\"twitter:title\" content=\"MetaLib Pro - Metal Power\" \/>\n<meta name=\"twitter:description\" content=\"D\u00e9couvrez MetaLib Pro de Metal Power, une solution avanc\u00e9e de gestion de biblioth\u00e8que pour les nuances de m\u00e9taux mondiales. Garantit des op\u00e9rations analytiques pr\u00e9cises, efficaces et fluides.\" \/>\n<meta name=\"twitter:image\" content=\"https:\/\/www.metalpower.net\/wp-content\/uploads\/2025\/07\/metalibpro-detail-1024x647.png\" \/>\n<!-- \/ Yoast SEO plugin. -->","yoast_head_json":{"title":"MetaLib Pro - Metal Power","description":"D\u00e9couvrez MetaLib Pro de Metal Power, une solution avanc\u00e9e de gestion de biblioth\u00e8que pour les nuances de m\u00e9taux mondiales. Garantit des op\u00e9rations analytiques pr\u00e9cises, efficaces et fluides.","robots":{"index":"index","follow":"follow","max-snippet":"max-snippet:-1","max-image-preview":"max-image-preview:large","max-video-preview":"max-video-preview:-1"},"canonical":"https:\/\/www.metalpower.net\/fr\/products\/industry-4-digital-solutions\/metalib-pro\/","og_locale":"fr_FR","og_type":"article","og_title":"MetaLib Pro - Metal Power","og_description":"D\u00e9couvrez MetaLib Pro de Metal Power, une solution avanc\u00e9e de gestion de biblioth\u00e8que pour les nuances de m\u00e9taux mondiales. Garantit des op\u00e9rations analytiques pr\u00e9cises, efficaces et fluides.","og_url":"https:\/\/www.metalpower.net\/fr\/products\/industry-4-digital-solutions\/metalib-pro\/","og_site_name":"Metal Power","article_publisher":"https:\/\/www.facebook.com\/MetalPowerAnalytical\/","article_modified_time":"2025-09-10T18:38:14+00:00","og_image":[{"url":"https:\/\/www.metalpower.net\/wp-content\/uploads\/2025\/07\/metalibpro-detail-1024x647.png","type":"","width":"","height":""}],"twitter_card":"summary_large_image","twitter_title":"MetaLib Pro - Metal Power","twitter_description":"D\u00e9couvrez MetaLib Pro de Metal Power, une solution avanc\u00e9e de gestion de biblioth\u00e8que pour les nuances de m\u00e9taux mondiales. Garantit des op\u00e9rations analytiques pr\u00e9cises, efficaces et fluides.","twitter_image":"https:\/\/www.metalpower.net\/wp-content\/uploads\/2025\/07\/metalibpro-detail-1024x647.png","schema":{"@context":"https:\/\/schema.org","@graph":[{"@type":"WebPage","@id":"https:\/\/www.metalpower.net\/fr\/products\/industry-4-digital-solutions\/metalib-pro\/","url":"https:\/\/www.metalpower.net\/fr\/products\/industry-4-digital-solutions\/metalib-pro\/","name":"MetaLib Pro - Metal Power","isPartOf":{"@id":"https:\/\/www.metalpower.net\/fr\/#website"},"primaryImageOfPage":{"@id":"https:\/\/www.metalpower.net\/fr\/products\/industry-4-digital-solutions\/metalib-pro\/#primaryimage"},"image":{"@id":"https:\/\/www.metalpower.net\/fr\/products\/industry-4-digital-solutions\/metalib-pro\/#primaryimage"},"thumbnailUrl":"https:\/\/www.metalpower.net\/wp-content\/uploads\/2025\/07\/metalibpro-detail.png","datePublished":"2025-07-21T17:24:39+00:00","dateModified":"2025-09-10T18:38:14+00:00","description":"D\u00e9couvrez MetaLib Pro de Metal Power, une solution avanc\u00e9e de gestion de biblioth\u00e8que pour les nuances de m\u00e9taux mondiales. Garantit des op\u00e9rations analytiques pr\u00e9cises, efficaces et fluides.","breadcrumb":{"@id":"https:\/\/www.metalpower.net\/fr\/products\/industry-4-digital-solutions\/metalib-pro\/#breadcrumb"},"inLanguage":"fr-FR","potentialAction":[{"@type":"ReadAction","target":["https:\/\/www.metalpower.net\/fr\/products\/industry-4-digital-solutions\/metalib-pro\/"]}]},{"@type":"ImageObject","inLanguage":"fr-FR","@id":"https:\/\/www.metalpower.net\/fr\/products\/industry-4-digital-solutions\/metalib-pro\/#primaryimage","url":"https:\/\/www.metalpower.net\/wp-content\/uploads\/2025\/07\/metalibpro-detail.png","contentUrl":"https:\/\/www.metalpower.net\/wp-content\/uploads\/2025\/07\/metalibpro-detail.png","width":1836,"height":1160,"caption":"MetaLib Pro"},{"@type":"BreadcrumbList","@id":"https:\/\/www.metalpower.net\/fr\/products\/industry-4-digital-solutions\/metalib-pro\/#breadcrumb","itemListElement":[{"@type":"ListItem","position":1,"name":"Accueil","item":"https:\/\/www.metalpower.net\/fr\/"},{"@type":"ListItem","position":2,"name":"Products","item":"https:\/\/www.metalpower.net\/fr\/products\/%product_category%\/"},{"@type":"ListItem","position":3,"name":"MetaLib Pro"}]},{"@type":"WebSite","@id":"https:\/\/www.metalpower.net\/fr\/#website","url":"https:\/\/www.metalpower.net\/fr\/","name":"Metal Power","description":"","publisher":{"@id":"https:\/\/www.metalpower.net\/fr\/#organization"},"potentialAction":[{"@type":"SearchAction","target":{"@type":"EntryPoint","urlTemplate":"https:\/\/www.metalpower.net\/fr\/?s={search_term_string}"},"query-input":{"@type":"PropertyValueSpecification","valueRequired":true,"valueName":"search_term_string"}}],"inLanguage":"fr-FR"},{"@type":"Organization","@id":"https:\/\/www.metalpower.net\/fr\/#organization","name":"Metal Power Analytical","url":"https:\/\/www.metalpower.net\/fr\/","logo":{"@type":"ImageObject","inLanguage":"fr-FR","@id":"https:\/\/www.metalpower.net\/fr\/#\/schema\/logo\/image\/","url":"https:\/\/www.metalpower.net\/wp-content\/uploads\/2025\/07\/metal-power-logo.svg","contentUrl":"https:\/\/www.metalpower.net\/wp-content\/uploads\/2025\/07\/metal-power-logo.svg","width":112,"height":30,"caption":"Metal Power Analytical"},"image":{"@id":"https:\/\/www.metalpower.net\/fr\/#\/schema\/logo\/image\/"},"sameAs":["https:\/\/www.facebook.com\/MetalPowerAnalytical\/"]}]}},"_links":{"self":[{"href":"https:\/\/www.metalpower.net\/fr\/wp-json\/wp\/v2\/product\/10753","targetHints":{"allow":["GET"]}}],"collection":[{"href":"https:\/\/www.metalpower.net\/fr\/wp-json\/wp\/v2\/product"}],"about":[{"href":"https:\/\/www.metalpower.net\/fr\/wp-json\/wp\/v2\/types\/product"}],"wp:featuredmedia":[{"embeddable":true,"href":"https:\/\/www.metalpower.net\/fr\/wp-json\/wp\/v2\/media\/8978"}],"wp:attachment":[{"href":"https:\/\/www.metalpower.net\/fr\/wp-json\/wp\/v2\/media?parent=10753"}],"wp:term":[{"taxonomy":"product_category","embeddable":true,"href":"https:\/\/www.metalpower.net\/fr\/wp-json\/wp\/v2\/product_category?post=10753"}],"curies":[{"name":"wp","href":"https:\/\/api.w.org\/{rel}","templated":true}]}}