{"id":10752,"date":"2025-07-21T17:22:12","date_gmt":"2025-07-21T17:22:12","guid":{"rendered":"https:\/\/www.metalpower.net\/products\/%product_category%\/mpalabtab-formerly-metacloud\/"},"modified":"2025-10-26T18:57:37","modified_gmt":"2025-10-26T18:57:37","slug":"mpalab-tab","status":"publish","type":"product","link":"https:\/\/www.metalpower.net\/fr\/products\/industry-4-digital-solutions\/mpalab-tab\/","title":{"rendered":"MPALabTab (anciennement MetaCloud)"},"content":{"rendered":"","protected":false},"featured_media":0,"template":"","meta":{"_acf_changed":false,"inline_featured_image":false},"product_category":[79],"class_list":["post-10752","product","type-product","status-publish","hentry","product_category-industry-4-digital-solutions"],"acf":[],"yoast_head":"<!-- This site is optimized with the Yoast SEO plugin v26.6 - https:\/\/yoast.com\/wordpress\/plugins\/seo\/ -->\n<title>Metacloud - Metal Power<\/title>\n<meta name=\"description\" content=\"MetaCloud : Optimisez vos analyses m\u00e9tallurgiques. Une efficacit\u00e9 bas\u00e9e sur le cloud pour des processus rationalis\u00e9s. D\u00e9couvrez l&#039;avenir du contr\u00f4le qualit\u00e9 des m\u00e9taux.\" \/>\n<meta name=\"robots\" content=\"index, follow, max-snippet:-1, max-image-preview:large, max-video-preview:-1\" \/>\n<link rel=\"canonical\" href=\"https:\/\/www.metalpower.net\/fr\/products\/industry-4-digital-solutions\/mpalab-tab\/\" \/>\n<meta property=\"og:locale\" content=\"fr_FR\" \/>\n<meta property=\"og:type\" content=\"article\" \/>\n<meta property=\"og:title\" content=\"Metacloud - Metal Power\" \/>\n<meta property=\"og:description\" content=\"MetaCloud : Optimisez vos analyses m\u00e9tallurgiques. Une efficacit\u00e9 bas\u00e9e sur le cloud pour des processus rationalis\u00e9s. D\u00e9couvrez l&#039;avenir du contr\u00f4le qualit\u00e9 des m\u00e9taux.\" \/>\n<meta property=\"og:url\" content=\"https:\/\/www.metalpower.net\/fr\/products\/industry-4-digital-solutions\/mpalab-tab\/\" \/>\n<meta property=\"og:site_name\" content=\"Metal Power\" \/>\n<meta property=\"article:publisher\" content=\"https:\/\/www.facebook.com\/MetalPowerAnalytical\/\" \/>\n<meta property=\"article:modified_time\" content=\"2025-10-26T18:57:37+00:00\" \/>\n<meta property=\"og:image\" content=\"https:\/\/www.metalpower.net\/wp-content\/uploads\/2025\/06\/mpalabtab-2.png\" \/>\n<meta name=\"twitter:card\" content=\"summary_large_image\" \/>\n<meta name=\"twitter:title\" content=\"Metacloud - Metal Power\" \/>\n<meta name=\"twitter:description\" content=\"MetaCloud : Optimisez vos analyses m\u00e9tallurgiques. Une efficacit\u00e9 bas\u00e9e sur le cloud pour des processus rationalis\u00e9s. D\u00e9couvrez l&#039;avenir du contr\u00f4le qualit\u00e9 des m\u00e9taux.\" \/>\n<meta name=\"twitter:image\" content=\"https:\/\/www.metalpower.net\/wp-content\/uploads\/2025\/06\/mpalabtab-2.png\" \/>\n<!-- \/ Yoast SEO plugin. -->","yoast_head_json":{"title":"Metacloud - Metal Power","description":"MetaCloud : Optimisez vos analyses m\u00e9tallurgiques. Une efficacit\u00e9 bas\u00e9e sur le cloud pour des processus rationalis\u00e9s. D\u00e9couvrez l'avenir du contr\u00f4le qualit\u00e9 des m\u00e9taux.","robots":{"index":"index","follow":"follow","max-snippet":"max-snippet:-1","max-image-preview":"max-image-preview:large","max-video-preview":"max-video-preview:-1"},"canonical":"https:\/\/www.metalpower.net\/fr\/products\/industry-4-digital-solutions\/mpalab-tab\/","og_locale":"fr_FR","og_type":"article","og_title":"Metacloud - Metal Power","og_description":"MetaCloud : Optimisez vos analyses m\u00e9tallurgiques. Une efficacit\u00e9 bas\u00e9e sur le cloud pour des processus rationalis\u00e9s. D\u00e9couvrez l'avenir du contr\u00f4le qualit\u00e9 des m\u00e9taux.","og_url":"https:\/\/www.metalpower.net\/fr\/products\/industry-4-digital-solutions\/mpalab-tab\/","og_site_name":"Metal Power","article_publisher":"https:\/\/www.facebook.com\/MetalPowerAnalytical\/","article_modified_time":"2025-10-26T18:57:37+00:00","og_image":[{"url":"https:\/\/www.metalpower.net\/wp-content\/uploads\/2025\/06\/mpalabtab-2.png","type":"","width":"","height":""}],"twitter_card":"summary_large_image","twitter_title":"Metacloud - Metal Power","twitter_description":"MetaCloud : Optimisez vos analyses m\u00e9tallurgiques. Une efficacit\u00e9 bas\u00e9e sur le cloud pour des processus rationalis\u00e9s. D\u00e9couvrez l'avenir du contr\u00f4le qualit\u00e9 des m\u00e9taux.","twitter_image":"https:\/\/www.metalpower.net\/wp-content\/uploads\/2025\/06\/mpalabtab-2.png","schema":{"@context":"https:\/\/schema.org","@graph":[{"@type":"WebPage","@id":"https:\/\/www.metalpower.net\/fr\/products\/industry-4-digital-solutions\/mpalab-tab\/","url":"https:\/\/www.metalpower.net\/fr\/products\/industry-4-digital-solutions\/mpalab-tab\/","name":"Metacloud - Metal Power","isPartOf":{"@id":"https:\/\/www.metalpower.net\/fr\/#website"},"datePublished":"2025-07-21T17:22:12+00:00","dateModified":"2025-10-26T18:57:37+00:00","description":"MetaCloud : Optimisez vos analyses m\u00e9tallurgiques. Une efficacit\u00e9 bas\u00e9e sur le cloud pour des processus rationalis\u00e9s. D\u00e9couvrez l'avenir du contr\u00f4le qualit\u00e9 des m\u00e9taux.","breadcrumb":{"@id":"https:\/\/www.metalpower.net\/fr\/products\/industry-4-digital-solutions\/mpalab-tab\/#breadcrumb"},"inLanguage":"fr-FR","potentialAction":[{"@type":"ReadAction","target":["https:\/\/www.metalpower.net\/fr\/products\/industry-4-digital-solutions\/mpalab-tab\/"]}]},{"@type":"BreadcrumbList","@id":"https:\/\/www.metalpower.net\/fr\/products\/industry-4-digital-solutions\/mpalab-tab\/#breadcrumb","itemListElement":[{"@type":"ListItem","position":1,"name":"Accueil","item":"https:\/\/www.metalpower.net\/fr\/"},{"@type":"ListItem","position":2,"name":"Products","item":"https:\/\/www.metalpower.net\/fr\/products\/%product_category%\/"},{"@type":"ListItem","position":3,"name":"MPALabTab (anciennement MetaCloud)"}]},{"@type":"WebSite","@id":"https:\/\/www.metalpower.net\/fr\/#website","url":"https:\/\/www.metalpower.net\/fr\/","name":"Metal Power","description":"","publisher":{"@id":"https:\/\/www.metalpower.net\/fr\/#organization"},"potentialAction":[{"@type":"SearchAction","target":{"@type":"EntryPoint","urlTemplate":"https:\/\/www.metalpower.net\/fr\/?s={search_term_string}"},"query-input":{"@type":"PropertyValueSpecification","valueRequired":true,"valueName":"search_term_string"}}],"inLanguage":"fr-FR"},{"@type":"Organization","@id":"https:\/\/www.metalpower.net\/fr\/#organization","name":"Metal Power Analytical","url":"https:\/\/www.metalpower.net\/fr\/","logo":{"@type":"ImageObject","inLanguage":"fr-FR","@id":"https:\/\/www.metalpower.net\/fr\/#\/schema\/logo\/image\/","url":"https:\/\/www.metalpower.net\/wp-content\/uploads\/2025\/07\/metal-power-logo.svg","contentUrl":"https:\/\/www.metalpower.net\/wp-content\/uploads\/2025\/07\/metal-power-logo.svg","width":112,"height":30,"caption":"Metal Power Analytical"},"image":{"@id":"https:\/\/www.metalpower.net\/fr\/#\/schema\/logo\/image\/"},"sameAs":["https:\/\/www.facebook.com\/MetalPowerAnalytical\/"]}]}},"_links":{"self":[{"href":"https:\/\/www.metalpower.net\/fr\/wp-json\/wp\/v2\/product\/10752","targetHints":{"allow":["GET"]}}],"collection":[{"href":"https:\/\/www.metalpower.net\/fr\/wp-json\/wp\/v2\/product"}],"about":[{"href":"https:\/\/www.metalpower.net\/fr\/wp-json\/wp\/v2\/types\/product"}],"wp:attachment":[{"href":"https:\/\/www.metalpower.net\/fr\/wp-json\/wp\/v2\/media?parent=10752"}],"wp:term":[{"taxonomy":"product_category","embeddable":true,"href":"https:\/\/www.metalpower.net\/fr\/wp-json\/wp\/v2\/product_category?post=10752"}],"curies":[{"name":"wp","href":"https:\/\/api.w.org\/{rel}","templated":true}]}}