{"id":10749,"date":"2025-04-20T17:26:58","date_gmt":"2025-04-20T17:26:58","guid":{"rendered":"https:\/\/www.metalpower.net\/products\/%product_category%\/metavision-mx-2\/"},"modified":"2025-12-22T17:39:29","modified_gmt":"2025-12-22T17:39:29","slug":"metavision-mx-plus","status":"publish","type":"product","link":"https:\/\/www.metalpower.net\/fr\/products\/oes-mobile\/metavision-mx-plus\/","title":{"rendered":"Metavision-MX+"},"content":{"rendered":"<p>Un OES mobile de haute performance offrant une analyse pr\u00e9cise, une identification des nuances de m\u00e9taux, une flexibilit\u00e9 remarquable et une conception robuste et pr\u00eate \u00e0 l&#8217;emploi pour une utilisation ais\u00e9e sur site.<\/p>\n","protected":false},"featured_media":9725,"template":"","meta":{"_acf_changed":false,"inline_featured_image":false},"product_category":[76],"class_list":["post-10749","product","type-product","status-publish","has-post-thumbnail","hentry","product_category-oes-mobile"],"acf":[],"yoast_head":"<!-- This site is optimized with the Yoast SEO plugin v26.6 - https:\/\/yoast.com\/wordpress\/plugins\/seo\/ -->\n<title>Metavision MX+- Metal Power<\/title>\n<meta name=\"description\" content=\"Metavision-MX+ est un spectrom\u00e8tre \u00e0 \u00e9mission optique mobile qui fournit une mobilit\u00e9 et une pr\u00e9cision in\u00e9gal\u00e9es pour analyser plus de 55 \u00e9l\u00e9ments dans les m\u00e9taux ferreux et non ferreux.\" \/>\n<meta name=\"robots\" content=\"index, follow, max-snippet:-1, max-image-preview:large, max-video-preview:-1\" \/>\n<link rel=\"canonical\" href=\"https:\/\/www.metalpower.net\/fr\/products\/oes-mobile\/metavision-mx-plus\/\" \/>\n<meta property=\"og:locale\" content=\"fr_FR\" \/>\n<meta property=\"og:type\" content=\"article\" \/>\n<meta property=\"og:title\" content=\"Metavision MX+- Metal Power\" \/>\n<meta property=\"og:description\" content=\"Metavision-MX+ est un spectrom\u00e8tre \u00e0 \u00e9mission optique mobile qui fournit une mobilit\u00e9 et une pr\u00e9cision in\u00e9gal\u00e9es pour analyser plus de 55 \u00e9l\u00e9ments dans les m\u00e9taux ferreux et non ferreux.\" \/>\n<meta property=\"og:url\" content=\"https:\/\/www.metalpower.net\/fr\/products\/oes-mobile\/metavision-mx-plus\/\" \/>\n<meta property=\"og:site_name\" content=\"Metal Power\" \/>\n<meta property=\"article:publisher\" content=\"https:\/\/www.facebook.com\/MetalPowerAnalytical\/\" \/>\n<meta property=\"article:modified_time\" content=\"2025-12-22T17:39:29+00:00\" \/>\n<meta property=\"og:image\" content=\"https:\/\/www.metalpower.net\/wp-content\/uploads\/2025\/04\/metavision-mx-plus-space-grey-1-1024x913.png\" \/>\n<meta name=\"twitter:card\" content=\"summary_large_image\" \/>\n<meta name=\"twitter:title\" content=\"Metavision MX+ | Mobile Optical Emission Spectrometer - Metal Power\" \/>\n<meta name=\"twitter:description\" content=\"Metavision-MX+ est un spectrom\u00e8tre \u00e0 \u00e9mission optique mobile qui fournit une mobilit\u00e9 et une pr\u00e9cision in\u00e9gal\u00e9es pour analyser plus de 55 \u00e9l\u00e9ments dans les m\u00e9taux ferreux et non ferreux.\" \/>\n<meta name=\"twitter:image\" content=\"https:\/\/www.metalpower.net\/wp-content\/uploads\/2025\/04\/metavision-mx-plus-space-grey-1-1024x913.png\" \/>\n<meta name=\"twitter:label1\" content=\"Dur\u00e9e de lecture estim\u00e9e\" \/>\n\t<meta name=\"twitter:data1\" content=\"1 minute\" \/>\n<!-- \/ Yoast SEO plugin. -->","yoast_head_json":{"title":"Metavision MX+- Metal Power","description":"Metavision-MX+ est un spectrom\u00e8tre \u00e0 \u00e9mission optique mobile qui fournit une mobilit\u00e9 et une pr\u00e9cision in\u00e9gal\u00e9es pour analyser plus de 55 \u00e9l\u00e9ments dans les m\u00e9taux ferreux et non ferreux.","robots":{"index":"index","follow":"follow","max-snippet":"max-snippet:-1","max-image-preview":"max-image-preview:large","max-video-preview":"max-video-preview:-1"},"canonical":"https:\/\/www.metalpower.net\/fr\/products\/oes-mobile\/metavision-mx-plus\/","og_locale":"fr_FR","og_type":"article","og_title":"Metavision MX+- Metal Power","og_description":"Metavision-MX+ est un spectrom\u00e8tre \u00e0 \u00e9mission optique mobile qui fournit une mobilit\u00e9 et une pr\u00e9cision in\u00e9gal\u00e9es pour analyser plus de 55 \u00e9l\u00e9ments dans les m\u00e9taux ferreux et non ferreux.","og_url":"https:\/\/www.metalpower.net\/fr\/products\/oes-mobile\/metavision-mx-plus\/","og_site_name":"Metal Power","article_publisher":"https:\/\/www.facebook.com\/MetalPowerAnalytical\/","article_modified_time":"2025-12-22T17:39:29+00:00","og_image":[{"url":"https:\/\/www.metalpower.net\/wp-content\/uploads\/2025\/04\/metavision-mx-plus-space-grey-1-1024x913.png","type":"","width":"","height":""}],"twitter_card":"summary_large_image","twitter_title":"Metavision MX+ | Mobile Optical Emission Spectrometer - Metal Power","twitter_description":"Metavision-MX+ est un spectrom\u00e8tre \u00e0 \u00e9mission optique mobile qui fournit une mobilit\u00e9 et une pr\u00e9cision in\u00e9gal\u00e9es pour analyser plus de 55 \u00e9l\u00e9ments dans les m\u00e9taux ferreux et non ferreux.","twitter_image":"https:\/\/www.metalpower.net\/wp-content\/uploads\/2025\/04\/metavision-mx-plus-space-grey-1-1024x913.png","twitter_misc":{"Dur\u00e9e de lecture estim\u00e9e":"1 minute"},"schema":{"@context":"https:\/\/schema.org","@graph":[{"@type":"WebPage","@id":"https:\/\/www.metalpower.net\/fr\/products\/oes-mobile\/metavision-mx-plus\/","url":"https:\/\/www.metalpower.net\/fr\/products\/oes-mobile\/metavision-mx-plus\/","name":"Metavision MX+- Metal Power","isPartOf":{"@id":"https:\/\/www.metalpower.net\/fr\/#website"},"primaryImageOfPage":{"@id":"https:\/\/www.metalpower.net\/fr\/products\/oes-mobile\/metavision-mx-plus\/#primaryimage"},"image":{"@id":"https:\/\/www.metalpower.net\/fr\/products\/oes-mobile\/metavision-mx-plus\/#primaryimage"},"thumbnailUrl":"https:\/\/www.metalpower.net\/wp-content\/uploads\/2025\/04\/metavision-mx-plus.png","datePublished":"2025-04-20T17:26:58+00:00","dateModified":"2025-12-22T17:39:29+00:00","description":"Metavision-MX+ est un spectrom\u00e8tre \u00e0 \u00e9mission optique mobile qui fournit une mobilit\u00e9 et une pr\u00e9cision in\u00e9gal\u00e9es pour analyser plus de 55 \u00e9l\u00e9ments dans les m\u00e9taux ferreux et non ferreux.","breadcrumb":{"@id":"https:\/\/www.metalpower.net\/fr\/products\/oes-mobile\/metavision-mx-plus\/#breadcrumb"},"inLanguage":"fr-FR","potentialAction":[{"@type":"ReadAction","target":["https:\/\/www.metalpower.net\/fr\/products\/oes-mobile\/metavision-mx-plus\/"]}]},{"@type":"ImageObject","inLanguage":"fr-FR","@id":"https:\/\/www.metalpower.net\/fr\/products\/oes-mobile\/metavision-mx-plus\/#primaryimage","url":"https:\/\/www.metalpower.net\/wp-content\/uploads\/2025\/04\/metavision-mx-plus.png","contentUrl":"https:\/\/www.metalpower.net\/wp-content\/uploads\/2025\/04\/metavision-mx-plus.png","width":1872,"height":1236,"caption":"Metavision-MX+"},{"@type":"BreadcrumbList","@id":"https:\/\/www.metalpower.net\/fr\/products\/oes-mobile\/metavision-mx-plus\/#breadcrumb","itemListElement":[{"@type":"ListItem","position":1,"name":"Accueil","item":"https:\/\/www.metalpower.net\/fr\/"},{"@type":"ListItem","position":2,"name":"Products","item":"https:\/\/www.metalpower.net\/fr\/products\/%product_category%\/"},{"@type":"ListItem","position":3,"name":"Metavision-MX+"}]},{"@type":"WebSite","@id":"https:\/\/www.metalpower.net\/fr\/#website","url":"https:\/\/www.metalpower.net\/fr\/","name":"Metal Power","description":"","publisher":{"@id":"https:\/\/www.metalpower.net\/fr\/#organization"},"potentialAction":[{"@type":"SearchAction","target":{"@type":"EntryPoint","urlTemplate":"https:\/\/www.metalpower.net\/fr\/?s={search_term_string}"},"query-input":{"@type":"PropertyValueSpecification","valueRequired":true,"valueName":"search_term_string"}}],"inLanguage":"fr-FR"},{"@type":"Organization","@id":"https:\/\/www.metalpower.net\/fr\/#organization","name":"Metal Power Analytical","url":"https:\/\/www.metalpower.net\/fr\/","logo":{"@type":"ImageObject","inLanguage":"fr-FR","@id":"https:\/\/www.metalpower.net\/fr\/#\/schema\/logo\/image\/","url":"https:\/\/www.metalpower.net\/wp-content\/uploads\/2025\/07\/metal-power-logo.svg","contentUrl":"https:\/\/www.metalpower.net\/wp-content\/uploads\/2025\/07\/metal-power-logo.svg","width":112,"height":30,"caption":"Metal Power Analytical"},"image":{"@id":"https:\/\/www.metalpower.net\/fr\/#\/schema\/logo\/image\/"},"sameAs":["https:\/\/www.facebook.com\/MetalPowerAnalytical\/"]}]}},"_links":{"self":[{"href":"https:\/\/www.metalpower.net\/fr\/wp-json\/wp\/v2\/product\/10749","targetHints":{"allow":["GET"]}}],"collection":[{"href":"https:\/\/www.metalpower.net\/fr\/wp-json\/wp\/v2\/product"}],"about":[{"href":"https:\/\/www.metalpower.net\/fr\/wp-json\/wp\/v2\/types\/product"}],"wp:featuredmedia":[{"embeddable":true,"href":"https:\/\/www.metalpower.net\/fr\/wp-json\/wp\/v2\/media\/9725"}],"wp:attachment":[{"href":"https:\/\/www.metalpower.net\/fr\/wp-json\/wp\/v2\/media?parent=10749"}],"wp:term":[{"taxonomy":"product_category","embeddable":true,"href":"https:\/\/www.metalpower.net\/fr\/wp-json\/wp\/v2\/product_category?post=10749"}],"curies":[{"name":"wp","href":"https:\/\/api.w.org\/{rel}","templated":true}]}}