{"id":10744,"date":"2025-06-22T16:56:26","date_gmt":"2025-06-22T16:56:26","guid":{"rendered":"https:\/\/www.metalpower.net\/products\/%product_category%\/sans-filrtds\/"},"modified":"2025-11-05T19:03:58","modified_gmt":"2025-11-05T19:03:58","slug":"wireless-rtds","status":"publish","type":"product","link":"https:\/\/www.metalpower.net\/fr\/products\/allied-equipment\/wireless-rtds\/","title":{"rendered":"WirelessRTDS"},"content":{"rendered":"<p>Syst\u00e8me de synchronisation de donn\u00e9es sans fil en temps r\u00e9el qui permet de transf\u00e9rer instantan\u00e9ment les donn\u00e9es d&rsquo;analyse de l&rsquo;OES vers des appareils distants, assurant ainsi une tra\u00e7abilit\u00e9 impeccable.<\/p>\n","protected":false},"featured_media":8846,"template":"","meta":{"_acf_changed":false,"inline_featured_image":false},"product_category":[78],"class_list":["post-10744","product","type-product","status-publish","has-post-thumbnail","hentry","product_category-allied-equipment"],"acf":[],"yoast_head":"<!-- This site is optimized with the Yoast SEO plugin v26.6 - https:\/\/yoast.com\/wordpress\/plugins\/seo\/ -->\n<title>WirelessRTDS | Transmission de donn\u00e9es sans fil en temps r\u00e9el<\/title>\n<meta name=\"description\" content=\"WirelessRTDS wirelessly transfers OES results to any remote device\u2014streamlining workflows, enhancing traceability, and optimizing lab efficiency.\" \/>\n<meta name=\"robots\" content=\"index, follow, max-snippet:-1, max-image-preview:large, max-video-preview:-1\" \/>\n<link rel=\"canonical\" href=\"https:\/\/www.metalpower.net\/fr\/products\/allied-equipment\/wireless-rtds\/\" \/>\n<meta property=\"og:locale\" content=\"fr_FR\" \/>\n<meta property=\"og:type\" content=\"article\" \/>\n<meta property=\"og:title\" content=\"WirelessRTDS | Transmission de donn\u00e9es sans fil en temps r\u00e9el\" \/>\n<meta property=\"og:description\" content=\"Wireless RTDS delivers instantaneous transfer of Optical Emission Spectrometer data to remote devices, ensuring streamlined traceability and real-time lab monitoring.\" \/>\n<meta property=\"og:url\" content=\"https:\/\/www.metalpower.net\/fr\/products\/allied-equipment\/wireless-rtds\/\" \/>\n<meta property=\"og:site_name\" content=\"Metal Power\" \/>\n<meta property=\"article:publisher\" content=\"https:\/\/www.facebook.com\/MetalPowerAnalytical\/\" \/>\n<meta property=\"article:modified_time\" content=\"2025-11-05T19:03:58+00:00\" \/>\n<meta property=\"og:image\" content=\"https:\/\/www.metalpower.net\/wp-content\/uploads\/2025\/06\/wirelessrtds-2-1024x891.png\" \/>\n<meta name=\"twitter:card\" content=\"summary_large_image\" \/>\n<meta name=\"twitter:title\" content=\"WirelessRTDS | Transmission de donn\u00e9es sans fil en temps r\u00e9el\" \/>\n<meta name=\"twitter:description\" content=\"Wireless RTDS delivers instantaneous transfer of Optical Emission Spectrometer data to remote devices, ensuring streamlined traceability and real-time lab monitoring.\" \/>\n<meta name=\"twitter:image\" content=\"https:\/\/www.metalpower.net\/wp-content\/uploads\/2025\/06\/wirelessrtds-2-1024x891.png\" \/>\n<meta name=\"twitter:label1\" content=\"Dur\u00e9e de lecture estim\u00e9e\" \/>\n\t<meta name=\"twitter:data1\" content=\"1 minute\" \/>\n<!-- \/ Yoast SEO plugin. -->","yoast_head_json":{"title":"WirelessRTDS | Transmission de donn\u00e9es sans fil en temps r\u00e9el","description":"WirelessRTDS wirelessly transfers OES results to any remote device\u2014streamlining workflows, enhancing traceability, and optimizing lab efficiency.","robots":{"index":"index","follow":"follow","max-snippet":"max-snippet:-1","max-image-preview":"max-image-preview:large","max-video-preview":"max-video-preview:-1"},"canonical":"https:\/\/www.metalpower.net\/fr\/products\/allied-equipment\/wireless-rtds\/","og_locale":"fr_FR","og_type":"article","og_title":"WirelessRTDS | Transmission de donn\u00e9es sans fil en temps r\u00e9el","og_description":"Wireless RTDS delivers instantaneous transfer of Optical Emission Spectrometer data to remote devices, ensuring streamlined traceability and real-time lab monitoring.","og_url":"https:\/\/www.metalpower.net\/fr\/products\/allied-equipment\/wireless-rtds\/","og_site_name":"Metal Power","article_publisher":"https:\/\/www.facebook.com\/MetalPowerAnalytical\/","article_modified_time":"2025-11-05T19:03:58+00:00","og_image":[{"url":"https:\/\/www.metalpower.net\/wp-content\/uploads\/2025\/06\/wirelessrtds-2-1024x891.png","type":"","width":"","height":""}],"twitter_card":"summary_large_image","twitter_title":"WirelessRTDS | Transmission de donn\u00e9es sans fil en temps r\u00e9el","twitter_description":"Wireless RTDS delivers instantaneous transfer of Optical Emission Spectrometer data to remote devices, ensuring streamlined traceability and real-time lab monitoring.","twitter_image":"https:\/\/www.metalpower.net\/wp-content\/uploads\/2025\/06\/wirelessrtds-2-1024x891.png","twitter_misc":{"Dur\u00e9e de lecture estim\u00e9e":"1 minute"},"schema":{"@context":"https:\/\/schema.org","@graph":[{"@type":"WebPage","@id":"https:\/\/www.metalpower.net\/fr\/products\/allied-equipment\/wireless-rtds\/","url":"https:\/\/www.metalpower.net\/fr\/products\/allied-equipment\/wireless-rtds\/","name":"WirelessRTDS | Transmission de donn\u00e9es sans fil en temps r\u00e9el","isPartOf":{"@id":"https:\/\/www.metalpower.net\/fr\/#website"},"primaryImageOfPage":{"@id":"https:\/\/www.metalpower.net\/fr\/products\/allied-equipment\/wireless-rtds\/#primaryimage"},"image":{"@id":"https:\/\/www.metalpower.net\/fr\/products\/allied-equipment\/wireless-rtds\/#primaryimage"},"thumbnailUrl":"https:\/\/www.metalpower.net\/wp-content\/uploads\/2025\/06\/wirelessrtds.png","datePublished":"2025-06-22T16:56:26+00:00","dateModified":"2025-11-05T19:03:58+00:00","description":"WirelessRTDS wirelessly transfers OES results to any remote device\u2014streamlining workflows, enhancing traceability, and optimizing lab efficiency.","breadcrumb":{"@id":"https:\/\/www.metalpower.net\/fr\/products\/allied-equipment\/wireless-rtds\/#breadcrumb"},"inLanguage":"fr-FR","potentialAction":[{"@type":"ReadAction","target":["https:\/\/www.metalpower.net\/fr\/products\/allied-equipment\/wireless-rtds\/"]}]},{"@type":"ImageObject","inLanguage":"fr-FR","@id":"https:\/\/www.metalpower.net\/fr\/products\/allied-equipment\/wireless-rtds\/#primaryimage","url":"https:\/\/www.metalpower.net\/wp-content\/uploads\/2025\/06\/wirelessrtds.png","contentUrl":"https:\/\/www.metalpower.net\/wp-content\/uploads\/2025\/06\/wirelessrtds.png","width":2416,"height":1512,"caption":"WirelessRTDS, real-time data sync system for shop floor to lab"},{"@type":"BreadcrumbList","@id":"https:\/\/www.metalpower.net\/fr\/products\/allied-equipment\/wireless-rtds\/#breadcrumb","itemListElement":[{"@type":"ListItem","position":1,"name":"Accueil","item":"https:\/\/www.metalpower.net\/fr\/"},{"@type":"ListItem","position":2,"name":"Products","item":"https:\/\/www.metalpower.net\/fr\/products\/%product_category%\/"},{"@type":"ListItem","position":3,"name":"WirelessRTDS"}]},{"@type":"WebSite","@id":"https:\/\/www.metalpower.net\/fr\/#website","url":"https:\/\/www.metalpower.net\/fr\/","name":"Metal Power","description":"","publisher":{"@id":"https:\/\/www.metalpower.net\/fr\/#organization"},"potentialAction":[{"@type":"SearchAction","target":{"@type":"EntryPoint","urlTemplate":"https:\/\/www.metalpower.net\/fr\/?s={search_term_string}"},"query-input":{"@type":"PropertyValueSpecification","valueRequired":true,"valueName":"search_term_string"}}],"inLanguage":"fr-FR"},{"@type":"Organization","@id":"https:\/\/www.metalpower.net\/fr\/#organization","name":"Metal Power Analytical","url":"https:\/\/www.metalpower.net\/fr\/","logo":{"@type":"ImageObject","inLanguage":"fr-FR","@id":"https:\/\/www.metalpower.net\/fr\/#\/schema\/logo\/image\/","url":"https:\/\/www.metalpower.net\/wp-content\/uploads\/2025\/07\/metal-power-logo.svg","contentUrl":"https:\/\/www.metalpower.net\/wp-content\/uploads\/2025\/07\/metal-power-logo.svg","width":112,"height":30,"caption":"Metal Power Analytical"},"image":{"@id":"https:\/\/www.metalpower.net\/fr\/#\/schema\/logo\/image\/"},"sameAs":["https:\/\/www.facebook.com\/MetalPowerAnalytical\/"]}]}},"_links":{"self":[{"href":"https:\/\/www.metalpower.net\/fr\/wp-json\/wp\/v2\/product\/10744","targetHints":{"allow":["GET"]}}],"collection":[{"href":"https:\/\/www.metalpower.net\/fr\/wp-json\/wp\/v2\/product"}],"about":[{"href":"https:\/\/www.metalpower.net\/fr\/wp-json\/wp\/v2\/types\/product"}],"wp:featuredmedia":[{"embeddable":true,"href":"https:\/\/www.metalpower.net\/fr\/wp-json\/wp\/v2\/media\/8846"}],"wp:attachment":[{"href":"https:\/\/www.metalpower.net\/fr\/wp-json\/wp\/v2\/media?parent=10744"}],"wp:term":[{"taxonomy":"product_category","embeddable":true,"href":"https:\/\/www.metalpower.net\/fr\/wp-json\/wp\/v2\/product_category?post=10744"}],"curies":[{"name":"wp","href":"https:\/\/api.w.org\/{rel}","templated":true}]}}