{"id":10743,"date":"2025-06-22T17:07:24","date_gmt":"2025-06-22T17:07:24","guid":{"rendered":"https:\/\/www.metalpower.net\/products\/%product_category%\/cleansharp\/"},"modified":"2025-10-26T18:56:58","modified_gmt":"2025-10-26T18:56:58","slug":"cleansharp","status":"publish","type":"product","link":"https:\/\/www.metalpower.net\/fr\/products\/allied-equipment\/cleansharp\/","title":{"rendered":"CleanSharp"},"content":{"rendered":"<p>D\u00e9couvrez le nettoyeur automatique d&rsquo;\u00e9lectrodes, un appareil qui assure une \u00e9tincelle constante en gardant vos \u00e9lectrodes propres et bien aff\u00fbt\u00e9es pour des analyses pr\u00e9cises.<\/p>\n","protected":false},"featured_media":9232,"template":"","meta":{"_acf_changed":false,"inline_featured_image":false},"product_category":[78],"class_list":["post-10743","product","type-product","status-publish","has-post-thumbnail","hentry","product_category-allied-equipment"],"acf":[],"yoast_head":"<!-- This site is optimized with the Yoast SEO plugin v26.6 - https:\/\/yoast.com\/wordpress\/plugins\/seo\/ -->\n<title>CleanSharp - Metal Power<\/title>\n<meta name=\"description\" content=\"Con\u00e7u pour optimiser \u00e0 la fois l&#039;efficacit\u00e9 et la propret\u00e9 lors de l&#039;entretien des spectrom\u00e8tres, CleanSharp repr\u00e9sente une alternative judicieuse aux outils de nettoyage des \u00e9lectrodes traditionnels.\" \/>\n<meta name=\"robots\" content=\"index, follow, max-snippet:-1, max-image-preview:large, max-video-preview:-1\" \/>\n<link rel=\"canonical\" href=\"https:\/\/www.metalpower.net\/fr\/products\/allied-equipment\/cleansharp\/\" \/>\n<meta property=\"og:locale\" content=\"fr_FR\" \/>\n<meta property=\"og:type\" content=\"article\" \/>\n<meta property=\"og:title\" content=\"CleanSharp - Metal Power\" \/>\n<meta property=\"og:description\" content=\"Con\u00e7u pour optimiser \u00e0 la fois l&#039;efficacit\u00e9 et la propret\u00e9 lors de l&#039;entretien des spectrom\u00e8tres, CleanSharp repr\u00e9sente une alternative judicieuse aux outils de nettoyage des \u00e9lectrodes traditionnels.\" \/>\n<meta property=\"og:url\" content=\"https:\/\/www.metalpower.net\/fr\/products\/allied-equipment\/cleansharp\/\" \/>\n<meta property=\"og:site_name\" content=\"Metal Power\" \/>\n<meta property=\"article:publisher\" content=\"https:\/\/www.facebook.com\/MetalPowerAnalytical\/\" \/>\n<meta property=\"article:modified_time\" content=\"2025-10-26T18:56:58+00:00\" \/>\n<meta property=\"og:image\" content=\"https:\/\/www.metalpower.net\/wp-content\/uploads\/2025\/06\/cleansharp-4.png\" \/>\n\t<meta property=\"og:image:width\" content=\"2172\" \/>\n\t<meta property=\"og:image:height\" content=\"2172\" \/>\n\t<meta property=\"og:image:type\" content=\"image\/png\" \/>\n<meta name=\"twitter:card\" content=\"summary_large_image\" \/>\n<meta name=\"twitter:title\" content=\"CleanSharp - Metal Power\" \/>\n<meta name=\"twitter:description\" content=\"Con\u00e7u pour optimiser \u00e0 la fois l&#039;efficacit\u00e9 et la propret\u00e9 lors de l&#039;entretien des spectrom\u00e8tres, CleanSharp repr\u00e9sente une alternative judicieuse aux outils de nettoyage des \u00e9lectrodes traditionnels.\" \/>\n<meta name=\"twitter:image\" content=\"https:\/\/www.metalpower.net\/wp-content\/uploads\/2025\/06\/cleansharp-4.png\" \/>\n<meta name=\"twitter:label1\" content=\"Dur\u00e9e de lecture estim\u00e9e\" \/>\n\t<meta name=\"twitter:data1\" content=\"1 minute\" \/>\n<!-- \/ Yoast SEO plugin. -->","yoast_head_json":{"title":"CleanSharp - Metal Power","description":"Con\u00e7u pour optimiser \u00e0 la fois l'efficacit\u00e9 et la propret\u00e9 lors de l'entretien des spectrom\u00e8tres, CleanSharp repr\u00e9sente une alternative judicieuse aux outils de nettoyage des \u00e9lectrodes traditionnels.","robots":{"index":"index","follow":"follow","max-snippet":"max-snippet:-1","max-image-preview":"max-image-preview:large","max-video-preview":"max-video-preview:-1"},"canonical":"https:\/\/www.metalpower.net\/fr\/products\/allied-equipment\/cleansharp\/","og_locale":"fr_FR","og_type":"article","og_title":"CleanSharp - Metal Power","og_description":"Con\u00e7u pour optimiser \u00e0 la fois l'efficacit\u00e9 et la propret\u00e9 lors de l'entretien des spectrom\u00e8tres, CleanSharp repr\u00e9sente une alternative judicieuse aux outils de nettoyage des \u00e9lectrodes traditionnels.","og_url":"https:\/\/www.metalpower.net\/fr\/products\/allied-equipment\/cleansharp\/","og_site_name":"Metal Power","article_publisher":"https:\/\/www.facebook.com\/MetalPowerAnalytical\/","article_modified_time":"2025-10-26T18:56:58+00:00","og_image":[{"width":2172,"height":2172,"url":"https:\/\/www.metalpower.net\/wp-content\/uploads\/2025\/06\/cleansharp-4.png","type":"image\/png"}],"twitter_card":"summary_large_image","twitter_title":"CleanSharp - Metal Power","twitter_description":"Con\u00e7u pour optimiser \u00e0 la fois l'efficacit\u00e9 et la propret\u00e9 lors de l'entretien des spectrom\u00e8tres, CleanSharp repr\u00e9sente une alternative judicieuse aux outils de nettoyage des \u00e9lectrodes traditionnels.","twitter_image":"https:\/\/www.metalpower.net\/wp-content\/uploads\/2025\/06\/cleansharp-4.png","twitter_misc":{"Dur\u00e9e de lecture estim\u00e9e":"1 minute"},"schema":{"@context":"https:\/\/schema.org","@graph":[{"@type":"WebPage","@id":"https:\/\/www.metalpower.net\/fr\/products\/allied-equipment\/cleansharp\/","url":"https:\/\/www.metalpower.net\/fr\/products\/allied-equipment\/cleansharp\/","name":"CleanSharp - Metal Power","isPartOf":{"@id":"https:\/\/www.metalpower.net\/fr\/#website"},"primaryImageOfPage":{"@id":"https:\/\/www.metalpower.net\/fr\/products\/allied-equipment\/cleansharp\/#primaryimage"},"image":{"@id":"https:\/\/www.metalpower.net\/fr\/products\/allied-equipment\/cleansharp\/#primaryimage"},"thumbnailUrl":"https:\/\/www.metalpower.net\/wp-content\/uploads\/2025\/06\/Frame-2319.png","datePublished":"2025-06-22T17:07:24+00:00","dateModified":"2025-10-26T18:56:58+00:00","description":"Con\u00e7u pour optimiser \u00e0 la fois l'efficacit\u00e9 et la propret\u00e9 lors de l'entretien des spectrom\u00e8tres, CleanSharp repr\u00e9sente une alternative judicieuse aux outils de nettoyage des \u00e9lectrodes traditionnels.","breadcrumb":{"@id":"https:\/\/www.metalpower.net\/fr\/products\/allied-equipment\/cleansharp\/#breadcrumb"},"inLanguage":"fr-FR","potentialAction":[{"@type":"ReadAction","target":["https:\/\/www.metalpower.net\/fr\/products\/allied-equipment\/cleansharp\/"]}]},{"@type":"ImageObject","inLanguage":"fr-FR","@id":"https:\/\/www.metalpower.net\/fr\/products\/allied-equipment\/cleansharp\/#primaryimage","url":"https:\/\/www.metalpower.net\/wp-content\/uploads\/2025\/06\/Frame-2319.png","contentUrl":"https:\/\/www.metalpower.net\/wp-content\/uploads\/2025\/06\/Frame-2319.png","width":2416,"height":1513,"caption":"CleanSharp electrode cleaner\/sharpener device"},{"@type":"BreadcrumbList","@id":"https:\/\/www.metalpower.net\/fr\/products\/allied-equipment\/cleansharp\/#breadcrumb","itemListElement":[{"@type":"ListItem","position":1,"name":"Accueil","item":"https:\/\/www.metalpower.net\/fr\/"},{"@type":"ListItem","position":2,"name":"Products","item":"https:\/\/www.metalpower.net\/fr\/products\/%product_category%\/"},{"@type":"ListItem","position":3,"name":"CleanSharp"}]},{"@type":"WebSite","@id":"https:\/\/www.metalpower.net\/fr\/#website","url":"https:\/\/www.metalpower.net\/fr\/","name":"Metal Power","description":"","publisher":{"@id":"https:\/\/www.metalpower.net\/fr\/#organization"},"potentialAction":[{"@type":"SearchAction","target":{"@type":"EntryPoint","urlTemplate":"https:\/\/www.metalpower.net\/fr\/?s={search_term_string}"},"query-input":{"@type":"PropertyValueSpecification","valueRequired":true,"valueName":"search_term_string"}}],"inLanguage":"fr-FR"},{"@type":"Organization","@id":"https:\/\/www.metalpower.net\/fr\/#organization","name":"Metal Power Analytical","url":"https:\/\/www.metalpower.net\/fr\/","logo":{"@type":"ImageObject","inLanguage":"fr-FR","@id":"https:\/\/www.metalpower.net\/fr\/#\/schema\/logo\/image\/","url":"https:\/\/www.metalpower.net\/wp-content\/uploads\/2025\/07\/metal-power-logo.svg","contentUrl":"https:\/\/www.metalpower.net\/wp-content\/uploads\/2025\/07\/metal-power-logo.svg","width":112,"height":30,"caption":"Metal Power Analytical"},"image":{"@id":"https:\/\/www.metalpower.net\/fr\/#\/schema\/logo\/image\/"},"sameAs":["https:\/\/www.facebook.com\/MetalPowerAnalytical\/"]}]}},"_links":{"self":[{"href":"https:\/\/www.metalpower.net\/fr\/wp-json\/wp\/v2\/product\/10743","targetHints":{"allow":["GET"]}}],"collection":[{"href":"https:\/\/www.metalpower.net\/fr\/wp-json\/wp\/v2\/product"}],"about":[{"href":"https:\/\/www.metalpower.net\/fr\/wp-json\/wp\/v2\/types\/product"}],"wp:featuredmedia":[{"embeddable":true,"href":"https:\/\/www.metalpower.net\/fr\/wp-json\/wp\/v2\/media\/9232"}],"wp:attachment":[{"href":"https:\/\/www.metalpower.net\/fr\/wp-json\/wp\/v2\/media?parent=10743"}],"wp:term":[{"taxonomy":"product_category","embeddable":true,"href":"https:\/\/www.metalpower.net\/fr\/wp-json\/wp\/v2\/product_category?post=10743"}],"curies":[{"name":"wp","href":"https:\/\/api.w.org\/{rel}","templated":true}]}}