{"id":10742,"date":"2025-06-22T17:12:46","date_gmt":"2025-06-22T17:12:46","guid":{"rendered":"https:\/\/www.metalpower.net\/products\/%product_category%\/armoursafe\/"},"modified":"2025-10-26T18:56:36","modified_gmt":"2025-10-26T18:56:36","slug":"armoursafe","status":"publish","type":"product","link":"https:\/\/www.metalpower.net\/fr\/products\/allied-equipment\/armoursafe\/","title":{"rendered":"ArmourSafe"},"content":{"rendered":"<p>Un bo\u00eetier solide et r\u00e9sistant qui garde votre spectrom\u00e8tre en s\u00e9curit\u00e9, que ce soit sur le terrain ou dans un environnement industriel.<\/p>\n","protected":false},"featured_media":8832,"template":"","meta":{"_acf_changed":false,"inline_featured_image":false},"product_category":[78],"class_list":["post-10742","product","type-product","status-publish","has-post-thumbnail","hentry","product_category-allied-equipment"],"acf":[],"yoast_head":"<!-- This site is optimized with the Yoast SEO plugin v26.6 - https:\/\/yoast.com\/wordpress\/plugins\/seo\/ -->\n<title>ArmourSafe - Metal Power<\/title>\n<meta name=\"description\" content=\"ArmourSafe provides dependable safety for spectrometers in laboratories. Built to prevent electric, dust, and fume failure with durable performance.\" \/>\n<meta name=\"robots\" content=\"index, follow, max-snippet:-1, max-image-preview:large, max-video-preview:-1\" \/>\n<link rel=\"canonical\" href=\"https:\/\/www.metalpower.net\/fr\/products\/allied-equipment\/armoursafe\/\" \/>\n<meta property=\"og:locale\" content=\"fr_FR\" \/>\n<meta property=\"og:type\" content=\"article\" \/>\n<meta property=\"og:title\" content=\"ArmourSafe - Metal Power\" \/>\n<meta property=\"og:description\" content=\"ArmourSafe by Metal Power ensures safe spectrometer operations by detecting electrical faults\u2014surge, short circuits, over-voltage, and earth leakage\u2014protecting both instruments and operators.\" \/>\n<meta property=\"og:url\" content=\"https:\/\/www.metalpower.net\/fr\/products\/allied-equipment\/armoursafe\/\" \/>\n<meta property=\"og:site_name\" content=\"Metal Power\" \/>\n<meta property=\"article:publisher\" content=\"https:\/\/www.facebook.com\/MetalPowerAnalytical\/\" \/>\n<meta property=\"article:modified_time\" content=\"2025-10-26T18:56:36+00:00\" \/>\n<meta property=\"og:image\" content=\"https:\/\/www.metalpower.net\/wp-content\/uploads\/2025\/06\/armoursafe-1-1024x893.png\" \/>\n<meta name=\"twitter:card\" content=\"summary_large_image\" \/>\n<meta name=\"twitter:title\" content=\"ArmourSafe - Metal Power\" \/>\n<meta name=\"twitter:description\" content=\"ArmourSafe safeguards spectrometer labs from electrical issues\u2014surges, shorts, and voltage anomalies\u2014ensuring uninterrupted, safe metal analysis.\" \/>\n<meta name=\"twitter:image\" content=\"https:\/\/www.metalpower.net\/wp-content\/uploads\/2025\/06\/armoursafe-1-1024x893.png\" \/>\n<meta name=\"twitter:label1\" content=\"Dur\u00e9e de lecture estim\u00e9e\" \/>\n\t<meta name=\"twitter:data1\" content=\"1 minute\" \/>\n<!-- \/ Yoast SEO plugin. -->","yoast_head_json":{"title":"ArmourSafe - Metal Power","description":"ArmourSafe provides dependable safety for spectrometers in laboratories. Built to prevent electric, dust, and fume failure with durable performance.","robots":{"index":"index","follow":"follow","max-snippet":"max-snippet:-1","max-image-preview":"max-image-preview:large","max-video-preview":"max-video-preview:-1"},"canonical":"https:\/\/www.metalpower.net\/fr\/products\/allied-equipment\/armoursafe\/","og_locale":"fr_FR","og_type":"article","og_title":"ArmourSafe - Metal Power","og_description":"ArmourSafe by Metal Power ensures safe spectrometer operations by detecting electrical faults\u2014surge, short circuits, over-voltage, and earth leakage\u2014protecting both instruments and operators.","og_url":"https:\/\/www.metalpower.net\/fr\/products\/allied-equipment\/armoursafe\/","og_site_name":"Metal Power","article_publisher":"https:\/\/www.facebook.com\/MetalPowerAnalytical\/","article_modified_time":"2025-10-26T18:56:36+00:00","og_image":[{"url":"https:\/\/www.metalpower.net\/wp-content\/uploads\/2025\/06\/armoursafe-1-1024x893.png","type":"","width":"","height":""}],"twitter_card":"summary_large_image","twitter_title":"ArmourSafe - Metal Power","twitter_description":"ArmourSafe safeguards spectrometer labs from electrical issues\u2014surges, shorts, and voltage anomalies\u2014ensuring uninterrupted, safe metal analysis.","twitter_image":"https:\/\/www.metalpower.net\/wp-content\/uploads\/2025\/06\/armoursafe-1-1024x893.png","twitter_misc":{"Dur\u00e9e de lecture estim\u00e9e":"1 minute"},"schema":{"@context":"https:\/\/schema.org","@graph":[{"@type":"WebPage","@id":"https:\/\/www.metalpower.net\/fr\/products\/allied-equipment\/armoursafe\/","url":"https:\/\/www.metalpower.net\/fr\/products\/allied-equipment\/armoursafe\/","name":"ArmourSafe - Metal Power","isPartOf":{"@id":"https:\/\/www.metalpower.net\/fr\/#website"},"primaryImageOfPage":{"@id":"https:\/\/www.metalpower.net\/fr\/products\/allied-equipment\/armoursafe\/#primaryimage"},"image":{"@id":"https:\/\/www.metalpower.net\/fr\/products\/allied-equipment\/armoursafe\/#primaryimage"},"thumbnailUrl":"https:\/\/www.metalpower.net\/wp-content\/uploads\/2025\/06\/armoursafe.png","datePublished":"2025-06-22T17:12:46+00:00","dateModified":"2025-10-26T18:56:36+00:00","description":"ArmourSafe provides dependable safety for spectrometers in laboratories. Built to prevent electric, dust, and fume failure with durable performance.","breadcrumb":{"@id":"https:\/\/www.metalpower.net\/fr\/products\/allied-equipment\/armoursafe\/#breadcrumb"},"inLanguage":"fr-FR","potentialAction":[{"@type":"ReadAction","target":["https:\/\/www.metalpower.net\/fr\/products\/allied-equipment\/armoursafe\/"]}]},{"@type":"ImageObject","inLanguage":"fr-FR","@id":"https:\/\/www.metalpower.net\/fr\/products\/allied-equipment\/armoursafe\/#primaryimage","url":"https:\/\/www.metalpower.net\/wp-content\/uploads\/2025\/06\/armoursafe.png","contentUrl":"https:\/\/www.metalpower.net\/wp-content\/uploads\/2025\/06\/armoursafe.png","width":2416,"height":1512,"caption":"ArmourSafe rugged protection device for industrial and on-site spectrometer use"},{"@type":"BreadcrumbList","@id":"https:\/\/www.metalpower.net\/fr\/products\/allied-equipment\/armoursafe\/#breadcrumb","itemListElement":[{"@type":"ListItem","position":1,"name":"Accueil","item":"https:\/\/www.metalpower.net\/fr\/"},{"@type":"ListItem","position":2,"name":"Products","item":"https:\/\/www.metalpower.net\/fr\/products\/%product_category%\/"},{"@type":"ListItem","position":3,"name":"ArmourSafe"}]},{"@type":"WebSite","@id":"https:\/\/www.metalpower.net\/fr\/#website","url":"https:\/\/www.metalpower.net\/fr\/","name":"Metal Power","description":"","publisher":{"@id":"https:\/\/www.metalpower.net\/fr\/#organization"},"potentialAction":[{"@type":"SearchAction","target":{"@type":"EntryPoint","urlTemplate":"https:\/\/www.metalpower.net\/fr\/?s={search_term_string}"},"query-input":{"@type":"PropertyValueSpecification","valueRequired":true,"valueName":"search_term_string"}}],"inLanguage":"fr-FR"},{"@type":"Organization","@id":"https:\/\/www.metalpower.net\/fr\/#organization","name":"Metal Power Analytical","url":"https:\/\/www.metalpower.net\/fr\/","logo":{"@type":"ImageObject","inLanguage":"fr-FR","@id":"https:\/\/www.metalpower.net\/fr\/#\/schema\/logo\/image\/","url":"https:\/\/www.metalpower.net\/wp-content\/uploads\/2025\/07\/metal-power-logo.svg","contentUrl":"https:\/\/www.metalpower.net\/wp-content\/uploads\/2025\/07\/metal-power-logo.svg","width":112,"height":30,"caption":"Metal Power Analytical"},"image":{"@id":"https:\/\/www.metalpower.net\/fr\/#\/schema\/logo\/image\/"},"sameAs":["https:\/\/www.facebook.com\/MetalPowerAnalytical\/"]}]}},"_links":{"self":[{"href":"https:\/\/www.metalpower.net\/fr\/wp-json\/wp\/v2\/product\/10742","targetHints":{"allow":["GET"]}}],"collection":[{"href":"https:\/\/www.metalpower.net\/fr\/wp-json\/wp\/v2\/product"}],"about":[{"href":"https:\/\/www.metalpower.net\/fr\/wp-json\/wp\/v2\/types\/product"}],"wp:featuredmedia":[{"embeddable":true,"href":"https:\/\/www.metalpower.net\/fr\/wp-json\/wp\/v2\/media\/8832"}],"wp:attachment":[{"href":"https:\/\/www.metalpower.net\/fr\/wp-json\/wp\/v2\/media?parent=10742"}],"wp:term":[{"taxonomy":"product_category","embeddable":true,"href":"https:\/\/www.metalpower.net\/fr\/wp-json\/wp\/v2\/product_category?post=10742"}],"curies":[{"name":"wp","href":"https:\/\/api.w.org\/{rel}","templated":true}]}}