{"id":10741,"date":"2025-06-22T17:25:59","date_gmt":"2025-06-22T17:25:59","guid":{"rendered":"https:\/\/www.metalpower.net\/products\/%product_category%\/machine-de-preparation-dechantillons-3en1\/"},"modified":"2025-11-05T19:03:02","modified_gmt":"2025-11-05T19:03:02","slug":"3in1","status":"publish","type":"product","link":"https:\/\/www.metalpower.net\/fr\/products\/allied-equipment\/3in1\/","title":{"rendered":"3in1 AFVS Sample Preparation Machine"},"content":{"rendered":"<p>Syst\u00e8me de meulage et de polissage robuste qui assure des \u00e9chantillons propres et plats, parfaits pour des essais d&rsquo;\u00e9tincelage pr\u00e9cis et reproductibles.<\/p>\n","protected":false},"featured_media":11012,"template":"","meta":{"_acf_changed":false,"inline_featured_image":false},"product_category":[78],"class_list":["post-10741","product","type-product","status-publish","has-post-thumbnail","hentry","product_category-allied-equipment"],"acf":[],"yoast_head":"<!-- This site is optimized with the Yoast SEO plugin v26.6 - https:\/\/yoast.com\/wordpress\/plugins\/seo\/ -->\n<title>3 en 1 - Metal Power<\/title>\n<meta name=\"description\" content=\"D\u00e9couvrez la machine de pr\u00e9paration d&#039;\u00e9chantillons 3 en 1 AFVS - meulage, tournage et aff\u00fbtage des \u00e9lectrodes pour des surfaces d&#039;\u00e9chantillons impeccables et de qualit\u00e9 laboratoire.\" \/>\n<meta name=\"robots\" content=\"index, follow, max-snippet:-1, max-image-preview:large, max-video-preview:-1\" \/>\n<link rel=\"canonical\" href=\"https:\/\/www.metalpower.net\/fr\/products\/allied-equipment\/3in1\/\" \/>\n<meta property=\"og:locale\" content=\"fr_FR\" \/>\n<meta property=\"og:type\" content=\"article\" \/>\n<meta property=\"og:title\" content=\"3 en 1 - Metal Power\" \/>\n<meta property=\"og:description\" content=\"D\u00e9couvrez la machine de pr\u00e9paration d&#039;\u00e9chantillons 3 en 1 AFVS - meulage, tournage et aff\u00fbtage des \u00e9lectrodes pour des surfaces d&#039;\u00e9chantillons impeccables et de qualit\u00e9 laboratoire.\" \/>\n<meta property=\"og:url\" content=\"https:\/\/www.metalpower.net\/fr\/products\/allied-equipment\/3in1\/\" \/>\n<meta property=\"og:site_name\" content=\"Metal Power\" \/>\n<meta property=\"article:publisher\" content=\"https:\/\/www.facebook.com\/MetalPowerAnalytical\/\" \/>\n<meta property=\"article:modified_time\" content=\"2025-11-05T19:03:02+00:00\" \/>\n<meta property=\"og:image\" content=\"https:\/\/www.metalpower.net\/wp-content\/uploads\/2025\/06\/3in1-5.png\" \/>\n\t<meta property=\"og:image:width\" content=\"2416\" \/>\n\t<meta property=\"og:image:height\" content=\"1513\" \/>\n\t<meta property=\"og:image:type\" content=\"image\/png\" \/>\n<meta name=\"twitter:card\" content=\"summary_large_image\" \/>\n<meta name=\"twitter:title\" content=\"3 en 1 - Metal Power\" \/>\n<meta name=\"twitter:description\" content=\"D\u00e9couvrez la machine de pr\u00e9paration d&#039;\u00e9chantillons 3 en 1 AFVS - meulage, tournage et aff\u00fbtage des \u00e9lectrodes pour des surfaces d&#039;\u00e9chantillons impeccables et de qualit\u00e9 laboratoire.\" \/>\n<meta name=\"twitter:image\" content=\"https:\/\/www.metalpower.net\/wp-content\/uploads\/2025\/06\/3in1-5.png\" \/>\n<meta name=\"twitter:label1\" content=\"Dur\u00e9e de lecture estim\u00e9e\" \/>\n\t<meta name=\"twitter:data1\" content=\"1 minute\" \/>\n<!-- \/ Yoast SEO plugin. -->","yoast_head_json":{"title":"3 en 1 - Metal Power","description":"D\u00e9couvrez la machine de pr\u00e9paration d'\u00e9chantillons 3 en 1 AFVS - meulage, tournage et aff\u00fbtage des \u00e9lectrodes pour des surfaces d'\u00e9chantillons impeccables et de qualit\u00e9 laboratoire.","robots":{"index":"index","follow":"follow","max-snippet":"max-snippet:-1","max-image-preview":"max-image-preview:large","max-video-preview":"max-video-preview:-1"},"canonical":"https:\/\/www.metalpower.net\/fr\/products\/allied-equipment\/3in1\/","og_locale":"fr_FR","og_type":"article","og_title":"3 en 1 - Metal Power","og_description":"D\u00e9couvrez la machine de pr\u00e9paration d'\u00e9chantillons 3 en 1 AFVS - meulage, tournage et aff\u00fbtage des \u00e9lectrodes pour des surfaces d'\u00e9chantillons impeccables et de qualit\u00e9 laboratoire.","og_url":"https:\/\/www.metalpower.net\/fr\/products\/allied-equipment\/3in1\/","og_site_name":"Metal Power","article_publisher":"https:\/\/www.facebook.com\/MetalPowerAnalytical\/","article_modified_time":"2025-11-05T19:03:02+00:00","og_image":[{"width":2416,"height":1513,"url":"https:\/\/www.metalpower.net\/wp-content\/uploads\/2025\/06\/3in1-5.png","type":"image\/png"}],"twitter_card":"summary_large_image","twitter_title":"3 en 1 - Metal Power","twitter_description":"D\u00e9couvrez la machine de pr\u00e9paration d'\u00e9chantillons 3 en 1 AFVS - meulage, tournage et aff\u00fbtage des \u00e9lectrodes pour des surfaces d'\u00e9chantillons impeccables et de qualit\u00e9 laboratoire.","twitter_image":"https:\/\/www.metalpower.net\/wp-content\/uploads\/2025\/06\/3in1-5.png","twitter_misc":{"Dur\u00e9e de lecture estim\u00e9e":"1 minute"},"schema":{"@context":"https:\/\/schema.org","@graph":[{"@type":"WebPage","@id":"https:\/\/www.metalpower.net\/fr\/products\/allied-equipment\/3in1\/","url":"https:\/\/www.metalpower.net\/fr\/products\/allied-equipment\/3in1\/","name":"3 en 1 - Metal Power","isPartOf":{"@id":"https:\/\/www.metalpower.net\/fr\/#website"},"primaryImageOfPage":{"@id":"https:\/\/www.metalpower.net\/fr\/products\/allied-equipment\/3in1\/#primaryimage"},"image":{"@id":"https:\/\/www.metalpower.net\/fr\/products\/allied-equipment\/3in1\/#primaryimage"},"thumbnailUrl":"https:\/\/www.metalpower.net\/wp-content\/uploads\/2025\/06\/allied-equipments-featured.png","datePublished":"2025-06-22T17:25:59+00:00","dateModified":"2025-11-05T19:03:02+00:00","description":"D\u00e9couvrez la machine de pr\u00e9paration d'\u00e9chantillons 3 en 1 AFVS - meulage, tournage et aff\u00fbtage des \u00e9lectrodes pour des surfaces d'\u00e9chantillons impeccables et de qualit\u00e9 laboratoire.","breadcrumb":{"@id":"https:\/\/www.metalpower.net\/fr\/products\/allied-equipment\/3in1\/#breadcrumb"},"inLanguage":"fr-FR","potentialAction":[{"@type":"ReadAction","target":["https:\/\/www.metalpower.net\/fr\/products\/allied-equipment\/3in1\/"]}]},{"@type":"ImageObject","inLanguage":"fr-FR","@id":"https:\/\/www.metalpower.net\/fr\/products\/allied-equipment\/3in1\/#primaryimage","url":"https:\/\/www.metalpower.net\/wp-content\/uploads\/2025\/06\/allied-equipments-featured.png","contentUrl":"https:\/\/www.metalpower.net\/wp-content\/uploads\/2025\/06\/allied-equipments-featured.png","width":2416,"height":1513,"caption":"3in1 grinding and polishing machine for sample preparation in spark testing"},{"@type":"BreadcrumbList","@id":"https:\/\/www.metalpower.net\/fr\/products\/allied-equipment\/3in1\/#breadcrumb","itemListElement":[{"@type":"ListItem","position":1,"name":"Accueil","item":"https:\/\/www.metalpower.net\/fr\/"},{"@type":"ListItem","position":2,"name":"Products","item":"https:\/\/www.metalpower.net\/fr\/products\/%product_category%\/"},{"@type":"ListItem","position":3,"name":"3in1 AFVS Sample Preparation Machine"}]},{"@type":"WebSite","@id":"https:\/\/www.metalpower.net\/fr\/#website","url":"https:\/\/www.metalpower.net\/fr\/","name":"Metal Power","description":"","publisher":{"@id":"https:\/\/www.metalpower.net\/fr\/#organization"},"potentialAction":[{"@type":"SearchAction","target":{"@type":"EntryPoint","urlTemplate":"https:\/\/www.metalpower.net\/fr\/?s={search_term_string}"},"query-input":{"@type":"PropertyValueSpecification","valueRequired":true,"valueName":"search_term_string"}}],"inLanguage":"fr-FR"},{"@type":"Organization","@id":"https:\/\/www.metalpower.net\/fr\/#organization","name":"Metal Power Analytical","url":"https:\/\/www.metalpower.net\/fr\/","logo":{"@type":"ImageObject","inLanguage":"fr-FR","@id":"https:\/\/www.metalpower.net\/fr\/#\/schema\/logo\/image\/","url":"https:\/\/www.metalpower.net\/wp-content\/uploads\/2025\/07\/metal-power-logo.svg","contentUrl":"https:\/\/www.metalpower.net\/wp-content\/uploads\/2025\/07\/metal-power-logo.svg","width":112,"height":30,"caption":"Metal Power Analytical"},"image":{"@id":"https:\/\/www.metalpower.net\/fr\/#\/schema\/logo\/image\/"},"sameAs":["https:\/\/www.facebook.com\/MetalPowerAnalytical\/"]}]}},"_links":{"self":[{"href":"https:\/\/www.metalpower.net\/fr\/wp-json\/wp\/v2\/product\/10741","targetHints":{"allow":["GET"]}}],"collection":[{"href":"https:\/\/www.metalpower.net\/fr\/wp-json\/wp\/v2\/product"}],"about":[{"href":"https:\/\/www.metalpower.net\/fr\/wp-json\/wp\/v2\/types\/product"}],"wp:featuredmedia":[{"embeddable":true,"href":"https:\/\/www.metalpower.net\/fr\/wp-json\/wp\/v2\/media\/11012"}],"wp:attachment":[{"href":"https:\/\/www.metalpower.net\/fr\/wp-json\/wp\/v2\/media?parent=10741"}],"wp:term":[{"taxonomy":"product_category","embeddable":true,"href":"https:\/\/www.metalpower.net\/fr\/wp-json\/wp\/v2\/product_category?post=10741"}],"curies":[{"name":"wp","href":"https:\/\/api.w.org\/{rel}","templated":true}]}}