{"id":10739,"date":"2025-04-20T17:36:47","date_gmt":"2025-04-20T17:36:47","guid":{"rendered":"https:\/\/www.metalpower.net\/products\/%product_category%\/metavision-rx\/"},"modified":"2026-01-23T07:26:57","modified_gmt":"2026-01-23T07:26:57","slug":"metavision-rx","status":"publish","type":"product","link":"https:\/\/www.metalpower.net\/fr\/products\/rde-oes\/metavision-rx\/","title":{"rendered":"Metavision-RX"},"content":{"rendered":"<p>Analysez 33 \u00e9l\u00e9ments en moins de 30 secondes avec des limites inf\u00e9rieures \u00e0 1 ppm pour le suivi des conditions, et obtenez des informations pr\u00e9cises sur les performances des moteurs et des machines.<\/p>\n","protected":false},"featured_media":10434,"template":"","meta":{"_acf_changed":false,"inline_featured_image":false},"product_category":[77],"class_list":["post-10739","product","type-product","status-publish","has-post-thumbnail","hentry","product_category-rde-oes"],"acf":[],"yoast_head":"<!-- This site is optimized with the Yoast SEO plugin v26.6 - https:\/\/yoast.com\/wordpress\/plugins\/seo\/ -->\n<title>Metavision RX - Metal Power<\/title>\n<meta name=\"description\" content=\"Le RDE OES pour l&#039;analyse des huiles et lubrifiants de Metal Power optimise vos tests et analyses gr\u00e2ce \u00e0 sa technologie de pointe et \u00e0 ses r\u00e9sultats fiables. Le syst\u00e8me RDE-OES de Metalpower pour l&#039;analyse des huiles et lubrifiants optimise vos tests et analyses pour identifier et quantifier les impuret\u00e9s pr\u00e9sentes dans les \u00e9chantillons d&#039;huile.\" \/>\n<meta name=\"robots\" content=\"index, follow, max-snippet:-1, max-image-preview:large, max-video-preview:-1\" \/>\n<link rel=\"canonical\" href=\"https:\/\/www.metalpower.net\/fr\/products\/rde-oes\/metavision-rx\/\" \/>\n<meta property=\"og:locale\" content=\"fr_FR\" \/>\n<meta property=\"og:type\" content=\"article\" \/>\n<meta property=\"og:title\" content=\"Metavision RX - Metal Power\" \/>\n<meta property=\"og:description\" content=\"Le RDE OES pour l&#039;analyse des huiles et lubrifiants de Metal Power optimise vos tests et analyses gr\u00e2ce \u00e0 sa technologie de pointe et \u00e0 ses r\u00e9sultats fiables. Le syst\u00e8me RDE-OES de Metalpower pour l&#039;analyse des huiles et lubrifiants optimise vos tests et analyses pour identifier et quantifier les impuret\u00e9s pr\u00e9sentes dans les \u00e9chantillons d&#039;huile.\" \/>\n<meta property=\"og:url\" content=\"https:\/\/www.metalpower.net\/fr\/products\/rde-oes\/metavision-rx\/\" \/>\n<meta property=\"og:site_name\" content=\"Metal Power\" \/>\n<meta property=\"article:publisher\" content=\"https:\/\/www.facebook.com\/MetalPowerAnalytical\/\" \/>\n<meta property=\"article:modified_time\" content=\"2026-01-23T07:26:57+00:00\" \/>\n<meta property=\"og:image\" content=\"https:\/\/www.metalpower.net\/wp-content\/uploads\/2025\/08\/metavision-rx-1024x626.png\" \/>\n<meta name=\"twitter:card\" content=\"summary_large_image\" \/>\n<meta name=\"twitter:title\" content=\"Metavision RX - Metal Power\" \/>\n<meta name=\"twitter:description\" content=\"Le RDE OES pour l&#039;analyse des huiles et lubrifiants de Metal Power optimise vos tests et analyses gr\u00e2ce \u00e0 sa technologie de pointe et \u00e0 ses r\u00e9sultats fiables. Le syst\u00e8me RDE-OES de Metalpower pour l&#039;analyse des huiles et lubrifiants optimise vos tests et analyses pour identifier et quantifier les impuret\u00e9s pr\u00e9sentes dans les \u00e9chantillons d&#039;huile.\" \/>\n<meta name=\"twitter:image\" content=\"https:\/\/www.metalpower.net\/wp-content\/uploads\/2025\/08\/metavision-rx-1024x626.png\" \/>\n<meta name=\"twitter:label1\" content=\"Dur\u00e9e de lecture estim\u00e9e\" \/>\n\t<meta name=\"twitter:data1\" content=\"1 minute\" \/>\n<!-- \/ Yoast SEO plugin. -->","yoast_head_json":{"title":"Metavision RX - Metal Power","description":"Le RDE OES pour l'analyse des huiles et lubrifiants de Metal Power optimise vos tests et analyses gr\u00e2ce \u00e0 sa technologie de pointe et \u00e0 ses r\u00e9sultats fiables. Le syst\u00e8me RDE-OES de Metalpower pour l'analyse des huiles et lubrifiants optimise vos tests et analyses pour identifier et quantifier les impuret\u00e9s pr\u00e9sentes dans les \u00e9chantillons d'huile.","robots":{"index":"index","follow":"follow","max-snippet":"max-snippet:-1","max-image-preview":"max-image-preview:large","max-video-preview":"max-video-preview:-1"},"canonical":"https:\/\/www.metalpower.net\/fr\/products\/rde-oes\/metavision-rx\/","og_locale":"fr_FR","og_type":"article","og_title":"Metavision RX - Metal Power","og_description":"Le RDE OES pour l'analyse des huiles et lubrifiants de Metal Power optimise vos tests et analyses gr\u00e2ce \u00e0 sa technologie de pointe et \u00e0 ses r\u00e9sultats fiables. Le syst\u00e8me RDE-OES de Metalpower pour l'analyse des huiles et lubrifiants optimise vos tests et analyses pour identifier et quantifier les impuret\u00e9s pr\u00e9sentes dans les \u00e9chantillons d'huile.","og_url":"https:\/\/www.metalpower.net\/fr\/products\/rde-oes\/metavision-rx\/","og_site_name":"Metal Power","article_publisher":"https:\/\/www.facebook.com\/MetalPowerAnalytical\/","article_modified_time":"2026-01-23T07:26:57+00:00","og_image":[{"url":"https:\/\/www.metalpower.net\/wp-content\/uploads\/2025\/08\/metavision-rx-1024x626.png","type":"","width":"","height":""}],"twitter_card":"summary_large_image","twitter_title":"Metavision RX - Metal Power","twitter_description":"Le RDE OES pour l'analyse des huiles et lubrifiants de Metal Power optimise vos tests et analyses gr\u00e2ce \u00e0 sa technologie de pointe et \u00e0 ses r\u00e9sultats fiables. Le syst\u00e8me RDE-OES de Metalpower pour l'analyse des huiles et lubrifiants optimise vos tests et analyses pour identifier et quantifier les impuret\u00e9s pr\u00e9sentes dans les \u00e9chantillons d'huile.","twitter_image":"https:\/\/www.metalpower.net\/wp-content\/uploads\/2025\/08\/metavision-rx-1024x626.png","twitter_misc":{"Dur\u00e9e de lecture estim\u00e9e":"1 minute"},"schema":{"@context":"https:\/\/schema.org","@graph":[{"@type":"WebPage","@id":"https:\/\/www.metalpower.net\/fr\/products\/rde-oes\/metavision-rx\/","url":"https:\/\/www.metalpower.net\/fr\/products\/rde-oes\/metavision-rx\/","name":"Metavision RX - Metal Power","isPartOf":{"@id":"https:\/\/www.metalpower.net\/fr\/#website"},"primaryImageOfPage":{"@id":"https:\/\/www.metalpower.net\/fr\/products\/rde-oes\/metavision-rx\/#primaryimage"},"image":{"@id":"https:\/\/www.metalpower.net\/fr\/products\/rde-oes\/metavision-rx\/#primaryimage"},"thumbnailUrl":"https:\/\/www.metalpower.net\/wp-content\/uploads\/2025\/04\/metavision-rx-6.png","datePublished":"2025-04-20T17:36:47+00:00","dateModified":"2026-01-23T07:26:57+00:00","description":"Le RDE OES pour l'analyse des huiles et lubrifiants de Metal Power optimise vos tests et analyses gr\u00e2ce \u00e0 sa technologie de pointe et \u00e0 ses r\u00e9sultats fiables. Le syst\u00e8me RDE-OES de Metalpower pour l'analyse des huiles et lubrifiants optimise vos tests et analyses pour identifier et quantifier les impuret\u00e9s pr\u00e9sentes dans les \u00e9chantillons d'huile.","breadcrumb":{"@id":"https:\/\/www.metalpower.net\/fr\/products\/rde-oes\/metavision-rx\/#breadcrumb"},"inLanguage":"fr-FR","potentialAction":[{"@type":"ReadAction","target":["https:\/\/www.metalpower.net\/fr\/products\/rde-oes\/metavision-rx\/"]}]},{"@type":"ImageObject","inLanguage":"fr-FR","@id":"https:\/\/www.metalpower.net\/fr\/products\/rde-oes\/metavision-rx\/#primaryimage","url":"https:\/\/www.metalpower.net\/wp-content\/uploads\/2025\/04\/metavision-rx-6.png","contentUrl":"https:\/\/www.metalpower.net\/wp-content\/uploads\/2025\/04\/metavision-rx-6.png","width":1060,"height":1176,"caption":"Metavision-RX"},{"@type":"BreadcrumbList","@id":"https:\/\/www.metalpower.net\/fr\/products\/rde-oes\/metavision-rx\/#breadcrumb","itemListElement":[{"@type":"ListItem","position":1,"name":"Accueil","item":"https:\/\/www.metalpower.net\/fr\/"},{"@type":"ListItem","position":2,"name":"Products","item":"https:\/\/www.metalpower.net\/fr\/products\/%product_category%\/"},{"@type":"ListItem","position":3,"name":"Metavision-RX"}]},{"@type":"WebSite","@id":"https:\/\/www.metalpower.net\/fr\/#website","url":"https:\/\/www.metalpower.net\/fr\/","name":"Metal Power","description":"","publisher":{"@id":"https:\/\/www.metalpower.net\/fr\/#organization"},"potentialAction":[{"@type":"SearchAction","target":{"@type":"EntryPoint","urlTemplate":"https:\/\/www.metalpower.net\/fr\/?s={search_term_string}"},"query-input":{"@type":"PropertyValueSpecification","valueRequired":true,"valueName":"search_term_string"}}],"inLanguage":"fr-FR"},{"@type":"Organization","@id":"https:\/\/www.metalpower.net\/fr\/#organization","name":"Metal Power Analytical","url":"https:\/\/www.metalpower.net\/fr\/","logo":{"@type":"ImageObject","inLanguage":"fr-FR","@id":"https:\/\/www.metalpower.net\/fr\/#\/schema\/logo\/image\/","url":"https:\/\/www.metalpower.net\/wp-content\/uploads\/2025\/07\/metal-power-logo.svg","contentUrl":"https:\/\/www.metalpower.net\/wp-content\/uploads\/2025\/07\/metal-power-logo.svg","width":112,"height":30,"caption":"Metal Power Analytical"},"image":{"@id":"https:\/\/www.metalpower.net\/fr\/#\/schema\/logo\/image\/"},"sameAs":["https:\/\/www.facebook.com\/MetalPowerAnalytical\/"]}]}},"_links":{"self":[{"href":"https:\/\/www.metalpower.net\/fr\/wp-json\/wp\/v2\/product\/10739","targetHints":{"allow":["GET"]}}],"collection":[{"href":"https:\/\/www.metalpower.net\/fr\/wp-json\/wp\/v2\/product"}],"about":[{"href":"https:\/\/www.metalpower.net\/fr\/wp-json\/wp\/v2\/types\/product"}],"wp:featuredmedia":[{"embeddable":true,"href":"https:\/\/www.metalpower.net\/fr\/wp-json\/wp\/v2\/media\/10434"}],"wp:attachment":[{"href":"https:\/\/www.metalpower.net\/fr\/wp-json\/wp\/v2\/media?parent=10739"}],"wp:term":[{"taxonomy":"product_category","embeddable":true,"href":"https:\/\/www.metalpower.net\/fr\/wp-json\/wp\/v2\/product_category?post=10739"}],"curies":[{"name":"wp","href":"https:\/\/api.w.org\/{rel}","templated":true}]}}