{"id":10737,"date":"2025-04-20T17:23:40","date_gmt":"2025-04-20T17:23:40","guid":{"rendered":"https:\/\/www.metalpower.net\/products\/%product_category%\/metavision-mx\/"},"modified":"2025-12-22T17:39:16","modified_gmt":"2025-12-22T17:39:16","slug":"metavision-mx","status":"publish","type":"product","link":"https:\/\/www.metalpower.net\/fr\/products\/oes-mobile\/metavision-mx\/","title":{"rendered":"Metavision-MX"},"content":{"rendered":"<p>Un instrument d\u2019analyse compact et mobile, avec des fonctionnalit\u00e9s d\u2019analyse compl\u00e8tes et positive d\u2019identification des mat\u00e9riaux (PMI), un niveau \u00e9lev\u00e9 de r\u00e9sistance \u00e0 la mobilit\u00e9 et de l\u2019autonomie de la batterie prolong\u00e9e. L\u2019instrument est aussi \u00e9conomique.<\/p>\n","protected":false},"featured_media":9718,"template":"","meta":{"_acf_changed":false,"inline_featured_image":false},"product_category":[76],"class_list":["post-10737","product","type-product","status-publish","has-post-thumbnail","hentry","product_category-oes-mobile"],"acf":[],"yoast_head":"<!-- This site is optimized with the Yoast SEO plugin v26.6 - https:\/\/yoast.com\/wordpress\/plugins\/seo\/ -->\n<title>Metavision MX- Metal Power<\/title>\n<meta name=\"description\" content=\"Metavision-MX est un OES mobile multi-CMOS dot\u00e9 d&#039;une identification positive des mat\u00e9riaux (PMI) et tri pour l&#039;analyse \u00e9l\u00e9mentaire dans les op\u00e9rations industrielles mobiles.\" \/>\n<meta name=\"robots\" content=\"index, follow, max-snippet:-1, max-image-preview:large, max-video-preview:-1\" \/>\n<link rel=\"canonical\" href=\"https:\/\/www.metalpower.net\/fr\/products\/oes-mobile\/metavision-mx\/\" \/>\n<meta property=\"og:locale\" content=\"fr_FR\" \/>\n<meta property=\"og:type\" content=\"article\" \/>\n<meta property=\"og:title\" content=\"Metavision MX- Metal Power\" \/>\n<meta property=\"og:description\" content=\"Metavision-MX est un OES mobile multi-CMOS dot\u00e9 d&#039;une identification positive des mat\u00e9riaux (PMI) et tri pour l&#039;analyse \u00e9l\u00e9mentaire dans les op\u00e9rations industrielles mobiles.\" \/>\n<meta property=\"og:url\" content=\"https:\/\/www.metalpower.net\/fr\/products\/oes-mobile\/metavision-mx\/\" \/>\n<meta property=\"og:site_name\" content=\"Metal Power\" \/>\n<meta property=\"article:publisher\" content=\"https:\/\/www.facebook.com\/MetalPowerAnalytical\/\" \/>\n<meta property=\"article:modified_time\" content=\"2025-12-22T17:39:16+00:00\" \/>\n<meta property=\"og:image\" content=\"https:\/\/www.metalpower.net\/wp-content\/uploads\/2025\/04\/metavision-mx-space-grey-2-2-1024x913.png\" \/>\n<meta name=\"twitter:card\" content=\"summary_large_image\" \/>\n<meta name=\"twitter:title\" content=\"Metavision MX- Metal Power\" \/>\n<meta name=\"twitter:description\" content=\"Metavision-MX est un OES mobile multi-CMOS dot\u00e9 d&#039;une identification positive des mat\u00e9riaux (PMI) et tri pour l&#039;analyse \u00e9l\u00e9mentaire dans les op\u00e9rations industrielles mobiles.\" \/>\n<meta name=\"twitter:image\" content=\"https:\/\/www.metalpower.net\/wp-content\/uploads\/2025\/04\/metavision-mx-space-grey-2-2-1024x913.png\" \/>\n<meta name=\"twitter:label1\" content=\"Dur\u00e9e de lecture estim\u00e9e\" \/>\n\t<meta name=\"twitter:data1\" content=\"1 minute\" \/>\n<!-- \/ Yoast SEO plugin. -->","yoast_head_json":{"title":"Metavision MX- Metal Power","description":"Metavision-MX est un OES mobile multi-CMOS dot\u00e9 d'une identification positive des mat\u00e9riaux (PMI) et tri pour l'analyse \u00e9l\u00e9mentaire dans les op\u00e9rations industrielles mobiles.","robots":{"index":"index","follow":"follow","max-snippet":"max-snippet:-1","max-image-preview":"max-image-preview:large","max-video-preview":"max-video-preview:-1"},"canonical":"https:\/\/www.metalpower.net\/fr\/products\/oes-mobile\/metavision-mx\/","og_locale":"fr_FR","og_type":"article","og_title":"Metavision MX- Metal Power","og_description":"Metavision-MX est un OES mobile multi-CMOS dot\u00e9 d'une identification positive des mat\u00e9riaux (PMI) et tri pour l'analyse \u00e9l\u00e9mentaire dans les op\u00e9rations industrielles mobiles.","og_url":"https:\/\/www.metalpower.net\/fr\/products\/oes-mobile\/metavision-mx\/","og_site_name":"Metal Power","article_publisher":"https:\/\/www.facebook.com\/MetalPowerAnalytical\/","article_modified_time":"2025-12-22T17:39:16+00:00","og_image":[{"url":"https:\/\/www.metalpower.net\/wp-content\/uploads\/2025\/04\/metavision-mx-space-grey-2-2-1024x913.png","type":"","width":"","height":""}],"twitter_card":"summary_large_image","twitter_title":"Metavision MX- Metal Power","twitter_description":"Metavision-MX est un OES mobile multi-CMOS dot\u00e9 d'une identification positive des mat\u00e9riaux (PMI) et tri pour l'analyse \u00e9l\u00e9mentaire dans les op\u00e9rations industrielles mobiles.","twitter_image":"https:\/\/www.metalpower.net\/wp-content\/uploads\/2025\/04\/metavision-mx-space-grey-2-2-1024x913.png","twitter_misc":{"Dur\u00e9e de lecture estim\u00e9e":"1 minute"},"schema":{"@context":"https:\/\/schema.org","@graph":[{"@type":"WebPage","@id":"https:\/\/www.metalpower.net\/fr\/products\/oes-mobile\/metavision-mx\/","url":"https:\/\/www.metalpower.net\/fr\/products\/oes-mobile\/metavision-mx\/","name":"Metavision MX- Metal Power","isPartOf":{"@id":"https:\/\/www.metalpower.net\/fr\/#website"},"primaryImageOfPage":{"@id":"https:\/\/www.metalpower.net\/fr\/products\/oes-mobile\/metavision-mx\/#primaryimage"},"image":{"@id":"https:\/\/www.metalpower.net\/fr\/products\/oes-mobile\/metavision-mx\/#primaryimage"},"thumbnailUrl":"https:\/\/www.metalpower.net\/wp-content\/uploads\/2025\/04\/metavision-mx.png","datePublished":"2025-04-20T17:23:40+00:00","dateModified":"2025-12-22T17:39:16+00:00","description":"Metavision-MX est un OES mobile multi-CMOS dot\u00e9 d'une identification positive des mat\u00e9riaux (PMI) et tri pour l'analyse \u00e9l\u00e9mentaire dans les op\u00e9rations industrielles mobiles.","breadcrumb":{"@id":"https:\/\/www.metalpower.net\/fr\/products\/oes-mobile\/metavision-mx\/#breadcrumb"},"inLanguage":"fr-FR","potentialAction":[{"@type":"ReadAction","target":["https:\/\/www.metalpower.net\/fr\/products\/oes-mobile\/metavision-mx\/"]}]},{"@type":"ImageObject","inLanguage":"fr-FR","@id":"https:\/\/www.metalpower.net\/fr\/products\/oes-mobile\/metavision-mx\/#primaryimage","url":"https:\/\/www.metalpower.net\/wp-content\/uploads\/2025\/04\/metavision-mx.png","contentUrl":"https:\/\/www.metalpower.net\/wp-content\/uploads\/2025\/04\/metavision-mx.png","width":1872,"height":1236,"caption":"Metavision-MX"},{"@type":"BreadcrumbList","@id":"https:\/\/www.metalpower.net\/fr\/products\/oes-mobile\/metavision-mx\/#breadcrumb","itemListElement":[{"@type":"ListItem","position":1,"name":"Accueil","item":"https:\/\/www.metalpower.net\/fr\/"},{"@type":"ListItem","position":2,"name":"Products","item":"https:\/\/www.metalpower.net\/fr\/products\/%product_category%\/"},{"@type":"ListItem","position":3,"name":"Metavision-MX"}]},{"@type":"WebSite","@id":"https:\/\/www.metalpower.net\/fr\/#website","url":"https:\/\/www.metalpower.net\/fr\/","name":"Metal Power","description":"","publisher":{"@id":"https:\/\/www.metalpower.net\/fr\/#organization"},"potentialAction":[{"@type":"SearchAction","target":{"@type":"EntryPoint","urlTemplate":"https:\/\/www.metalpower.net\/fr\/?s={search_term_string}"},"query-input":{"@type":"PropertyValueSpecification","valueRequired":true,"valueName":"search_term_string"}}],"inLanguage":"fr-FR"},{"@type":"Organization","@id":"https:\/\/www.metalpower.net\/fr\/#organization","name":"Metal Power Analytical","url":"https:\/\/www.metalpower.net\/fr\/","logo":{"@type":"ImageObject","inLanguage":"fr-FR","@id":"https:\/\/www.metalpower.net\/fr\/#\/schema\/logo\/image\/","url":"https:\/\/www.metalpower.net\/wp-content\/uploads\/2025\/07\/metal-power-logo.svg","contentUrl":"https:\/\/www.metalpower.net\/wp-content\/uploads\/2025\/07\/metal-power-logo.svg","width":112,"height":30,"caption":"Metal Power Analytical"},"image":{"@id":"https:\/\/www.metalpower.net\/fr\/#\/schema\/logo\/image\/"},"sameAs":["https:\/\/www.facebook.com\/MetalPowerAnalytical\/"]}]}},"_links":{"self":[{"href":"https:\/\/www.metalpower.net\/fr\/wp-json\/wp\/v2\/product\/10737","targetHints":{"allow":["GET"]}}],"collection":[{"href":"https:\/\/www.metalpower.net\/fr\/wp-json\/wp\/v2\/product"}],"about":[{"href":"https:\/\/www.metalpower.net\/fr\/wp-json\/wp\/v2\/types\/product"}],"wp:featuredmedia":[{"embeddable":true,"href":"https:\/\/www.metalpower.net\/fr\/wp-json\/wp\/v2\/media\/9718"}],"wp:attachment":[{"href":"https:\/\/www.metalpower.net\/fr\/wp-json\/wp\/v2\/media?parent=10737"}],"wp:term":[{"taxonomy":"product_category","embeddable":true,"href":"https:\/\/www.metalpower.net\/fr\/wp-json\/wp\/v2\/product_category?post=10737"}],"curies":[{"name":"wp","href":"https:\/\/api.w.org\/{rel}","templated":true}]}}