{"id":10708,"date":"2025-04-20T09:38:01","date_gmt":"2025-04-20T09:38:01","guid":{"rendered":"https:\/\/www.metalpower.net\/products\/%product_category%\/moss\/"},"modified":"2025-12-22T17:39:06","modified_gmt":"2025-12-22T17:39:06","slug":"moss","status":"publish","type":"product","link":"https:\/\/www.metalpower.net\/fr\/products\/stationary-oes\/moss\/","title":{"rendered":"MOSS"},"content":{"rendered":"<p>Spectrom\u00e8tre \u00e0 \u00e9mission optique (OES) d&rsquo;entr\u00e9e de gamme exceptionnellement compact, \u00e9volutif et pourtant puissant, id\u00e9al pour l&rsquo;analyse de la fonte, de l&rsquo;acier et de l&rsquo;aluminium.<\/p>\n","protected":false},"featured_media":10623,"template":"","meta":{"_acf_changed":false,"inline_featured_image":false},"product_category":[75],"class_list":["post-10708","product","type-product","status-publish","has-post-thumbnail","hentry","product_category-stationary-oes"],"acf":[],"yoast_head":"<!-- This site is optimized with the Yoast SEO plugin v26.6 - https:\/\/yoast.com\/wordpress\/plugins\/seo\/ -->\n<title>Syst\u00e8me de spectrom\u00e9trie m\u00e9tallurgique en ligne (MOSS) - Metal Power<\/title>\n<meta name=\"description\" content=\"MOSS est un OES stationnaire compact et durable pour une analyse fiable des m\u00e9taux afin d&#039;optimiser les processus de production avec pr\u00e9cision.\" \/>\n<meta name=\"robots\" content=\"index, follow, max-snippet:-1, max-image-preview:large, max-video-preview:-1\" \/>\n<link rel=\"canonical\" href=\"https:\/\/www.metalpower.net\/fr\/products\/stationary-oes\/moss\/\" \/>\n<meta property=\"og:locale\" content=\"fr_FR\" \/>\n<meta property=\"og:type\" content=\"article\" \/>\n<meta property=\"og:title\" content=\"MOSS | Syst\u00e8me de spectrom\u00e9trie m\u00e9tallurgique en ligne\" \/>\n<meta property=\"og:description\" content=\"MOSS est un OES stationnaire compact et durable pour une analyse fiable des m\u00e9taux afin d&#039;optimiser les processus de production avec pr\u00e9cision.\" \/>\n<meta property=\"og:url\" content=\"https:\/\/www.metalpower.net\/fr\/products\/stationary-oes\/moss\/\" \/>\n<meta property=\"og:site_name\" content=\"Metal Power\" \/>\n<meta property=\"article:publisher\" content=\"https:\/\/www.facebook.com\/MetalPowerAnalytical\/\" \/>\n<meta property=\"article:modified_time\" content=\"2025-12-22T17:39:06+00:00\" \/>\n<meta property=\"og:image\" content=\"https:\/\/www.metalpower.net\/wp-content\/uploads\/2025\/04\/moss-warm-grey-1.png\" \/>\n<meta name=\"twitter:card\" content=\"summary_large_image\" \/>\n<meta name=\"twitter:title\" content=\"MOSS | Syst\u00e8me de spectrom\u00e9trie m\u00e9tallurgique en ligne\" \/>\n<meta name=\"twitter:description\" content=\"MOSS est un OES stationnaire compact et durable pour une analyse fiable des m\u00e9taux afin d&#039;optimiser les processus de production avec pr\u00e9cision.\" \/>\n<meta name=\"twitter:image\" content=\"https:\/\/www.metalpower.net\/wp-content\/uploads\/2025\/04\/moss-warm-grey-1.png\" \/>\n<meta name=\"twitter:label1\" content=\"Dur\u00e9e de lecture estim\u00e9e\" \/>\n\t<meta name=\"twitter:data1\" content=\"1 minute\" \/>\n<!-- \/ Yoast SEO plugin. -->","yoast_head_json":{"title":"Syst\u00e8me de spectrom\u00e9trie m\u00e9tallurgique en ligne (MOSS) - Metal Power","description":"MOSS est un OES stationnaire compact et durable pour une analyse fiable des m\u00e9taux afin d'optimiser les processus de production avec pr\u00e9cision.","robots":{"index":"index","follow":"follow","max-snippet":"max-snippet:-1","max-image-preview":"max-image-preview:large","max-video-preview":"max-video-preview:-1"},"canonical":"https:\/\/www.metalpower.net\/fr\/products\/stationary-oes\/moss\/","og_locale":"fr_FR","og_type":"article","og_title":"MOSS | Syst\u00e8me de spectrom\u00e9trie m\u00e9tallurgique en ligne","og_description":"MOSS est un OES stationnaire compact et durable pour une analyse fiable des m\u00e9taux afin d'optimiser les processus de production avec pr\u00e9cision.","og_url":"https:\/\/www.metalpower.net\/fr\/products\/stationary-oes\/moss\/","og_site_name":"Metal Power","article_publisher":"https:\/\/www.facebook.com\/MetalPowerAnalytical\/","article_modified_time":"2025-12-22T17:39:06+00:00","og_image":[{"url":"https:\/\/www.metalpower.net\/wp-content\/uploads\/2025\/04\/moss-warm-grey-1.png","type":"","width":"","height":""}],"twitter_card":"summary_large_image","twitter_title":"MOSS | Syst\u00e8me de spectrom\u00e9trie m\u00e9tallurgique en ligne","twitter_description":"MOSS est un OES stationnaire compact et durable pour une analyse fiable des m\u00e9taux afin d'optimiser les processus de production avec pr\u00e9cision.","twitter_image":"https:\/\/www.metalpower.net\/wp-content\/uploads\/2025\/04\/moss-warm-grey-1.png","twitter_misc":{"Dur\u00e9e de lecture estim\u00e9e":"1 minute"},"schema":{"@context":"https:\/\/schema.org","@graph":[{"@type":"WebPage","@id":"https:\/\/www.metalpower.net\/fr\/products\/stationary-oes\/moss\/","url":"https:\/\/www.metalpower.net\/fr\/products\/stationary-oes\/moss\/","name":"Syst\u00e8me de spectrom\u00e9trie m\u00e9tallurgique en ligne (MOSS) - Metal Power","isPartOf":{"@id":"https:\/\/www.metalpower.net\/fr\/#website"},"primaryImageOfPage":{"@id":"https:\/\/www.metalpower.net\/fr\/products\/stationary-oes\/moss\/#primaryimage"},"image":{"@id":"https:\/\/www.metalpower.net\/fr\/products\/stationary-oes\/moss\/#primaryimage"},"thumbnailUrl":"https:\/\/www.metalpower.net\/wp-content\/uploads\/2025\/04\/moss-5-1.jpg","datePublished":"2025-04-20T09:38:01+00:00","dateModified":"2025-12-22T17:39:06+00:00","description":"MOSS est un OES stationnaire compact et durable pour une analyse fiable des m\u00e9taux afin d'optimiser les processus de production avec pr\u00e9cision.","breadcrumb":{"@id":"https:\/\/www.metalpower.net\/fr\/products\/stationary-oes\/moss\/#breadcrumb"},"inLanguage":"fr-FR","potentialAction":[{"@type":"ReadAction","target":["https:\/\/www.metalpower.net\/fr\/products\/stationary-oes\/moss\/"]}]},{"@type":"ImageObject","inLanguage":"fr-FR","@id":"https:\/\/www.metalpower.net\/fr\/products\/stationary-oes\/moss\/#primaryimage","url":"https:\/\/www.metalpower.net\/wp-content\/uploads\/2025\/04\/moss-5-1.jpg","contentUrl":"https:\/\/www.metalpower.net\/wp-content\/uploads\/2025\/04\/moss-5-1.jpg","width":1892,"height":1252,"caption":"MOSS entry-level optical emission spectrometer"},{"@type":"BreadcrumbList","@id":"https:\/\/www.metalpower.net\/fr\/products\/stationary-oes\/moss\/#breadcrumb","itemListElement":[{"@type":"ListItem","position":1,"name":"Accueil","item":"https:\/\/www.metalpower.net\/fr\/"},{"@type":"ListItem","position":2,"name":"Products","item":"https:\/\/www.metalpower.net\/fr\/products\/%product_category%\/"},{"@type":"ListItem","position":3,"name":"MOSS"}]},{"@type":"WebSite","@id":"https:\/\/www.metalpower.net\/fr\/#website","url":"https:\/\/www.metalpower.net\/fr\/","name":"Metal Power","description":"","publisher":{"@id":"https:\/\/www.metalpower.net\/fr\/#organization"},"potentialAction":[{"@type":"SearchAction","target":{"@type":"EntryPoint","urlTemplate":"https:\/\/www.metalpower.net\/fr\/?s={search_term_string}"},"query-input":{"@type":"PropertyValueSpecification","valueRequired":true,"valueName":"search_term_string"}}],"inLanguage":"fr-FR"},{"@type":"Organization","@id":"https:\/\/www.metalpower.net\/fr\/#organization","name":"Metal Power Analytical","url":"https:\/\/www.metalpower.net\/fr\/","logo":{"@type":"ImageObject","inLanguage":"fr-FR","@id":"https:\/\/www.metalpower.net\/fr\/#\/schema\/logo\/image\/","url":"https:\/\/www.metalpower.net\/wp-content\/uploads\/2025\/07\/metal-power-logo.svg","contentUrl":"https:\/\/www.metalpower.net\/wp-content\/uploads\/2025\/07\/metal-power-logo.svg","width":112,"height":30,"caption":"Metal Power Analytical"},"image":{"@id":"https:\/\/www.metalpower.net\/fr\/#\/schema\/logo\/image\/"},"sameAs":["https:\/\/www.facebook.com\/MetalPowerAnalytical\/"]}]}},"_links":{"self":[{"href":"https:\/\/www.metalpower.net\/fr\/wp-json\/wp\/v2\/product\/10708","targetHints":{"allow":["GET"]}}],"collection":[{"href":"https:\/\/www.metalpower.net\/fr\/wp-json\/wp\/v2\/product"}],"about":[{"href":"https:\/\/www.metalpower.net\/fr\/wp-json\/wp\/v2\/types\/product"}],"wp:featuredmedia":[{"embeddable":true,"href":"https:\/\/www.metalpower.net\/fr\/wp-json\/wp\/v2\/media\/10623"}],"wp:attachment":[{"href":"https:\/\/www.metalpower.net\/fr\/wp-json\/wp\/v2\/media?parent=10708"}],"wp:term":[{"taxonomy":"product_category","embeddable":true,"href":"https:\/\/www.metalpower.net\/fr\/wp-json\/wp\/v2\/product_category?post=10708"}],"curies":[{"name":"wp","href":"https:\/\/api.w.org\/{rel}","templated":true}]}}