{"id":10707,"date":"2025-04-20T09:34:53","date_gmt":"2025-04-20T09:34:53","guid":{"rendered":"https:\/\/www.metalpower.net\/products\/%product_category%\/metavision-1008i3\/"},"modified":"2026-04-09T08:04:04","modified_gmt":"2026-04-09T08:04:04","slug":"metavision-1008i3","status":"publish","type":"product","link":"https:\/\/www.metalpower.net\/fr\/products\/stationary-oes\/metavision-1008i3\/","title":{"rendered":"Metavision -1008<i class=\"times\">i<\/i><sup>3<\/sup>"},"content":{"rendered":"<p>Spectrom\u00e8tre \u00e0 \u00e9mission optique (OES) haute performance avec pr\u00e9cision et exactitude, ainsi que des limites de d\u00e9tection basses pour plus de 60 \u00e9l\u00e9ments, y compris l&rsquo;analyse de l&rsquo;oxyg\u00e8ne, de l&rsquo;azote et de l&rsquo;hydrog\u00e8ne.<\/p>\n","protected":false},"featured_media":9489,"template":"","meta":{"_acf_changed":false,"inline_featured_image":false},"product_category":[75],"class_list":["post-10707","product","type-product","status-publish","has-post-thumbnail","hentry","product_category-stationary-oes"],"acf":[],"yoast_head":"<!-- This site is optimized with the Yoast SEO plugin v26.6 - https:\/\/yoast.com\/wordpress\/plugins\/seo\/ -->\n<title>Metavision-1008i3 - Metal Power<\/title>\n<meta name=\"description\" content=\"D\u00e9couvrez MetaVision 1008i3, une solution d&#039;analyse des m\u00e9taux \u00e0 la pointe de la technologie. Am\u00e9liorez le contr\u00f4le de la qualit\u00e9 et l\u2019efficacit\u00e9 dans votre industrie des m\u00e9taux.\" \/>\n<meta name=\"robots\" content=\"index, follow, max-snippet:-1, max-image-preview:large, max-video-preview:-1\" \/>\n<link rel=\"canonical\" href=\"https:\/\/www.metalpower.net\/fr\/products\/stationary-oes\/metavision-1008i3\/\" \/>\n<meta property=\"og:locale\" content=\"fr_FR\" \/>\n<meta property=\"og:type\" content=\"article\" \/>\n<meta property=\"og:title\" content=\"Metavision-1008i3 - Metal Power\" \/>\n<meta property=\"og:description\" content=\"D\u00e9couvrez MetaVision 1008i3, une solution d&#039;analyse des m\u00e9taux \u00e0 la pointe de la technologie. Am\u00e9liorez le contr\u00f4le de la qualit\u00e9 et l\u2019efficacit\u00e9 dans votre industrie des m\u00e9taux.\" \/>\n<meta property=\"og:url\" content=\"https:\/\/www.metalpower.net\/fr\/products\/stationary-oes\/metavision-1008i3\/\" \/>\n<meta property=\"og:site_name\" content=\"Metal Power\" \/>\n<meta property=\"article:publisher\" content=\"https:\/\/www.facebook.com\/MetalPowerAnalytical\/\" \/>\n<meta property=\"article:modified_time\" content=\"2026-04-09T08:04:04+00:00\" \/>\n<meta property=\"og:image\" content=\"https:\/\/www.metalpower.net\/wp-content\/uploads\/2025\/04\/metavision-1008i3-matte-black-1.png\" \/>\n<meta name=\"twitter:card\" content=\"summary_large_image\" \/>\n<meta name=\"twitter:title\" content=\"Metavision-1008i3 - Metal Power\" \/>\n<meta name=\"twitter:description\" content=\"D\u00e9couvrez MetaVision 1008i3, une solution d&#039;analyse des m\u00e9taux \u00e0 la pointe de la technologie. Am\u00e9liorez le contr\u00f4le de la qualit\u00e9 et l\u2019efficacit\u00e9 dans votre industrie des m\u00e9taux.\" \/>\n<meta name=\"twitter:image\" content=\"https:\/\/www.metalpower.net\/wp-content\/uploads\/2025\/04\/metavision-1008i3-matte-black-1.png\" \/>\n<meta name=\"twitter:label1\" content=\"Dur\u00e9e de lecture estim\u00e9e\" \/>\n\t<meta name=\"twitter:data1\" content=\"1 minute\" \/>\n<!-- \/ Yoast SEO plugin. -->","yoast_head_json":{"title":"Metavision-1008i3 - Metal Power","description":"D\u00e9couvrez MetaVision 1008i3, une solution d'analyse des m\u00e9taux \u00e0 la pointe de la technologie. Am\u00e9liorez le contr\u00f4le de la qualit\u00e9 et l\u2019efficacit\u00e9 dans votre industrie des m\u00e9taux.","robots":{"index":"index","follow":"follow","max-snippet":"max-snippet:-1","max-image-preview":"max-image-preview:large","max-video-preview":"max-video-preview:-1"},"canonical":"https:\/\/www.metalpower.net\/fr\/products\/stationary-oes\/metavision-1008i3\/","og_locale":"fr_FR","og_type":"article","og_title":"Metavision-1008i3 - Metal Power","og_description":"D\u00e9couvrez MetaVision 1008i3, une solution d'analyse des m\u00e9taux \u00e0 la pointe de la technologie. Am\u00e9liorez le contr\u00f4le de la qualit\u00e9 et l\u2019efficacit\u00e9 dans votre industrie des m\u00e9taux.","og_url":"https:\/\/www.metalpower.net\/fr\/products\/stationary-oes\/metavision-1008i3\/","og_site_name":"Metal Power","article_publisher":"https:\/\/www.facebook.com\/MetalPowerAnalytical\/","article_modified_time":"2026-04-09T08:04:04+00:00","og_image":[{"url":"https:\/\/www.metalpower.net\/wp-content\/uploads\/2025\/04\/metavision-1008i3-matte-black-1.png","type":"","width":"","height":""}],"twitter_card":"summary_large_image","twitter_title":"Metavision-1008i3 - Metal Power","twitter_description":"D\u00e9couvrez MetaVision 1008i3, une solution d'analyse des m\u00e9taux \u00e0 la pointe de la technologie. Am\u00e9liorez le contr\u00f4le de la qualit\u00e9 et l\u2019efficacit\u00e9 dans votre industrie des m\u00e9taux.","twitter_image":"https:\/\/www.metalpower.net\/wp-content\/uploads\/2025\/04\/metavision-1008i3-matte-black-1.png","twitter_misc":{"Dur\u00e9e de lecture estim\u00e9e":"1 minute"},"schema":{"@context":"https:\/\/schema.org","@graph":[{"@type":"WebPage","@id":"https:\/\/www.metalpower.net\/fr\/products\/stationary-oes\/metavision-1008i3\/","url":"https:\/\/www.metalpower.net\/fr\/products\/stationary-oes\/metavision-1008i3\/","name":"Metavision-1008i3 - Metal Power","isPartOf":{"@id":"https:\/\/www.metalpower.net\/fr\/#website"},"primaryImageOfPage":{"@id":"https:\/\/www.metalpower.net\/fr\/products\/stationary-oes\/metavision-1008i3\/#primaryimage"},"image":{"@id":"https:\/\/www.metalpower.net\/fr\/products\/stationary-oes\/metavision-1008i3\/#primaryimage"},"thumbnailUrl":"https:\/\/www.metalpower.net\/wp-content\/uploads\/2025\/04\/metavision-1008i3-5.jpg","datePublished":"2025-04-20T09:34:53+00:00","dateModified":"2026-04-09T08:04:04+00:00","description":"D\u00e9couvrez MetaVision 1008i3, une solution d'analyse des m\u00e9taux \u00e0 la pointe de la technologie. Am\u00e9liorez le contr\u00f4le de la qualit\u00e9 et l\u2019efficacit\u00e9 dans votre industrie des m\u00e9taux.","breadcrumb":{"@id":"https:\/\/www.metalpower.net\/fr\/products\/stationary-oes\/metavision-1008i3\/#breadcrumb"},"inLanguage":"fr-FR","potentialAction":[{"@type":"ReadAction","target":["https:\/\/www.metalpower.net\/fr\/products\/stationary-oes\/metavision-1008i3\/"]}]},{"@type":"ImageObject","inLanguage":"fr-FR","@id":"https:\/\/www.metalpower.net\/fr\/products\/stationary-oes\/metavision-1008i3\/#primaryimage","url":"https:\/\/www.metalpower.net\/wp-content\/uploads\/2025\/04\/metavision-1008i3-5.jpg","contentUrl":"https:\/\/www.metalpower.net\/wp-content\/uploads\/2025\/04\/metavision-1008i3-5.jpg","width":1892,"height":1252,"caption":"Metavision-1008i3 high-performance optical emission spectrometer"},{"@type":"BreadcrumbList","@id":"https:\/\/www.metalpower.net\/fr\/products\/stationary-oes\/metavision-1008i3\/#breadcrumb","itemListElement":[{"@type":"ListItem","position":1,"name":"Accueil","item":"https:\/\/www.metalpower.net\/fr\/"},{"@type":"ListItem","position":2,"name":"Products","item":"https:\/\/www.metalpower.net\/fr\/products\/%product_category%\/"},{"@type":"ListItem","position":3,"name":"Metavision -1008i3"}]},{"@type":"WebSite","@id":"https:\/\/www.metalpower.net\/fr\/#website","url":"https:\/\/www.metalpower.net\/fr\/","name":"Metal Power","description":"","publisher":{"@id":"https:\/\/www.metalpower.net\/fr\/#organization"},"potentialAction":[{"@type":"SearchAction","target":{"@type":"EntryPoint","urlTemplate":"https:\/\/www.metalpower.net\/fr\/?s={search_term_string}"},"query-input":{"@type":"PropertyValueSpecification","valueRequired":true,"valueName":"search_term_string"}}],"inLanguage":"fr-FR"},{"@type":"Organization","@id":"https:\/\/www.metalpower.net\/fr\/#organization","name":"Metal Power Analytical","url":"https:\/\/www.metalpower.net\/fr\/","logo":{"@type":"ImageObject","inLanguage":"fr-FR","@id":"https:\/\/www.metalpower.net\/fr\/#\/schema\/logo\/image\/","url":"https:\/\/www.metalpower.net\/wp-content\/uploads\/2025\/07\/metal-power-logo.svg","contentUrl":"https:\/\/www.metalpower.net\/wp-content\/uploads\/2025\/07\/metal-power-logo.svg","width":112,"height":30,"caption":"Metal Power Analytical"},"image":{"@id":"https:\/\/www.metalpower.net\/fr\/#\/schema\/logo\/image\/"},"sameAs":["https:\/\/www.facebook.com\/MetalPowerAnalytical\/"]}]}},"_links":{"self":[{"href":"https:\/\/www.metalpower.net\/fr\/wp-json\/wp\/v2\/product\/10707","targetHints":{"allow":["GET"]}}],"collection":[{"href":"https:\/\/www.metalpower.net\/fr\/wp-json\/wp\/v2\/product"}],"about":[{"href":"https:\/\/www.metalpower.net\/fr\/wp-json\/wp\/v2\/types\/product"}],"wp:featuredmedia":[{"embeddable":true,"href":"https:\/\/www.metalpower.net\/fr\/wp-json\/wp\/v2\/media\/9489"}],"wp:attachment":[{"href":"https:\/\/www.metalpower.net\/fr\/wp-json\/wp\/v2\/media?parent=10707"}],"wp:term":[{"taxonomy":"product_category","embeddable":true,"href":"https:\/\/www.metalpower.net\/fr\/wp-json\/wp\/v2\/product_category?post=10707"}],"curies":[{"name":"wp","href":"https:\/\/api.w.org\/{rel}","templated":true}]}}