{"id":10706,"date":"2025-02-28T07:15:39","date_gmt":"2025-02-28T07:15:39","guid":{"rendered":"https:\/\/www.metalpower.net\/products\/%product_category%\/metavision-8i\/"},"modified":"2025-12-22T17:38:42","modified_gmt":"2025-12-22T17:38:42","slug":"metavision-8i","status":"publish","type":"product","link":"https:\/\/www.metalpower.net\/fr\/products\/stationary-oes\/metavision-8i\/","title":{"rendered":"Metavision-8<i class=\"times\">i<\/i>"},"content":{"rendered":"<p>Spectrom\u00e8tre \u00e0 \u00e9mission optique (OES) de r\u00e9f\u00e9rence dans son segment, destin\u00e9 aux utilisateurs soucieux du rapport qualit\u00e9-prix, alliant des performances haut de gamme \u00e0 un prix d&rsquo;entr\u00e9e de gamme.<\/p>\n","protected":false},"featured_media":9482,"template":"","meta":{"_acf_changed":false,"inline_featured_image":false},"product_category":[75],"class_list":["post-10706","product","type-product","status-publish","has-post-thumbnail","hentry","product_category-stationary-oes"],"acf":[],"yoast_head":"<!-- This site is optimized with the Yoast SEO plugin v26.6 - https:\/\/yoast.com\/wordpress\/plugins\/seo\/ -->\n<title>Metavision-8i - Metal Power<\/title>\n<meta name=\"description\" content=\"OES \u00e9conomique Metavision-8i avec analyse \u00e0 faible teneur en azote dans l\u2019acier, analyse du phosphore dans l\u2019aluminium et analyse du carbone dans la fonte\" \/>\n<meta name=\"robots\" content=\"index, follow, max-snippet:-1, max-image-preview:large, max-video-preview:-1\" \/>\n<link rel=\"canonical\" href=\"https:\/\/www.metalpower.net\/fr\/products\/stationary-oes\/metavision-8i\/\" \/>\n<meta property=\"og:locale\" content=\"fr_FR\" \/>\n<meta property=\"og:type\" content=\"article\" \/>\n<meta property=\"og:title\" content=\"Metavision-8i - Metal Power\" \/>\n<meta property=\"og:description\" content=\"OES \u00e9conomique Metavision-8i avec analyse \u00e0 faible teneur en azote dans l\u2019acier, analyse du phosphore dans l\u2019aluminium et analyse du carbone dans la fonte\" \/>\n<meta property=\"og:url\" content=\"https:\/\/www.metalpower.net\/fr\/products\/stationary-oes\/metavision-8i\/\" \/>\n<meta property=\"og:site_name\" content=\"Metal Power\" \/>\n<meta property=\"article:publisher\" content=\"https:\/\/www.facebook.com\/MetalPowerAnalytical\/\" \/>\n<meta property=\"article:modified_time\" content=\"2025-12-22T17:38:42+00:00\" \/>\n<meta property=\"og:image\" content=\"https:\/\/www.metalpower.net\/wp-content\/uploads\/2025\/02\/metavision-8i-matte-black-1.png\" \/>\n<meta name=\"twitter:card\" content=\"summary_large_image\" \/>\n<meta name=\"twitter:title\" content=\"Metavision-8i - Metal Power\" \/>\n<meta name=\"twitter:description\" content=\"OES \u00e9conomique Metavision-8i avec analyse \u00e0 faible teneur en azote dans l\u2019acier, analyse du phosphore dans l\u2019aluminium et analyse du carbone dans la fonte\" \/>\n<meta name=\"twitter:image\" content=\"https:\/\/www.metalpower.net\/wp-content\/uploads\/2025\/02\/metavision-8i-matte-black-1.png\" \/>\n<meta name=\"twitter:label1\" content=\"Dur\u00e9e de lecture estim\u00e9e\" \/>\n\t<meta name=\"twitter:data1\" content=\"1 minute\" \/>\n<!-- \/ Yoast SEO plugin. -->","yoast_head_json":{"title":"Metavision-8i - Metal Power","description":"OES \u00e9conomique Metavision-8i avec analyse \u00e0 faible teneur en azote dans l\u2019acier, analyse du phosphore dans l\u2019aluminium et analyse du carbone dans la fonte","robots":{"index":"index","follow":"follow","max-snippet":"max-snippet:-1","max-image-preview":"max-image-preview:large","max-video-preview":"max-video-preview:-1"},"canonical":"https:\/\/www.metalpower.net\/fr\/products\/stationary-oes\/metavision-8i\/","og_locale":"fr_FR","og_type":"article","og_title":"Metavision-8i - Metal Power","og_description":"OES \u00e9conomique Metavision-8i avec analyse \u00e0 faible teneur en azote dans l\u2019acier, analyse du phosphore dans l\u2019aluminium et analyse du carbone dans la fonte","og_url":"https:\/\/www.metalpower.net\/fr\/products\/stationary-oes\/metavision-8i\/","og_site_name":"Metal Power","article_publisher":"https:\/\/www.facebook.com\/MetalPowerAnalytical\/","article_modified_time":"2025-12-22T17:38:42+00:00","og_image":[{"url":"https:\/\/www.metalpower.net\/wp-content\/uploads\/2025\/02\/metavision-8i-matte-black-1.png","type":"","width":"","height":""}],"twitter_card":"summary_large_image","twitter_title":"Metavision-8i - Metal Power","twitter_description":"OES \u00e9conomique Metavision-8i avec analyse \u00e0 faible teneur en azote dans l\u2019acier, analyse du phosphore dans l\u2019aluminium et analyse du carbone dans la fonte","twitter_image":"https:\/\/www.metalpower.net\/wp-content\/uploads\/2025\/02\/metavision-8i-matte-black-1.png","twitter_misc":{"Dur\u00e9e de lecture estim\u00e9e":"1 minute"},"schema":{"@context":"https:\/\/schema.org","@graph":[{"@type":"WebPage","@id":"https:\/\/www.metalpower.net\/fr\/products\/stationary-oes\/metavision-8i\/","url":"https:\/\/www.metalpower.net\/fr\/products\/stationary-oes\/metavision-8i\/","name":"Metavision-8i - Metal Power","isPartOf":{"@id":"https:\/\/www.metalpower.net\/fr\/#website"},"primaryImageOfPage":{"@id":"https:\/\/www.metalpower.net\/fr\/products\/stationary-oes\/metavision-8i\/#primaryimage"},"image":{"@id":"https:\/\/www.metalpower.net\/fr\/products\/stationary-oes\/metavision-8i\/#primaryimage"},"thumbnailUrl":"https:\/\/www.metalpower.net\/wp-content\/uploads\/2025\/02\/metavision-8i-5.jpg","datePublished":"2025-02-28T07:15:39+00:00","dateModified":"2025-12-22T17:38:42+00:00","description":"OES \u00e9conomique Metavision-8i avec analyse \u00e0 faible teneur en azote dans l\u2019acier, analyse du phosphore dans l\u2019aluminium et analyse du carbone dans la fonte","breadcrumb":{"@id":"https:\/\/www.metalpower.net\/fr\/products\/stationary-oes\/metavision-8i\/#breadcrumb"},"inLanguage":"fr-FR","potentialAction":[{"@type":"ReadAction","target":["https:\/\/www.metalpower.net\/fr\/products\/stationary-oes\/metavision-8i\/"]}]},{"@type":"ImageObject","inLanguage":"fr-FR","@id":"https:\/\/www.metalpower.net\/fr\/products\/stationary-oes\/metavision-8i\/#primaryimage","url":"https:\/\/www.metalpower.net\/wp-content\/uploads\/2025\/02\/metavision-8i-5.jpg","contentUrl":"https:\/\/www.metalpower.net\/wp-content\/uploads\/2025\/02\/metavision-8i-5.jpg","width":1892,"height":1252,"caption":"Metavision-8i value-segment optical emission spectrometer"},{"@type":"BreadcrumbList","@id":"https:\/\/www.metalpower.net\/fr\/products\/stationary-oes\/metavision-8i\/#breadcrumb","itemListElement":[{"@type":"ListItem","position":1,"name":"Accueil","item":"https:\/\/www.metalpower.net\/fr\/"},{"@type":"ListItem","position":2,"name":"Products","item":"https:\/\/www.metalpower.net\/fr\/products\/%product_category%\/"},{"@type":"ListItem","position":3,"name":"Metavision-8i"}]},{"@type":"WebSite","@id":"https:\/\/www.metalpower.net\/fr\/#website","url":"https:\/\/www.metalpower.net\/fr\/","name":"Metal Power","description":"","publisher":{"@id":"https:\/\/www.metalpower.net\/fr\/#organization"},"potentialAction":[{"@type":"SearchAction","target":{"@type":"EntryPoint","urlTemplate":"https:\/\/www.metalpower.net\/fr\/?s={search_term_string}"},"query-input":{"@type":"PropertyValueSpecification","valueRequired":true,"valueName":"search_term_string"}}],"inLanguage":"fr-FR"},{"@type":"Organization","@id":"https:\/\/www.metalpower.net\/fr\/#organization","name":"Metal Power Analytical","url":"https:\/\/www.metalpower.net\/fr\/","logo":{"@type":"ImageObject","inLanguage":"fr-FR","@id":"https:\/\/www.metalpower.net\/fr\/#\/schema\/logo\/image\/","url":"https:\/\/www.metalpower.net\/wp-content\/uploads\/2025\/07\/metal-power-logo.svg","contentUrl":"https:\/\/www.metalpower.net\/wp-content\/uploads\/2025\/07\/metal-power-logo.svg","width":112,"height":30,"caption":"Metal Power Analytical"},"image":{"@id":"https:\/\/www.metalpower.net\/fr\/#\/schema\/logo\/image\/"},"sameAs":["https:\/\/www.facebook.com\/MetalPowerAnalytical\/"]}]}},"_links":{"self":[{"href":"https:\/\/www.metalpower.net\/fr\/wp-json\/wp\/v2\/product\/10706","targetHints":{"allow":["GET"]}}],"collection":[{"href":"https:\/\/www.metalpower.net\/fr\/wp-json\/wp\/v2\/product"}],"about":[{"href":"https:\/\/www.metalpower.net\/fr\/wp-json\/wp\/v2\/types\/product"}],"wp:featuredmedia":[{"embeddable":true,"href":"https:\/\/www.metalpower.net\/fr\/wp-json\/wp\/v2\/media\/9482"}],"wp:attachment":[{"href":"https:\/\/www.metalpower.net\/fr\/wp-json\/wp\/v2\/media?parent=10706"}],"wp:term":[{"taxonomy":"product_category","embeddable":true,"href":"https:\/\/www.metalpower.net\/fr\/wp-json\/wp\/v2\/product_category?post=10706"}],"curies":[{"name":"wp","href":"https:\/\/api.w.org\/{rel}","templated":true}]}}