{"id":14873,"date":"2025-04-28T12:57:06","date_gmt":"2025-04-28T12:57:06","guid":{"rendered":"https:\/\/www.metalpower.net\/?page_id=14873"},"modified":"2025-12-26T13:51:48","modified_gmt":"2025-12-26T13:51:48","slug":"faqs","status":"publish","type":"page","link":"https:\/\/www.metalpower.net\/fr\/faqs\/","title":{"rendered":"Questions fr\u00e9quemment pos\u00e9es"},"content":{"rendered":"","protected":false},"excerpt":{"rendered":"","protected":false},"author":1,"featured_media":0,"parent":0,"menu_order":0,"comment_status":"closed","ping_status":"closed","template":"","meta":{"_acf_changed":false,"inline_featured_image":false,"footnotes":""},"class_list":["post-14873","page","type-page","status-publish","hentry"],"acf":[],"yoast_head":"<!-- This site is optimized with the Yoast SEO plugin v26.6 - https:\/\/yoast.com\/wordpress\/plugins\/seo\/ -->\n<title>Foire aux questions (FAQ) \u2013 Analyse de la puissance des m\u00e9taux<\/title>\n<meta name=\"description\" content=\"Trouvez les r\u00e9ponses aux questions les plus fr\u00e9quentes (FAQ) concernant les spectrom\u00e8tres d&#039;\u00e9mission optique, la spectroscopie d&#039;\u00e9mission optique \u00e0 arc \u00e9lectrique, l&#039;analyse des m\u00e9taux, les solutions num\u00e9riques Industrie 4.0, etc.\" \/>\n<meta name=\"robots\" content=\"index, follow, max-snippet:-1, max-image-preview:large, max-video-preview:-1\" \/>\n<link rel=\"canonical\" href=\"https:\/\/www.metalpower.net\/fr\/faqs\/\" \/>\n<meta property=\"og:locale\" content=\"fr_FR\" \/>\n<meta property=\"og:type\" content=\"article\" \/>\n<meta property=\"og:title\" content=\"Foire aux questions (FAQ) \u2013 Analyse de la puissance des m\u00e9taux\" \/>\n<meta property=\"og:description\" content=\"Trouvez les r\u00e9ponses aux questions les plus fr\u00e9quentes (FAQ) concernant les spectrom\u00e8tres d&#039;\u00e9mission optique, la spectroscopie d&#039;\u00e9mission optique \u00e0 arc \u00e9lectrique, l&#039;analyse des m\u00e9taux, les solutions num\u00e9riques Industrie 4.0, etc.\" \/>\n<meta property=\"og:url\" content=\"https:\/\/www.metalpower.net\/fr\/faqs\/\" \/>\n<meta property=\"og:site_name\" content=\"Metal Power\" \/>\n<meta property=\"article:publisher\" content=\"https:\/\/www.facebook.com\/MetalPowerAnalytical\/\" \/>\n<meta property=\"article:modified_time\" content=\"2025-12-26T13:51:48+00:00\" \/>\n<meta name=\"twitter:card\" content=\"summary_large_image\" \/>\n<meta name=\"twitter:title\" content=\"Foire aux questions (FAQ) \u2013 Analyse de la puissance des m\u00e9taux\" \/>\n<meta name=\"twitter:description\" content=\"Trouvez les r\u00e9ponses aux questions les plus fr\u00e9quentes (FAQ) concernant les spectrom\u00e8tres d&#039;\u00e9mission optique, la spectroscopie d&#039;\u00e9mission optique \u00e0 arc \u00e9lectrique, l&#039;analyse des m\u00e9taux, les solutions num\u00e9riques Industrie 4.0, etc.\" \/>\n<!-- \/ Yoast SEO plugin. -->","yoast_head_json":{"title":"Foire aux questions (FAQ) \u2013 Analyse de la puissance des m\u00e9taux","description":"Trouvez les r\u00e9ponses aux questions les plus fr\u00e9quentes (FAQ) concernant les spectrom\u00e8tres d'\u00e9mission optique, la spectroscopie d'\u00e9mission optique \u00e0 arc \u00e9lectrique, l'analyse des m\u00e9taux, les solutions num\u00e9riques Industrie 4.0, etc.","robots":{"index":"index","follow":"follow","max-snippet":"max-snippet:-1","max-image-preview":"max-image-preview:large","max-video-preview":"max-video-preview:-1"},"canonical":"https:\/\/www.metalpower.net\/fr\/faqs\/","og_locale":"fr_FR","og_type":"article","og_title":"Foire aux questions (FAQ) \u2013 Analyse de la puissance des m\u00e9taux","og_description":"Trouvez les r\u00e9ponses aux questions les plus fr\u00e9quentes (FAQ) concernant les spectrom\u00e8tres d'\u00e9mission optique, la spectroscopie d'\u00e9mission optique \u00e0 arc \u00e9lectrique, l'analyse des m\u00e9taux, les solutions num\u00e9riques Industrie 4.0, etc.","og_url":"https:\/\/www.metalpower.net\/fr\/faqs\/","og_site_name":"Metal Power","article_publisher":"https:\/\/www.facebook.com\/MetalPowerAnalytical\/","article_modified_time":"2025-12-26T13:51:48+00:00","twitter_card":"summary_large_image","twitter_title":"Foire aux questions (FAQ) \u2013 Analyse de la puissance des m\u00e9taux","twitter_description":"Trouvez les r\u00e9ponses aux questions les plus fr\u00e9quentes (FAQ) concernant les spectrom\u00e8tres d'\u00e9mission optique, la spectroscopie d'\u00e9mission optique \u00e0 arc \u00e9lectrique, l'analyse des m\u00e9taux, les solutions num\u00e9riques Industrie 4.0, etc.","schema":{"@context":"https:\/\/schema.org","@graph":[{"@type":"WebPage","@id":"https:\/\/www.metalpower.net\/fr\/faqs\/","url":"https:\/\/www.metalpower.net\/fr\/faqs\/","name":"Foire aux questions (FAQ) \u2013 Analyse de la puissance des m\u00e9taux","isPartOf":{"@id":"https:\/\/www.metalpower.net\/fr\/#website"},"datePublished":"2025-04-28T12:57:06+00:00","dateModified":"2025-12-26T13:51:48+00:00","description":"Trouvez les r\u00e9ponses aux questions les plus fr\u00e9quentes (FAQ) concernant les spectrom\u00e8tres d'\u00e9mission optique, la spectroscopie d'\u00e9mission optique \u00e0 arc \u00e9lectrique, l'analyse des m\u00e9taux, les solutions num\u00e9riques Industrie 4.0, etc.","breadcrumb":{"@id":"https:\/\/www.metalpower.net\/fr\/faqs\/#breadcrumb"},"inLanguage":"fr-FR","potentialAction":[{"@type":"ReadAction","target":["https:\/\/www.metalpower.net\/fr\/faqs\/"]}]},{"@type":"BreadcrumbList","@id":"https:\/\/www.metalpower.net\/fr\/faqs\/#breadcrumb","itemListElement":[{"@type":"ListItem","position":1,"name":"Accueil","item":"https:\/\/www.metalpower.net\/fr\/"},{"@type":"ListItem","position":2,"name":"Questions fr\u00e9quemment pos\u00e9es"}]},{"@type":"WebSite","@id":"https:\/\/www.metalpower.net\/fr\/#website","url":"https:\/\/www.metalpower.net\/fr\/","name":"Metal Power","description":"","publisher":{"@id":"https:\/\/www.metalpower.net\/fr\/#organization"},"potentialAction":[{"@type":"SearchAction","target":{"@type":"EntryPoint","urlTemplate":"https:\/\/www.metalpower.net\/fr\/?s={search_term_string}"},"query-input":{"@type":"PropertyValueSpecification","valueRequired":true,"valueName":"search_term_string"}}],"inLanguage":"fr-FR"},{"@type":"Organization","@id":"https:\/\/www.metalpower.net\/fr\/#organization","name":"Metal Power Analytical","url":"https:\/\/www.metalpower.net\/fr\/","logo":{"@type":"ImageObject","inLanguage":"fr-FR","@id":"https:\/\/www.metalpower.net\/fr\/#\/schema\/logo\/image\/","url":"https:\/\/www.metalpower.net\/wp-content\/uploads\/2025\/07\/metal-power-logo.svg","contentUrl":"https:\/\/www.metalpower.net\/wp-content\/uploads\/2025\/07\/metal-power-logo.svg","width":112,"height":30,"caption":"Metal Power Analytical"},"image":{"@id":"https:\/\/www.metalpower.net\/fr\/#\/schema\/logo\/image\/"},"sameAs":["https:\/\/www.facebook.com\/MetalPowerAnalytical\/"]}]}},"_links":{"self":[{"href":"https:\/\/www.metalpower.net\/fr\/wp-json\/wp\/v2\/pages\/14873","targetHints":{"allow":["GET"]}}],"collection":[{"href":"https:\/\/www.metalpower.net\/fr\/wp-json\/wp\/v2\/pages"}],"about":[{"href":"https:\/\/www.metalpower.net\/fr\/wp-json\/wp\/v2\/types\/page"}],"author":[{"embeddable":true,"href":"https:\/\/www.metalpower.net\/fr\/wp-json\/wp\/v2\/users\/1"}],"replies":[{"embeddable":true,"href":"https:\/\/www.metalpower.net\/fr\/wp-json\/wp\/v2\/comments?post=14873"}],"version-history":[{"count":3,"href":"https:\/\/www.metalpower.net\/fr\/wp-json\/wp\/v2\/pages\/14873\/revisions"}],"predecessor-version":[{"id":15253,"href":"https:\/\/www.metalpower.net\/fr\/wp-json\/wp\/v2\/pages\/14873\/revisions\/15253"}],"wp:attachment":[{"href":"https:\/\/www.metalpower.net\/fr\/wp-json\/wp\/v2\/media?parent=14873"}],"curies":[{"name":"wp","href":"https:\/\/api.w.org\/{rel}","templated":true}]}}