{"id":14659,"date":"2025-02-11T08:59:08","date_gmt":"2025-02-11T08:59:08","guid":{"rendered":"https:\/\/stage.metalpower.net\/case-studies\/"},"modified":"2025-12-11T18:08:33","modified_gmt":"2025-12-11T18:08:33","slug":"case-studies","status":"publish","type":"page","link":"https:\/\/www.metalpower.net\/fr\/case-studies\/","title":{"rendered":"\u00c9tudes de cas"},"content":{"rendered":"","protected":false},"excerpt":{"rendered":"","protected":false},"author":1,"featured_media":0,"parent":0,"menu_order":0,"comment_status":"closed","ping_status":"closed","template":"","meta":{"_acf_changed":false,"inline_featured_image":false,"footnotes":""},"class_list":["post-14659","page","type-page","status-publish","hentry"],"acf":[],"yoast_head":"<!-- This site is optimized with the Yoast SEO plugin v26.6 - https:\/\/yoast.com\/wordpress\/plugins\/seo\/ -->\n<title>\u00c9tudes de cas clients de Metal Power Analytical<\/title>\n<meta name=\"description\" content=\"Des \u00e9tudes de cas concrets illustrant l&#039;utilisation des spectrom\u00e8tres d&#039;\u00e9mission optique mobiles et stationnaires ainsi que des spectrom\u00e8tres d&#039;\u00e9mission optique \u00e0 disque rotatif (RDE OES) de Metal Power Analytical, garantissant pr\u00e9cision et fiabilit\u00e9.\" \/>\n<meta name=\"robots\" content=\"index, follow, max-snippet:-1, max-image-preview:large, max-video-preview:-1\" \/>\n<link rel=\"canonical\" href=\"https:\/\/www.metalpower.net\/fr\/case-studies\/\" \/>\n<meta property=\"og:locale\" content=\"fr_FR\" \/>\n<meta property=\"og:type\" content=\"article\" \/>\n<meta property=\"og:title\" content=\"\u00c9tudes de cas clients de Metal Power Analytical\" \/>\n<meta property=\"og:description\" content=\"Des \u00e9tudes de cas concrets illustrant l&#039;utilisation des spectrom\u00e8tres d&#039;\u00e9mission optique mobiles et stationnaires ainsi que des spectrom\u00e8tres d&#039;\u00e9mission optique \u00e0 disque rotatif (RDE OES) de Metal Power Analytical, garantissant pr\u00e9cision et fiabilit\u00e9.\" \/>\n<meta property=\"og:url\" content=\"https:\/\/www.metalpower.net\/fr\/case-studies\/\" \/>\n<meta property=\"og:site_name\" content=\"Metal Power\" \/>\n<meta property=\"article:publisher\" content=\"https:\/\/www.facebook.com\/MetalPowerAnalytical\/\" \/>\n<meta property=\"article:modified_time\" content=\"2025-12-11T18:08:33+00:00\" \/>\n<meta name=\"twitter:card\" content=\"summary_large_image\" \/>\n<meta name=\"twitter:title\" content=\"\u00c9tudes de cas clients de Metal Power Analytical\" \/>\n<meta name=\"twitter:description\" content=\"Des \u00e9tudes de cas concrets illustrant l&#039;utilisation des spectrom\u00e8tres d&#039;\u00e9mission optique mobiles et stationnaires ainsi que des spectrom\u00e8tres d&#039;\u00e9mission optique \u00e0 disque rotatif (RDE OES) de Metal Power Analytical, garantissant pr\u00e9cision et fiabilit\u00e9.\" \/>\n<!-- \/ Yoast SEO plugin. -->","yoast_head_json":{"title":"\u00c9tudes de cas clients de Metal Power Analytical","description":"Des \u00e9tudes de cas concrets illustrant l'utilisation des spectrom\u00e8tres d'\u00e9mission optique mobiles et stationnaires ainsi que des spectrom\u00e8tres d'\u00e9mission optique \u00e0 disque rotatif (RDE OES) de Metal Power Analytical, garantissant pr\u00e9cision et fiabilit\u00e9.","robots":{"index":"index","follow":"follow","max-snippet":"max-snippet:-1","max-image-preview":"max-image-preview:large","max-video-preview":"max-video-preview:-1"},"canonical":"https:\/\/www.metalpower.net\/fr\/case-studies\/","og_locale":"fr_FR","og_type":"article","og_title":"\u00c9tudes de cas clients de Metal Power Analytical","og_description":"Des \u00e9tudes de cas concrets illustrant l'utilisation des spectrom\u00e8tres d'\u00e9mission optique mobiles et stationnaires ainsi que des spectrom\u00e8tres d'\u00e9mission optique \u00e0 disque rotatif (RDE OES) de Metal Power Analytical, garantissant pr\u00e9cision et fiabilit\u00e9.","og_url":"https:\/\/www.metalpower.net\/fr\/case-studies\/","og_site_name":"Metal Power","article_publisher":"https:\/\/www.facebook.com\/MetalPowerAnalytical\/","article_modified_time":"2025-12-11T18:08:33+00:00","twitter_card":"summary_large_image","twitter_title":"\u00c9tudes de cas clients de Metal Power Analytical","twitter_description":"Des \u00e9tudes de cas concrets illustrant l'utilisation des spectrom\u00e8tres d'\u00e9mission optique mobiles et stationnaires ainsi que des spectrom\u00e8tres d'\u00e9mission optique \u00e0 disque rotatif (RDE OES) de Metal Power Analytical, garantissant pr\u00e9cision et fiabilit\u00e9.","schema":{"@context":"https:\/\/schema.org","@graph":[{"@type":"WebPage","@id":"https:\/\/www.metalpower.net\/fr\/case-studies\/","url":"https:\/\/www.metalpower.net\/fr\/case-studies\/","name":"\u00c9tudes de cas clients de Metal Power Analytical","isPartOf":{"@id":"https:\/\/www.metalpower.net\/fr\/#website"},"datePublished":"2025-02-11T08:59:08+00:00","dateModified":"2025-12-11T18:08:33+00:00","description":"Des \u00e9tudes de cas concrets illustrant l'utilisation des spectrom\u00e8tres d'\u00e9mission optique mobiles et stationnaires ainsi que des spectrom\u00e8tres d'\u00e9mission optique \u00e0 disque rotatif (RDE OES) de Metal Power Analytical, garantissant pr\u00e9cision et fiabilit\u00e9.","breadcrumb":{"@id":"https:\/\/www.metalpower.net\/fr\/case-studies\/#breadcrumb"},"inLanguage":"fr-FR","potentialAction":[{"@type":"ReadAction","target":["https:\/\/www.metalpower.net\/fr\/case-studies\/"]}]},{"@type":"BreadcrumbList","@id":"https:\/\/www.metalpower.net\/fr\/case-studies\/#breadcrumb","itemListElement":[{"@type":"ListItem","position":1,"name":"Accueil","item":"https:\/\/www.metalpower.net\/fr\/"},{"@type":"ListItem","position":2,"name":"\u00c9tudes de cas"}]},{"@type":"WebSite","@id":"https:\/\/www.metalpower.net\/fr\/#website","url":"https:\/\/www.metalpower.net\/fr\/","name":"Metal Power","description":"","publisher":{"@id":"https:\/\/www.metalpower.net\/fr\/#organization"},"potentialAction":[{"@type":"SearchAction","target":{"@type":"EntryPoint","urlTemplate":"https:\/\/www.metalpower.net\/fr\/?s={search_term_string}"},"query-input":{"@type":"PropertyValueSpecification","valueRequired":true,"valueName":"search_term_string"}}],"inLanguage":"fr-FR"},{"@type":"Organization","@id":"https:\/\/www.metalpower.net\/fr\/#organization","name":"Metal Power Analytical","url":"https:\/\/www.metalpower.net\/fr\/","logo":{"@type":"ImageObject","inLanguage":"fr-FR","@id":"https:\/\/www.metalpower.net\/fr\/#\/schema\/logo\/image\/","url":"https:\/\/www.metalpower.net\/wp-content\/uploads\/2025\/07\/metal-power-logo.svg","contentUrl":"https:\/\/www.metalpower.net\/wp-content\/uploads\/2025\/07\/metal-power-logo.svg","width":112,"height":30,"caption":"Metal Power Analytical"},"image":{"@id":"https:\/\/www.metalpower.net\/fr\/#\/schema\/logo\/image\/"},"sameAs":["https:\/\/www.facebook.com\/MetalPowerAnalytical\/"]}]}},"_links":{"self":[{"href":"https:\/\/www.metalpower.net\/fr\/wp-json\/wp\/v2\/pages\/14659","targetHints":{"allow":["GET"]}}],"collection":[{"href":"https:\/\/www.metalpower.net\/fr\/wp-json\/wp\/v2\/pages"}],"about":[{"href":"https:\/\/www.metalpower.net\/fr\/wp-json\/wp\/v2\/types\/page"}],"author":[{"embeddable":true,"href":"https:\/\/www.metalpower.net\/fr\/wp-json\/wp\/v2\/users\/1"}],"replies":[{"embeddable":true,"href":"https:\/\/www.metalpower.net\/fr\/wp-json\/wp\/v2\/comments?post=14659"}],"version-history":[{"count":6,"href":"https:\/\/www.metalpower.net\/fr\/wp-json\/wp\/v2\/pages\/14659\/revisions"}],"predecessor-version":[{"id":14819,"href":"https:\/\/www.metalpower.net\/fr\/wp-json\/wp\/v2\/pages\/14659\/revisions\/14819"}],"wp:attachment":[{"href":"https:\/\/www.metalpower.net\/fr\/wp-json\/wp\/v2\/media?parent=14659"}],"curies":[{"name":"wp","href":"https:\/\/api.w.org\/{rel}","templated":true}]}}