{"id":10855,"date":"2025-02-24T04:18:35","date_gmt":"2025-02-24T04:18:35","guid":{"rendered":"https:\/\/www.metalpower.net\/?page_id=10855"},"modified":"2025-12-11T18:37:06","modified_gmt":"2025-12-11T18:37:06","slug":"home","status":"publish","type":"page","link":"https:\/\/www.metalpower.net\/fr\/","title":{"rendered":"Accueil"},"content":{"rendered":"","protected":false},"excerpt":{"rendered":"","protected":false},"author":1,"featured_media":0,"parent":0,"menu_order":0,"comment_status":"closed","ping_status":"closed","template":"","meta":{"_acf_changed":false,"inline_featured_image":false,"footnotes":""},"class_list":["post-10855","page","type-page","status-publish","hentry"],"acf":[],"yoast_head":"<!-- This site is optimized with the Yoast SEO plugin v26.6 - https:\/\/yoast.com\/wordpress\/plugins\/seo\/ -->\n<title>Analyse Des M\u00e9taux | Fabricants et fournisseurs de spectrom\u00e8tres en Inde<\/title>\n<meta name=\"description\" content=\"Am\u00e9liorez l\u2019analyse et la pr\u00e9cision des m\u00e9taux avec les spectrom\u00e8tres de Metal Power, principaux fabricants et fournisseurs en Inde. Achetez maintenant pour obtenir des r\u00e9sultats pr\u00e9cis \u00e0 un prix abordable.\" \/>\n<meta name=\"robots\" content=\"index, follow, max-snippet:-1, max-image-preview:large, max-video-preview:-1\" \/>\n<link rel=\"canonical\" href=\"https:\/\/www.metalpower.net\/fr\/\" \/>\n<meta property=\"og:locale\" content=\"fr_FR\" \/>\n<meta property=\"og:type\" content=\"article\" \/>\n<meta property=\"og:title\" content=\"Analyse Des M\u00e9taux | Fabricants et fournisseurs de spectrom\u00e8tres en Inde\" \/>\n<meta property=\"og:description\" content=\"Am\u00e9liorez l\u2019analyse et la pr\u00e9cision des m\u00e9taux avec les spectrom\u00e8tres de Metal Power, principaux fabricants et fournisseurs en Inde. Achetez maintenant pour obtenir des r\u00e9sultats pr\u00e9cis \u00e0 un prix abordable.\" \/>\n<meta property=\"og:url\" content=\"https:\/\/www.metalpower.net\/fr\/\" \/>\n<meta property=\"og:site_name\" content=\"Metal Power\" \/>\n<meta property=\"article:publisher\" content=\"https:\/\/www.facebook.com\/MetalPowerAnalytical\/\" \/>\n<meta property=\"article:modified_time\" content=\"2025-12-11T18:37:06+00:00\" \/>\n<meta name=\"twitter:card\" content=\"summary_large_image\" \/>\n<meta name=\"twitter:title\" content=\"Analyse Des M\u00e9taux | Fabricants et fournisseurs de spectrom\u00e8tres en Inde\" \/>\n<meta name=\"twitter:description\" content=\"Am\u00e9liorez l\u2019analyse et la pr\u00e9cision des m\u00e9taux avec les spectrom\u00e8tres de Metal Power, principaux fabricants et fournisseurs en Inde. Achetez maintenant pour obtenir des r\u00e9sultats pr\u00e9cis \u00e0 un prix abordable.\" \/>\n<!-- \/ Yoast SEO plugin. -->","yoast_head_json":{"title":"Analyse Des M\u00e9taux | Fabricants et fournisseurs de spectrom\u00e8tres en Inde","description":"Am\u00e9liorez l\u2019analyse et la pr\u00e9cision des m\u00e9taux avec les spectrom\u00e8tres de Metal Power, principaux fabricants et fournisseurs en Inde. Achetez maintenant pour obtenir des r\u00e9sultats pr\u00e9cis \u00e0 un prix abordable.","robots":{"index":"index","follow":"follow","max-snippet":"max-snippet:-1","max-image-preview":"max-image-preview:large","max-video-preview":"max-video-preview:-1"},"canonical":"https:\/\/www.metalpower.net\/fr\/","og_locale":"fr_FR","og_type":"article","og_title":"Analyse Des M\u00e9taux | Fabricants et fournisseurs de spectrom\u00e8tres en Inde","og_description":"Am\u00e9liorez l\u2019analyse et la pr\u00e9cision des m\u00e9taux avec les spectrom\u00e8tres de Metal Power, principaux fabricants et fournisseurs en Inde. Achetez maintenant pour obtenir des r\u00e9sultats pr\u00e9cis \u00e0 un prix abordable.","og_url":"https:\/\/www.metalpower.net\/fr\/","og_site_name":"Metal Power","article_publisher":"https:\/\/www.facebook.com\/MetalPowerAnalytical\/","article_modified_time":"2025-12-11T18:37:06+00:00","twitter_card":"summary_large_image","twitter_title":"Analyse Des M\u00e9taux | Fabricants et fournisseurs de spectrom\u00e8tres en Inde","twitter_description":"Am\u00e9liorez l\u2019analyse et la pr\u00e9cision des m\u00e9taux avec les spectrom\u00e8tres de Metal Power, principaux fabricants et fournisseurs en Inde. Achetez maintenant pour obtenir des r\u00e9sultats pr\u00e9cis \u00e0 un prix abordable.","schema":{"@context":"https:\/\/schema.org","@graph":[{"@type":"WebPage","@id":"https:\/\/www.metalpower.net\/fr\/","url":"https:\/\/www.metalpower.net\/fr\/","name":"Analyse Des M\u00e9taux | Fabricants et fournisseurs de spectrom\u00e8tres en Inde","isPartOf":{"@id":"https:\/\/www.metalpower.net\/fr\/#website"},"datePublished":"2025-02-24T04:18:35+00:00","dateModified":"2025-12-11T18:37:06+00:00","description":"Am\u00e9liorez l\u2019analyse et la pr\u00e9cision des m\u00e9taux avec les spectrom\u00e8tres de Metal Power, principaux fabricants et fournisseurs en Inde. Achetez maintenant pour obtenir des r\u00e9sultats pr\u00e9cis \u00e0 un prix abordable.","breadcrumb":{"@id":"https:\/\/www.metalpower.net\/fr\/#breadcrumb"},"inLanguage":"fr-FR","potentialAction":[{"@type":"ReadAction","target":["https:\/\/www.metalpower.net\/fr\/"]}]},{"@type":"BreadcrumbList","@id":"https:\/\/www.metalpower.net\/fr\/#breadcrumb","itemListElement":[{"@type":"ListItem","position":1,"name":"Accueil","item":"https:\/\/www.metalpower.net\/fr\/"},{"@type":"ListItem","position":2,"name":"Accueil"}]},{"@type":"WebSite","@id":"https:\/\/www.metalpower.net\/fr\/#website","url":"https:\/\/www.metalpower.net\/fr\/","name":"Metal Power","description":"","publisher":{"@id":"https:\/\/www.metalpower.net\/fr\/#organization"},"potentialAction":[{"@type":"SearchAction","target":{"@type":"EntryPoint","urlTemplate":"https:\/\/www.metalpower.net\/fr\/?s={search_term_string}"},"query-input":{"@type":"PropertyValueSpecification","valueRequired":true,"valueName":"search_term_string"}}],"inLanguage":"fr-FR"},{"@type":"Organization","@id":"https:\/\/www.metalpower.net\/fr\/#organization","name":"Metal Power Analytical","url":"https:\/\/www.metalpower.net\/fr\/","logo":{"@type":"ImageObject","inLanguage":"fr-FR","@id":"https:\/\/www.metalpower.net\/fr\/#\/schema\/logo\/image\/","url":"https:\/\/www.metalpower.net\/wp-content\/uploads\/2025\/07\/metal-power-logo.svg","contentUrl":"https:\/\/www.metalpower.net\/wp-content\/uploads\/2025\/07\/metal-power-logo.svg","width":112,"height":30,"caption":"Metal Power Analytical"},"image":{"@id":"https:\/\/www.metalpower.net\/fr\/#\/schema\/logo\/image\/"},"sameAs":["https:\/\/www.facebook.com\/MetalPowerAnalytical\/"]}]}},"_links":{"self":[{"href":"https:\/\/www.metalpower.net\/fr\/wp-json\/wp\/v2\/pages\/10855","targetHints":{"allow":["GET"]}}],"collection":[{"href":"https:\/\/www.metalpower.net\/fr\/wp-json\/wp\/v2\/pages"}],"about":[{"href":"https:\/\/www.metalpower.net\/fr\/wp-json\/wp\/v2\/types\/page"}],"author":[{"embeddable":true,"href":"https:\/\/www.metalpower.net\/fr\/wp-json\/wp\/v2\/users\/1"}],"replies":[{"embeddable":true,"href":"https:\/\/www.metalpower.net\/fr\/wp-json\/wp\/v2\/comments?post=10855"}],"version-history":[{"count":9,"href":"https:\/\/www.metalpower.net\/fr\/wp-json\/wp\/v2\/pages\/10855\/revisions"}],"predecessor-version":[{"id":14826,"href":"https:\/\/www.metalpower.net\/fr\/wp-json\/wp\/v2\/pages\/10855\/revisions\/14826"}],"wp:attachment":[{"href":"https:\/\/www.metalpower.net\/fr\/wp-json\/wp\/v2\/media?parent=10855"}],"curies":[{"name":"wp","href":"https:\/\/api.w.org\/{rel}","templated":true}]}}