{"id":10801,"date":"2025-02-15T05:46:57","date_gmt":"2025-02-15T05:46:57","guid":{"rendered":"https:\/\/www.metalpower.net\/posh\/"},"modified":"2025-12-23T07:12:21","modified_gmt":"2025-12-23T07:12:21","slug":"posh-at-workplace-policy","status":"publish","type":"page","link":"https:\/\/www.metalpower.net\/fr\/posh-at-workplace-policy\/","title":{"rendered":"Posh"},"content":{"rendered":"","protected":false},"excerpt":{"rendered":"","protected":false},"author":1,"featured_media":0,"parent":0,"menu_order":0,"comment_status":"closed","ping_status":"closed","template":"","meta":{"_acf_changed":false,"inline_featured_image":false,"footnotes":""},"class_list":["post-10801","page","type-page","status-publish","hentry"],"acf":[],"yoast_head":"<!-- This site is optimized with the Yoast SEO plugin v26.6 - https:\/\/yoast.com\/wordpress\/plugins\/seo\/ -->\n<title>Politique POSH au travail - Metal Power<\/title>\n<meta name=\"description\" content=\"Pr\u00e9vention du harc\u00e8lement sexuel au travail Introduction: Metal Power Analytical Pvt. Ltd. et ses soci\u00e9t\u00e9s affili\u00e9es (\u00ab Metal Power\/l&#039;Entreprise \u00bb) s&#039;engagent \u00e0 promouvoir un environnement de travail s\u00fbr, respectueux et exempt de toute forme de discrimination et de harc\u00e8lement. Cette politique constitue une base essentielle de notre d\u00e9vouement \u00e0 garantir un lieu de travail o\u00f9 chaque personne est respect\u00e9e\" \/>\n<meta name=\"robots\" content=\"index, follow, max-snippet:-1, max-image-preview:large, max-video-preview:-1\" \/>\n<link rel=\"canonical\" href=\"https:\/\/www.metalpower.net\/fr\/posh-at-workplace-policy\/\" \/>\n<meta property=\"og:locale\" content=\"fr_FR\" \/>\n<meta property=\"og:type\" content=\"article\" \/>\n<meta property=\"og:title\" content=\"Politique POSH au travail - Metal Power\" \/>\n<meta property=\"og:description\" content=\"Pr\u00e9vention du harc\u00e8lement sexuel au travail Introduction: Metal Power Analytical Pvt. Ltd. et ses soci\u00e9t\u00e9s affili\u00e9es (\u00ab Metal Power\/l&#039;Entreprise \u00bb) s&#039;engagent \u00e0 promouvoir un environnement de travail s\u00fbr, respectueux et exempt de toute forme de discrimination et de harc\u00e8lement. Cette politique constitue une base essentielle de notre d\u00e9vouement \u00e0 garantir un lieu de travail o\u00f9 chaque personne est respect\u00e9e\" \/>\n<meta property=\"og:url\" content=\"https:\/\/www.metalpower.net\/fr\/posh-at-workplace-policy\/\" \/>\n<meta property=\"og:site_name\" content=\"Metal Power\" \/>\n<meta property=\"article:publisher\" content=\"https:\/\/www.facebook.com\/MetalPowerAnalytical\/\" \/>\n<meta property=\"article:modified_time\" content=\"2025-12-23T07:12:21+00:00\" \/>\n<meta name=\"twitter:card\" content=\"summary_large_image\" \/>\n<meta name=\"twitter:title\" content=\"Politique POSH au travail - Metal Power\" \/>\n<meta name=\"twitter:description\" content=\"Pr\u00e9vention du harc\u00e8lement sexuel au travail Introduction: Metal Power Analytical Pvt. Ltd. et ses soci\u00e9t\u00e9s affili\u00e9es (\u00ab Metal Power\/l&#039;Entreprise \u00bb) s&#039;engagent \u00e0 promouvoir un environnement de travail s\u00fbr, respectueux et exempt de toute forme de discrimination et de harc\u00e8lement. Cette politique constitue une base essentielle de notre d\u00e9vouement \u00e0 garantir un lieu de travail o\u00f9 chaque personne est respect\u00e9e\" \/>\n<!-- \/ Yoast SEO plugin. -->","yoast_head_json":{"title":"Politique POSH au travail - Metal Power","description":"Pr\u00e9vention du harc\u00e8lement sexuel au travail Introduction: Metal Power Analytical Pvt. Ltd. et ses soci\u00e9t\u00e9s affili\u00e9es (\u00ab Metal Power\/l'Entreprise \u00bb) s'engagent \u00e0 promouvoir un environnement de travail s\u00fbr, respectueux et exempt de toute forme de discrimination et de harc\u00e8lement. Cette politique constitue une base essentielle de notre d\u00e9vouement \u00e0 garantir un lieu de travail o\u00f9 chaque personne est respect\u00e9e","robots":{"index":"index","follow":"follow","max-snippet":"max-snippet:-1","max-image-preview":"max-image-preview:large","max-video-preview":"max-video-preview:-1"},"canonical":"https:\/\/www.metalpower.net\/fr\/posh-at-workplace-policy\/","og_locale":"fr_FR","og_type":"article","og_title":"Politique POSH au travail - Metal Power","og_description":"Pr\u00e9vention du harc\u00e8lement sexuel au travail Introduction: Metal Power Analytical Pvt. Ltd. et ses soci\u00e9t\u00e9s affili\u00e9es (\u00ab Metal Power\/l'Entreprise \u00bb) s'engagent \u00e0 promouvoir un environnement de travail s\u00fbr, respectueux et exempt de toute forme de discrimination et de harc\u00e8lement. Cette politique constitue une base essentielle de notre d\u00e9vouement \u00e0 garantir un lieu de travail o\u00f9 chaque personne est respect\u00e9e","og_url":"https:\/\/www.metalpower.net\/fr\/posh-at-workplace-policy\/","og_site_name":"Metal Power","article_publisher":"https:\/\/www.facebook.com\/MetalPowerAnalytical\/","article_modified_time":"2025-12-23T07:12:21+00:00","twitter_card":"summary_large_image","twitter_title":"Politique POSH au travail - Metal Power","twitter_description":"Pr\u00e9vention du harc\u00e8lement sexuel au travail Introduction: Metal Power Analytical Pvt. Ltd. et ses soci\u00e9t\u00e9s affili\u00e9es (\u00ab Metal Power\/l'Entreprise \u00bb) s'engagent \u00e0 promouvoir un environnement de travail s\u00fbr, respectueux et exempt de toute forme de discrimination et de harc\u00e8lement. Cette politique constitue une base essentielle de notre d\u00e9vouement \u00e0 garantir un lieu de travail o\u00f9 chaque personne est respect\u00e9e","schema":{"@context":"https:\/\/schema.org","@graph":[{"@type":"WebPage","@id":"https:\/\/www.metalpower.net\/fr\/posh-at-workplace-policy\/","url":"https:\/\/www.metalpower.net\/fr\/posh-at-workplace-policy\/","name":"Politique POSH au travail - Metal Power","isPartOf":{"@id":"https:\/\/www.metalpower.net\/fr\/#website"},"datePublished":"2025-02-15T05:46:57+00:00","dateModified":"2025-12-23T07:12:21+00:00","description":"Pr\u00e9vention du harc\u00e8lement sexuel au travail Introduction: Metal Power Analytical Pvt. Ltd. et ses soci\u00e9t\u00e9s affili\u00e9es (\u00ab Metal Power\/l'Entreprise \u00bb) s'engagent \u00e0 promouvoir un environnement de travail s\u00fbr, respectueux et exempt de toute forme de discrimination et de harc\u00e8lement. Cette politique constitue une base essentielle de notre d\u00e9vouement \u00e0 garantir un lieu de travail o\u00f9 chaque personne est respect\u00e9e","breadcrumb":{"@id":"https:\/\/www.metalpower.net\/fr\/posh-at-workplace-policy\/#breadcrumb"},"inLanguage":"fr-FR","potentialAction":[{"@type":"ReadAction","target":["https:\/\/www.metalpower.net\/fr\/posh-at-workplace-policy\/"]}]},{"@type":"BreadcrumbList","@id":"https:\/\/www.metalpower.net\/fr\/posh-at-workplace-policy\/#breadcrumb","itemListElement":[{"@type":"ListItem","position":1,"name":"Accueil","item":"https:\/\/www.metalpower.net\/fr\/"},{"@type":"ListItem","position":2,"name":"Posh"}]},{"@type":"WebSite","@id":"https:\/\/www.metalpower.net\/fr\/#website","url":"https:\/\/www.metalpower.net\/fr\/","name":"Metal Power","description":"","publisher":{"@id":"https:\/\/www.metalpower.net\/fr\/#organization"},"potentialAction":[{"@type":"SearchAction","target":{"@type":"EntryPoint","urlTemplate":"https:\/\/www.metalpower.net\/fr\/?s={search_term_string}"},"query-input":{"@type":"PropertyValueSpecification","valueRequired":true,"valueName":"search_term_string"}}],"inLanguage":"fr-FR"},{"@type":"Organization","@id":"https:\/\/www.metalpower.net\/fr\/#organization","name":"Metal Power Analytical","url":"https:\/\/www.metalpower.net\/fr\/","logo":{"@type":"ImageObject","inLanguage":"fr-FR","@id":"https:\/\/www.metalpower.net\/fr\/#\/schema\/logo\/image\/","url":"https:\/\/www.metalpower.net\/wp-content\/uploads\/2025\/07\/metal-power-logo.svg","contentUrl":"https:\/\/www.metalpower.net\/wp-content\/uploads\/2025\/07\/metal-power-logo.svg","width":112,"height":30,"caption":"Metal Power Analytical"},"image":{"@id":"https:\/\/www.metalpower.net\/fr\/#\/schema\/logo\/image\/"},"sameAs":["https:\/\/www.facebook.com\/MetalPowerAnalytical\/"]}]}},"_links":{"self":[{"href":"https:\/\/www.metalpower.net\/fr\/wp-json\/wp\/v2\/pages\/10801","targetHints":{"allow":["GET"]}}],"collection":[{"href":"https:\/\/www.metalpower.net\/fr\/wp-json\/wp\/v2\/pages"}],"about":[{"href":"https:\/\/www.metalpower.net\/fr\/wp-json\/wp\/v2\/types\/page"}],"author":[{"embeddable":true,"href":"https:\/\/www.metalpower.net\/fr\/wp-json\/wp\/v2\/users\/1"}],"replies":[{"embeddable":true,"href":"https:\/\/www.metalpower.net\/fr\/wp-json\/wp\/v2\/comments?post=10801"}],"version-history":[{"count":1,"href":"https:\/\/www.metalpower.net\/fr\/wp-json\/wp\/v2\/pages\/10801\/revisions"}],"predecessor-version":[{"id":10802,"href":"https:\/\/www.metalpower.net\/fr\/wp-json\/wp\/v2\/pages\/10801\/revisions\/10802"}],"wp:attachment":[{"href":"https:\/\/www.metalpower.net\/fr\/wp-json\/wp\/v2\/media?parent=10801"}],"curies":[{"name":"wp","href":"https:\/\/api.w.org\/{rel}","templated":true}]}}