{"id":10798,"date":"2024-12-09T13:14:49","date_gmt":"2024-12-09T13:14:49","guid":{"rendered":"https:\/\/www.metalpower.net\/prenez-contact\/"},"modified":"2025-11-09T14:47:58","modified_gmt":"2025-11-09T14:47:58","slug":"get-in-touch","status":"publish","type":"page","link":"https:\/\/www.metalpower.net\/fr\/get-in-touch\/","title":{"rendered":"Nous contacter"},"content":{"rendered":"","protected":false},"excerpt":{"rendered":"","protected":false},"author":1,"featured_media":0,"parent":0,"menu_order":0,"comment_status":"closed","ping_status":"closed","template":"","meta":{"_acf_changed":false,"inline_featured_image":false,"footnotes":""},"class_list":["post-10798","page","type-page","status-publish","hentry"],"acf":[],"yoast_head":"<!-- This site is optimized with the Yoast SEO plugin v26.6 - https:\/\/yoast.com\/wordpress\/plugins\/seo\/ -->\n<title>Contactez-nous | Contactez nos experts en OES et analyse des m\u00e9taux<\/title>\n<meta name=\"description\" content=\"Contactez Metal Power Analytical pour des solutions d&#039;analyse des m\u00e9taux et d&#039;OES. B\u00e9n\u00e9ficiez d&#039;une assistance, d&#039;un service ou d&#039;un assistance partenariat.\" \/>\n<meta name=\"robots\" content=\"index, follow, max-snippet:-1, max-image-preview:large, max-video-preview:-1\" \/>\n<link rel=\"canonical\" href=\"https:\/\/www.metalpower.net\/fr\/get-in-touch\/\" \/>\n<meta property=\"og:locale\" content=\"fr_FR\" \/>\n<meta property=\"og:type\" content=\"article\" \/>\n<meta property=\"og:title\" content=\"Contactez-nous | Contactez nos experts en OES et analyse des m\u00e9taux\" \/>\n<meta property=\"og:description\" content=\"Contactez Metal Power Analytical pour des solutions d&#039;analyse des m\u00e9taux et d&#039;OES. B\u00e9n\u00e9ficiez d&#039;une assistance, d&#039;un service ou d&#039;un assistance partenariat.\" \/>\n<meta property=\"og:url\" content=\"https:\/\/www.metalpower.net\/fr\/get-in-touch\/\" \/>\n<meta property=\"og:site_name\" content=\"Metal Power\" \/>\n<meta property=\"article:publisher\" content=\"https:\/\/www.facebook.com\/MetalPowerAnalytical\/\" \/>\n<meta property=\"article:modified_time\" content=\"2025-11-09T14:47:58+00:00\" \/>\n<meta name=\"twitter:card\" content=\"summary_large_image\" \/>\n<meta name=\"twitter:title\" content=\"Contactez-nous | Contactez nos experts en OES et analyse des m\u00e9taux\" \/>\n<meta name=\"twitter:description\" content=\"Contactez Metal Power Analytical pour des solutions d&#039;analyse des m\u00e9taux et d&#039;OES. B\u00e9n\u00e9ficiez d&#039;une assistance, d&#039;un service ou d&#039;un assistance partenariat.\" \/>\n<!-- \/ Yoast SEO plugin. -->","yoast_head_json":{"title":"Contactez-nous | Contactez nos experts en OES et analyse des m\u00e9taux","description":"Contactez Metal Power Analytical pour des solutions d'analyse des m\u00e9taux et d'OES. B\u00e9n\u00e9ficiez d'une assistance, d'un service ou d'un assistance partenariat.","robots":{"index":"index","follow":"follow","max-snippet":"max-snippet:-1","max-image-preview":"max-image-preview:large","max-video-preview":"max-video-preview:-1"},"canonical":"https:\/\/www.metalpower.net\/fr\/get-in-touch\/","og_locale":"fr_FR","og_type":"article","og_title":"Contactez-nous | Contactez nos experts en OES et analyse des m\u00e9taux","og_description":"Contactez Metal Power Analytical pour des solutions d'analyse des m\u00e9taux et d'OES. B\u00e9n\u00e9ficiez d'une assistance, d'un service ou d'un assistance partenariat.","og_url":"https:\/\/www.metalpower.net\/fr\/get-in-touch\/","og_site_name":"Metal Power","article_publisher":"https:\/\/www.facebook.com\/MetalPowerAnalytical\/","article_modified_time":"2025-11-09T14:47:58+00:00","twitter_card":"summary_large_image","twitter_title":"Contactez-nous | Contactez nos experts en OES et analyse des m\u00e9taux","twitter_description":"Contactez Metal Power Analytical pour des solutions d'analyse des m\u00e9taux et d'OES. B\u00e9n\u00e9ficiez d'une assistance, d'un service ou d'un assistance partenariat.","schema":{"@context":"https:\/\/schema.org","@graph":[{"@type":"WebPage","@id":"https:\/\/www.metalpower.net\/fr\/get-in-touch\/","url":"https:\/\/www.metalpower.net\/fr\/get-in-touch\/","name":"Contactez-nous | Contactez nos experts en OES et analyse des m\u00e9taux","isPartOf":{"@id":"https:\/\/www.metalpower.net\/fr\/#website"},"datePublished":"2024-12-09T13:14:49+00:00","dateModified":"2025-11-09T14:47:58+00:00","description":"Contactez Metal Power Analytical pour des solutions d'analyse des m\u00e9taux et d'OES. B\u00e9n\u00e9ficiez d'une assistance, d'un service ou d'un assistance partenariat.","breadcrumb":{"@id":"https:\/\/www.metalpower.net\/fr\/get-in-touch\/#breadcrumb"},"inLanguage":"fr-FR","potentialAction":[{"@type":"ReadAction","target":["https:\/\/www.metalpower.net\/fr\/get-in-touch\/"]}]},{"@type":"BreadcrumbList","@id":"https:\/\/www.metalpower.net\/fr\/get-in-touch\/#breadcrumb","itemListElement":[{"@type":"ListItem","position":1,"name":"Accueil","item":"https:\/\/www.metalpower.net\/fr\/"},{"@type":"ListItem","position":2,"name":"Nous contacter"}]},{"@type":"WebSite","@id":"https:\/\/www.metalpower.net\/fr\/#website","url":"https:\/\/www.metalpower.net\/fr\/","name":"Metal Power","description":"","publisher":{"@id":"https:\/\/www.metalpower.net\/fr\/#organization"},"potentialAction":[{"@type":"SearchAction","target":{"@type":"EntryPoint","urlTemplate":"https:\/\/www.metalpower.net\/fr\/?s={search_term_string}"},"query-input":{"@type":"PropertyValueSpecification","valueRequired":true,"valueName":"search_term_string"}}],"inLanguage":"fr-FR"},{"@type":"Organization","@id":"https:\/\/www.metalpower.net\/fr\/#organization","name":"Metal Power Analytical","url":"https:\/\/www.metalpower.net\/fr\/","logo":{"@type":"ImageObject","inLanguage":"fr-FR","@id":"https:\/\/www.metalpower.net\/fr\/#\/schema\/logo\/image\/","url":"https:\/\/www.metalpower.net\/wp-content\/uploads\/2025\/07\/metal-power-logo.svg","contentUrl":"https:\/\/www.metalpower.net\/wp-content\/uploads\/2025\/07\/metal-power-logo.svg","width":112,"height":30,"caption":"Metal Power Analytical"},"image":{"@id":"https:\/\/www.metalpower.net\/fr\/#\/schema\/logo\/image\/"},"sameAs":["https:\/\/www.facebook.com\/MetalPowerAnalytical\/"]}]}},"_links":{"self":[{"href":"https:\/\/www.metalpower.net\/fr\/wp-json\/wp\/v2\/pages\/10798","targetHints":{"allow":["GET"]}}],"collection":[{"href":"https:\/\/www.metalpower.net\/fr\/wp-json\/wp\/v2\/pages"}],"about":[{"href":"https:\/\/www.metalpower.net\/fr\/wp-json\/wp\/v2\/types\/page"}],"author":[{"embeddable":true,"href":"https:\/\/www.metalpower.net\/fr\/wp-json\/wp\/v2\/users\/1"}],"replies":[{"embeddable":true,"href":"https:\/\/www.metalpower.net\/fr\/wp-json\/wp\/v2\/comments?post=10798"}],"version-history":[{"count":5,"href":"https:\/\/www.metalpower.net\/fr\/wp-json\/wp\/v2\/pages\/10798\/revisions"}],"predecessor-version":[{"id":14616,"href":"https:\/\/www.metalpower.net\/fr\/wp-json\/wp\/v2\/pages\/10798\/revisions\/14616"}],"wp:attachment":[{"href":"https:\/\/www.metalpower.net\/fr\/wp-json\/wp\/v2\/media?parent=10798"}],"curies":[{"name":"wp","href":"https:\/\/api.w.org\/{rel}","templated":true}]}}