{"id":10787,"date":"2025-02-24T19:04:09","date_gmt":"2025-02-24T19:04:09","guid":{"rendered":"https:\/\/www.metalpower.net\/customer-services\/log-a-service-call\/"},"modified":"2025-11-09T14:31:31","modified_gmt":"2025-11-09T14:31:31","slug":"log-a-service-call","status":"publish","type":"page","link":"https:\/\/www.metalpower.net\/fr\/customer-services\/log-a-service-call\/","title":{"rendered":"Enregistrer un appel de service"},"content":{"rendered":"","protected":false},"excerpt":{"rendered":"","protected":false},"author":1,"featured_media":0,"parent":10784,"menu_order":0,"comment_status":"closed","ping_status":"closed","template":"","meta":{"_acf_changed":false,"inline_featured_image":false,"footnotes":""},"class_list":["post-10787","page","type-page","status-publish","hentry"],"acf":[],"yoast_head":"<!-- This site is optimized with the Yoast SEO plugin v26.6 - https:\/\/yoast.com\/wordpress\/plugins\/seo\/ -->\n<title>Enregistrer un appel de service - Metal Power<\/title>\n<meta name=\"description\" content=\"Enregistre efficacement un appel de service pour votre spectrom\u00e8tre et vos \u00e9quipements alli\u00e9s. Nos services \u00e0 la client\u00e8le vous garantissent une assistance et un soutien rapides pour vos besoins.\" \/>\n<meta name=\"robots\" content=\"index, follow, max-snippet:-1, max-image-preview:large, max-video-preview:-1\" \/>\n<link rel=\"canonical\" href=\"https:\/\/www.metalpower.net\/fr\/customer-services\/log-a-service-call\/\" \/>\n<meta property=\"og:locale\" content=\"fr_FR\" \/>\n<meta property=\"og:type\" content=\"article\" \/>\n<meta property=\"og:title\" content=\"Enregistrer un appel de service - Metal Power\" \/>\n<meta property=\"og:description\" content=\"Enregistre efficacement un appel de service pour votre spectrom\u00e8tre et vos \u00e9quipements alli\u00e9s. Nos services \u00e0 la client\u00e8le vous garantissent une assistance et un soutien rapides pour vos besoins.\" \/>\n<meta property=\"og:url\" content=\"https:\/\/www.metalpower.net\/fr\/customer-services\/log-a-service-call\/\" \/>\n<meta property=\"og:site_name\" content=\"Metal Power\" \/>\n<meta property=\"article:publisher\" content=\"https:\/\/www.facebook.com\/MetalPowerAnalytical\/\" \/>\n<meta property=\"article:modified_time\" content=\"2025-11-09T14:31:31+00:00\" \/>\n<meta name=\"twitter:card\" content=\"summary_large_image\" \/>\n<meta name=\"twitter:title\" content=\"Enregistrer un appel de service - Metal Power\" \/>\n<meta name=\"twitter:description\" content=\"Enregistre efficacement un appel de service pour votre spectrom\u00e8tre et vos \u00e9quipements alli\u00e9s. Nos services \u00e0 la client\u00e8le vous garantissent une assistance et un soutien rapides pour vos besoins.\" \/>\n<!-- \/ Yoast SEO plugin. -->","yoast_head_json":{"title":"Enregistrer un appel de service - Metal Power","description":"Enregistre efficacement un appel de service pour votre spectrom\u00e8tre et vos \u00e9quipements alli\u00e9s. Nos services \u00e0 la client\u00e8le vous garantissent une assistance et un soutien rapides pour vos besoins.","robots":{"index":"index","follow":"follow","max-snippet":"max-snippet:-1","max-image-preview":"max-image-preview:large","max-video-preview":"max-video-preview:-1"},"canonical":"https:\/\/www.metalpower.net\/fr\/customer-services\/log-a-service-call\/","og_locale":"fr_FR","og_type":"article","og_title":"Enregistrer un appel de service - Metal Power","og_description":"Enregistre efficacement un appel de service pour votre spectrom\u00e8tre et vos \u00e9quipements alli\u00e9s. Nos services \u00e0 la client\u00e8le vous garantissent une assistance et un soutien rapides pour vos besoins.","og_url":"https:\/\/www.metalpower.net\/fr\/customer-services\/log-a-service-call\/","og_site_name":"Metal Power","article_publisher":"https:\/\/www.facebook.com\/MetalPowerAnalytical\/","article_modified_time":"2025-11-09T14:31:31+00:00","twitter_card":"summary_large_image","twitter_title":"Enregistrer un appel de service - Metal Power","twitter_description":"Enregistre efficacement un appel de service pour votre spectrom\u00e8tre et vos \u00e9quipements alli\u00e9s. Nos services \u00e0 la client\u00e8le vous garantissent une assistance et un soutien rapides pour vos besoins.","schema":{"@context":"https:\/\/schema.org","@graph":[{"@type":"WebPage","@id":"https:\/\/www.metalpower.net\/fr\/customer-services\/log-a-service-call\/","url":"https:\/\/www.metalpower.net\/fr\/customer-services\/log-a-service-call\/","name":"Enregistrer un appel de service - Metal Power","isPartOf":{"@id":"https:\/\/www.metalpower.net\/fr\/#website"},"datePublished":"2025-02-24T19:04:09+00:00","dateModified":"2025-11-09T14:31:31+00:00","description":"Enregistre efficacement un appel de service pour votre spectrom\u00e8tre et vos \u00e9quipements alli\u00e9s. Nos services \u00e0 la client\u00e8le vous garantissent une assistance et un soutien rapides pour vos besoins.","breadcrumb":{"@id":"https:\/\/www.metalpower.net\/fr\/customer-services\/log-a-service-call\/#breadcrumb"},"inLanguage":"fr-FR","potentialAction":[{"@type":"ReadAction","target":["https:\/\/www.metalpower.net\/fr\/customer-services\/log-a-service-call\/"]}]},{"@type":"BreadcrumbList","@id":"https:\/\/www.metalpower.net\/fr\/customer-services\/log-a-service-call\/#breadcrumb","itemListElement":[{"@type":"ListItem","position":1,"name":"Accueil","item":"https:\/\/www.metalpower.net\/fr\/"},{"@type":"ListItem","position":2,"name":"Contactez pour le service","item":"https:\/\/www.metalpower.net\/fr\/customer-services\/"},{"@type":"ListItem","position":3,"name":"Enregistrer un appel de service"}]},{"@type":"WebSite","@id":"https:\/\/www.metalpower.net\/fr\/#website","url":"https:\/\/www.metalpower.net\/fr\/","name":"Metal Power","description":"","publisher":{"@id":"https:\/\/www.metalpower.net\/fr\/#organization"},"potentialAction":[{"@type":"SearchAction","target":{"@type":"EntryPoint","urlTemplate":"https:\/\/www.metalpower.net\/fr\/?s={search_term_string}"},"query-input":{"@type":"PropertyValueSpecification","valueRequired":true,"valueName":"search_term_string"}}],"inLanguage":"fr-FR"},{"@type":"Organization","@id":"https:\/\/www.metalpower.net\/fr\/#organization","name":"Metal Power Analytical","url":"https:\/\/www.metalpower.net\/fr\/","logo":{"@type":"ImageObject","inLanguage":"fr-FR","@id":"https:\/\/www.metalpower.net\/fr\/#\/schema\/logo\/image\/","url":"https:\/\/www.metalpower.net\/wp-content\/uploads\/2025\/07\/metal-power-logo.svg","contentUrl":"https:\/\/www.metalpower.net\/wp-content\/uploads\/2025\/07\/metal-power-logo.svg","width":112,"height":30,"caption":"Metal Power Analytical"},"image":{"@id":"https:\/\/www.metalpower.net\/fr\/#\/schema\/logo\/image\/"},"sameAs":["https:\/\/www.facebook.com\/MetalPowerAnalytical\/"]}]}},"_links":{"self":[{"href":"https:\/\/www.metalpower.net\/fr\/wp-json\/wp\/v2\/pages\/10787","targetHints":{"allow":["GET"]}}],"collection":[{"href":"https:\/\/www.metalpower.net\/fr\/wp-json\/wp\/v2\/pages"}],"about":[{"href":"https:\/\/www.metalpower.net\/fr\/wp-json\/wp\/v2\/types\/page"}],"author":[{"embeddable":true,"href":"https:\/\/www.metalpower.net\/fr\/wp-json\/wp\/v2\/users\/1"}],"replies":[{"embeddable":true,"href":"https:\/\/www.metalpower.net\/fr\/wp-json\/wp\/v2\/comments?post=10787"}],"version-history":[{"count":5,"href":"https:\/\/www.metalpower.net\/fr\/wp-json\/wp\/v2\/pages\/10787\/revisions"}],"predecessor-version":[{"id":14613,"href":"https:\/\/www.metalpower.net\/fr\/wp-json\/wp\/v2\/pages\/10787\/revisions\/14613"}],"up":[{"embeddable":true,"href":"https:\/\/www.metalpower.net\/fr\/wp-json\/wp\/v2\/pages\/10784"}],"wp:attachment":[{"href":"https:\/\/www.metalpower.net\/fr\/wp-json\/wp\/v2\/media?parent=10787"}],"curies":[{"name":"wp","href":"https:\/\/api.w.org\/{rel}","templated":true}]}}