{"id":10777,"date":"2025-02-09T16:59:55","date_gmt":"2025-02-09T16:59:55","guid":{"rendered":"https:\/\/www.metalpower.net\/our-clients\/"},"modified":"2025-12-22T18:11:19","modified_gmt":"2025-12-22T18:11:19","slug":"clients","status":"publish","type":"page","link":"https:\/\/www.metalpower.net\/fr\/clients\/","title":{"rendered":"Nos clients"},"content":{"rendered":"","protected":false},"excerpt":{"rendered":"","protected":false},"author":1,"featured_media":0,"parent":0,"menu_order":0,"comment_status":"closed","ping_status":"closed","template":"","meta":{"_acf_changed":false,"inline_featured_image":false,"footnotes":""},"class_list":["post-10777","page","type-page","status-publish","hentry"],"acf":[],"yoast_head":"<!-- This site is optimized with the Yoast SEO plugin v26.6 - https:\/\/yoast.com\/wordpress\/plugins\/seo\/ -->\n<title>Clients | Metal Power Analytical \u2013 De confiance dans le monde entier<\/title>\n<meta name=\"description\" content=\"D\u00e9couvrez la client\u00e8le internationale de Metal Power Analytical, r\u00e9partie dans tous les secteurs d&#039;activit\u00e9. Reconnue dans le monde entier pour sa pr\u00e9cision, sa performance, son innovation et son excellence en analyse \u00e9l\u00e9mentaire, Metal Power Analytical est une entreprise reconnue.\" \/>\n<meta name=\"robots\" content=\"index, follow, max-snippet:-1, max-image-preview:large, max-video-preview:-1\" \/>\n<link rel=\"canonical\" href=\"https:\/\/www.metalpower.net\/fr\/our-clients\/\" \/>\n<meta property=\"og:locale\" content=\"fr_FR\" \/>\n<meta property=\"og:type\" content=\"article\" \/>\n<meta property=\"og:title\" content=\"Clients | Metal Power Analytical \u2013 De confiance dans le monde entier\" \/>\n<meta property=\"og:description\" content=\"D\u00e9couvrez la client\u00e8le internationale de Metal Power Analytical, r\u00e9partie dans tous les secteurs d&#039;activit\u00e9. Reconnue dans le monde entier pour sa pr\u00e9cision, sa performance, son innovation et son excellence en analyse \u00e9l\u00e9mentaire, Metal Power Analytical est une entreprise reconnue.\" \/>\n<meta property=\"og:url\" content=\"https:\/\/www.metalpower.net\/fr\/our-clients\/\" \/>\n<meta property=\"og:site_name\" content=\"Metal Power\" \/>\n<meta property=\"article:publisher\" content=\"https:\/\/www.facebook.com\/MetalPowerAnalytical\/\" \/>\n<meta property=\"article:modified_time\" content=\"2025-12-22T18:11:19+00:00\" \/>\n<meta property=\"og:image\" content=\"https:\/\/www.metalpower.net\/wp-content\/uploads\/2025\/06\/our-client.png\" \/>\n\t<meta property=\"og:image:width\" content=\"672\" \/>\n\t<meta property=\"og:image:height\" content=\"600\" \/>\n\t<meta property=\"og:image:type\" content=\"image\/png\" \/>\n<meta name=\"twitter:card\" content=\"summary_large_image\" \/>\n<meta name=\"twitter:title\" content=\"Clients | Metal Power Analytical \u2013 De confiance dans le monde entier\" \/>\n<meta name=\"twitter:description\" content=\"D\u00e9couvrez la client\u00e8le internationale de Metal Power Analytical, r\u00e9partie dans tous les secteurs d&#039;activit\u00e9. Reconnue dans le monde entier pour sa pr\u00e9cision, sa performance, son innovation et son excellence en analyse \u00e9l\u00e9mentaire, Metal Power Analytical est une entreprise reconnue.\" \/>\n<meta name=\"twitter:image\" content=\"https:\/\/www.metalpower.net\/wp-content\/uploads\/2025\/06\/our-client.png\" \/>\n<!-- \/ Yoast SEO plugin. -->","yoast_head_json":{"title":"Clients | Metal Power Analytical \u2013 De confiance dans le monde entier","description":"D\u00e9couvrez la client\u00e8le internationale de Metal Power Analytical, r\u00e9partie dans tous les secteurs d'activit\u00e9. Reconnue dans le monde entier pour sa pr\u00e9cision, sa performance, son innovation et son excellence en analyse \u00e9l\u00e9mentaire, Metal Power Analytical est une entreprise reconnue.","robots":{"index":"index","follow":"follow","max-snippet":"max-snippet:-1","max-image-preview":"max-image-preview:large","max-video-preview":"max-video-preview:-1"},"canonical":"https:\/\/www.metalpower.net\/fr\/our-clients\/","og_locale":"fr_FR","og_type":"article","og_title":"Clients | Metal Power Analytical \u2013 De confiance dans le monde entier","og_description":"D\u00e9couvrez la client\u00e8le internationale de Metal Power Analytical, r\u00e9partie dans tous les secteurs d'activit\u00e9. Reconnue dans le monde entier pour sa pr\u00e9cision, sa performance, son innovation et son excellence en analyse \u00e9l\u00e9mentaire, Metal Power Analytical est une entreprise reconnue.","og_url":"https:\/\/www.metalpower.net\/fr\/our-clients\/","og_site_name":"Metal Power","article_publisher":"https:\/\/www.facebook.com\/MetalPowerAnalytical\/","article_modified_time":"2025-12-22T18:11:19+00:00","og_image":[{"width":672,"height":600,"url":"https:\/\/www.metalpower.net\/wp-content\/uploads\/2025\/06\/our-client.png","type":"image\/png"}],"twitter_card":"summary_large_image","twitter_title":"Clients | Metal Power Analytical \u2013 De confiance dans le monde entier","twitter_description":"D\u00e9couvrez la client\u00e8le internationale de Metal Power Analytical, r\u00e9partie dans tous les secteurs d'activit\u00e9. Reconnue dans le monde entier pour sa pr\u00e9cision, sa performance, son innovation et son excellence en analyse \u00e9l\u00e9mentaire, Metal Power Analytical est une entreprise reconnue.","twitter_image":"https:\/\/www.metalpower.net\/wp-content\/uploads\/2025\/06\/our-client.png","schema":{"@context":"https:\/\/schema.org","@graph":[{"@type":"WebPage","@id":"https:\/\/www.metalpower.net\/fr\/clients\/","url":"https:\/\/www.metalpower.net\/fr\/our-clients\/","name":"Clients | Metal Power Analytical \u2013 De confiance dans le monde entier","isPartOf":{"@id":"https:\/\/www.metalpower.net\/fr\/#website"},"datePublished":"2025-02-09T16:59:55+00:00","dateModified":"2025-12-22T18:11:19+00:00","description":"D\u00e9couvrez la client\u00e8le internationale de Metal Power Analytical, r\u00e9partie dans tous les secteurs d'activit\u00e9. Reconnue dans le monde entier pour sa pr\u00e9cision, sa performance, son innovation et son excellence en analyse \u00e9l\u00e9mentaire, Metal Power Analytical est une entreprise reconnue.","breadcrumb":{"@id":"https:\/\/www.metalpower.net\/fr\/our-clients\/#breadcrumb"},"inLanguage":"fr-FR","potentialAction":[{"@type":"ReadAction","target":["https:\/\/www.metalpower.net\/fr\/our-clients\/"]}]},{"@type":"BreadcrumbList","@id":"https:\/\/www.metalpower.net\/fr\/our-clients\/#breadcrumb","itemListElement":[{"@type":"ListItem","position":1,"name":"Accueil","item":"https:\/\/www.metalpower.net\/fr\/"},{"@type":"ListItem","position":2,"name":"Nos clients"}]},{"@type":"WebSite","@id":"https:\/\/www.metalpower.net\/fr\/#website","url":"https:\/\/www.metalpower.net\/fr\/","name":"Metal Power","description":"","publisher":{"@id":"https:\/\/www.metalpower.net\/fr\/#organization"},"potentialAction":[{"@type":"SearchAction","target":{"@type":"EntryPoint","urlTemplate":"https:\/\/www.metalpower.net\/fr\/?s={search_term_string}"},"query-input":{"@type":"PropertyValueSpecification","valueRequired":true,"valueName":"search_term_string"}}],"inLanguage":"fr-FR"},{"@type":"Organization","@id":"https:\/\/www.metalpower.net\/fr\/#organization","name":"Metal Power Analytical","url":"https:\/\/www.metalpower.net\/fr\/","logo":{"@type":"ImageObject","inLanguage":"fr-FR","@id":"https:\/\/www.metalpower.net\/fr\/#\/schema\/logo\/image\/","url":"https:\/\/www.metalpower.net\/wp-content\/uploads\/2025\/07\/metal-power-logo.svg","contentUrl":"https:\/\/www.metalpower.net\/wp-content\/uploads\/2025\/07\/metal-power-logo.svg","width":112,"height":30,"caption":"Metal Power Analytical"},"image":{"@id":"https:\/\/www.metalpower.net\/fr\/#\/schema\/logo\/image\/"},"sameAs":["https:\/\/www.facebook.com\/MetalPowerAnalytical\/"]}]}},"_links":{"self":[{"href":"https:\/\/www.metalpower.net\/fr\/wp-json\/wp\/v2\/pages\/10777","targetHints":{"allow":["GET"]}}],"collection":[{"href":"https:\/\/www.metalpower.net\/fr\/wp-json\/wp\/v2\/pages"}],"about":[{"href":"https:\/\/www.metalpower.net\/fr\/wp-json\/wp\/v2\/types\/page"}],"author":[{"embeddable":true,"href":"https:\/\/www.metalpower.net\/fr\/wp-json\/wp\/v2\/users\/1"}],"replies":[{"embeddable":true,"href":"https:\/\/www.metalpower.net\/fr\/wp-json\/wp\/v2\/comments?post=10777"}],"version-history":[{"count":2,"href":"https:\/\/www.metalpower.net\/fr\/wp-json\/wp\/v2\/pages\/10777\/revisions"}],"predecessor-version":[{"id":10779,"href":"https:\/\/www.metalpower.net\/fr\/wp-json\/wp\/v2\/pages\/10777\/revisions\/10779"}],"wp:attachment":[{"href":"https:\/\/www.metalpower.net\/fr\/wp-json\/wp\/v2\/media?parent=10777"}],"curies":[{"name":"wp","href":"https:\/\/api.w.org\/{rel}","templated":true}]}}