{"id":10774,"date":"2024-12-09T11:47:55","date_gmt":"2024-12-09T11:47:55","guid":{"rendered":"https:\/\/www.metalpower.net\/careers\/"},"modified":"2025-11-09T14:50:56","modified_gmt":"2025-11-09T14:50:56","slug":"careers","status":"publish","type":"page","link":"https:\/\/www.metalpower.net\/fr\/careers\/","title":{"rendered":"Carri\u00e8res"},"content":{"rendered":"","protected":false},"excerpt":{"rendered":"","protected":false},"author":1,"featured_media":0,"parent":0,"menu_order":0,"comment_status":"closed","ping_status":"closed","template":"","meta":{"_acf_changed":false,"inline_featured_image":false,"footnotes":""},"class_list":["post-10774","page","type-page","status-publish","hentry"],"acf":[],"yoast_head":"<!-- This site is optimized with the Yoast SEO plugin v26.6 - https:\/\/yoast.com\/wordpress\/plugins\/seo\/ -->\n<title>Carri\u00e8res | Grandir avec Metal Power Analytical<\/title>\n<meta name=\"description\" content=\"Rejoignez Metal Power Analytical \u00e0 Mumbai. Explorez les opportunit\u00e9s en R&amp;D, d\u00e9veloppement de produits, ventes, etc. Nous offrons croissance, \u00e9quilibre vie professionnelle-vie priv\u00e9e et culture d&#039;innovation.\" \/>\n<meta name=\"robots\" content=\"index, follow, max-snippet:-1, max-image-preview:large, max-video-preview:-1\" \/>\n<link rel=\"canonical\" href=\"https:\/\/www.metalpower.net\/fr\/careers\/\" \/>\n<meta property=\"og:locale\" content=\"fr_FR\" \/>\n<meta property=\"og:type\" content=\"article\" \/>\n<meta property=\"og:title\" content=\"Carri\u00e8res | Grandir avec Metal Power Analytical\" \/>\n<meta property=\"og:description\" content=\"Rejoignez Metal Power Analytical \u00e0 Mumbai. Explorez les opportunit\u00e9s en R&amp;D, d\u00e9veloppement de produits, ventes, etc. Nous offrons croissance, \u00e9quilibre vie professionnelle-vie priv\u00e9e et culture d&#039;innovation.\" \/>\n<meta property=\"og:url\" content=\"https:\/\/www.metalpower.net\/fr\/careers\/\" \/>\n<meta property=\"og:site_name\" content=\"Metal Power\" \/>\n<meta property=\"article:publisher\" content=\"https:\/\/www.facebook.com\/MetalPowerAnalytical\/\" \/>\n<meta property=\"article:modified_time\" content=\"2025-11-09T14:50:56+00:00\" \/>\n<meta property=\"og:image\" content=\"https:\/\/www.metalpower.net\/wp-content\/uploads\/2025\/07\/career-mob.png\" \/>\n\t<meta property=\"og:image:width\" content=\"350\" \/>\n\t<meta property=\"og:image:height\" content=\"300\" \/>\n\t<meta property=\"og:image:type\" content=\"image\/png\" \/>\n<meta name=\"twitter:card\" content=\"summary_large_image\" \/>\n<meta name=\"twitter:title\" content=\"Carri\u00e8res | Grandir avec Metal Power Analytical\" \/>\n<meta name=\"twitter:description\" content=\"Rejoignez Metal Power Analytical \u00e0 Mumbai. Explorez les opportunit\u00e9s en R&amp;D, d\u00e9veloppement de produits, ventes, etc. Nous offrons croissance, \u00e9quilibre vie professionnelle-vie priv\u00e9e et culture d&#039;innovation.\" \/>\n<meta name=\"twitter:image\" content=\"https:\/\/www.metalpower.net\/wp-content\/uploads\/2025\/07\/career-mob.png\" \/>\n<!-- \/ Yoast SEO plugin. -->","yoast_head_json":{"title":"Carri\u00e8res | Grandir avec Metal Power Analytical","description":"Rejoignez Metal Power Analytical \u00e0 Mumbai. Explorez les opportunit\u00e9s en R&D, d\u00e9veloppement de produits, ventes, etc. Nous offrons croissance, \u00e9quilibre vie professionnelle-vie priv\u00e9e et culture d'innovation.","robots":{"index":"index","follow":"follow","max-snippet":"max-snippet:-1","max-image-preview":"max-image-preview:large","max-video-preview":"max-video-preview:-1"},"canonical":"https:\/\/www.metalpower.net\/fr\/careers\/","og_locale":"fr_FR","og_type":"article","og_title":"Carri\u00e8res | Grandir avec Metal Power Analytical","og_description":"Rejoignez Metal Power Analytical \u00e0 Mumbai. Explorez les opportunit\u00e9s en R&D, d\u00e9veloppement de produits, ventes, etc. Nous offrons croissance, \u00e9quilibre vie professionnelle-vie priv\u00e9e et culture d'innovation.","og_url":"https:\/\/www.metalpower.net\/fr\/careers\/","og_site_name":"Metal Power","article_publisher":"https:\/\/www.facebook.com\/MetalPowerAnalytical\/","article_modified_time":"2025-11-09T14:50:56+00:00","og_image":[{"width":350,"height":300,"url":"https:\/\/www.metalpower.net\/wp-content\/uploads\/2025\/07\/career-mob.png","type":"image\/png"}],"twitter_card":"summary_large_image","twitter_title":"Carri\u00e8res | Grandir avec Metal Power Analytical","twitter_description":"Rejoignez Metal Power Analytical \u00e0 Mumbai. Explorez les opportunit\u00e9s en R&D, d\u00e9veloppement de produits, ventes, etc. Nous offrons croissance, \u00e9quilibre vie professionnelle-vie priv\u00e9e et culture d'innovation.","twitter_image":"https:\/\/www.metalpower.net\/wp-content\/uploads\/2025\/07\/career-mob.png","schema":{"@context":"https:\/\/schema.org","@graph":[{"@type":"WebPage","@id":"https:\/\/www.metalpower.net\/fr\/careers\/","url":"https:\/\/www.metalpower.net\/fr\/careers\/","name":"Carri\u00e8res | Grandir avec Metal Power Analytical","isPartOf":{"@id":"https:\/\/www.metalpower.net\/fr\/#website"},"datePublished":"2024-12-09T11:47:55+00:00","dateModified":"2025-11-09T14:50:56+00:00","description":"Rejoignez Metal Power Analytical \u00e0 Mumbai. Explorez les opportunit\u00e9s en R&D, d\u00e9veloppement de produits, ventes, etc. Nous offrons croissance, \u00e9quilibre vie professionnelle-vie priv\u00e9e et culture d'innovation.","breadcrumb":{"@id":"https:\/\/www.metalpower.net\/fr\/careers\/#breadcrumb"},"inLanguage":"fr-FR","potentialAction":[{"@type":"ReadAction","target":["https:\/\/www.metalpower.net\/fr\/careers\/"]}]},{"@type":"BreadcrumbList","@id":"https:\/\/www.metalpower.net\/fr\/careers\/#breadcrumb","itemListElement":[{"@type":"ListItem","position":1,"name":"Accueil","item":"https:\/\/www.metalpower.net\/fr\/"},{"@type":"ListItem","position":2,"name":"Carri\u00e8res"}]},{"@type":"WebSite","@id":"https:\/\/www.metalpower.net\/fr\/#website","url":"https:\/\/www.metalpower.net\/fr\/","name":"Metal Power","description":"","publisher":{"@id":"https:\/\/www.metalpower.net\/fr\/#organization"},"potentialAction":[{"@type":"SearchAction","target":{"@type":"EntryPoint","urlTemplate":"https:\/\/www.metalpower.net\/fr\/?s={search_term_string}"},"query-input":{"@type":"PropertyValueSpecification","valueRequired":true,"valueName":"search_term_string"}}],"inLanguage":"fr-FR"},{"@type":"Organization","@id":"https:\/\/www.metalpower.net\/fr\/#organization","name":"Metal Power Analytical","url":"https:\/\/www.metalpower.net\/fr\/","logo":{"@type":"ImageObject","inLanguage":"fr-FR","@id":"https:\/\/www.metalpower.net\/fr\/#\/schema\/logo\/image\/","url":"https:\/\/www.metalpower.net\/wp-content\/uploads\/2025\/07\/metal-power-logo.svg","contentUrl":"https:\/\/www.metalpower.net\/wp-content\/uploads\/2025\/07\/metal-power-logo.svg","width":112,"height":30,"caption":"Metal Power Analytical"},"image":{"@id":"https:\/\/www.metalpower.net\/fr\/#\/schema\/logo\/image\/"},"sameAs":["https:\/\/www.facebook.com\/MetalPowerAnalytical\/"]}]}},"_links":{"self":[{"href":"https:\/\/www.metalpower.net\/fr\/wp-json\/wp\/v2\/pages\/10774","targetHints":{"allow":["GET"]}}],"collection":[{"href":"https:\/\/www.metalpower.net\/fr\/wp-json\/wp\/v2\/pages"}],"about":[{"href":"https:\/\/www.metalpower.net\/fr\/wp-json\/wp\/v2\/types\/page"}],"author":[{"embeddable":true,"href":"https:\/\/www.metalpower.net\/fr\/wp-json\/wp\/v2\/users\/1"}],"replies":[{"embeddable":true,"href":"https:\/\/www.metalpower.net\/fr\/wp-json\/wp\/v2\/comments?post=10774"}],"version-history":[{"count":4,"href":"https:\/\/www.metalpower.net\/fr\/wp-json\/wp\/v2\/pages\/10774\/revisions"}],"predecessor-version":[{"id":14253,"href":"https:\/\/www.metalpower.net\/fr\/wp-json\/wp\/v2\/pages\/10774\/revisions\/14253"}],"wp:attachment":[{"href":"https:\/\/www.metalpower.net\/fr\/wp-json\/wp\/v2\/media?parent=10774"}],"curies":[{"name":"wp","href":"https:\/\/api.w.org\/{rel}","templated":true}]}}