{"id":10768,"date":"2025-02-11T17:27:06","date_gmt":"2025-02-11T17:27:06","guid":{"rendered":"https:\/\/www.metalpower.net\/about\/infrastructure\/"},"modified":"2025-11-09T14:48:50","modified_gmt":"2025-11-09T14:48:50","slug":"infrastructure","status":"publish","type":"page","link":"https:\/\/www.metalpower.net\/fr\/about\/infrastructure\/","title":{"rendered":"Infrastructure"},"content":{"rendered":"","protected":false},"excerpt":{"rendered":"","protected":false},"author":1,"featured_media":0,"parent":10765,"menu_order":0,"comment_status":"closed","ping_status":"closed","template":"","meta":{"_acf_changed":false,"inline_featured_image":false,"footnotes":""},"class_list":["post-10768","page","type-page","status-publish","hentry"],"acf":[],"yoast_head":"<!-- This site is optimized with the Yoast SEO plugin v26.6 - https:\/\/yoast.com\/wordpress\/plugins\/seo\/ -->\n<title>Infrastructure | Metal Power Analytical<\/title>\n<meta name=\"description\" content=\"Metal Power Analytical garantit des performances \u00e9lev\u00e9es en mati\u00e8re de tests et d&#039;analyses \u00e9l\u00e9mentaires avec une infrastructure de classe mondiale, un laboratoire de R&amp;D interne, une technologie de pointe et une fabrication moderne.\" \/>\n<meta name=\"robots\" content=\"index, follow, max-snippet:-1, max-image-preview:large, max-video-preview:-1\" \/>\n<link rel=\"canonical\" href=\"https:\/\/www.metalpower.net\/fr\/about\/infrastructure\/\" \/>\n<meta property=\"og:locale\" content=\"fr_FR\" \/>\n<meta property=\"og:type\" content=\"article\" \/>\n<meta property=\"og:title\" content=\"Infrastructure | Metal Power Analytical\" \/>\n<meta property=\"og:description\" content=\"Metal Power Analytical garantit des performances \u00e9lev\u00e9es en mati\u00e8re de tests et d&#039;analyses \u00e9l\u00e9mentaires avec une infrastructure de classe mondiale, un laboratoire de R&amp;D interne, une technologie de pointe et une fabrication moderne.\" \/>\n<meta property=\"og:url\" content=\"https:\/\/www.metalpower.net\/fr\/about\/infrastructure\/\" \/>\n<meta property=\"og:site_name\" content=\"Metal Power\" \/>\n<meta property=\"article:publisher\" content=\"https:\/\/www.facebook.com\/MetalPowerAnalytical\/\" \/>\n<meta property=\"article:modified_time\" content=\"2025-11-09T14:48:50+00:00\" \/>\n<meta property=\"og:image\" content=\"https:\/\/www.metalpower.net\/wp-content\/uploads\/2025\/02\/infra-2-scaled.webp\" \/>\n\t<meta property=\"og:image:width\" content=\"2560\" \/>\n\t<meta property=\"og:image:height\" content=\"2286\" \/>\n\t<meta property=\"og:image:type\" content=\"image\/webp\" \/>\n<meta name=\"twitter:card\" content=\"summary_large_image\" \/>\n<meta name=\"twitter:title\" content=\"Infrastructure | Metal Power Analytical\" \/>\n<meta name=\"twitter:description\" content=\"Metal Power Analytical garantit des performances \u00e9lev\u00e9es en mati\u00e8re de tests et d&#039;analyses \u00e9l\u00e9mentaires avec une infrastructure de classe mondiale, un laboratoire de R&amp;D interne, une technologie de pointe et une fabrication moderne.\" \/>\n<meta name=\"twitter:image\" content=\"https:\/\/www.metalpower.net\/wp-content\/uploads\/2025\/02\/infra-2-scaled.webp\" \/>\n<!-- \/ Yoast SEO plugin. -->","yoast_head_json":{"title":"Infrastructure | Metal Power Analytical","description":"Metal Power Analytical garantit des performances \u00e9lev\u00e9es en mati\u00e8re de tests et d'analyses \u00e9l\u00e9mentaires avec une infrastructure de classe mondiale, un laboratoire de R&D interne, une technologie de pointe et une fabrication moderne.","robots":{"index":"index","follow":"follow","max-snippet":"max-snippet:-1","max-image-preview":"max-image-preview:large","max-video-preview":"max-video-preview:-1"},"canonical":"https:\/\/www.metalpower.net\/fr\/about\/infrastructure\/","og_locale":"fr_FR","og_type":"article","og_title":"Infrastructure | Metal Power Analytical","og_description":"Metal Power Analytical garantit des performances \u00e9lev\u00e9es en mati\u00e8re de tests et d'analyses \u00e9l\u00e9mentaires avec une infrastructure de classe mondiale, un laboratoire de R&D interne, une technologie de pointe et une fabrication moderne.","og_url":"https:\/\/www.metalpower.net\/fr\/about\/infrastructure\/","og_site_name":"Metal Power","article_publisher":"https:\/\/www.facebook.com\/MetalPowerAnalytical\/","article_modified_time":"2025-11-09T14:48:50+00:00","og_image":[{"width":2560,"height":2286,"url":"https:\/\/www.metalpower.net\/wp-content\/uploads\/2025\/02\/infra-2-scaled.webp","type":"image\/webp"}],"twitter_card":"summary_large_image","twitter_title":"Infrastructure | Metal Power Analytical","twitter_description":"Metal Power Analytical garantit des performances \u00e9lev\u00e9es en mati\u00e8re de tests et d'analyses \u00e9l\u00e9mentaires avec une infrastructure de classe mondiale, un laboratoire de R&D interne, une technologie de pointe et une fabrication moderne.","twitter_image":"https:\/\/www.metalpower.net\/wp-content\/uploads\/2025\/02\/infra-2-scaled.webp","schema":{"@context":"https:\/\/schema.org","@graph":[{"@type":"WebPage","@id":"https:\/\/www.metalpower.net\/fr\/about\/infrastructure\/","url":"https:\/\/www.metalpower.net\/fr\/about\/infrastructure\/","name":"Infrastructure | Metal Power Analytical","isPartOf":{"@id":"https:\/\/www.metalpower.net\/fr\/#website"},"datePublished":"2025-02-11T17:27:06+00:00","dateModified":"2025-11-09T14:48:50+00:00","description":"Metal Power Analytical garantit des performances \u00e9lev\u00e9es en mati\u00e8re de tests et d'analyses \u00e9l\u00e9mentaires avec une infrastructure de classe mondiale, un laboratoire de R&D interne, une technologie de pointe et une fabrication moderne.","breadcrumb":{"@id":"https:\/\/www.metalpower.net\/fr\/about\/infrastructure\/#breadcrumb"},"inLanguage":"fr-FR","potentialAction":[{"@type":"ReadAction","target":["https:\/\/www.metalpower.net\/fr\/about\/infrastructure\/"]}]},{"@type":"BreadcrumbList","@id":"https:\/\/www.metalpower.net\/fr\/about\/infrastructure\/#breadcrumb","itemListElement":[{"@type":"ListItem","position":1,"name":"Accueil","item":"https:\/\/www.metalpower.net\/fr\/"},{"@type":"ListItem","position":2,"name":"\u00c0 propos de","item":"https:\/\/www.metalpower.net\/fr\/about\/"},{"@type":"ListItem","position":3,"name":"Infrastructure"}]},{"@type":"WebSite","@id":"https:\/\/www.metalpower.net\/fr\/#website","url":"https:\/\/www.metalpower.net\/fr\/","name":"Metal Power","description":"","publisher":{"@id":"https:\/\/www.metalpower.net\/fr\/#organization"},"potentialAction":[{"@type":"SearchAction","target":{"@type":"EntryPoint","urlTemplate":"https:\/\/www.metalpower.net\/fr\/?s={search_term_string}"},"query-input":{"@type":"PropertyValueSpecification","valueRequired":true,"valueName":"search_term_string"}}],"inLanguage":"fr-FR"},{"@type":"Organization","@id":"https:\/\/www.metalpower.net\/fr\/#organization","name":"Metal Power Analytical","url":"https:\/\/www.metalpower.net\/fr\/","logo":{"@type":"ImageObject","inLanguage":"fr-FR","@id":"https:\/\/www.metalpower.net\/fr\/#\/schema\/logo\/image\/","url":"https:\/\/www.metalpower.net\/wp-content\/uploads\/2025\/07\/metal-power-logo.svg","contentUrl":"https:\/\/www.metalpower.net\/wp-content\/uploads\/2025\/07\/metal-power-logo.svg","width":112,"height":30,"caption":"Metal Power Analytical"},"image":{"@id":"https:\/\/www.metalpower.net\/fr\/#\/schema\/logo\/image\/"},"sameAs":["https:\/\/www.facebook.com\/MetalPowerAnalytical\/"]}]}},"_links":{"self":[{"href":"https:\/\/www.metalpower.net\/fr\/wp-json\/wp\/v2\/pages\/10768","targetHints":{"allow":["GET"]}}],"collection":[{"href":"https:\/\/www.metalpower.net\/fr\/wp-json\/wp\/v2\/pages"}],"about":[{"href":"https:\/\/www.metalpower.net\/fr\/wp-json\/wp\/v2\/types\/page"}],"author":[{"embeddable":true,"href":"https:\/\/www.metalpower.net\/fr\/wp-json\/wp\/v2\/users\/1"}],"replies":[{"embeddable":true,"href":"https:\/\/www.metalpower.net\/fr\/wp-json\/wp\/v2\/comments?post=10768"}],"version-history":[{"count":2,"href":"https:\/\/www.metalpower.net\/fr\/wp-json\/wp\/v2\/pages\/10768\/revisions"}],"predecessor-version":[{"id":10771,"href":"https:\/\/www.metalpower.net\/fr\/wp-json\/wp\/v2\/pages\/10768\/revisions\/10771"}],"up":[{"embeddable":true,"href":"https:\/\/www.metalpower.net\/fr\/wp-json\/wp\/v2\/pages\/10765"}],"wp:attachment":[{"href":"https:\/\/www.metalpower.net\/fr\/wp-json\/wp\/v2\/media?parent=10768"}],"curies":[{"name":"wp","href":"https:\/\/api.w.org\/{rel}","templated":true}]}}