{"id":10765,"date":"2025-02-08T17:09:14","date_gmt":"2025-02-08T17:09:14","guid":{"rendered":"https:\/\/www.metalpower.net\/about\/"},"modified":"2025-11-09T14:46:44","modified_gmt":"2025-11-09T14:46:44","slug":"about","status":"publish","type":"page","link":"https:\/\/www.metalpower.net\/fr\/about\/","title":{"rendered":"\u00c0 propos de"},"content":{"rendered":"","protected":false},"excerpt":{"rendered":"","protected":false},"author":1,"featured_media":0,"parent":0,"menu_order":0,"comment_status":"closed","ping_status":"closed","template":"","meta":{"_acf_changed":false,"inline_featured_image":false,"footnotes":""},"class_list":["post-10765","page","type-page","status-publish","hentry"],"acf":[],"yoast_head":"<!-- This site is optimized with the Yoast SEO plugin v26.6 - https:\/\/yoast.com\/wordpress\/plugins\/seo\/ -->\n<title>\u00c0 propos de Metal Power Analytical | Leader en spectrom\u00e8tres d&#039;\u00e9mission optique et solutions analytiques<\/title>\n<meta name=\"description\" content=\"D\u00e9couvrez l&#039;expertise et l&#039;innovation de Metal Power Analytical dans le domaine des spectrom\u00e8tres et des solutions analytiques. D\u00e9couvrez notre engagement envers la qualit\u00e9 et la pr\u00e9cision.\" \/>\n<meta name=\"robots\" content=\"index, follow, max-snippet:-1, max-image-preview:large, max-video-preview:-1\" \/>\n<link rel=\"canonical\" href=\"https:\/\/www.metalpower.net\/fr\/about\/\" \/>\n<meta property=\"og:locale\" content=\"fr_FR\" \/>\n<meta property=\"og:type\" content=\"article\" \/>\n<meta property=\"og:title\" content=\"\u00c0 propos de Metal Power Analytical | Leader en spectrom\u00e8tres d&#039;\u00e9mission optique et solutions analytiques\" \/>\n<meta property=\"og:description\" content=\"D\u00e9couvrez l&#039;expertise et l&#039;innovation de Metal Power Analytical dans le domaine des spectrom\u00e8tres et des solutions analytiques. D\u00e9couvrez notre engagement envers la qualit\u00e9 et la pr\u00e9cision.\" \/>\n<meta property=\"og:url\" content=\"https:\/\/www.metalpower.net\/fr\/about\/\" \/>\n<meta property=\"og:site_name\" content=\"Metal Power\" \/>\n<meta property=\"article:publisher\" content=\"https:\/\/www.facebook.com\/MetalPowerAnalytical\/\" \/>\n<meta property=\"article:modified_time\" content=\"2025-11-09T14:46:44+00:00\" \/>\n<meta property=\"og:image\" content=\"https:\/\/www.metalpower.net\/wp-content\/uploads\/2025\/07\/about-company-scaled.jpg\" \/>\n\t<meta property=\"og:image:width\" content=\"2560\" \/>\n\t<meta property=\"og:image:height\" content=\"2286\" \/>\n\t<meta property=\"og:image:type\" content=\"image\/jpeg\" \/>\n<meta name=\"twitter:card\" content=\"summary_large_image\" \/>\n<meta name=\"twitter:title\" content=\"\u00c0 propos de Metal Power Analytical | Leader en spectrom\u00e8tres d&#039;\u00e9mission optique et solutions analytiques\" \/>\n<meta name=\"twitter:description\" content=\"D\u00e9couvrez l&#039;expertise et l&#039;innovation de Metal Power Analytical dans le domaine des spectrom\u00e8tres et des solutions analytiques. D\u00e9couvrez notre engagement envers la qualit\u00e9 et la pr\u00e9cision.\" \/>\n<meta name=\"twitter:image\" content=\"https:\/\/www.metalpower.net\/wp-content\/uploads\/2025\/07\/about-company-scaled.jpg\" \/>\n<!-- \/ Yoast SEO plugin. -->","yoast_head_json":{"title":"\u00c0 propos de Metal Power Analytical | Leader en spectrom\u00e8tres d'\u00e9mission optique et solutions analytiques","description":"D\u00e9couvrez l'expertise et l'innovation de Metal Power Analytical dans le domaine des spectrom\u00e8tres et des solutions analytiques. D\u00e9couvrez notre engagement envers la qualit\u00e9 et la pr\u00e9cision.","robots":{"index":"index","follow":"follow","max-snippet":"max-snippet:-1","max-image-preview":"max-image-preview:large","max-video-preview":"max-video-preview:-1"},"canonical":"https:\/\/www.metalpower.net\/fr\/about\/","og_locale":"fr_FR","og_type":"article","og_title":"\u00c0 propos de Metal Power Analytical | Leader en spectrom\u00e8tres d'\u00e9mission optique et solutions analytiques","og_description":"D\u00e9couvrez l'expertise et l'innovation de Metal Power Analytical dans le domaine des spectrom\u00e8tres et des solutions analytiques. D\u00e9couvrez notre engagement envers la qualit\u00e9 et la pr\u00e9cision.","og_url":"https:\/\/www.metalpower.net\/fr\/about\/","og_site_name":"Metal Power","article_publisher":"https:\/\/www.facebook.com\/MetalPowerAnalytical\/","article_modified_time":"2025-11-09T14:46:44+00:00","og_image":[{"width":2560,"height":2286,"url":"https:\/\/www.metalpower.net\/wp-content\/uploads\/2025\/07\/about-company-scaled.jpg","type":"image\/jpeg"}],"twitter_card":"summary_large_image","twitter_title":"\u00c0 propos de Metal Power Analytical | Leader en spectrom\u00e8tres d'\u00e9mission optique et solutions analytiques","twitter_description":"D\u00e9couvrez l'expertise et l'innovation de Metal Power Analytical dans le domaine des spectrom\u00e8tres et des solutions analytiques. D\u00e9couvrez notre engagement envers la qualit\u00e9 et la pr\u00e9cision.","twitter_image":"https:\/\/www.metalpower.net\/wp-content\/uploads\/2025\/07\/about-company-scaled.jpg","schema":{"@context":"https:\/\/schema.org","@graph":[{"@type":"WebPage","@id":"https:\/\/www.metalpower.net\/fr\/about\/","url":"https:\/\/www.metalpower.net\/fr\/about\/","name":"\u00c0 propos de Metal Power Analytical | Leader en spectrom\u00e8tres d'\u00e9mission optique et solutions analytiques","isPartOf":{"@id":"https:\/\/www.metalpower.net\/fr\/#website"},"datePublished":"2025-02-08T17:09:14+00:00","dateModified":"2025-11-09T14:46:44+00:00","description":"D\u00e9couvrez l'expertise et l'innovation de Metal Power Analytical dans le domaine des spectrom\u00e8tres et des solutions analytiques. D\u00e9couvrez notre engagement envers la qualit\u00e9 et la pr\u00e9cision.","breadcrumb":{"@id":"https:\/\/www.metalpower.net\/fr\/about\/#breadcrumb"},"inLanguage":"fr-FR","potentialAction":[{"@type":"ReadAction","target":["https:\/\/www.metalpower.net\/fr\/about\/"]}]},{"@type":"BreadcrumbList","@id":"https:\/\/www.metalpower.net\/fr\/about\/#breadcrumb","itemListElement":[{"@type":"ListItem","position":1,"name":"Accueil","item":"https:\/\/www.metalpower.net\/fr\/"},{"@type":"ListItem","position":2,"name":"\u00c0 propos de"}]},{"@type":"WebSite","@id":"https:\/\/www.metalpower.net\/fr\/#website","url":"https:\/\/www.metalpower.net\/fr\/","name":"Metal Power","description":"","publisher":{"@id":"https:\/\/www.metalpower.net\/fr\/#organization"},"potentialAction":[{"@type":"SearchAction","target":{"@type":"EntryPoint","urlTemplate":"https:\/\/www.metalpower.net\/fr\/?s={search_term_string}"},"query-input":{"@type":"PropertyValueSpecification","valueRequired":true,"valueName":"search_term_string"}}],"inLanguage":"fr-FR"},{"@type":"Organization","@id":"https:\/\/www.metalpower.net\/fr\/#organization","name":"Metal Power Analytical","url":"https:\/\/www.metalpower.net\/fr\/","logo":{"@type":"ImageObject","inLanguage":"fr-FR","@id":"https:\/\/www.metalpower.net\/fr\/#\/schema\/logo\/image\/","url":"https:\/\/www.metalpower.net\/wp-content\/uploads\/2025\/07\/metal-power-logo.svg","contentUrl":"https:\/\/www.metalpower.net\/wp-content\/uploads\/2025\/07\/metal-power-logo.svg","width":112,"height":30,"caption":"Metal Power Analytical"},"image":{"@id":"https:\/\/www.metalpower.net\/fr\/#\/schema\/logo\/image\/"},"sameAs":["https:\/\/www.facebook.com\/MetalPowerAnalytical\/"]}]}},"_links":{"self":[{"href":"https:\/\/www.metalpower.net\/fr\/wp-json\/wp\/v2\/pages\/10765","targetHints":{"allow":["GET"]}}],"collection":[{"href":"https:\/\/www.metalpower.net\/fr\/wp-json\/wp\/v2\/pages"}],"about":[{"href":"https:\/\/www.metalpower.net\/fr\/wp-json\/wp\/v2\/types\/page"}],"author":[{"embeddable":true,"href":"https:\/\/www.metalpower.net\/fr\/wp-json\/wp\/v2\/users\/1"}],"replies":[{"embeddable":true,"href":"https:\/\/www.metalpower.net\/fr\/wp-json\/wp\/v2\/comments?post=10765"}],"version-history":[{"count":5,"href":"https:\/\/www.metalpower.net\/fr\/wp-json\/wp\/v2\/pages\/10765\/revisions"}],"predecessor-version":[{"id":14618,"href":"https:\/\/www.metalpower.net\/fr\/wp-json\/wp\/v2\/pages\/10765\/revisions\/14618"}],"wp:attachment":[{"href":"https:\/\/www.metalpower.net\/fr\/wp-json\/wp\/v2\/media?parent=10765"}],"curies":[{"name":"wp","href":"https:\/\/api.w.org\/{rel}","templated":true}]}}