{"id":11087,"date":"2025-06-22T16:56:26","date_gmt":"2025-06-22T16:56:26","guid":{"rendered":"https:\/\/stage.metalpower.net\/products\/%product_category%\/wirelessrtds\/"},"modified":"2025-11-05T19:07:35","modified_gmt":"2025-11-05T19:07:35","slug":"wirelessrtds","status":"publish","type":"product","link":"https:\/\/www.metalpower.net\/es\/products\/allied-equipment\/wirelessrtds\/","title":{"rendered":"WirelessRTDS"},"content":{"rendered":"<p>Sistema inal\u00e1mbrico de sincronizaci\u00f3n de datos en tiempo real que transfiere instant\u00e1neamente los datos de an\u00e1lisis desde OES a dispositivos remotos para una trazabilidad \u00f3ptima.<\/p>\n","protected":false},"featured_media":8849,"template":"","meta":{"_acf_changed":false,"inline_featured_image":false},"product_category":[93],"class_list":["post-11087","product","type-product","status-publish","has-post-thumbnail","hentry","product_category-allied-equipment"],"acf":[],"yoast_head":"<!-- This site is optimized with the Yoast SEO plugin v26.6 - https:\/\/yoast.com\/wordpress\/plugins\/seo\/ -->\n<title>WirelessRTDS | Real-Time Wireless Data Transmission<\/title>\n<meta name=\"description\" content=\"WirelessRTDS wirelessly transfers OES results to any remote device\u2014streamlining workflows, enhancing traceability, and optimizing lab efficiency.\" \/>\n<meta name=\"robots\" content=\"index, follow, max-snippet:-1, max-image-preview:large, max-video-preview:-1\" \/>\n<link rel=\"canonical\" href=\"https:\/\/www.metalpower.net\/es\/products\/allied-equipment\/wirelessrtds\/\" \/>\n<meta property=\"og:locale\" content=\"es_ES\" \/>\n<meta property=\"og:type\" content=\"article\" \/>\n<meta property=\"og:title\" content=\"Wireless RTDS | Real-Time Wireless Data Transmission\" \/>\n<meta property=\"og:description\" content=\"Wireless RTDS delivers instantaneous transfer of Optical Emission Spectrometer data to remote devices, ensuring streamlined traceability and real-time lab monitoring.\" \/>\n<meta property=\"og:url\" content=\"https:\/\/www.metalpower.net\/es\/products\/allied-equipment\/wirelessrtds\/\" \/>\n<meta property=\"og:site_name\" content=\"Metal Power\" \/>\n<meta property=\"article:publisher\" content=\"https:\/\/www.facebook.com\/MetalPowerAnalytical\/\" \/>\n<meta property=\"article:modified_time\" content=\"2025-11-05T19:07:35+00:00\" \/>\n<meta property=\"og:image\" content=\"https:\/\/www.metalpower.net\/wp-content\/uploads\/2025\/06\/wirelessrtds-2-1024x891.png\" \/>\n<meta name=\"twitter:card\" content=\"summary_large_image\" \/>\n<meta name=\"twitter:title\" content=\"Wireless RTDS | Real-Time Wireless Data Transmission\" \/>\n<meta name=\"twitter:description\" content=\"Wireless RTDS delivers instantaneous transfer of Optical Emission Spectrometer data to remote devices, ensuring streamlined traceability and real-time lab monitoring.\" \/>\n<meta name=\"twitter:image\" content=\"https:\/\/www.metalpower.net\/wp-content\/uploads\/2025\/06\/wirelessrtds-2-1024x891.png\" \/>\n<meta name=\"twitter:label1\" content=\"Tiempo de lectura\" \/>\n\t<meta name=\"twitter:data1\" content=\"1 minuto\" \/>\n<!-- \/ Yoast SEO plugin. -->","yoast_head_json":{"title":"WirelessRTDS | Real-Time Wireless Data Transmission","description":"WirelessRTDS wirelessly transfers OES results to any remote device\u2014streamlining workflows, enhancing traceability, and optimizing lab efficiency.","robots":{"index":"index","follow":"follow","max-snippet":"max-snippet:-1","max-image-preview":"max-image-preview:large","max-video-preview":"max-video-preview:-1"},"canonical":"https:\/\/www.metalpower.net\/es\/products\/allied-equipment\/wirelessrtds\/","og_locale":"es_ES","og_type":"article","og_title":"Wireless RTDS | Real-Time Wireless Data Transmission","og_description":"Wireless RTDS delivers instantaneous transfer of Optical Emission Spectrometer data to remote devices, ensuring streamlined traceability and real-time lab monitoring.","og_url":"https:\/\/www.metalpower.net\/es\/products\/allied-equipment\/wirelessrtds\/","og_site_name":"Metal Power","article_publisher":"https:\/\/www.facebook.com\/MetalPowerAnalytical\/","article_modified_time":"2025-11-05T19:07:35+00:00","og_image":[{"url":"https:\/\/www.metalpower.net\/wp-content\/uploads\/2025\/06\/wirelessrtds-2-1024x891.png","type":"","width":"","height":""}],"twitter_card":"summary_large_image","twitter_title":"Wireless RTDS | Real-Time Wireless Data Transmission","twitter_description":"Wireless RTDS delivers instantaneous transfer of Optical Emission Spectrometer data to remote devices, ensuring streamlined traceability and real-time lab monitoring.","twitter_image":"https:\/\/www.metalpower.net\/wp-content\/uploads\/2025\/06\/wirelessrtds-2-1024x891.png","twitter_misc":{"Tiempo de lectura":"1 minuto"},"schema":{"@context":"https:\/\/schema.org","@graph":[{"@type":"WebPage","@id":"https:\/\/www.metalpower.net\/es\/products\/allied-equipment\/wirelessrtds\/","url":"https:\/\/www.metalpower.net\/es\/products\/allied-equipment\/wirelessrtds\/","name":"WirelessRTDS | Real-Time Wireless Data Transmission","isPartOf":{"@id":"https:\/\/www.metalpower.net\/es\/#website"},"primaryImageOfPage":{"@id":"https:\/\/www.metalpower.net\/es\/products\/allied-equipment\/wirelessrtds\/#primaryimage"},"image":{"@id":"https:\/\/www.metalpower.net\/es\/products\/allied-equipment\/wirelessrtds\/#primaryimage"},"thumbnailUrl":"https:\/\/www.metalpower.net\/wp-content\/uploads\/2025\/06\/wirelessrtds.png","datePublished":"2025-06-22T16:56:26+00:00","dateModified":"2025-11-05T19:07:35+00:00","description":"WirelessRTDS wirelessly transfers OES results to any remote device\u2014streamlining workflows, enhancing traceability, and optimizing lab efficiency.","breadcrumb":{"@id":"https:\/\/www.metalpower.net\/es\/products\/allied-equipment\/wirelessrtds\/#breadcrumb"},"inLanguage":"es","potentialAction":[{"@type":"ReadAction","target":["https:\/\/www.metalpower.net\/es\/products\/allied-equipment\/wirelessrtds\/"]}]},{"@type":"ImageObject","inLanguage":"es","@id":"https:\/\/www.metalpower.net\/es\/products\/allied-equipment\/wirelessrtds\/#primaryimage","url":"https:\/\/www.metalpower.net\/wp-content\/uploads\/2025\/06\/wirelessrtds.png","contentUrl":"https:\/\/www.metalpower.net\/wp-content\/uploads\/2025\/06\/wirelessrtds.png","width":2416,"height":1512,"caption":"WirelessRTDS, real-time data sync system for shop floor to lab"},{"@type":"BreadcrumbList","@id":"https:\/\/www.metalpower.net\/es\/products\/allied-equipment\/wirelessrtds\/#breadcrumb","itemListElement":[{"@type":"ListItem","position":1,"name":"Inicio","item":"https:\/\/www.metalpower.net\/es\/"},{"@type":"ListItem","position":2,"name":"Products","item":"https:\/\/www.metalpower.net\/es\/products\/%product_category%\/"},{"@type":"ListItem","position":3,"name":"WirelessRTDS"}]},{"@type":"WebSite","@id":"https:\/\/www.metalpower.net\/es\/#website","url":"https:\/\/www.metalpower.net\/es\/","name":"Metal Power","description":"","publisher":{"@id":"https:\/\/www.metalpower.net\/es\/#organization"},"potentialAction":[{"@type":"SearchAction","target":{"@type":"EntryPoint","urlTemplate":"https:\/\/www.metalpower.net\/es\/?s={search_term_string}"},"query-input":{"@type":"PropertyValueSpecification","valueRequired":true,"valueName":"search_term_string"}}],"inLanguage":"es"},{"@type":"Organization","@id":"https:\/\/www.metalpower.net\/es\/#organization","name":"Metal Power Analytical","url":"https:\/\/www.metalpower.net\/es\/","logo":{"@type":"ImageObject","inLanguage":"es","@id":"https:\/\/www.metalpower.net\/es\/#\/schema\/logo\/image\/","url":"https:\/\/www.metalpower.net\/wp-content\/uploads\/2025\/07\/metal-power-logo.svg","contentUrl":"https:\/\/www.metalpower.net\/wp-content\/uploads\/2025\/07\/metal-power-logo.svg","width":112,"height":30,"caption":"Metal Power Analytical"},"image":{"@id":"https:\/\/www.metalpower.net\/es\/#\/schema\/logo\/image\/"},"sameAs":["https:\/\/www.facebook.com\/MetalPowerAnalytical\/"]}]}},"_links":{"self":[{"href":"https:\/\/www.metalpower.net\/es\/wp-json\/wp\/v2\/product\/11087","targetHints":{"allow":["GET"]}}],"collection":[{"href":"https:\/\/www.metalpower.net\/es\/wp-json\/wp\/v2\/product"}],"about":[{"href":"https:\/\/www.metalpower.net\/es\/wp-json\/wp\/v2\/types\/product"}],"wp:featuredmedia":[{"embeddable":true,"href":"https:\/\/www.metalpower.net\/es\/wp-json\/wp\/v2\/media\/8849"}],"wp:attachment":[{"href":"https:\/\/www.metalpower.net\/es\/wp-json\/wp\/v2\/media?parent=11087"}],"wp:term":[{"taxonomy":"product_category","embeddable":true,"href":"https:\/\/www.metalpower.net\/es\/wp-json\/wp\/v2\/product_category?post=11087"}],"curies":[{"name":"wp","href":"https:\/\/api.w.org\/{rel}","templated":true}]}}