{"id":11082,"date":"2025-04-20T17:26:58","date_gmt":"2025-04-20T17:26:58","guid":{"rendered":"https:\/\/stage.metalpower.net\/products\/%product_category%\/metavision-mx-2\/"},"modified":"2025-12-22T17:33:07","modified_gmt":"2025-12-22T17:33:07","slug":"metavision-mx-plus","status":"publish","type":"product","link":"https:\/\/www.metalpower.net\/es\/products\/mobile-oes\/metavision-mx-plus\/","title":{"rendered":"Metavision-MX+"},"content":{"rendered":"<p>Un OES portable de alto rendimiento que ofrece an\u00e1lisis precisos, identificaci\u00f3n de grado, flexibilidad excepcional y un dise\u00f1o robusto y preparado para el uso local f\u00e1cil.<\/p>\n","protected":false},"featured_media":9728,"template":"","meta":{"_acf_changed":false,"inline_featured_image":false},"product_category":[90],"class_list":["post-11082","product","type-product","status-publish","has-post-thumbnail","hentry","product_category-mobile-oes"],"acf":[],"yoast_head":"<!-- This site is optimized with the Yoast SEO plugin v26.6 - https:\/\/yoast.com\/wordpress\/plugins\/seo\/ -->\n<title>Metavision MX+ - Metal Power<\/title>\n<meta name=\"description\" content=\"Metavision-MX+ es un espectr\u00f3metro de emisi\u00f3n \u00f3ptica m\u00f3vil con una movilidad y precisi\u00f3n inigualables para analizar m\u00e1s de 55 elementos en metales ferrosos y no ferrosos.\" \/>\n<meta name=\"robots\" content=\"index, follow, max-snippet:-1, max-image-preview:large, max-video-preview:-1\" \/>\n<link rel=\"canonical\" href=\"https:\/\/www.metalpower.net\/es\/products\/mobile-oes\/metavision-mx-plus\/\" \/>\n<meta property=\"og:locale\" content=\"es_ES\" \/>\n<meta property=\"og:type\" content=\"article\" \/>\n<meta property=\"og:title\" content=\"Metavision MX+ - Metal Power\" \/>\n<meta property=\"og:description\" content=\"Metavision-MX+ es un espectr\u00f3metro de emisi\u00f3n \u00f3ptica m\u00f3vil con una movilidad y precisi\u00f3n inigualables para analizar m\u00e1s de 55 elementos en metales ferrosos y no ferrosos.\" \/>\n<meta property=\"og:url\" content=\"https:\/\/www.metalpower.net\/es\/products\/mobile-oes\/metavision-mx-plus\/\" \/>\n<meta property=\"og:site_name\" content=\"Metal Power\" \/>\n<meta property=\"article:publisher\" content=\"https:\/\/www.facebook.com\/MetalPowerAnalytical\/\" \/>\n<meta property=\"article:modified_time\" content=\"2025-12-22T17:33:07+00:00\" \/>\n<meta property=\"og:image\" content=\"https:\/\/www.metalpower.net\/wp-content\/uploads\/2025\/04\/metavision-mx-plus-space-grey-1-1024x913.png\" \/>\n<meta name=\"twitter:card\" content=\"summary_large_image\" \/>\n<meta name=\"twitter:title\" content=\"Metavision MX+ - Metal Power\" \/>\n<meta name=\"twitter:description\" content=\"Metavision-MX+ es un espectr\u00f3metro de emisi\u00f3n \u00f3ptica m\u00f3vil con una movilidad y precisi\u00f3n inigualables para analizar m\u00e1s de 55 elementos en metales ferrosos y no ferrosos.\" \/>\n<meta name=\"twitter:image\" content=\"https:\/\/www.metalpower.net\/wp-content\/uploads\/2025\/04\/metavision-mx-plus-space-grey-1-1024x913.png\" \/>\n<meta name=\"twitter:label1\" content=\"Tiempo de lectura\" \/>\n\t<meta name=\"twitter:data1\" content=\"1 minuto\" \/>\n<!-- \/ Yoast SEO plugin. -->","yoast_head_json":{"title":"Metavision MX+ - Metal Power","description":"Metavision-MX+ es un espectr\u00f3metro de emisi\u00f3n \u00f3ptica m\u00f3vil con una movilidad y precisi\u00f3n inigualables para analizar m\u00e1s de 55 elementos en metales ferrosos y no ferrosos.","robots":{"index":"index","follow":"follow","max-snippet":"max-snippet:-1","max-image-preview":"max-image-preview:large","max-video-preview":"max-video-preview:-1"},"canonical":"https:\/\/www.metalpower.net\/es\/products\/mobile-oes\/metavision-mx-plus\/","og_locale":"es_ES","og_type":"article","og_title":"Metavision MX+ - Metal Power","og_description":"Metavision-MX+ es un espectr\u00f3metro de emisi\u00f3n \u00f3ptica m\u00f3vil con una movilidad y precisi\u00f3n inigualables para analizar m\u00e1s de 55 elementos en metales ferrosos y no ferrosos.","og_url":"https:\/\/www.metalpower.net\/es\/products\/mobile-oes\/metavision-mx-plus\/","og_site_name":"Metal Power","article_publisher":"https:\/\/www.facebook.com\/MetalPowerAnalytical\/","article_modified_time":"2025-12-22T17:33:07+00:00","og_image":[{"url":"https:\/\/www.metalpower.net\/wp-content\/uploads\/2025\/04\/metavision-mx-plus-space-grey-1-1024x913.png","type":"","width":"","height":""}],"twitter_card":"summary_large_image","twitter_title":"Metavision MX+ - Metal Power","twitter_description":"Metavision-MX+ es un espectr\u00f3metro de emisi\u00f3n \u00f3ptica m\u00f3vil con una movilidad y precisi\u00f3n inigualables para analizar m\u00e1s de 55 elementos en metales ferrosos y no ferrosos.","twitter_image":"https:\/\/www.metalpower.net\/wp-content\/uploads\/2025\/04\/metavision-mx-plus-space-grey-1-1024x913.png","twitter_misc":{"Tiempo de lectura":"1 minuto"},"schema":{"@context":"https:\/\/schema.org","@graph":[{"@type":"WebPage","@id":"https:\/\/www.metalpower.net\/es\/products\/mobile-oes\/metavision-mx-plus\/","url":"https:\/\/www.metalpower.net\/es\/products\/mobile-oes\/metavision-mx-plus\/","name":"Metavision MX+ - Metal Power","isPartOf":{"@id":"https:\/\/www.metalpower.net\/es\/#website"},"primaryImageOfPage":{"@id":"https:\/\/www.metalpower.net\/es\/products\/mobile-oes\/metavision-mx-plus\/#primaryimage"},"image":{"@id":"https:\/\/www.metalpower.net\/es\/products\/mobile-oes\/metavision-mx-plus\/#primaryimage"},"thumbnailUrl":"https:\/\/www.metalpower.net\/wp-content\/uploads\/2025\/04\/metavision-mx-plus.png","datePublished":"2025-04-20T17:26:58+00:00","dateModified":"2025-12-22T17:33:07+00:00","description":"Metavision-MX+ es un espectr\u00f3metro de emisi\u00f3n \u00f3ptica m\u00f3vil con una movilidad y precisi\u00f3n inigualables para analizar m\u00e1s de 55 elementos en metales ferrosos y no ferrosos.","breadcrumb":{"@id":"https:\/\/www.metalpower.net\/es\/products\/mobile-oes\/metavision-mx-plus\/#breadcrumb"},"inLanguage":"es","potentialAction":[{"@type":"ReadAction","target":["https:\/\/www.metalpower.net\/es\/products\/mobile-oes\/metavision-mx-plus\/"]}]},{"@type":"ImageObject","inLanguage":"es","@id":"https:\/\/www.metalpower.net\/es\/products\/mobile-oes\/metavision-mx-plus\/#primaryimage","url":"https:\/\/www.metalpower.net\/wp-content\/uploads\/2025\/04\/metavision-mx-plus.png","contentUrl":"https:\/\/www.metalpower.net\/wp-content\/uploads\/2025\/04\/metavision-mx-plus.png","width":1872,"height":1236,"caption":"Metavision-MX+"},{"@type":"BreadcrumbList","@id":"https:\/\/www.metalpower.net\/es\/products\/mobile-oes\/metavision-mx-plus\/#breadcrumb","itemListElement":[{"@type":"ListItem","position":1,"name":"Inicio","item":"https:\/\/www.metalpower.net\/es\/"},{"@type":"ListItem","position":2,"name":"Products","item":"https:\/\/www.metalpower.net\/es\/products\/%product_category%\/"},{"@type":"ListItem","position":3,"name":"Metavision-MX+"}]},{"@type":"WebSite","@id":"https:\/\/www.metalpower.net\/es\/#website","url":"https:\/\/www.metalpower.net\/es\/","name":"Metal Power","description":"","publisher":{"@id":"https:\/\/www.metalpower.net\/es\/#organization"},"potentialAction":[{"@type":"SearchAction","target":{"@type":"EntryPoint","urlTemplate":"https:\/\/www.metalpower.net\/es\/?s={search_term_string}"},"query-input":{"@type":"PropertyValueSpecification","valueRequired":true,"valueName":"search_term_string"}}],"inLanguage":"es"},{"@type":"Organization","@id":"https:\/\/www.metalpower.net\/es\/#organization","name":"Metal Power Analytical","url":"https:\/\/www.metalpower.net\/es\/","logo":{"@type":"ImageObject","inLanguage":"es","@id":"https:\/\/www.metalpower.net\/es\/#\/schema\/logo\/image\/","url":"https:\/\/www.metalpower.net\/wp-content\/uploads\/2025\/07\/metal-power-logo.svg","contentUrl":"https:\/\/www.metalpower.net\/wp-content\/uploads\/2025\/07\/metal-power-logo.svg","width":112,"height":30,"caption":"Metal Power Analytical"},"image":{"@id":"https:\/\/www.metalpower.net\/es\/#\/schema\/logo\/image\/"},"sameAs":["https:\/\/www.facebook.com\/MetalPowerAnalytical\/"]}]}},"_links":{"self":[{"href":"https:\/\/www.metalpower.net\/es\/wp-json\/wp\/v2\/product\/11082","targetHints":{"allow":["GET"]}}],"collection":[{"href":"https:\/\/www.metalpower.net\/es\/wp-json\/wp\/v2\/product"}],"about":[{"href":"https:\/\/www.metalpower.net\/es\/wp-json\/wp\/v2\/types\/product"}],"wp:featuredmedia":[{"embeddable":true,"href":"https:\/\/www.metalpower.net\/es\/wp-json\/wp\/v2\/media\/9728"}],"wp:attachment":[{"href":"https:\/\/www.metalpower.net\/es\/wp-json\/wp\/v2\/media?parent=11082"}],"wp:term":[{"taxonomy":"product_category","embeddable":true,"href":"https:\/\/www.metalpower.net\/es\/wp-json\/wp\/v2\/product_category?post=11082"}],"curies":[{"name":"wp","href":"https:\/\/api.w.org\/{rel}","templated":true}]}}