{"id":11081,"date":"2025-04-20T17:23:40","date_gmt":"2025-04-20T17:23:40","guid":{"rendered":"https:\/\/stage.metalpower.net\/products\/%product_category%\/metavision-mx\/"},"modified":"2025-12-22T17:34:06","modified_gmt":"2025-12-22T17:34:06","slug":"metavision-mx","status":"publish","type":"product","link":"https:\/\/www.metalpower.net\/es\/products\/mobile-oes\/metavision-mx\/","title":{"rendered":"Metavision-MX"},"content":{"rendered":"<p>Un instrumento de an\u00e1lisis compacto y portable que ofrece funciones completas de an\u00e1lisis, identificaci\u00f3n positiva de materiales (PMI), movilidad robusta y bater\u00eda de larga duraci\u00f3n sin dejar de ser econ\u00f3mico.<\/p>\n","protected":false},"featured_media":9721,"template":"","meta":{"_acf_changed":false,"inline_featured_image":false},"product_category":[90],"class_list":["post-11081","product","type-product","status-publish","has-post-thumbnail","hentry","product_category-mobile-oes"],"acf":[],"yoast_head":"<!-- This site is optimized with the Yoast SEO plugin v26.6 - https:\/\/yoast.com\/wordpress\/plugins\/seo\/ -->\n<title>Metavision MX - Metal Power<\/title>\n<meta name=\"description\" content=\"Metavision-MX es un OES portable multicMOS con identificaci\u00f3n positiva de materiales (PMI) y clasificaci\u00f3n para el an\u00e1lisis elemental en operaciones industriales m\u00f3viles.\" \/>\n<meta name=\"robots\" content=\"index, follow, max-snippet:-1, max-image-preview:large, max-video-preview:-1\" \/>\n<link rel=\"canonical\" href=\"https:\/\/www.metalpower.net\/es\/products\/mobile-oes\/metavision-mx\/\" \/>\n<meta property=\"og:locale\" content=\"es_ES\" \/>\n<meta property=\"og:type\" content=\"article\" \/>\n<meta property=\"og:title\" content=\"Metavision MX - Metal Power\" \/>\n<meta property=\"og:description\" content=\"Metavision-MX es un OES portable multicMOS con identificaci\u00f3n positiva de materiales (PMI) y clasificaci\u00f3n para el an\u00e1lisis elemental en operaciones industriales m\u00f3viles.\" \/>\n<meta property=\"og:url\" content=\"https:\/\/www.metalpower.net\/es\/products\/mobile-oes\/metavision-mx\/\" \/>\n<meta property=\"og:site_name\" content=\"Metal Power\" \/>\n<meta property=\"article:publisher\" content=\"https:\/\/www.facebook.com\/MetalPowerAnalytical\/\" \/>\n<meta property=\"article:modified_time\" content=\"2025-12-22T17:34:06+00:00\" \/>\n<meta property=\"og:image\" content=\"https:\/\/www.metalpower.net\/wp-content\/uploads\/2025\/04\/metavision-mx-space-grey-2-2-1024x913.png\" \/>\n<meta name=\"twitter:card\" content=\"summary_large_image\" \/>\n<meta name=\"twitter:title\" content=\"Metavision MX - Metal Power\" \/>\n<meta name=\"twitter:description\" content=\"Metavision-MX es un OES portable multicMOS con identificaci\u00f3n positiva de materiales (PMI) y clasificaci\u00f3n para el an\u00e1lisis elemental en operaciones industriales m\u00f3viles.\" \/>\n<meta name=\"twitter:image\" content=\"https:\/\/www.metalpower.net\/wp-content\/uploads\/2025\/04\/metavision-mx-space-grey-2-2-1024x913.png\" \/>\n<meta name=\"twitter:label1\" content=\"Tiempo de lectura\" \/>\n\t<meta name=\"twitter:data1\" content=\"1 minuto\" \/>\n<!-- \/ Yoast SEO plugin. -->","yoast_head_json":{"title":"Metavision MX - Metal Power","description":"Metavision-MX es un OES portable multicMOS con identificaci\u00f3n positiva de materiales (PMI) y clasificaci\u00f3n para el an\u00e1lisis elemental en operaciones industriales m\u00f3viles.","robots":{"index":"index","follow":"follow","max-snippet":"max-snippet:-1","max-image-preview":"max-image-preview:large","max-video-preview":"max-video-preview:-1"},"canonical":"https:\/\/www.metalpower.net\/es\/products\/mobile-oes\/metavision-mx\/","og_locale":"es_ES","og_type":"article","og_title":"Metavision MX - Metal Power","og_description":"Metavision-MX es un OES portable multicMOS con identificaci\u00f3n positiva de materiales (PMI) y clasificaci\u00f3n para el an\u00e1lisis elemental en operaciones industriales m\u00f3viles.","og_url":"https:\/\/www.metalpower.net\/es\/products\/mobile-oes\/metavision-mx\/","og_site_name":"Metal Power","article_publisher":"https:\/\/www.facebook.com\/MetalPowerAnalytical\/","article_modified_time":"2025-12-22T17:34:06+00:00","og_image":[{"url":"https:\/\/www.metalpower.net\/wp-content\/uploads\/2025\/04\/metavision-mx-space-grey-2-2-1024x913.png","type":"","width":"","height":""}],"twitter_card":"summary_large_image","twitter_title":"Metavision MX - Metal Power","twitter_description":"Metavision-MX es un OES portable multicMOS con identificaci\u00f3n positiva de materiales (PMI) y clasificaci\u00f3n para el an\u00e1lisis elemental en operaciones industriales m\u00f3viles.","twitter_image":"https:\/\/www.metalpower.net\/wp-content\/uploads\/2025\/04\/metavision-mx-space-grey-2-2-1024x913.png","twitter_misc":{"Tiempo de lectura":"1 minuto"},"schema":{"@context":"https:\/\/schema.org","@graph":[{"@type":"WebPage","@id":"https:\/\/www.metalpower.net\/es\/products\/mobile-oes\/metavision-mx\/","url":"https:\/\/www.metalpower.net\/es\/products\/mobile-oes\/metavision-mx\/","name":"Metavision MX - Metal Power","isPartOf":{"@id":"https:\/\/www.metalpower.net\/es\/#website"},"primaryImageOfPage":{"@id":"https:\/\/www.metalpower.net\/es\/products\/mobile-oes\/metavision-mx\/#primaryimage"},"image":{"@id":"https:\/\/www.metalpower.net\/es\/products\/mobile-oes\/metavision-mx\/#primaryimage"},"thumbnailUrl":"https:\/\/www.metalpower.net\/wp-content\/uploads\/2025\/04\/metavision-mx.png","datePublished":"2025-04-20T17:23:40+00:00","dateModified":"2025-12-22T17:34:06+00:00","description":"Metavision-MX es un OES portable multicMOS con identificaci\u00f3n positiva de materiales (PMI) y clasificaci\u00f3n para el an\u00e1lisis elemental en operaciones industriales m\u00f3viles.","breadcrumb":{"@id":"https:\/\/www.metalpower.net\/es\/products\/mobile-oes\/metavision-mx\/#breadcrumb"},"inLanguage":"es","potentialAction":[{"@type":"ReadAction","target":["https:\/\/www.metalpower.net\/es\/products\/mobile-oes\/metavision-mx\/"]}]},{"@type":"ImageObject","inLanguage":"es","@id":"https:\/\/www.metalpower.net\/es\/products\/mobile-oes\/metavision-mx\/#primaryimage","url":"https:\/\/www.metalpower.net\/wp-content\/uploads\/2025\/04\/metavision-mx.png","contentUrl":"https:\/\/www.metalpower.net\/wp-content\/uploads\/2025\/04\/metavision-mx.png","width":1872,"height":1236,"caption":"Metavision-MX"},{"@type":"BreadcrumbList","@id":"https:\/\/www.metalpower.net\/es\/products\/mobile-oes\/metavision-mx\/#breadcrumb","itemListElement":[{"@type":"ListItem","position":1,"name":"Inicio","item":"https:\/\/www.metalpower.net\/es\/"},{"@type":"ListItem","position":2,"name":"Products","item":"https:\/\/www.metalpower.net\/es\/products\/%product_category%\/"},{"@type":"ListItem","position":3,"name":"Metavision-MX"}]},{"@type":"WebSite","@id":"https:\/\/www.metalpower.net\/es\/#website","url":"https:\/\/www.metalpower.net\/es\/","name":"Metal Power","description":"","publisher":{"@id":"https:\/\/www.metalpower.net\/es\/#organization"},"potentialAction":[{"@type":"SearchAction","target":{"@type":"EntryPoint","urlTemplate":"https:\/\/www.metalpower.net\/es\/?s={search_term_string}"},"query-input":{"@type":"PropertyValueSpecification","valueRequired":true,"valueName":"search_term_string"}}],"inLanguage":"es"},{"@type":"Organization","@id":"https:\/\/www.metalpower.net\/es\/#organization","name":"Metal Power Analytical","url":"https:\/\/www.metalpower.net\/es\/","logo":{"@type":"ImageObject","inLanguage":"es","@id":"https:\/\/www.metalpower.net\/es\/#\/schema\/logo\/image\/","url":"https:\/\/www.metalpower.net\/wp-content\/uploads\/2025\/07\/metal-power-logo.svg","contentUrl":"https:\/\/www.metalpower.net\/wp-content\/uploads\/2025\/07\/metal-power-logo.svg","width":112,"height":30,"caption":"Metal Power Analytical"},"image":{"@id":"https:\/\/www.metalpower.net\/es\/#\/schema\/logo\/image\/"},"sameAs":["https:\/\/www.facebook.com\/MetalPowerAnalytical\/"]}]}},"_links":{"self":[{"href":"https:\/\/www.metalpower.net\/es\/wp-json\/wp\/v2\/product\/11081","targetHints":{"allow":["GET"]}}],"collection":[{"href":"https:\/\/www.metalpower.net\/es\/wp-json\/wp\/v2\/product"}],"about":[{"href":"https:\/\/www.metalpower.net\/es\/wp-json\/wp\/v2\/types\/product"}],"wp:featuredmedia":[{"embeddable":true,"href":"https:\/\/www.metalpower.net\/es\/wp-json\/wp\/v2\/media\/9721"}],"wp:attachment":[{"href":"https:\/\/www.metalpower.net\/es\/wp-json\/wp\/v2\/media?parent=11081"}],"wp:term":[{"taxonomy":"product_category","embeddable":true,"href":"https:\/\/www.metalpower.net\/es\/wp-json\/wp\/v2\/product_category?post=11081"}],"curies":[{"name":"wp","href":"https:\/\/api.w.org\/{rel}","templated":true}]}}