{"id":11065,"date":"2025-04-20T09:34:53","date_gmt":"2025-04-20T09:34:53","guid":{"rendered":"https:\/\/stage.metalpower.net\/products\/%product_category%\/metavision-1008i3\/"},"modified":"2025-12-22T17:34:51","modified_gmt":"2025-12-22T17:34:51","slug":"metavision-1008i3","status":"publish","type":"product","link":"https:\/\/www.metalpower.net\/es\/products\/stationary-oes\/metavision-1008i3\/","title":{"rendered":"Metavision-1008<i class=\"times\">i<\/i><sup>3<\/sup>"},"content":{"rendered":"<p>Espectr\u00f3metro de emisi\u00f3n \u00f3ptica (OES) de alto rendimiento con precisi\u00f3n y exactitud de primer nivel y bajos l\u00edmites de detecci\u00f3n para m\u00e1s de 60 elementos, incluyendo an\u00e1lisis de O, N y H.<\/p>\n","protected":false},"featured_media":9492,"template":"","meta":{"_acf_changed":false,"inline_featured_image":false},"product_category":[89],"class_list":["post-11065","product","type-product","status-publish","has-post-thumbnail","hentry","product_category-stationary-oes"],"acf":[],"yoast_head":"<!-- This site is optimized with the Yoast SEO plugin v26.6 - https:\/\/yoast.com\/wordpress\/plugins\/seo\/ -->\n<title>Metavision-1008i3 - Metal Power<\/title>\n<meta name=\"description\" content=\"Explore MetaVision 1008i3, una soluci\u00f3n de \u00faltima generaci\u00f3n para el an\u00e1lisis de metales. Mejore el control de calidad y la eficacia de su industria metal\u00fargica.\" \/>\n<meta name=\"robots\" content=\"index, follow, max-snippet:-1, max-image-preview:large, max-video-preview:-1\" \/>\n<link rel=\"canonical\" href=\"https:\/\/metalpower.net\/es\/products\/stationary-oes\/metavision-1008i3\/\" \/>\n<meta property=\"og:locale\" content=\"es_ES\" \/>\n<meta property=\"og:type\" content=\"article\" \/>\n<meta property=\"og:title\" content=\"Metavision-1008i3 - Metal Power\" \/>\n<meta property=\"og:description\" content=\"Explore MetaVision 1008i3, una soluci\u00f3n de \u00faltima generaci\u00f3n para el an\u00e1lisis de metales. Mejore el control de calidad y la eficacia de su industria metal\u00fargica.\" \/>\n<meta property=\"og:url\" content=\"https:\/\/metalpower.net\/es\/products\/stationary-oes\/metavision-1008i3\/\" \/>\n<meta property=\"og:site_name\" content=\"Metal Power\" \/>\n<meta property=\"article:publisher\" content=\"https:\/\/www.facebook.com\/MetalPowerAnalytical\/\" \/>\n<meta property=\"article:modified_time\" content=\"2025-12-22T17:34:51+00:00\" \/>\n<meta property=\"og:image\" content=\"https:\/\/www.metalpower.net\/wp-content\/uploads\/2025\/04\/metavision-1008i3-matte-black-1.png\" \/>\n<meta name=\"twitter:card\" content=\"summary_large_image\" \/>\n<meta name=\"twitter:title\" content=\"Metavision-1008i3 - Metal Power\" \/>\n<meta name=\"twitter:description\" content=\"Explore MetaVision 1008i3, una soluci\u00f3n de \u00faltima generaci\u00f3n para el an\u00e1lisis de metales. Mejore el control de calidad y la eficacia de su industria metal\u00fargica.\" \/>\n<meta name=\"twitter:image\" content=\"https:\/\/www.metalpower.net\/wp-content\/uploads\/2025\/04\/metavision-1008i3-matte-black-1.png\" \/>\n<meta name=\"twitter:label1\" content=\"Tiempo de lectura\" \/>\n\t<meta name=\"twitter:data1\" content=\"1 minuto\" \/>\n<!-- \/ Yoast SEO plugin. -->","yoast_head_json":{"title":"Metavision-1008i3 - Metal Power","description":"Explore MetaVision 1008i3, una soluci\u00f3n de \u00faltima generaci\u00f3n para el an\u00e1lisis de metales. Mejore el control de calidad y la eficacia de su industria metal\u00fargica.","robots":{"index":"index","follow":"follow","max-snippet":"max-snippet:-1","max-image-preview":"max-image-preview:large","max-video-preview":"max-video-preview:-1"},"canonical":"https:\/\/metalpower.net\/es\/products\/stationary-oes\/metavision-1008i3\/","og_locale":"es_ES","og_type":"article","og_title":"Metavision-1008i3 - Metal Power","og_description":"Explore MetaVision 1008i3, una soluci\u00f3n de \u00faltima generaci\u00f3n para el an\u00e1lisis de metales. Mejore el control de calidad y la eficacia de su industria metal\u00fargica.","og_url":"https:\/\/metalpower.net\/es\/products\/stationary-oes\/metavision-1008i3\/","og_site_name":"Metal Power","article_publisher":"https:\/\/www.facebook.com\/MetalPowerAnalytical\/","article_modified_time":"2025-12-22T17:34:51+00:00","og_image":[{"url":"https:\/\/www.metalpower.net\/wp-content\/uploads\/2025\/04\/metavision-1008i3-matte-black-1.png","type":"","width":"","height":""}],"twitter_card":"summary_large_image","twitter_title":"Metavision-1008i3 - Metal Power","twitter_description":"Explore MetaVision 1008i3, una soluci\u00f3n de \u00faltima generaci\u00f3n para el an\u00e1lisis de metales. Mejore el control de calidad y la eficacia de su industria metal\u00fargica.","twitter_image":"https:\/\/www.metalpower.net\/wp-content\/uploads\/2025\/04\/metavision-1008i3-matte-black-1.png","twitter_misc":{"Tiempo de lectura":"1 minuto"},"schema":{"@context":"https:\/\/schema.org","@graph":[{"@type":"WebPage","@id":"https:\/\/www.metalpower.net\/es\/products\/stationary-oes\/metavision-1008i3\/","url":"https:\/\/metalpower.net\/es\/products\/stationary-oes\/metavision-1008i3\/","name":"Metavision-1008i3 - Metal Power","isPartOf":{"@id":"https:\/\/www.metalpower.net\/es\/#website"},"primaryImageOfPage":{"@id":"https:\/\/metalpower.net\/es\/products\/stationary-oes\/metavision-1008i3\/#primaryimage"},"image":{"@id":"https:\/\/metalpower.net\/es\/products\/stationary-oes\/metavision-1008i3\/#primaryimage"},"thumbnailUrl":"https:\/\/www.metalpower.net\/wp-content\/uploads\/2025\/04\/metavision-1008i3-5.jpg","datePublished":"2025-04-20T09:34:53+00:00","dateModified":"2025-12-22T17:34:51+00:00","description":"Explore MetaVision 1008i3, una soluci\u00f3n de \u00faltima generaci\u00f3n para el an\u00e1lisis de metales. Mejore el control de calidad y la eficacia de su industria metal\u00fargica.","breadcrumb":{"@id":"https:\/\/metalpower.net\/es\/products\/stationary-oes\/metavision-1008i3\/#breadcrumb"},"inLanguage":"es","potentialAction":[{"@type":"ReadAction","target":["https:\/\/metalpower.net\/es\/products\/stationary-oes\/metavision-1008i3\/"]}]},{"@type":"ImageObject","inLanguage":"es","@id":"https:\/\/metalpower.net\/es\/products\/stationary-oes\/metavision-1008i3\/#primaryimage","url":"https:\/\/www.metalpower.net\/wp-content\/uploads\/2025\/04\/metavision-1008i3-5.jpg","contentUrl":"https:\/\/www.metalpower.net\/wp-content\/uploads\/2025\/04\/metavision-1008i3-5.jpg","width":1892,"height":1252,"caption":"Metavision-1008i3 high-performance optical emission spectrometer"},{"@type":"BreadcrumbList","@id":"https:\/\/metalpower.net\/es\/products\/stationary-oes\/metavision-1008i3\/#breadcrumb","itemListElement":[{"@type":"ListItem","position":1,"name":"Inicio","item":"https:\/\/www.metalpower.net\/es\/"},{"@type":"ListItem","position":2,"name":"Products","item":"https:\/\/www.metalpower.net\/es\/products\/%product_category%\/"},{"@type":"ListItem","position":3,"name":"Metavision-1008i3"}]},{"@type":"WebSite","@id":"https:\/\/www.metalpower.net\/es\/#website","url":"https:\/\/www.metalpower.net\/es\/","name":"Metal Power","description":"","publisher":{"@id":"https:\/\/www.metalpower.net\/es\/#organization"},"potentialAction":[{"@type":"SearchAction","target":{"@type":"EntryPoint","urlTemplate":"https:\/\/www.metalpower.net\/es\/?s={search_term_string}"},"query-input":{"@type":"PropertyValueSpecification","valueRequired":true,"valueName":"search_term_string"}}],"inLanguage":"es"},{"@type":"Organization","@id":"https:\/\/www.metalpower.net\/es\/#organization","name":"Metal Power Analytical","url":"https:\/\/www.metalpower.net\/es\/","logo":{"@type":"ImageObject","inLanguage":"es","@id":"https:\/\/www.metalpower.net\/es\/#\/schema\/logo\/image\/","url":"https:\/\/www.metalpower.net\/wp-content\/uploads\/2025\/07\/metal-power-logo.svg","contentUrl":"https:\/\/www.metalpower.net\/wp-content\/uploads\/2025\/07\/metal-power-logo.svg","width":112,"height":30,"caption":"Metal Power Analytical"},"image":{"@id":"https:\/\/www.metalpower.net\/es\/#\/schema\/logo\/image\/"},"sameAs":["https:\/\/www.facebook.com\/MetalPowerAnalytical\/"]}]}},"_links":{"self":[{"href":"https:\/\/www.metalpower.net\/es\/wp-json\/wp\/v2\/product\/11065","targetHints":{"allow":["GET"]}}],"collection":[{"href":"https:\/\/www.metalpower.net\/es\/wp-json\/wp\/v2\/product"}],"about":[{"href":"https:\/\/www.metalpower.net\/es\/wp-json\/wp\/v2\/types\/product"}],"wp:featuredmedia":[{"embeddable":true,"href":"https:\/\/www.metalpower.net\/es\/wp-json\/wp\/v2\/media\/9492"}],"wp:attachment":[{"href":"https:\/\/www.metalpower.net\/es\/wp-json\/wp\/v2\/media?parent=11065"}],"wp:term":[{"taxonomy":"product_category","embeddable":true,"href":"https:\/\/www.metalpower.net\/es\/wp-json\/wp\/v2\/product_category?post=11065"}],"curies":[{"name":"wp","href":"https:\/\/api.w.org\/{rel}","templated":true}]}}