{"id":11064,"date":"2025-02-28T07:15:39","date_gmt":"2025-02-28T07:15:39","guid":{"rendered":"https:\/\/stage.metalpower.net\/products\/%product_category%\/metavision-8i\/"},"modified":"2026-04-09T08:53:57","modified_gmt":"2026-04-09T08:53:57","slug":"metavision-8i","status":"publish","type":"product","link":"https:\/\/www.metalpower.net\/es\/products\/stationary-oes\/metavision-8i\/","title":{"rendered":"Metavision-8<i class=\"times\">i<\/i>"},"content":{"rendered":"<p>Espectr\u00f3metro de Emisi\u00f3n \u00d3ptica (OES) que define el segmento para el usuario consciente del valor, combinando el rendimiento de gama alta con la econom\u00eda de nivel de entrada.<\/p>\n","protected":false},"featured_media":9485,"template":"","meta":{"_acf_changed":false,"inline_featured_image":false},"product_category":[89],"class_list":["post-11064","product","type-product","status-publish","has-post-thumbnail","hentry","product_category-stationary-oes"],"acf":[],"yoast_head":"<!-- This site is optimized with the Yoast SEO plugin v27.4 - https:\/\/yoast.com\/product\/yoast-seo-wordpress\/ -->\n<title>Metavision-8i - Metal Power<\/title>\n<meta name=\"description\" content=\"OES Metavision-8i econ\u00f3mico con an\u00e1lisis de bajo contenido en nitr\u00f3geno en acero, an\u00e1lisis de f\u00f3sforo en aluminio y an\u00e1lisis de carbono en hierro fundido\" \/>\n<meta name=\"robots\" content=\"index, follow, max-snippet:-1, max-image-preview:large, max-video-preview:-1\" \/>\n<link rel=\"canonical\" href=\"https:\/\/www.metalpower.net\/es\/products\/stationary-oes\/metavision-8i\/\" \/>\n<meta property=\"og:locale\" content=\"es_ES\" \/>\n<meta property=\"og:type\" content=\"article\" \/>\n<meta property=\"og:title\" content=\"Metavision-8i - Metal Power\" \/>\n<meta property=\"og:description\" content=\"OES Metavision-8i econ\u00f3mico con an\u00e1lisis de bajo contenido en nitr\u00f3geno en acero, an\u00e1lisis de f\u00f3sforo en aluminio y an\u00e1lisis de carbono en hierro fundido\" \/>\n<meta property=\"og:url\" content=\"https:\/\/www.metalpower.net\/es\/products\/stationary-oes\/metavision-8i\/\" \/>\n<meta property=\"og:site_name\" content=\"Metal Power\" \/>\n<meta property=\"article:publisher\" content=\"https:\/\/www.facebook.com\/MetalPowerAnalytical\/\" \/>\n<meta property=\"article:modified_time\" content=\"2026-04-09T08:53:57+00:00\" \/>\n<meta property=\"og:image\" content=\"https:\/\/www.metalpower.net\/wp-content\/uploads\/2025\/02\/metavision-8i-matte-black-1.png\" \/>\n<meta name=\"twitter:card\" content=\"summary_large_image\" \/>\n<meta name=\"twitter:title\" content=\"Metavision-8i - Metal Power\" \/>\n<meta name=\"twitter:description\" content=\"OES Metavision-8i econ\u00f3mico con an\u00e1lisis de bajo contenido en nitr\u00f3geno en acero, an\u00e1lisis de f\u00f3sforo en aluminio y an\u00e1lisis de carbono en hierro fundido\" \/>\n<meta name=\"twitter:image\" content=\"https:\/\/www.metalpower.net\/wp-content\/uploads\/2025\/02\/metavision-8i-matte-black-1.png\" \/>\n<meta name=\"twitter:label1\" content=\"Tiempo de lectura\" \/>\n\t<meta name=\"twitter:data1\" content=\"1 minuto\" \/>\n<!-- \/ Yoast SEO plugin. -->","yoast_head_json":{"title":"Metavision-8i - Metal Power","description":"OES Metavision-8i econ\u00f3mico con an\u00e1lisis de bajo contenido en nitr\u00f3geno en acero, an\u00e1lisis de f\u00f3sforo en aluminio y an\u00e1lisis de carbono en hierro fundido","robots":{"index":"index","follow":"follow","max-snippet":"max-snippet:-1","max-image-preview":"max-image-preview:large","max-video-preview":"max-video-preview:-1"},"canonical":"https:\/\/www.metalpower.net\/es\/products\/stationary-oes\/metavision-8i\/","og_locale":"es_ES","og_type":"article","og_title":"Metavision-8i - Metal Power","og_description":"OES Metavision-8i econ\u00f3mico con an\u00e1lisis de bajo contenido en nitr\u00f3geno en acero, an\u00e1lisis de f\u00f3sforo en aluminio y an\u00e1lisis de carbono en hierro fundido","og_url":"https:\/\/www.metalpower.net\/es\/products\/stationary-oes\/metavision-8i\/","og_site_name":"Metal Power","article_publisher":"https:\/\/www.facebook.com\/MetalPowerAnalytical\/","article_modified_time":"2026-04-09T08:53:57+00:00","og_image":[{"url":"https:\/\/www.metalpower.net\/wp-content\/uploads\/2025\/02\/metavision-8i-matte-black-1.png","type":"","width":"","height":""}],"twitter_card":"summary_large_image","twitter_title":"Metavision-8i - Metal Power","twitter_description":"OES Metavision-8i econ\u00f3mico con an\u00e1lisis de bajo contenido en nitr\u00f3geno en acero, an\u00e1lisis de f\u00f3sforo en aluminio y an\u00e1lisis de carbono en hierro fundido","twitter_image":"https:\/\/www.metalpower.net\/wp-content\/uploads\/2025\/02\/metavision-8i-matte-black-1.png","twitter_misc":{"Tiempo de lectura":"1 minuto"},"schema":{"@context":"https:\/\/schema.org","@graph":[{"@type":"WebPage","@id":"https:\/\/www.metalpower.net\/es\/products\/stationary-oes\/metavision-8i\/","url":"https:\/\/www.metalpower.net\/es\/products\/stationary-oes\/metavision-8i\/","name":"Metavision-8i - Metal Power","isPartOf":{"@id":"https:\/\/www.metalpower.net\/es\/#website"},"primaryImageOfPage":{"@id":"https:\/\/www.metalpower.net\/es\/products\/stationary-oes\/metavision-8i\/#primaryimage"},"image":{"@id":"https:\/\/www.metalpower.net\/es\/products\/stationary-oes\/metavision-8i\/#primaryimage"},"thumbnailUrl":"https:\/\/www.metalpower.net\/wp-content\/uploads\/2025\/02\/metavision-8i-5.avif","datePublished":"2025-02-28T07:15:39+00:00","dateModified":"2026-04-09T08:53:57+00:00","description":"OES Metavision-8i econ\u00f3mico con an\u00e1lisis de bajo contenido en nitr\u00f3geno en acero, an\u00e1lisis de f\u00f3sforo en aluminio y an\u00e1lisis de carbono en hierro fundido","breadcrumb":{"@id":"https:\/\/www.metalpower.net\/es\/products\/stationary-oes\/metavision-8i\/#breadcrumb"},"inLanguage":"es","potentialAction":[{"@type":"ReadAction","target":["https:\/\/www.metalpower.net\/es\/products\/stationary-oes\/metavision-8i\/"]}]},{"@type":"ImageObject","inLanguage":"es","@id":"https:\/\/www.metalpower.net\/es\/products\/stationary-oes\/metavision-8i\/#primaryimage","url":"https:\/\/www.metalpower.net\/wp-content\/uploads\/2025\/02\/metavision-8i-5.avif","contentUrl":"https:\/\/www.metalpower.net\/wp-content\/uploads\/2025\/02\/metavision-8i-5.avif","width":1892,"height":1252,"caption":"Metavision-8i value-segment optical emission spectrometer"},{"@type":"BreadcrumbList","@id":"https:\/\/www.metalpower.net\/es\/products\/stationary-oes\/metavision-8i\/#breadcrumb","itemListElement":[{"@type":"ListItem","position":1,"name":"Inicio","item":"https:\/\/www.metalpower.net\/es\/"},{"@type":"ListItem","position":2,"name":"Products","item":"https:\/\/www.metalpower.net\/es\/products\/%product_category%\/"},{"@type":"ListItem","position":3,"name":"Metavision-8i"}]},{"@type":"WebSite","@id":"https:\/\/www.metalpower.net\/es\/#website","url":"https:\/\/www.metalpower.net\/es\/","name":"Metal Power","description":"","publisher":{"@id":"https:\/\/www.metalpower.net\/es\/#organization"},"potentialAction":[{"@type":"SearchAction","target":{"@type":"EntryPoint","urlTemplate":"https:\/\/www.metalpower.net\/es\/?s={search_term_string}"},"query-input":{"@type":"PropertyValueSpecification","valueRequired":true,"valueName":"search_term_string"}}],"inLanguage":"es"},{"@type":"Organization","@id":"https:\/\/www.metalpower.net\/es\/#organization","name":"Metal Power Analytical","url":"https:\/\/www.metalpower.net\/es\/","logo":{"@type":"ImageObject","inLanguage":"es","@id":"https:\/\/www.metalpower.net\/es\/#\/schema\/logo\/image\/","url":"https:\/\/www.metalpower.net\/wp-content\/uploads\/2025\/07\/metal-power-logo.svg","contentUrl":"https:\/\/www.metalpower.net\/wp-content\/uploads\/2025\/07\/metal-power-logo.svg","width":112,"height":30,"caption":"Metal Power Analytical"},"image":{"@id":"https:\/\/www.metalpower.net\/es\/#\/schema\/logo\/image\/"},"sameAs":["https:\/\/www.facebook.com\/MetalPowerAnalytical\/"]}]}},"_links":{"self":[{"href":"https:\/\/www.metalpower.net\/es\/wp-json\/wp\/v2\/product\/11064","targetHints":{"allow":["GET"]}}],"collection":[{"href":"https:\/\/www.metalpower.net\/es\/wp-json\/wp\/v2\/product"}],"about":[{"href":"https:\/\/www.metalpower.net\/es\/wp-json\/wp\/v2\/types\/product"}],"wp:featuredmedia":[{"embeddable":true,"href":"https:\/\/www.metalpower.net\/es\/wp-json\/wp\/v2\/media\/9485"}],"wp:attachment":[{"href":"https:\/\/www.metalpower.net\/es\/wp-json\/wp\/v2\/media?parent=11064"}],"wp:term":[{"taxonomy":"product_category","embeddable":true,"href":"https:\/\/www.metalpower.net\/es\/wp-json\/wp\/v2\/product_category?post=11064"}],"curies":[{"name":"wp","href":"https:\/\/api.w.org\/{rel}","templated":true}]}}