{"id":14631,"date":"2025-02-11T08:59:08","date_gmt":"2025-02-11T08:59:08","guid":{"rendered":"https:\/\/stage.metalpower.net\/case-studies\/"},"modified":"2025-12-11T18:06:48","modified_gmt":"2025-12-11T18:06:48","slug":"case-studies","status":"publish","type":"page","link":"https:\/\/www.metalpower.net\/es\/case-studies\/","title":{"rendered":"Estudios de casos"},"content":{"rendered":"","protected":false},"excerpt":{"rendered":"","protected":false},"author":1,"featured_media":0,"parent":0,"menu_order":0,"comment_status":"closed","ping_status":"closed","template":"","meta":{"_acf_changed":false,"inline_featured_image":false,"footnotes":""},"class_list":["post-14631","page","type-page","status-publish","hentry"],"acf":[],"yoast_head":"<!-- This site is optimized with the Yoast SEO plugin v26.6 - https:\/\/yoast.com\/wordpress\/plugins\/seo\/ -->\n<title>Casos pr\u00e1cticos de clientes de Metal Power Analytical<\/title>\n<meta name=\"description\" content=\"Casos pr\u00e1cticos reales de la industria que muestran el uso de los Espectr\u00f3metros de Emisi\u00f3n \u00d3ptica (OES) m\u00f3viles y fijos de Metal Power Analytical, que ofrecen precisi\u00f3n y fiabilidad.\" \/>\n<meta name=\"robots\" content=\"index, follow, max-snippet:-1, max-image-preview:large, max-video-preview:-1\" \/>\n<link rel=\"canonical\" href=\"https:\/\/www.metalpower.net\/es\/case-studies\/\" \/>\n<meta property=\"og:locale\" content=\"es_ES\" \/>\n<meta property=\"og:type\" content=\"article\" \/>\n<meta property=\"og:title\" content=\"Casos pr\u00e1cticos de clientes de Metal Power Analytical\" \/>\n<meta property=\"og:description\" content=\"Casos pr\u00e1cticos reales de la industria que muestran el uso de los Espectr\u00f3metros de Emisi\u00f3n \u00d3ptica (OES) m\u00f3viles y fijos de Metal Power Analytical, que ofrecen precisi\u00f3n y fiabilidad.\" \/>\n<meta property=\"og:url\" content=\"https:\/\/www.metalpower.net\/es\/case-studies\/\" \/>\n<meta property=\"og:site_name\" content=\"Metal Power\" \/>\n<meta property=\"article:publisher\" content=\"https:\/\/www.facebook.com\/MetalPowerAnalytical\/\" \/>\n<meta property=\"article:modified_time\" content=\"2025-12-11T18:06:48+00:00\" \/>\n<meta name=\"twitter:card\" content=\"summary_large_image\" \/>\n<meta name=\"twitter:title\" content=\"Casos pr\u00e1cticos de clientes de Metal Power Analytical\" \/>\n<meta name=\"twitter:description\" content=\"Casos pr\u00e1cticos reales de la industria que muestran el uso de los Espectr\u00f3metros de Emisi\u00f3n \u00d3ptica (OES) m\u00f3viles y fijos de Metal Power Analytical, que ofrecen precisi\u00f3n y fiabilidad.\" \/>\n<!-- \/ Yoast SEO plugin. -->","yoast_head_json":{"title":"Casos pr\u00e1cticos de clientes de Metal Power Analytical","description":"Casos pr\u00e1cticos reales de la industria que muestran el uso de los Espectr\u00f3metros de Emisi\u00f3n \u00d3ptica (OES) m\u00f3viles y fijos de Metal Power Analytical, que ofrecen precisi\u00f3n y fiabilidad.","robots":{"index":"index","follow":"follow","max-snippet":"max-snippet:-1","max-image-preview":"max-image-preview:large","max-video-preview":"max-video-preview:-1"},"canonical":"https:\/\/www.metalpower.net\/es\/case-studies\/","og_locale":"es_ES","og_type":"article","og_title":"Casos pr\u00e1cticos de clientes de Metal Power Analytical","og_description":"Casos pr\u00e1cticos reales de la industria que muestran el uso de los Espectr\u00f3metros de Emisi\u00f3n \u00d3ptica (OES) m\u00f3viles y fijos de Metal Power Analytical, que ofrecen precisi\u00f3n y fiabilidad.","og_url":"https:\/\/www.metalpower.net\/es\/case-studies\/","og_site_name":"Metal Power","article_publisher":"https:\/\/www.facebook.com\/MetalPowerAnalytical\/","article_modified_time":"2025-12-11T18:06:48+00:00","twitter_card":"summary_large_image","twitter_title":"Casos pr\u00e1cticos de clientes de Metal Power Analytical","twitter_description":"Casos pr\u00e1cticos reales de la industria que muestran el uso de los Espectr\u00f3metros de Emisi\u00f3n \u00d3ptica (OES) m\u00f3viles y fijos de Metal Power Analytical, que ofrecen precisi\u00f3n y fiabilidad.","schema":{"@context":"https:\/\/schema.org","@graph":[{"@type":"WebPage","@id":"https:\/\/www.metalpower.net\/es\/case-studies\/","url":"https:\/\/www.metalpower.net\/es\/case-studies\/","name":"Casos pr\u00e1cticos de clientes de Metal Power Analytical","isPartOf":{"@id":"https:\/\/www.metalpower.net\/es\/#website"},"datePublished":"2025-02-11T08:59:08+00:00","dateModified":"2025-12-11T18:06:48+00:00","description":"Casos pr\u00e1cticos reales de la industria que muestran el uso de los Espectr\u00f3metros de Emisi\u00f3n \u00d3ptica (OES) m\u00f3viles y fijos de Metal Power Analytical, que ofrecen precisi\u00f3n y fiabilidad.","breadcrumb":{"@id":"https:\/\/www.metalpower.net\/es\/case-studies\/#breadcrumb"},"inLanguage":"es","potentialAction":[{"@type":"ReadAction","target":["https:\/\/www.metalpower.net\/es\/case-studies\/"]}]},{"@type":"BreadcrumbList","@id":"https:\/\/www.metalpower.net\/es\/case-studies\/#breadcrumb","itemListElement":[{"@type":"ListItem","position":1,"name":"Inicio","item":"https:\/\/www.metalpower.net\/es\/"},{"@type":"ListItem","position":2,"name":"Estudios de casos"}]},{"@type":"WebSite","@id":"https:\/\/www.metalpower.net\/es\/#website","url":"https:\/\/www.metalpower.net\/es\/","name":"Metal Power","description":"","publisher":{"@id":"https:\/\/www.metalpower.net\/es\/#organization"},"potentialAction":[{"@type":"SearchAction","target":{"@type":"EntryPoint","urlTemplate":"https:\/\/www.metalpower.net\/es\/?s={search_term_string}"},"query-input":{"@type":"PropertyValueSpecification","valueRequired":true,"valueName":"search_term_string"}}],"inLanguage":"es"},{"@type":"Organization","@id":"https:\/\/www.metalpower.net\/es\/#organization","name":"Metal Power Analytical","url":"https:\/\/www.metalpower.net\/es\/","logo":{"@type":"ImageObject","inLanguage":"es","@id":"https:\/\/www.metalpower.net\/es\/#\/schema\/logo\/image\/","url":"https:\/\/www.metalpower.net\/wp-content\/uploads\/2025\/07\/metal-power-logo.svg","contentUrl":"https:\/\/www.metalpower.net\/wp-content\/uploads\/2025\/07\/metal-power-logo.svg","width":112,"height":30,"caption":"Metal Power Analytical"},"image":{"@id":"https:\/\/www.metalpower.net\/es\/#\/schema\/logo\/image\/"},"sameAs":["https:\/\/www.facebook.com\/MetalPowerAnalytical\/"]}]}},"_links":{"self":[{"href":"https:\/\/www.metalpower.net\/es\/wp-json\/wp\/v2\/pages\/14631","targetHints":{"allow":["GET"]}}],"collection":[{"href":"https:\/\/www.metalpower.net\/es\/wp-json\/wp\/v2\/pages"}],"about":[{"href":"https:\/\/www.metalpower.net\/es\/wp-json\/wp\/v2\/types\/page"}],"author":[{"embeddable":true,"href":"https:\/\/www.metalpower.net\/es\/wp-json\/wp\/v2\/users\/1"}],"replies":[{"embeddable":true,"href":"https:\/\/www.metalpower.net\/es\/wp-json\/wp\/v2\/comments?post=14631"}],"version-history":[{"count":7,"href":"https:\/\/www.metalpower.net\/es\/wp-json\/wp\/v2\/pages\/14631\/revisions"}],"predecessor-version":[{"id":14807,"href":"https:\/\/www.metalpower.net\/es\/wp-json\/wp\/v2\/pages\/14631\/revisions\/14807"}],"wp:attachment":[{"href":"https:\/\/www.metalpower.net\/es\/wp-json\/wp\/v2\/media?parent=14631"}],"curies":[{"name":"wp","href":"https:\/\/api.w.org\/{rel}","templated":true}]}}