{"id":11118,"date":"2025-02-24T19:04:09","date_gmt":"2025-02-24T19:04:09","guid":{"rendered":"https:\/\/stage.metalpower.net\/customer-services\/log-a-service-call\/"},"modified":"2025-09-28T17:57:56","modified_gmt":"2025-09-28T17:57:56","slug":"log-a-service-call","status":"publish","type":"page","link":"https:\/\/www.metalpower.net\/es\/customer-services\/log-a-service-call\/","title":{"rendered":"Registrar una llamada de servicio"},"content":{"rendered":"","protected":false},"excerpt":{"rendered":"","protected":false},"author":1,"featured_media":0,"parent":11115,"menu_order":0,"comment_status":"closed","ping_status":"closed","template":"","meta":{"_acf_changed":false,"inline_featured_image":false,"footnotes":""},"class_list":["post-11118","page","type-page","status-publish","hentry"],"acf":[],"yoast_head":"<!-- This site is optimized with the Yoast SEO plugin v26.6 - https:\/\/yoast.com\/wordpress\/plugins\/seo\/ -->\n<title>Registrar una llamada de servicio - Metal Power<\/title>\n<meta name=\"description\" content=\"Registre de forma eficiente una llamada de servicio para su espectr\u00f3metro y equipos complementarios. Nuestro servicio de atenci\u00f3n al cliente garantiza asistencia y apoyo r\u00e1pidos para sus necesidades\" \/>\n<meta name=\"robots\" content=\"index, follow, max-snippet:-1, max-image-preview:large, max-video-preview:-1\" \/>\n<link rel=\"canonical\" href=\"https:\/\/www.metalpower.net\/es\/customer-services\/log-a-service-call\/\" \/>\n<meta property=\"og:locale\" content=\"es_ES\" \/>\n<meta property=\"og:type\" content=\"article\" \/>\n<meta property=\"og:title\" content=\"Registrar una llamada de servicio - Metal Power\" \/>\n<meta property=\"og:description\" content=\"Registre de forma eficiente una llamada de servicio para su espectr\u00f3metro y equipos complementarios. Nuestro servicio de atenci\u00f3n al cliente garantiza asistencia y apoyo r\u00e1pidos para sus necesidades\" \/>\n<meta property=\"og:url\" content=\"https:\/\/www.metalpower.net\/es\/customer-services\/log-a-service-call\/\" \/>\n<meta property=\"og:site_name\" content=\"Metal Power\" \/>\n<meta property=\"article:publisher\" content=\"https:\/\/www.facebook.com\/MetalPowerAnalytical\/\" \/>\n<meta property=\"article:modified_time\" content=\"2025-09-28T17:57:56+00:00\" \/>\n<meta property=\"og:image\" content=\"https:\/\/www.metalpower.net\/wp-content\/uploads\/2025\/09\/logo.png\" \/>\n<meta name=\"twitter:card\" content=\"summary_large_image\" \/>\n<meta name=\"twitter:title\" content=\"Registrar una llamada de servicio - Metal Power\" \/>\n<meta name=\"twitter:description\" content=\"Registre de forma eficiente una llamada de servicio para su espectr\u00f3metro y equipos complementarios. Nuestro servicio de atenci\u00f3n al cliente garantiza asistencia y apoyo r\u00e1pidos para sus necesidades\" \/>\n<meta name=\"twitter:image\" content=\"https:\/\/www.metalpower.net\/wp-content\/uploads\/2025\/09\/logo.png\" \/>\n<!-- \/ Yoast SEO plugin. -->","yoast_head_json":{"title":"Registrar una llamada de servicio - Metal Power","description":"Registre de forma eficiente una llamada de servicio para su espectr\u00f3metro y equipos complementarios. Nuestro servicio de atenci\u00f3n al cliente garantiza asistencia y apoyo r\u00e1pidos para sus necesidades","robots":{"index":"index","follow":"follow","max-snippet":"max-snippet:-1","max-image-preview":"max-image-preview:large","max-video-preview":"max-video-preview:-1"},"canonical":"https:\/\/www.metalpower.net\/es\/customer-services\/log-a-service-call\/","og_locale":"es_ES","og_type":"article","og_title":"Registrar una llamada de servicio - Metal Power","og_description":"Registre de forma eficiente una llamada de servicio para su espectr\u00f3metro y equipos complementarios. Nuestro servicio de atenci\u00f3n al cliente garantiza asistencia y apoyo r\u00e1pidos para sus necesidades","og_url":"https:\/\/www.metalpower.net\/es\/customer-services\/log-a-service-call\/","og_site_name":"Metal Power","article_publisher":"https:\/\/www.facebook.com\/MetalPowerAnalytical\/","article_modified_time":"2025-09-28T17:57:56+00:00","og_image":[{"url":"https:\/\/www.metalpower.net\/wp-content\/uploads\/2025\/09\/logo.png","type":"","width":"","height":""}],"twitter_card":"summary_large_image","twitter_title":"Registrar una llamada de servicio - Metal Power","twitter_description":"Registre de forma eficiente una llamada de servicio para su espectr\u00f3metro y equipos complementarios. Nuestro servicio de atenci\u00f3n al cliente garantiza asistencia y apoyo r\u00e1pidos para sus necesidades","twitter_image":"https:\/\/www.metalpower.net\/wp-content\/uploads\/2025\/09\/logo.png","schema":{"@context":"https:\/\/schema.org","@graph":[{"@type":"WebPage","@id":"https:\/\/www.metalpower.net\/es\/customer-services\/log-a-service-call\/","url":"https:\/\/www.metalpower.net\/es\/customer-services\/log-a-service-call\/","name":"Registrar una llamada de servicio - Metal Power","isPartOf":{"@id":"https:\/\/www.metalpower.net\/es\/#website"},"datePublished":"2025-02-24T19:04:09+00:00","dateModified":"2025-09-28T17:57:56+00:00","description":"Registre de forma eficiente una llamada de servicio para su espectr\u00f3metro y equipos complementarios. Nuestro servicio de atenci\u00f3n al cliente garantiza asistencia y apoyo r\u00e1pidos para sus necesidades","breadcrumb":{"@id":"https:\/\/www.metalpower.net\/es\/customer-services\/log-a-service-call\/#breadcrumb"},"inLanguage":"es","potentialAction":[{"@type":"ReadAction","target":["https:\/\/www.metalpower.net\/es\/customer-services\/log-a-service-call\/"]}]},{"@type":"BreadcrumbList","@id":"https:\/\/www.metalpower.net\/es\/customer-services\/log-a-service-call\/#breadcrumb","itemListElement":[{"@type":"ListItem","position":1,"name":"Inicio","item":"https:\/\/www.metalpower.net\/es\/"},{"@type":"ListItem","position":2,"name":"Servicios al cliente","item":"https:\/\/www.metalpower.net\/es\/customer-services\/"},{"@type":"ListItem","position":3,"name":"Registrar una llamada de servicio"}]},{"@type":"WebSite","@id":"https:\/\/www.metalpower.net\/es\/#website","url":"https:\/\/www.metalpower.net\/es\/","name":"Metal Power","description":"","publisher":{"@id":"https:\/\/www.metalpower.net\/es\/#organization"},"potentialAction":[{"@type":"SearchAction","target":{"@type":"EntryPoint","urlTemplate":"https:\/\/www.metalpower.net\/es\/?s={search_term_string}"},"query-input":{"@type":"PropertyValueSpecification","valueRequired":true,"valueName":"search_term_string"}}],"inLanguage":"es"},{"@type":"Organization","@id":"https:\/\/www.metalpower.net\/es\/#organization","name":"Metal Power Analytical","url":"https:\/\/www.metalpower.net\/es\/","logo":{"@type":"ImageObject","inLanguage":"es","@id":"https:\/\/www.metalpower.net\/es\/#\/schema\/logo\/image\/","url":"https:\/\/www.metalpower.net\/wp-content\/uploads\/2025\/07\/metal-power-logo.svg","contentUrl":"https:\/\/www.metalpower.net\/wp-content\/uploads\/2025\/07\/metal-power-logo.svg","width":112,"height":30,"caption":"Metal Power Analytical"},"image":{"@id":"https:\/\/www.metalpower.net\/es\/#\/schema\/logo\/image\/"},"sameAs":["https:\/\/www.facebook.com\/MetalPowerAnalytical\/"]}]}},"_links":{"self":[{"href":"https:\/\/www.metalpower.net\/es\/wp-json\/wp\/v2\/pages\/11118","targetHints":{"allow":["GET"]}}],"collection":[{"href":"https:\/\/www.metalpower.net\/es\/wp-json\/wp\/v2\/pages"}],"about":[{"href":"https:\/\/www.metalpower.net\/es\/wp-json\/wp\/v2\/types\/page"}],"author":[{"embeddable":true,"href":"https:\/\/www.metalpower.net\/es\/wp-json\/wp\/v2\/users\/1"}],"replies":[{"embeddable":true,"href":"https:\/\/www.metalpower.net\/es\/wp-json\/wp\/v2\/comments?post=11118"}],"version-history":[{"count":3,"href":"https:\/\/www.metalpower.net\/es\/wp-json\/wp\/v2\/pages\/11118\/revisions"}],"predecessor-version":[{"id":11280,"href":"https:\/\/www.metalpower.net\/es\/wp-json\/wp\/v2\/pages\/11118\/revisions\/11280"}],"up":[{"embeddable":true,"href":"https:\/\/www.metalpower.net\/es\/wp-json\/wp\/v2\/pages\/11115"}],"wp:attachment":[{"href":"https:\/\/www.metalpower.net\/es\/wp-json\/wp\/v2\/media?parent=11118"}],"curies":[{"name":"wp","href":"https:\/\/api.w.org\/{rel}","templated":true}]}}