{"id":11104,"date":"2025-02-11T17:17:39","date_gmt":"2025-02-11T17:17:39","guid":{"rendered":"https:\/\/stage.metalpower.net\/about\/research-development\/"},"modified":"2025-11-09T17:41:18","modified_gmt":"2025-11-09T17:41:18","slug":"research-development","status":"publish","type":"page","link":"https:\/\/www.metalpower.net\/es\/about\/research-development\/","title":{"rendered":"Investigaci\u00f3n y desarrollo"},"content":{"rendered":"","protected":false},"excerpt":{"rendered":"","protected":false},"author":1,"featured_media":0,"parent":11102,"menu_order":0,"comment_status":"closed","ping_status":"closed","template":"","meta":{"_acf_changed":false,"inline_featured_image":false,"footnotes":""},"class_list":["post-11104","page","type-page","status-publish","hentry"],"acf":[],"yoast_head":"<!-- This site is optimized with the Yoast SEO plugin v26.6 - https:\/\/yoast.com\/wordpress\/plugins\/seo\/ -->\n<title>Investigaci\u00f3n y Desarrollo | Metal Power Analytical<\/title>\n<meta name=\"description\" content=\"Descubra la excelencia en I+D de Metal Power Analytical, sus tecnolog\u00edas patentadas, sus l\u00edmites de detecci\u00f3n ultrabajos para elementos gaseosos y sus soluciones personalizadas para el an\u00e1lisis de metales y aceites.\" \/>\n<meta name=\"robots\" content=\"index, follow, max-snippet:-1, max-image-preview:large, max-video-preview:-1\" \/>\n<link rel=\"canonical\" href=\"https:\/\/www.metalpower.net\/es\/about\/research-development\/\" \/>\n<meta property=\"og:locale\" content=\"es_ES\" \/>\n<meta property=\"og:type\" content=\"article\" \/>\n<meta property=\"og:title\" content=\"Investigaci\u00f3n y Desarrollo | Metal Power Analytical\" \/>\n<meta property=\"og:description\" content=\"Descubra la excelencia en I+D de Metal Power Analytical, sus tecnolog\u00edas patentadas, sus l\u00edmites de detecci\u00f3n ultrabajos para elementos gaseosos y sus soluciones personalizadas para el an\u00e1lisis de metales y aceites.\" \/>\n<meta property=\"og:url\" content=\"https:\/\/www.metalpower.net\/es\/about\/research-development\/\" \/>\n<meta property=\"og:site_name\" content=\"Metal Power\" \/>\n<meta property=\"article:publisher\" content=\"https:\/\/www.facebook.com\/MetalPowerAnalytical\/\" \/>\n<meta property=\"article:modified_time\" content=\"2025-11-09T17:41:18+00:00\" \/>\n<meta property=\"og:image\" content=\"https:\/\/www.metalpower.net\/wp-content\/uploads\/2025\/07\/r-and-d-1-1024x911.png\" \/>\n<meta name=\"twitter:card\" content=\"summary_large_image\" \/>\n<meta name=\"twitter:title\" content=\"Investigaci\u00f3n y Desarrollo | Metal Power Analytical\" \/>\n<meta name=\"twitter:description\" content=\"Descubra la excelencia en I+D de Metal Power Analytical, sus tecnolog\u00edas patentadas, sus l\u00edmites de detecci\u00f3n ultrabajos para elementos gaseosos y sus soluciones personalizadas para el an\u00e1lisis de metales y aceites.\" \/>\n<meta name=\"twitter:image\" content=\"https:\/\/www.metalpower.net\/wp-content\/uploads\/2025\/07\/r-and-d-1-1024x911.png\" \/>\n<!-- \/ Yoast SEO plugin. -->","yoast_head_json":{"title":"Investigaci\u00f3n y Desarrollo | Metal Power Analytical","description":"Descubra la excelencia en I+D de Metal Power Analytical, sus tecnolog\u00edas patentadas, sus l\u00edmites de detecci\u00f3n ultrabajos para elementos gaseosos y sus soluciones personalizadas para el an\u00e1lisis de metales y aceites.","robots":{"index":"index","follow":"follow","max-snippet":"max-snippet:-1","max-image-preview":"max-image-preview:large","max-video-preview":"max-video-preview:-1"},"canonical":"https:\/\/www.metalpower.net\/es\/about\/research-development\/","og_locale":"es_ES","og_type":"article","og_title":"Investigaci\u00f3n y Desarrollo | Metal Power Analytical","og_description":"Descubra la excelencia en I+D de Metal Power Analytical, sus tecnolog\u00edas patentadas, sus l\u00edmites de detecci\u00f3n ultrabajos para elementos gaseosos y sus soluciones personalizadas para el an\u00e1lisis de metales y aceites.","og_url":"https:\/\/www.metalpower.net\/es\/about\/research-development\/","og_site_name":"Metal Power","article_publisher":"https:\/\/www.facebook.com\/MetalPowerAnalytical\/","article_modified_time":"2025-11-09T17:41:18+00:00","og_image":[{"url":"https:\/\/www.metalpower.net\/wp-content\/uploads\/2025\/07\/r-and-d-1-1024x911.png","type":"","width":"","height":""}],"twitter_card":"summary_large_image","twitter_title":"Investigaci\u00f3n y Desarrollo | Metal Power Analytical","twitter_description":"Descubra la excelencia en I+D de Metal Power Analytical, sus tecnolog\u00edas patentadas, sus l\u00edmites de detecci\u00f3n ultrabajos para elementos gaseosos y sus soluciones personalizadas para el an\u00e1lisis de metales y aceites.","twitter_image":"https:\/\/www.metalpower.net\/wp-content\/uploads\/2025\/07\/r-and-d-1-1024x911.png","schema":{"@context":"https:\/\/schema.org","@graph":[{"@type":"WebPage","@id":"https:\/\/www.metalpower.net\/es\/about\/research-development\/","url":"https:\/\/www.metalpower.net\/es\/about\/research-development\/","name":"Investigaci\u00f3n y Desarrollo | Metal Power Analytical","isPartOf":{"@id":"https:\/\/www.metalpower.net\/es\/#website"},"datePublished":"2025-02-11T17:17:39+00:00","dateModified":"2025-11-09T17:41:18+00:00","description":"Descubra la excelencia en I+D de Metal Power Analytical, sus tecnolog\u00edas patentadas, sus l\u00edmites de detecci\u00f3n ultrabajos para elementos gaseosos y sus soluciones personalizadas para el an\u00e1lisis de metales y aceites.","breadcrumb":{"@id":"https:\/\/www.metalpower.net\/es\/about\/research-development\/#breadcrumb"},"inLanguage":"es","potentialAction":[{"@type":"ReadAction","target":["https:\/\/www.metalpower.net\/es\/about\/research-development\/"]}]},{"@type":"BreadcrumbList","@id":"https:\/\/www.metalpower.net\/es\/about\/research-development\/#breadcrumb","itemListElement":[{"@type":"ListItem","position":1,"name":"Inicio","item":"https:\/\/www.metalpower.net\/es\/"},{"@type":"ListItem","position":2,"name":"Qui\u00e9nes somos","item":"https:\/\/www.metalpower.net\/es\/about\/"},{"@type":"ListItem","position":3,"name":"Investigaci\u00f3n y desarrollo"}]},{"@type":"WebSite","@id":"https:\/\/www.metalpower.net\/es\/#website","url":"https:\/\/www.metalpower.net\/es\/","name":"Metal Power","description":"","publisher":{"@id":"https:\/\/www.metalpower.net\/es\/#organization"},"potentialAction":[{"@type":"SearchAction","target":{"@type":"EntryPoint","urlTemplate":"https:\/\/www.metalpower.net\/es\/?s={search_term_string}"},"query-input":{"@type":"PropertyValueSpecification","valueRequired":true,"valueName":"search_term_string"}}],"inLanguage":"es"},{"@type":"Organization","@id":"https:\/\/www.metalpower.net\/es\/#organization","name":"Metal Power Analytical","url":"https:\/\/www.metalpower.net\/es\/","logo":{"@type":"ImageObject","inLanguage":"es","@id":"https:\/\/www.metalpower.net\/es\/#\/schema\/logo\/image\/","url":"https:\/\/www.metalpower.net\/wp-content\/uploads\/2025\/07\/metal-power-logo.svg","contentUrl":"https:\/\/www.metalpower.net\/wp-content\/uploads\/2025\/07\/metal-power-logo.svg","width":112,"height":30,"caption":"Metal Power Analytical"},"image":{"@id":"https:\/\/www.metalpower.net\/es\/#\/schema\/logo\/image\/"},"sameAs":["https:\/\/www.facebook.com\/MetalPowerAnalytical\/"]}]}},"_links":{"self":[{"href":"https:\/\/www.metalpower.net\/es\/wp-json\/wp\/v2\/pages\/11104","targetHints":{"allow":["GET"]}}],"collection":[{"href":"https:\/\/www.metalpower.net\/es\/wp-json\/wp\/v2\/pages"}],"about":[{"href":"https:\/\/www.metalpower.net\/es\/wp-json\/wp\/v2\/types\/page"}],"author":[{"embeddable":true,"href":"https:\/\/www.metalpower.net\/es\/wp-json\/wp\/v2\/users\/1"}],"replies":[{"embeddable":true,"href":"https:\/\/www.metalpower.net\/es\/wp-json\/wp\/v2\/comments?post=11104"}],"version-history":[{"count":2,"href":"https:\/\/www.metalpower.net\/es\/wp-json\/wp\/v2\/pages\/11104\/revisions"}],"predecessor-version":[{"id":11110,"href":"https:\/\/www.metalpower.net\/es\/wp-json\/wp\/v2\/pages\/11104\/revisions\/11110"}],"up":[{"embeddable":true,"href":"https:\/\/www.metalpower.net\/es\/wp-json\/wp\/v2\/pages\/11102"}],"wp:attachment":[{"href":"https:\/\/www.metalpower.net\/es\/wp-json\/wp\/v2\/media?parent=11104"}],"curies":[{"name":"wp","href":"https:\/\/api.w.org\/{rel}","templated":true}]}}