{"id":11102,"date":"2025-02-08T17:09:14","date_gmt":"2025-02-08T17:09:14","guid":{"rendered":"https:\/\/stage.metalpower.net\/about\/"},"modified":"2025-11-09T17:46:35","modified_gmt":"2025-11-09T17:46:35","slug":"about","status":"publish","type":"page","link":"https:\/\/www.metalpower.net\/es\/about\/","title":{"rendered":"Qui\u00e9nes somos"},"content":{"rendered":"","protected":false},"excerpt":{"rendered":"","protected":false},"author":1,"featured_media":0,"parent":0,"menu_order":0,"comment_status":"closed","ping_status":"closed","template":"","meta":{"_acf_changed":false,"inline_featured_image":false,"footnotes":""},"class_list":["post-11102","page","type-page","status-publish","hentry"],"acf":[],"yoast_head":"<!-- This site is optimized with the Yoast SEO plugin v26.6 - https:\/\/yoast.com\/wordpress\/plugins\/seo\/ -->\n<title>Acerca de Metal Power Analytical | L\u00edderes en espectr\u00f3metros de emisi\u00f3n \u00f3ptica y soluciones anal\u00edticas<\/title>\n<meta name=\"description\" content=\"Descubra la experiencia y la innovaci\u00f3n de Metal Power Analytical en el campo de los espectr\u00f3metros y las soluciones anal\u00edticas. Conozca sobre el compromiso de nuestra empresa con la calidad y la precisi\u00f3n.\" \/>\n<meta name=\"robots\" content=\"index, follow, max-snippet:-1, max-image-preview:large, max-video-preview:-1\" \/>\n<link rel=\"canonical\" href=\"https:\/\/www.metalpower.net\/es\/about\/\" \/>\n<meta property=\"og:locale\" content=\"es_ES\" \/>\n<meta property=\"og:type\" content=\"article\" \/>\n<meta property=\"og:title\" content=\"Acerca de Metal Power Analytical | L\u00edderes en espectr\u00f3metros de emisi\u00f3n \u00f3ptica y soluciones anal\u00edticas\" \/>\n<meta property=\"og:description\" content=\"Descubra la experiencia y la innovaci\u00f3n de Metal Power Analytical en el campo de los espectr\u00f3metros y las soluciones anal\u00edticas. Conozca sobre el compromiso de nuestra empresa con la calidad y la precisi\u00f3n.\" \/>\n<meta property=\"og:url\" content=\"https:\/\/www.metalpower.net\/es\/about\/\" \/>\n<meta property=\"og:site_name\" content=\"Metal Power\" \/>\n<meta property=\"article:publisher\" content=\"https:\/\/www.facebook.com\/MetalPowerAnalytical\/\" \/>\n<meta property=\"article:modified_time\" content=\"2025-11-09T17:46:35+00:00\" \/>\n<meta property=\"og:image\" content=\"https:\/\/www.metalpower.net\/wp-content\/uploads\/2025\/07\/about-company-1024x914.jpg\" \/>\n<meta name=\"twitter:card\" content=\"summary_large_image\" \/>\n<meta name=\"twitter:title\" content=\"Acerca de Metal Power Analytical | L\u00edderes en espectr\u00f3metros de emisi\u00f3n \u00f3ptica y soluciones anal\u00edticas\" \/>\n<meta name=\"twitter:description\" content=\"Descubra la experiencia y la innovaci\u00f3n de Metal Power Analytical en el campo de los espectr\u00f3metros y las soluciones anal\u00edticas. Conozca sobre el compromiso de nuestra empresa con la calidad y la precisi\u00f3n.\" \/>\n<meta name=\"twitter:image\" content=\"https:\/\/www.metalpower.net\/wp-content\/uploads\/2025\/07\/about-company-1024x914.jpg\" \/>\n<!-- \/ Yoast SEO plugin. -->","yoast_head_json":{"title":"Acerca de Metal Power Analytical | L\u00edderes en espectr\u00f3metros de emisi\u00f3n \u00f3ptica y soluciones anal\u00edticas","description":"Descubra la experiencia y la innovaci\u00f3n de Metal Power Analytical en el campo de los espectr\u00f3metros y las soluciones anal\u00edticas. Conozca sobre el compromiso de nuestra empresa con la calidad y la precisi\u00f3n.","robots":{"index":"index","follow":"follow","max-snippet":"max-snippet:-1","max-image-preview":"max-image-preview:large","max-video-preview":"max-video-preview:-1"},"canonical":"https:\/\/www.metalpower.net\/es\/about\/","og_locale":"es_ES","og_type":"article","og_title":"Acerca de Metal Power Analytical | L\u00edderes en espectr\u00f3metros de emisi\u00f3n \u00f3ptica y soluciones anal\u00edticas","og_description":"Descubra la experiencia y la innovaci\u00f3n de Metal Power Analytical en el campo de los espectr\u00f3metros y las soluciones anal\u00edticas. Conozca sobre el compromiso de nuestra empresa con la calidad y la precisi\u00f3n.","og_url":"https:\/\/www.metalpower.net\/es\/about\/","og_site_name":"Metal Power","article_publisher":"https:\/\/www.facebook.com\/MetalPowerAnalytical\/","article_modified_time":"2025-11-09T17:46:35+00:00","og_image":[{"url":"https:\/\/www.metalpower.net\/wp-content\/uploads\/2025\/07\/about-company-1024x914.jpg","type":"","width":"","height":""}],"twitter_card":"summary_large_image","twitter_title":"Acerca de Metal Power Analytical | L\u00edderes en espectr\u00f3metros de emisi\u00f3n \u00f3ptica y soluciones anal\u00edticas","twitter_description":"Descubra la experiencia y la innovaci\u00f3n de Metal Power Analytical en el campo de los espectr\u00f3metros y las soluciones anal\u00edticas. Conozca sobre el compromiso de nuestra empresa con la calidad y la precisi\u00f3n.","twitter_image":"https:\/\/www.metalpower.net\/wp-content\/uploads\/2025\/07\/about-company-1024x914.jpg","schema":{"@context":"https:\/\/schema.org","@graph":[{"@type":"WebPage","@id":"https:\/\/www.metalpower.net\/es\/about\/","url":"https:\/\/www.metalpower.net\/es\/about\/","name":"Acerca de Metal Power Analytical | L\u00edderes en espectr\u00f3metros de emisi\u00f3n \u00f3ptica y soluciones anal\u00edticas","isPartOf":{"@id":"https:\/\/www.metalpower.net\/es\/#website"},"datePublished":"2025-02-08T17:09:14+00:00","dateModified":"2025-11-09T17:46:35+00:00","description":"Descubra la experiencia y la innovaci\u00f3n de Metal Power Analytical en el campo de los espectr\u00f3metros y las soluciones anal\u00edticas. Conozca sobre el compromiso de nuestra empresa con la calidad y la precisi\u00f3n.","breadcrumb":{"@id":"https:\/\/www.metalpower.net\/es\/about\/#breadcrumb"},"inLanguage":"es","potentialAction":[{"@type":"ReadAction","target":["https:\/\/www.metalpower.net\/es\/about\/"]}]},{"@type":"BreadcrumbList","@id":"https:\/\/www.metalpower.net\/es\/about\/#breadcrumb","itemListElement":[{"@type":"ListItem","position":1,"name":"Inicio","item":"https:\/\/www.metalpower.net\/es\/"},{"@type":"ListItem","position":2,"name":"Qui\u00e9nes somos"}]},{"@type":"WebSite","@id":"https:\/\/www.metalpower.net\/es\/#website","url":"https:\/\/www.metalpower.net\/es\/","name":"Metal Power","description":"","publisher":{"@id":"https:\/\/www.metalpower.net\/es\/#organization"},"potentialAction":[{"@type":"SearchAction","target":{"@type":"EntryPoint","urlTemplate":"https:\/\/www.metalpower.net\/es\/?s={search_term_string}"},"query-input":{"@type":"PropertyValueSpecification","valueRequired":true,"valueName":"search_term_string"}}],"inLanguage":"es"},{"@type":"Organization","@id":"https:\/\/www.metalpower.net\/es\/#organization","name":"Metal Power Analytical","url":"https:\/\/www.metalpower.net\/es\/","logo":{"@type":"ImageObject","inLanguage":"es","@id":"https:\/\/www.metalpower.net\/es\/#\/schema\/logo\/image\/","url":"https:\/\/www.metalpower.net\/wp-content\/uploads\/2025\/07\/metal-power-logo.svg","contentUrl":"https:\/\/www.metalpower.net\/wp-content\/uploads\/2025\/07\/metal-power-logo.svg","width":112,"height":30,"caption":"Metal Power Analytical"},"image":{"@id":"https:\/\/www.metalpower.net\/es\/#\/schema\/logo\/image\/"},"sameAs":["https:\/\/www.facebook.com\/MetalPowerAnalytical\/"]}]}},"_links":{"self":[{"href":"https:\/\/www.metalpower.net\/es\/wp-json\/wp\/v2\/pages\/11102","targetHints":{"allow":["GET"]}}],"collection":[{"href":"https:\/\/www.metalpower.net\/es\/wp-json\/wp\/v2\/pages"}],"about":[{"href":"https:\/\/www.metalpower.net\/es\/wp-json\/wp\/v2\/types\/page"}],"author":[{"embeddable":true,"href":"https:\/\/www.metalpower.net\/es\/wp-json\/wp\/v2\/users\/1"}],"replies":[{"embeddable":true,"href":"https:\/\/www.metalpower.net\/es\/wp-json\/wp\/v2\/comments?post=11102"}],"version-history":[{"count":2,"href":"https:\/\/www.metalpower.net\/es\/wp-json\/wp\/v2\/pages\/11102\/revisions"}],"predecessor-version":[{"id":14565,"href":"https:\/\/www.metalpower.net\/es\/wp-json\/wp\/v2\/pages\/11102\/revisions\/14565"}],"wp:attachment":[{"href":"https:\/\/www.metalpower.net\/es\/wp-json\/wp\/v2\/media?parent=11102"}],"curies":[{"name":"wp","href":"https:\/\/api.w.org\/{rel}","templated":true}]}}